{"id":258,"date":"2023-08-25T11:29:47","date_gmt":"2023-08-25T09:29:47","guid":{"rendered":"https:\/\/www.donalba.com\/OrquestaMedia2023Donalba\/?page_id=258"},"modified":"2023-10-03T17:03:17","modified_gmt":"2023-10-03T15:03:17","slug":"sistemas-3u-6u","status":"publish","type":"page","link":"https:\/\/www.donalba.com\/OrquestaMedia2023Donalba\/sistemas-3u-6u\/","title":{"rendered":"Sistemas 3U 6U"},"content":{"rendered":"<p>[et_pb_section fb_built=\u00bb1&#8243; _builder_version=\u00bb4.22.0&#8243; _module_preset=\u00bbdefault\u00bb custom_margin=\u00bb0px||0px||false|false\u00bb custom_padding=\u00bb0px||0px||false|false\u00bb global_colors_info=\u00bb{}\u00bb][et_pb_row module_class=\u00bbcabecera-productos\u00bb _builder_version=\u00bb4.22.0&#8243; _module_preset=\u00bbdefault\u00bb background_color=\u00bbgcid-836011e9-5230-4bed-8a9c-e9ef39c201e9&#8243; width=\u00bb100%\u00bb max_width=\u00bb2200px\u00bb global_colors_info=\u00bb{%22gcid-836011e9-5230-4bed-8a9c-e9ef39c201e9%22:%91%22background_color%22%93}\u00bb][et_pb_column type=\u00bb4_4&#8243; _builder_version=\u00bb4.22.0&#8243; _module_preset=\u00bbdefault\u00bb global_colors_info=\u00bb{}\u00bb][et_pb_text _builder_version=\u00bb4.22.0&#8243; _module_preset=\u00bbdefault\u00bb custom_margin=\u00bb||0px||false|false\u00bb custom_padding=\u00bb||0px||false|false\u00bb global_colors_info=\u00bb{}\u00bb]<\/p>\n<h1 style=\"text-align: center;\">SISTEMAS 3U&amp;6U<\/h1>\n<p>[\/et_pb_text][\/et_pb_column][\/et_pb_row][\/et_pb_section][et_pb_section fb_built=\u00bb1&#8243; _builder_version=\u00bb4.22.0&#8243; _module_preset=\u00bbdefault\u00bb custom_padding=\u00bb||45px|||\u00bb global_colors_info=\u00bb{}\u00bb][et_pb_row _builder_version=\u00bb4.22.0&#8243; _module_preset=\u00bbdefault\u00bb width=\u00bb100%\u00bb max_width=\u00bb1350px\u00bb global_colors_info=\u00bb{}\u00bb][et_pb_column type=\u00bb4_4&#8243; _builder_version=\u00bb4.22.0&#8243; _module_preset=\u00bbdefault\u00bb global_colors_info=\u00bb{}\u00bb][et_pb_text module_class=\u00bbtexto-tipo\u00bb _builder_version=\u00bb4.22.0&#8243; _module_preset=\u00bbdefault\u00bb animation_style=\u00bbslide\u00bb global_colors_info=\u00bb{}\u00bb]<\/p>\n<h2 style=\"text-align: center;\"><strong>Optimice sus Implementaciones R\u00e1pidas con Sistemas VPX 3U y 6U de Alto TRL en Entornos MOSA y SWaP<\/strong><\/h2>\n<p style=\"text-align: center;\">Si busca optimizar y agilizar sus proyectos de ordenadores de misi\u00f3n, no busque m\u00e1s all\u00e1 de nuestros sistemas avanzados. Nuestros sistemas de alta calidad, resistentes y preconfigurados son la soluci\u00f3n perfecta para sus necesidades. Ofrecemos sistemas inform\u00e1ticos de misi\u00f3n resistentes en formato 3U y 6U VPX que cumplen con los m\u00e1s altos est\u00e1ndares de Tecnolog\u00eda Listo para el Uso (TRL).<\/p>\n<p>[\/et_pb_text][\/et_pb_column][\/et_pb_row][et_pb_row column_structure=\u00bb1_2,1_2&#8243; module_id=\u00bbfila-flex\u00bb _builder_version=\u00bb4.22.0&#8243; _module_preset=\u00bbdefault\u00bb max_width=\u00bb1350px\u00bb global_colors_info=\u00bb{}\u00bb][et_pb_column type=\u00bb1_2&#8243; _builder_version=\u00bb4.22.0&#8243; _module_preset=\u00bbdefault\u00bb global_colors_info=\u00bb{}\u00bb][et_pb_text module_class=\u00bbtexto-tipo\u00bb _builder_version=\u00bb4.22.0&#8243; _module_preset=\u00bbdefault\u00bb animation_style=\u00bbslide\u00bb animation_direction=\u00bbleft\u00bb animation_duration=\u00bb1400ms\u00bb global_colors_info=\u00bb{}\u00bb]<\/p>\n<h3>Implementaci\u00f3n Eficiente en Entornos Desafiantes<\/h3>\n<p>Los sistemas inform\u00e1ticos de misi\u00f3n resistentes 3U y 6U VPX han sido dise\u00f1ados pensando en la eficiencia. Nuestra preconfiguraci\u00f3n y validaci\u00f3n meticulosa de cada sistema reducen los costos asociados con el desarrollo y la implementaci\u00f3n. No solo ahorra en t\u00e9rminos financieros, sino tambi\u00e9n en tiempo de comercializaci\u00f3n.<\/p>\n<p>[\/et_pb_text][et_pb_text module_class=\u00bbtexto-tipo\u00bb _builder_version=\u00bb4.22.0&#8243; _module_preset=\u00bbdefault\u00bb animation_style=\u00bbslide\u00bb animation_direction=\u00bbleft\u00bb animation_duration=\u00bb1400ms\u00bb global_colors_info=\u00bb{}\u00bb]<\/p>\n<h3>Cumplimiento con MOSA y SWaP<\/h3>\n<p>Siempre comprometidos con la excelencia y la estandarizaci\u00f3n, nuestros sistemas se basan en el Enfoque de Sistemas Abiertos Modulares (MOSA). Esto garantiza la interoperabilidad y la adaptabilidad a lo largo del tiempo, permiti\u00e9ndole una flexibilidad que satisface los cambiantes requisitos de su industria. Adem\u00e1s, el dise\u00f1o de nuestros sistemas optimizados para el Factor SWaP (Size, Weight, Power) asegura un desempe\u00f1o excepcional incluso en las condiciones m\u00e1s desafiantes.<\/p>\n<p>[\/et_pb_text][et_pb_button button_url=\u00bb\/contacto\u00bb button_text=\u00bbSOLICITA INFORMACI\u00d3N\u00bb _builder_version=\u00bb4.22.0&#8243; _module_preset=\u00bbdefault\u00bb custom_button=\u00bbon\u00bb button_text_color=\u00bb#0c71c3&#8243; button_bg_color=\u00bbRGBA(255,255,255,0)\u00bb button_border_color=\u00bb#0C71C3&#8243; animation_style=\u00bbslide\u00bb global_colors_info=\u00bb{}\u00bb][\/et_pb_button][\/et_pb_column][et_pb_column type=\u00bb1_2&#8243; _builder_version=\u00bb4.22.0&#8243; _module_preset=\u00bbdefault\u00bb global_colors_info=\u00bb{}\u00bb][et_pb_image src=\u00bbhttps:\/\/www.donalba.com\/OrquestaMedia2023Donalba\/wp-content\/uploads\/2023\/08\/MPMC.png\u00bb title_text=\u00bbMPMC\u00bb module_class=\u00bbimagen-principal\u00bb _builder_version=\u00bb4.22.0&#8243; _module_preset=\u00bbdefault\u00bb animation_style=\u00bbslide\u00bb animation_direction=\u00bbright\u00bb global_colors_info=\u00bb{}\u00bb][\/et_pb_image][\/et_pb_column][\/et_pb_row][\/et_pb_section][et_pb_section fb_built=\u00bb1&#8243; module_class=\u00bbllamada\u00bb _builder_version=\u00bb4.22.0&#8243; _module_preset=\u00bbdefault\u00bb background_color=\u00bbgcid-836011e9-5230-4bed-8a9c-e9ef39c201e9&#8243; custom_margin=\u00bb0px||0px||false|false\u00bb custom_padding=\u00bb0px||0px||false|false\u00bb global_colors_info=\u00bb{%22gcid-836011e9-5230-4bed-8a9c-e9ef39c201e9%22:%91%22background_color%22%93}\u00bb][et_pb_row module_class=\u00bbcabecera-productos\u00bb _builder_version=\u00bb4.22.0&#8243; _module_preset=\u00bbdefault\u00bb background_color=\u00bbgcid-836011e9-5230-4bed-8a9c-e9ef39c201e9&#8243; width=\u00bb100%\u00bb max_width=\u00bb1350px\u00bb global_colors_info=\u00bb{%22gcid-836011e9-5230-4bed-8a9c-e9ef39c201e9%22:%91%22background_color%22%93}\u00bb][et_pb_column type=\u00bb4_4&#8243; _builder_version=\u00bb4.22.0&#8243; _module_preset=\u00bbdefault\u00bb global_colors_info=\u00bb{}\u00bb][et_pb_text _builder_version=\u00bb4.22.0&#8243; _module_preset=\u00bbdefault\u00bb custom_margin=\u00bb||0px||false|false\u00bb custom_padding=\u00bb||0px||false|false\u00bb global_colors_info=\u00bb{}\u00bb]<\/p>\n<p style=\"text-align: center;\"><span>Nuestro saber hacer y conocimiento del mercado, nos proporciona una gran cercan\u00eda a los clientes finales, que conf\u00edan en DONALBA para la selecci\u00f3n de las propuestas m\u00e1s adecuadas a sus proyectos y programas. Contacta con n<\/span><span>osotros, te ayudaremos a elegir la mejor soluci\u00f3n para tu negocio<\/span><\/p>\n<p>[\/et_pb_text][et_pb_button button_url=\u00bb\/contacto\u00bb button_text=\u00bbCONTACTO\u00bb button_alignment=\u00bbcenter\u00bb _builder_version=\u00bb4.22.0&#8243; _module_preset=\u00bbdefault\u00bb custom_button=\u00bbon\u00bb button_bg_color=\u00bbRGBA(255,255,255,0)\u00bb background_layout=\u00bbdark\u00bb custom_margin=\u00bb25px||5px||false|false\u00bb animation_style=\u00bbslide\u00bb global_colors_info=\u00bb{}\u00bb][\/et_pb_button][\/et_pb_column][\/et_pb_row][\/et_pb_section][et_pb_section fb_built=\u00bb1&#8243; _builder_version=\u00bb4.22.0&#8243; _module_preset=\u00bbdefault\u00bb global_colors_info=\u00bb{}\u00bb][et_pb_row _builder_version=\u00bb4.22.0&#8243; _module_preset=\u00bbdefault\u00bb width=\u00bb100%\u00bb max_width=\u00bb1350px\u00bb global_colors_info=\u00bb{}\u00bb][et_pb_column type=\u00bb4_4&#8243; _builder_version=\u00bb4.22.0&#8243; _module_preset=\u00bbdefault\u00bb global_colors_info=\u00bb{}\u00bb][et_pb_text module_class=\u00bbtexto-tipo\u00bb _builder_version=\u00bb4.22.0&#8243; _module_preset=\u00bbdefault\u00bb animation_style=\u00bbslide\u00bb global_colors_info=\u00bb{}\u00bb]<\/p>\n<h2 style=\"text-align: center;\"><strong>Amplio Rango de Aplicaciones<\/strong><\/h2>\n<p style=\"text-align: center;\">\u00a0Nuestros sistemas 3U y 6U VPX no solo se destacan en t\u00e9rminos de rendimiento t\u00e9cnico, sino que tambi\u00e9n se distinguen por su versatilidad. Desde plataformas terrestres hasta aplicaciones a\u00e9reas y navales, nuestros sistemas son una opci\u00f3n ideal para diversas industrias. Su capacidad para soportar temperaturas extremas, altitudes elevadas y condiciones adversas como golpes y vibraciones los convierte en compa\u00f1eros confiables en cualquier escenario.<\/p>\n<p>[\/et_pb_text][\/et_pb_column][\/et_pb_row][et_pb_row column_structure=\u00bb1_2,1_2&#8243; _builder_version=\u00bb4.22.0&#8243; _module_preset=\u00bbdefault\u00bb width=\u00bb100%\u00bb max_width=\u00bb1350px\u00bb global_colors_info=\u00bb{}\u00bb][et_pb_column type=\u00bb1_2&#8243; _builder_version=\u00bb4.22.0&#8243; _module_preset=\u00bbdefault\u00bb global_colors_info=\u00bb{}\u00bb][et_pb_image src=\u00bbhttps:\/\/www.donalba.com\/OrquestaMedia2023Donalba\/wp-content\/uploads\/2023\/08\/MPMC-93361.png\u00bb title_text=\u00bbMPMC-93361&#8243; module_class=\u00bbimagen-principal\u00bb _builder_version=\u00bb4.22.0&#8243; _module_preset=\u00bbdefault\u00bb animation_style=\u00bbslide\u00bb animation_direction=\u00bbleft\u00bb global_colors_info=\u00bb{}\u00bb][\/et_pb_image][\/et_pb_column][et_pb_column type=\u00bb1_2&#8243; _builder_version=\u00bb4.22.0&#8243; _module_preset=\u00bbdefault\u00bb global_colors_info=\u00bb{}\u00bb][et_pb_text module_class=\u00bbtexto-tipo\u00bb _builder_version=\u00bb4.22.0&#8243; _module_preset=\u00bbdefault\u00bb animation_style=\u00bbslide\u00bb animation_direction=\u00bbright\u00bb animation_duration=\u00bb1400ms\u00bb global_colors_info=\u00bb{}\u00bb]<\/p>\n<h3>Simplifique su Proceso con Soluciones VPX 3U y 6U<\/h3>\n<p>La transici\u00f3n desde el desarrollo hasta la implementaci\u00f3n con sistemas VPX 3U y 6U puede ser un proceso complejo y demorado. Aqu\u00ed es donde entra en juego DONALBA. Nuestras soluciones innovadoras y completas basadas en COTS han sido dise\u00f1adas para acelerar y simplificar este proceso. Ya sea para plataformas terrestres, a\u00e9reas o mar\u00edtimas, nuestras soluciones VPX 3U y 6U le permitir\u00e1n avanzar m\u00e1s r\u00e1pido sin comprometer la calidad.<\/p>\n<p>En resumen, si est\u00e1 buscando sistemas inform\u00e1ticos de misi\u00f3n que cumplan con los est\u00e1ndares m\u00e1s altos en t\u00e9rminos de TRL, MOSA y SWaP, nuestras soluciones VPX 3U y 6U son la elecci\u00f3n perfecta. Simplifique sus procesos, optimice su rendimiento y asegure una implementaci\u00f3n exitosa con la ayuda de nuestras tecnolog\u00edas avanzadas y nuestra dedicaci\u00f3n continua a la innovaci\u00f3n.<\/p>\n<p>[\/et_pb_text][et_pb_button button_url=\u00bb\/contacto\u00bb button_text=\u00bbSOLICITA INFORMACI\u00d3N\u00bb _builder_version=\u00bb4.22.0&#8243; _module_preset=\u00bbdefault\u00bb custom_button=\u00bbon\u00bb button_text_color=\u00bb#0c71c3&#8243; button_bg_color=\u00bbRGBA(255,255,255,0)\u00bb button_border_color=\u00bb#0C71C3&#8243; animation_style=\u00bbslide\u00bb global_colors_info=\u00bb{}\u00bb][\/et_pb_button][\/et_pb_column][\/et_pb_row][et_pb_row column_structure=\u00bb1_4,1_4,1_4,1_4&#8243; _builder_version=\u00bb4.22.0&#8243; _module_preset=\u00bbdefault\u00bb global_colors_info=\u00bb{}\u00bb][et_pb_column type=\u00bb1_4&#8243; _builder_version=\u00bb4.22.0&#8243; _module_preset=\u00bbdefault\u00bb global_colors_info=\u00bb{}\u00bb][et_pb_image src=\u00bbhttps:\/\/www.donalba.com\/OrquestaMedia2023Donalba\/wp-content\/uploads\/2023\/08\/2.png\u00bb title_text=\u00bb2&#8243; _builder_version=\u00bb4.22.0&#8243; _module_preset=\u00bbdefault\u00bb global_colors_info=\u00bb{}\u00bb][\/et_pb_image][\/et_pb_column][et_pb_column type=\u00bb1_4&#8243; _builder_version=\u00bb4.22.0&#8243; _module_preset=\u00bbdefault\u00bb global_colors_info=\u00bb{}\u00bb][et_pb_image src=\u00bbhttps:\/\/www.donalba.com\/OrquestaMedia2023Donalba\/wp-content\/uploads\/2023\/08\/1.png\u00bb title_text=\u00bb1&#8243; _builder_version=\u00bb4.22.0&#8243; _module_preset=\u00bbdefault\u00bb global_colors_info=\u00bb{}\u00bb][\/et_pb_image][\/et_pb_column][et_pb_column type=\u00bb1_4&#8243; _builder_version=\u00bb4.22.0&#8243; _module_preset=\u00bbdefault\u00bb global_colors_info=\u00bb{}\u00bb][et_pb_image src=\u00bbhttps:\/\/www.donalba.com\/OrquestaMedia2023Donalba\/wp-content\/uploads\/2023\/08\/3.png\u00bb title_text=\u00bb3&#8243; _builder_version=\u00bb4.22.0&#8243; _module_preset=\u00bbdefault\u00bb max_height=\u00bb1000px\u00bb custom_css_main_element=\u00bbwidth: 92%; margin-top: -5px;\u00bb global_colors_info=\u00bb{}\u00bb][\/et_pb_image][\/et_pb_column][et_pb_column type=\u00bb1_4&#8243; _builder_version=\u00bb4.22.0&#8243; _module_preset=\u00bbdefault\u00bb global_colors_info=\u00bb{}\u00bb][et_pb_image src=\u00bbhttps:\/\/www.donalba.com\/OrquestaMedia2023Donalba\/wp-content\/uploads\/2023\/08\/4.png\u00bb title_text=\u00bb4&#8243; _builder_version=\u00bb4.22.0&#8243; _module_preset=\u00bbdefault\u00bb global_colors_info=\u00bb{}\u00bb][\/et_pb_image][\/et_pb_column][\/et_pb_row][\/et_pb_section][et_pb_section fb_built=\u00bb1&#8243; _builder_version=\u00bb4.22.0&#8243; _module_preset=\u00bbdefault\u00bb background_color=\u00bb#e5e5e5&#8243; custom_margin=\u00bb50px||||false|false\u00bb global_colors_info=\u00bb{}\u00bb theme_builder_area=\u00bbpost_content\u00bb][et_pb_row column_structure=\u00bb1_2,1_2&#8243; _builder_version=\u00bb4.22.0&#8243; _module_preset=\u00bbdefault\u00bb global_colors_info=\u00bb{}\u00bb theme_builder_area=\u00bbpost_content\u00bb][et_pb_column type=\u00bb1_2&#8243; _builder_version=\u00bb4.22.0&#8243; _module_preset=\u00bbdefault\u00bb global_colors_info=\u00bb{}\u00bb theme_builder_area=\u00bbpost_content\u00bb][et_pb_text _builder_version=\u00bb4.22.0&#8243; _module_preset=\u00bbdefault\u00bb global_colors_info=\u00bb{}\u00bb theme_builder_area=\u00bbpost_content\u00bb]<\/p>\n<h3>SOLICITA INFORMACI\u00d3N<\/h3>\n<p>[\/et_pb_text][\/et_pb_column][et_pb_column type=\u00bb1_2&#8243; _builder_version=\u00bb4.22.0&#8243; _module_preset=\u00bbdefault\u00bb global_colors_info=\u00bb{}\u00bb theme_builder_area=\u00bbpost_content\u00bb][et_pb_text _builder_version=\u00bb4.22.0&#8243; _module_preset=\u00bbdefault\u00bb global_colors_info=\u00bb{}\u00bb theme_builder_area=\u00bbpost_content\u00bb]<\/p>\n<form id=\"__vtigerWebForm\" name=\"Suscripci\u00f3n lista correo\" action=\"https:\/\/donalbaelectronicasl.od2.vtiger.com\/modules\/Webforms\/capture.php\" method=\"post\" accept-charset=\"utf-8\" enctype=\"multipart\/form-data\"><input type=\"hidden\" name=\"__vtrftk\" value=\"sid:4e847027793943ec798263624e4db68800e5615e,1497865027\" \/><br \/>\n<input type=\"hidden\" name=\"publicid\" value=\"98c767eaa6adaa27d77f183f7eebf324\" \/><br \/>\n<input type=\"hidden\" name=\"urlencodeenable\" value=\"1\" \/><br \/>\n<input type=\"hidden\" name=\"name\" value=\"Suscripci\u00f3n lista correo\" \/><br \/>\n<input type=\"hidden\" name=\"__vtCurrency\" value=\"1\" \/><br \/>\n<input type=\"checkbox\" name=\"cf_1301\" data-label=\"\" value=\"1\" required=\"\" \/><\/p>\n<table style=\"width: auto; height: 79px; margin-left: auto; margin-right: auto;\">\n<tbody>\n<tr>\n<td><label>Nombre*<\/label><\/td>\n<td><input type=\"text\" name=\"firstname\" data-label=\"\" value=\"\" required=\"\" \/><\/td>\n<\/tr>\n<tr>\n<td><label>Apellido*<\/label><\/td>\n<td><input type=\"text\" name=\"lastname\" data-label=\"\" value=\"\" required=\"\" \/><\/td>\n<\/tr>\n<tr>\n<td><label>Email*<\/label><\/td>\n<td><input type=\"email\" name=\"email\" data-label=\"\" value=\"\" required=\"\" \/><\/td>\n<\/tr>\n<tr><\/tr>\n<\/tbody>\n<\/table>\n<div align=\"center\">\n<script src=\"https:\/\/www.google.com\/recaptcha\/api.js\"><\/script><\/p>\n<div class=\"g-recaptcha\" data-sitekey=\"6LcmdSATAAAAAGWw734vGo0AXQwuxJS7RmDZA_Fe\">\n<div style=\"width: 304px; height: 78px;\">\n<div><iframe loading=\"lazy\" title=\"reCAPTCHA\" src=\"https:\/\/www.google.com\/recaptcha\/api2\/anchor?ar=1&amp;k=6LcmdSATAAAAAGWw734vGo0AXQwuxJS7RmDZA_Fe&amp;co=aHR0cHM6Ly93d3cuZG9uYWxiYS5jb206NDQz&amp;hl=es&amp;v=uEf7E1417z6GNSkRx7AyL8K8&amp;size=normal&amp;cb=klrqx72288tw\" width=\"304\" height=\"78\" role=\"presentation\" name=\"a-jp0x6crqic\" frameborder=\"0\" scrolling=\"no\" sandbox=\"allow-forms allow-popups allow-same-origin allow-scripts allow-top-navigation allow-modals allow-popups-to-escape-sandbox\"><\/iframe><\/div>\n<p><textarea id=\"g-recaptcha-response\" name=\"g-recaptcha-response\" class=\"g-recaptcha-response\" style=\"width: 250px; height: 40px; border: 1px solid #c1c1c1; margin: 10px 25px; padding: 0px; resize: none; display: none;\"><\/textarea><\/p>\n<\/div>\n<p><iframe style=\"display: none;\"><\/iframe><\/p>\n<\/div>\n<p><input type=\"hidden\" id=\"captchaUrl\" value=\"https:\/\/donalbaelectronicasl.od2.vtiger.com\/modules\/Settings\/Webforms\/actions\/ValidateCaptcha.php\" \/> <input type=\"hidden\" id=\"recaptcha_validation_value\" name=\"recaptcha_validation_value\" \/> <input type=\"submit\" value=\"Submit\" id=\"vtigerFormSubmitBtn\" \/><br \/>\n<script type=\"text\/javascript\">window.onload = function() { var N=navigator.appName, ua=navigator.userAgent, tem;var M=ua.match(\/(opera|chrome|safari|firefox|msie)\\\/?\\s*(\\.?\\d+(\\.\\d+)*)\/i);if(M && (tem= ua.match(\/version\\\/([\\.\\d]+)\/i))!= null) M[2]= tem[1];M=M? [M[1], M[2]]: [N, navigator.appVersion, \"-?\"];var browserName = M[0];var form = document.getElementById(\"__vtigerWebForm\"), inputs = form.elements; form.onsubmit = function() { document.getElementById(\"vtigerFormSubmitBtn\").disabled=true;var required = [], att, val; var startDate;var endDate;for (var i = 0; i < inputs.length; i++) { att = inputs[i].getAttribute(\"required\"); val = inputs[i].value; type = inputs[i].type; if(inputs[i].name == \"birthday\"){birthdayDate = new Date(inputs[i].value);todayDate = new Date();todayDate.setHours(0,0,0,0);birthdayDate.setHours(0,0,0,0);if(birthdayDate >= todayDate){alert(\"Date of Birth should be less than Today's Date.\");document.getElementById(\"vtigerFormSubmitBtn\").disabled=false;return false;}}if(inputs[i].name==\"support_start_date\"){startDate = inputs[i].value;}if(inputs[i].name==\"support_end_date\"){endDate = inputs[i].value;}if(type == \"email\") {if(val != \"\") {var elemLabel = inputs[i].getAttribute(\"label\");var emailFilter = \/^[_\/a-zA-Z0-9]+([!\"#$%&()*+,.\/:;<=>?\\^_`{|}~-]?[a-zA-Z0-9\/_\/-])*@[a-zA-Z0-9]+([\\_\\-\\.]?[a-zA-Z0-9]+)*\\.([\\-\\_]?[a-zA-Z0-9])+(\\.?[a-zA-Z0-9]+)?$\/;var illegalChars= \/[\\(\\)\\<\\>\\,\\;\\:\\\"\\[\\]]\/ ;if (!emailFilter.test(val)) {alert(\"For \"+ elemLabel +\" field please enter valid email address\"); document.getElementById(\"vtigerFormSubmitBtn\").disabled=false; return false;} else if (val.match(illegalChars)) {alert(elemLabel +\" field contains illegal characters\"); document.getElementById(\"vtigerFormSubmitBtn\").disabled=false; return false;}}}if(startDate  && typeof startDate !== \"undefined\"){if(endDate  && typeof endDate !== \"undefined\"){startDate = new Date(startDate);endDate = new Date(endDate);if(endDate < startDate){alert(\"Support End Date should be greater than or equal to Support Start Date\");document.getElementById(\"vtigerFormSubmitBtn\").disabled = false;return false;}}}if (att != null) { if (val.replace(\/^\\s+|\\s+$\/g, \"\") == \"\") { required.push(inputs[i].getAttribute(\"label\")); } } } if (required.length > 0) { alert(\"The following fields are required: \" + required.join()); document.getElementById(\"vtigerFormSubmitBtn\").disabled=false;return false; } var numberTypeInputs = document.querySelectorAll(\"input[type=number]\");for (var i = 0; i < numberTypeInputs.length; i++) { val = numberTypeInputs[i].value;var elemLabel = numberTypeInputs[i].getAttribute(\"label\");var elemDataType = numberTypeInputs[i].getAttribute(\"datatype\");if(val != \"\") {if(elemDataType == \"double\") {var numRegex = \/^[+-]?\\d+(\\.\\d+)?$\/;}else{var numRegex = \/^[+-]?\\d+$\/;}if (!numRegex.test(val)) {alert(\"For \"+ elemLabel +\" field please enter valid number\"); document.getElementById(\"vtigerFormSubmitBtn\").disabled=false; return false;}}}var dateTypeInputs = document.querySelectorAll(\"input[type=date]\");for (var i = 0; i < dateTypeInputs.length; i++) {dateVal = dateTypeInputs[i].value;var elemLabel = dateTypeInputs[i].getAttribute(\"label\");if(dateVal != \"\") {var dateRegex = \/^[1-9][0-9]{3}-(0[1-9]|1[0-2]|[1-9]{1})-(0[1-9]|[1-2][0-9]|3[0-1]|[1-9]{1})$\/;if(!dateRegex.test(dateVal)) {alert(\"For \"+ elemLabel +\" field please enter valid date in required format\"); document.getElementById(\"vtigerFormSubmitBtn\").disabled=false; return false;}}}var inputElems = document.getElementsByTagName(\"input\");var totalFileSize = 0;for(var i = 0; i < inputElems.length; i++) {if(inputElems[i].type.toLowerCase() === \"file\") {var file = inputElems[i].files[0];if(typeof file !== \"undefined\") {var totalFileSize = totalFileSize + file.size;}}}if(totalFileSize > 52428800) {alert(\"Maximum allowed file size including all files is 50MB.\");document.getElementById(\"vtigerFormSubmitBtn\").disabled=false;return false;}var inputElem = document.querySelectorAll(\"input[type=file]\");var fileSize = 0;for(var i = 0; i < inputElem.length; i++) {if(inputElem[i].type.toLowerCase() ===  \"file\") {if(inputElem[i].hasAttribute(\"selectedTypeImage\")) {var imageFile = inputElem[i].files[0];var fileSize = imageFile.size;}}if(fileSize > 5242880) {alert(\"Maximum allowed image size is 5MB.\");document.getElementById(\"vtigerFormSubmitBtn\").disabled=false;return false;}}document.getElementById(\"vtigerFormSubmitBtn\").disabled = true;var recaptchaValidationValue = document.getElementById(\"recaptcha_validation_value\").value;if(recaptchaValidationValue != true) {var recaptchaResponse = document.getElementsByName(\"g-recaptcha-response\")[0].value;var validationUrl = document.getElementById(\"captchaUrl\").value+\"?recaptcha_response=\"+recaptchaResponse+\"&current_url=\"+window.location.href+\"&callback=captchaCallback\";jsonp.fetch(validationUrl);return false;}};};var jsonp = {callbackCounter : 0,fetch : function(url) {url = url+\"&callId=\"+this.callbackCounter;var scriptTag = document.createElement(\"SCRIPT\");scriptTag.src = url;scriptTag.async = true;scriptTag.id = \"captchaCallback_\"+this.callbackCounter;scriptTag.type = \"text\/javascript\";document.getElementsByTagName(\"HEAD\")[0].appendChild(scriptTag);this.callbackCounter++;}};function captchaCallback(data) {if(data.result.success == true) {document.getElementById(\"recaptcha_validation_value\").value = true;var form = document.getElementById(\"__vtigerWebForm\");form.submit();} else {document.getElementById(\"vtigerFormSubmitBtn\").disabled = false;grecaptcha.reset();alert(\"Captcha not verified. Please verify captcha.\");}var element = document.getElementById(\"captchaCallback_\"+data.result.callId);element.parentNode.removeChild(element);}<\/script><\/p>\n<\/div>\n<\/form>\n<p>[\/et_pb_text][\/et_pb_column][\/et_pb_row][\/et_pb_section]<\/p>\n","protected":false},"excerpt":{"rendered":"<p>SISTEMAS 3U&amp;6UOptimice sus Implementaciones R\u00e1pidas con Sistemas VPX 3U y 6U de Alto TRL en Entornos MOSA y SWaP Si busca optimizar y agilizar sus proyectos de ordenadores de misi\u00f3n, no busque m\u00e1s all\u00e1 de nuestros sistemas avanzados. Nuestros sistemas de alta calidad, resistentes y preconfigurados son la soluci\u00f3n perfecta para sus necesidades. Ofrecemos sistemas [&hellip;]<\/p>\n","protected":false},"author":1,"featured_media":0,"parent":0,"menu_order":0,"comment_status":"closed","ping_status":"closed","template":"","meta":{"_et_pb_use_builder":"on","_et_pb_old_content":"","_et_gb_content_width":"","footnotes":""},"class_list":["post-258","page","type-page","status-publish","hentry"],"_links":{"self":[{"href":"https:\/\/www.donalba.com\/OrquestaMedia2023Donalba\/wp-json\/wp\/v2\/pages\/258","targetHints":{"allow":["GET"]}}],"collection":[{"href":"https:\/\/www.donalba.com\/OrquestaMedia2023Donalba\/wp-json\/wp\/v2\/pages"}],"about":[{"href":"https:\/\/www.donalba.com\/OrquestaMedia2023Donalba\/wp-json\/wp\/v2\/types\/page"}],"author":[{"embeddable":true,"href":"https:\/\/www.donalba.com\/OrquestaMedia2023Donalba\/wp-json\/wp\/v2\/users\/1"}],"replies":[{"embeddable":true,"href":"https:\/\/www.donalba.com\/OrquestaMedia2023Donalba\/wp-json\/wp\/v2\/comments?post=258"}],"version-history":[{"count":21,"href":"https:\/\/www.donalba.com\/OrquestaMedia2023Donalba\/wp-json\/wp\/v2\/pages\/258\/revisions"}],"predecessor-version":[{"id":3816,"href":"https:\/\/www.donalba.com\/OrquestaMedia2023Donalba\/wp-json\/wp\/v2\/pages\/258\/revisions\/3816"}],"wp:attachment":[{"href":"https:\/\/www.donalba.com\/OrquestaMedia2023Donalba\/wp-json\/wp\/v2\/media?parent=258"}],"curies":[{"name":"wp","href":"https:\/\/api.w.org\/{rel}","templated":true}]}}