{"id":27,"date":"2023-08-22T09:18:36","date_gmt":"2023-08-22T07:18:36","guid":{"rendered":"https:\/\/www.donalba.com\/OrquestaMedia2023Donalba\/?page_id=27"},"modified":"2023-09-21T12:51:26","modified_gmt":"2023-09-21T10:51:26","slug":"clientes","status":"publish","type":"page","link":"https:\/\/www.donalba.com\/OrquestaMedia2023Donalba\/clientes\/","title":{"rendered":"Clientes"},"content":{"rendered":"<p>[et_pb_section fb_built=\u00bb1&#8243; _builder_version=\u00bb4.22.0&#8243; _module_preset=\u00bbdefault\u00bb background_color=\u00bbgcid-836011e9-5230-4bed-8a9c-e9ef39c201e9&#8243; max_height=\u00bb120px\u00bb custom_margin=\u00bb0px||||false|false\u00bb custom_padding=\u00bb20px||||false|false\u00bb global_colors_info=\u00bb{%22gcid-836011e9-5230-4bed-8a9c-e9ef39c201e9%22:%91%22background_color%22%93}\u00bb][et_pb_row _builder_version=\u00bb4.22.0&#8243; _module_preset=\u00bbdefault\u00bb global_colors_info=\u00bb{}\u00bb][et_pb_column type=\u00bb4_4&#8243; _builder_version=\u00bb4.22.0&#8243; _module_preset=\u00bbdefault\u00bb global_colors_info=\u00bb{}\u00bb][et_pb_text _builder_version=\u00bb4.22.0&#8243; _module_preset=\u00bbdefault\u00bb global_colors_info=\u00bb{}\u00bb]<\/p>\n<h1 style=\"color: #ffffff; text-align: center;\"><strong>CLIENTES<\/strong><\/h1>\n<p>[\/et_pb_text][\/et_pb_column][\/et_pb_row][\/et_pb_section][et_pb_section fb_built=\u00bb1&#8243; _builder_version=\u00bb4.22.0&#8243; _module_preset=\u00bbdefault\u00bb custom_padding=\u00bb||0px||false|false\u00bb hover_enabled=\u00bb0&#8243; global_colors_info=\u00bb{}\u00bb sticky_enabled=\u00bb0&#8243; module_class=\u00bbsep\u00bb][et_pb_row module_class=\u00bbtexto-tipo\u00bb _builder_version=\u00bb4.22.0&#8243; _module_preset=\u00bbdefault\u00bb max_width=\u00bb1350px\u00bb hover_enabled=\u00bb0&#8243; global_colors_info=\u00bb{}\u00bb sticky_enabled=\u00bb0&#8243;][et_pb_column type=\u00bb4_4&#8243; _builder_version=\u00bb4.22.0&#8243; _module_preset=\u00bbdefault\u00bb global_colors_info=\u00bb{}\u00bb][et_pb_image src=\u00bbhttps:\/\/www.donalba.com\/OrquestaMedia2023Donalba\/wp-content\/uploads\/2023\/09\/airbus-military.jpg\u00bb title_text=\u00bbairbus-military\u00bb _builder_version=\u00bb4.22.0&#8243; _module_preset=\u00bbdefault\u00bb custom_margin=\u00bb||9px|||\u00bb global_colors_info=\u00bb{}\u00bb][\/et_pb_image][et_pb_text module_class=\u00bbpeque\u00f1o\u00bb _builder_version=\u00bb4.22.0&#8243; _module_preset=\u00bbdefault\u00bb animation_style=\u00bbslide\u00bb animation_direction=\u00bbbottom\u00bb global_colors_info=\u00bb{}\u00bb]<\/p>\n<h2 style=\"font-size: 25px;\"><strong>AIRBUS MILITARY \/ Aeron\u00e1utico<\/strong><\/h2>\n<p>Con sede central en Madrid (Espa\u00f1a).su sede principal est\u00e1 en Getafe, donde las plataformas civiles de Airbus se convierten en las aeronaves Multi Role Tanker Transport (MRTT). La otra principal instalaci\u00f3n est\u00e1 en San Pablo, cerca de Sevilla donde tiene lugar la producci\u00f3n total y el montaje final de todos los nuevos C-212, CN-235 y C-295 en una instalaci\u00f3n al lado de la L\u00ednea de Montaje Final del A400M que se inaugur\u00f3 en 2007<\/p>\n<p>Airbus Military es el \u00fanico fabricante de aviones de transporte que desarrolla, produce, vende y mantiene una familia completa de aviones de transporte militar y humanitario, que van de 3 a las 37 toneladas de carga \u00fatil.<\/p>\n<p>Airbus Military es plenamente responsable del programa A400M, as\u00ed como de los aviones de transporte cisterna (MRTT) derivados del A330, que puede ser equipados con un \u201cstate-of-the-art flight-refuelling boom\u201d (ARBS) \u00fanico en su g\u00e9nero. Tambi\u00e9n es responsable de cualquier derivado militar en el futuro de la sociedad civil de plataformas Airbus. Con el C-295, CN-235 y C-212, Airbus Military es el l\u00edder mundial en los segmentos de mercado para aviones de transporte militar de peque\u00f1o y mediano tama\u00f1o, con unas 650 unidades en m\u00e1s de 100 operadores de todo el mundo<\/p>\n<p>[\/et_pb_text][\/et_pb_column][\/et_pb_row][et_pb_row module_class=\u00bbtexto-tipo\u00bb _builder_version=\u00bb4.22.0&#8243; _module_preset=\u00bbdefault\u00bb max_width=\u00bb1350px\u00bb hover_enabled=\u00bb0&#8243; global_colors_info=\u00bb{}\u00bb sticky_enabled=\u00bb0&#8243;][et_pb_column type=\u00bb4_4&#8243; _builder_version=\u00bb4.22.0&#8243; _module_preset=\u00bbdefault\u00bb global_colors_info=\u00bb{}\u00bb][et_pb_image src=\u00bbhttps:\/\/www.donalba.com\/OrquestaMedia2023Donalba\/wp-content\/uploads\/2023\/09\/indra.jpg\u00bb title_text=\u00bbindra\u00bb _builder_version=\u00bb4.22.0&#8243; _module_preset=\u00bbdefault\u00bb custom_margin=\u00bb||9px|||\u00bb hover_enabled=\u00bb0&#8243; global_colors_info=\u00bb{}\u00bb sticky_enabled=\u00bb0&#8243;][\/et_pb_image][et_pb_text module_class=\u00bbpeque\u00f1o\u00bb _builder_version=\u00bb4.22.0&#8243; _module_preset=\u00bbdefault\u00bb animation_style=\u00bbslide\u00bb animation_direction=\u00bbbottom\u00bb hover_enabled=\u00bb0&#8243; global_colors_info=\u00bb{}\u00bb sticky_enabled=\u00bb0&#8243;]<\/p>\n<h2 style=\"font-size: 25px;\"><strong>INDRA \/ Defensa<\/strong><\/h2>\n<p>Indra es una compa\u00f1\u00eda global de tecnolog\u00eda, innovaci\u00f3n y talento, l\u00edder en soluciones y servicios de alto valor a\u00f1adido para los sectores de Transporte y Tr\u00e1fico, Energ\u00eda e Industria, Administraci\u00f3n P\u00fablica y Sanidad, Servicios Financieros, Seguridad y Defensa y Telecom y Media. Indra opera en m\u00e1s de 100 pa\u00edses y cuenta con m\u00e1s de 30.000 profesionales a nivel mundial que comparten su conocimiento de los diferentes sectores y pa\u00edses para encontrar soluciones innovadoras a los desaf\u00edos de sus clientes. Indra es la compa\u00f1\u00eda europea en su sector que m\u00e1s invierte en I+D.[\/et_pb_text][\/et_pb_column][\/et_pb_row][et_pb_row module_class=\u00bbtexto-tipo\u00bb _builder_version=\u00bb4.22.0&#8243; _module_preset=\u00bbdefault\u00bb max_width=\u00bb1350px\u00bb global_colors_info=\u00bb{}\u00bb][et_pb_column type=\u00bb4_4&#8243; _builder_version=\u00bb4.22.0&#8243; _module_preset=\u00bbdefault\u00bb global_colors_info=\u00bb{}\u00bb][et_pb_image src=\u00bbhttps:\/\/www.donalba.com\/OrquestaMedia2023Donalba\/wp-content\/uploads\/2023\/09\/cassidian.jpg\u00bb title_text=\u00bbcassidian\u00bb _builder_version=\u00bb4.22.0&#8243; _module_preset=\u00bbdefault\u00bb custom_margin=\u00bb||9px|||\u00bb hover_enabled=\u00bb0&#8243; global_colors_info=\u00bb{}\u00bb sticky_enabled=\u00bb0&#8243;][\/et_pb_image][et_pb_text module_class=\u00bbpeque\u00f1o\u00bb _builder_version=\u00bb4.22.0&#8243; _module_preset=\u00bbdefault\u00bb animation_style=\u00bbslide\u00bb animation_direction=\u00bbbottom\u00bb hover_enabled=\u00bb0&#8243; global_colors_info=\u00bb{}\u00bb sticky_enabled=\u00bb0&#8243;]<\/p>\n<h2 style=\"font-size: 25px;\"><strong>CASSIDIAN\/Aeron\u00e1utico<\/strong><\/h2>\n<p>Una compa\u00f1\u00eda de EADS, es l\u00edder mundial en soluciones de seguridad global y sistemas, proporcionando la integraci\u00f3n de sistema l\u00edderes y productos de valor a\u00f1adido y servicios a los clientes civiles y militares en todo el mundo.<\/p>\n<p>Nuestra cartera de productos abarca desde sistemas a\u00e9reos (aviones y sistemas a\u00e9reos no tripulados) y terrestres, navales y los sistemas conjuntos de  inteligencia y vigilancia a las comunicaciones seguras y ciber-seguridad, as\u00ed como sistemas de pruebas, los misiles, y soluciones de servicios y  de soporte.<\/p>\n<p>En 2009, Cassidian &#8211; con cerca de 21.000 empleados en todo el mundo &#8211; alcanzaron unos ingresos  de  \u20ac 5,4 mil millones. Se trata de la segunda divisi\u00f3n m\u00e1s grande dentro del Grupo EADS.[\/et_pb_text][\/et_pb_column][\/et_pb_row][et_pb_row module_class=\u00bbtexto-tipo\u00bb _builder_version=\u00bb4.22.0&#8243; _module_preset=\u00bbdefault\u00bb max_width=\u00bb1350px\u00bb global_colors_info=\u00bb{}\u00bb][et_pb_column type=\u00bb4_4&#8243; _builder_version=\u00bb4.22.0&#8243; _module_preset=\u00bbdefault\u00bb global_colors_info=\u00bb{}\u00bb][et_pb_image src=\u00bbhttps:\/\/www.donalba.com\/OrquestaMedia2023Donalba\/wp-content\/uploads\/2023\/09\/general-dynamics.jpg\u00bb title_text=\u00bbgeneral-dynamics\u00bb _builder_version=\u00bb4.22.0&#8243; _module_preset=\u00bbdefault\u00bb custom_margin=\u00bb||9px|||\u00bb hover_enabled=\u00bb0&#8243; global_colors_info=\u00bb{}\u00bb sticky_enabled=\u00bb0&#8243;][\/et_pb_image][et_pb_text module_class=\u00bbpeque\u00f1o\u00bb _builder_version=\u00bb4.22.0&#8243; _module_preset=\u00bbdefault\u00bb animation_style=\u00bbslide\u00bb animation_direction=\u00bbbottom\u00bb hover_enabled=\u00bb0&#8243; global_colors_info=\u00bb{}\u00bb sticky_enabled=\u00bb0&#8243;]<\/p>\n<h2 style=\"font-size: 25px;\"><strong>GDELS\/Sistemas Terrestres<\/strong><\/h2>\n<p>Con una gran reputaci\u00f3n de calidad y servicio avalada por a\u00f1os de probado desempe\u00f1o, Santa B\u00e1rbara Sistemas, unidad de negocio integrada dentro del Grupo Europeo de Sistemas Terrestres de General Dynamics, es uno de los l\u00edderes en el sector de la defensa y punto de referencia indiscutible en el mercado europeo, adem\u00e1s de uno de los principales suministradores de sistemas y soluciones para las Fuerzas Armadas espa\u00f1olas.<\/p>\n<p>Con sede central en Madrid y una plantilla de 1.650 trabajadores distribuidos por toda la geograf\u00eda espa\u00f1ola, fabrica una gran variedad de equipamiento para la defensa, desde veh\u00edculos de combate hasta sistemas de artiller\u00eda, pasando por armas ligeras y municiones. Sus productos han probado su eficacia en medio centenar de pa\u00edses, incluidas naciones del \u00e1rea OTAN.<\/p>\n<p>Santa B\u00e1rbara Sistemas cuenta con cuatro l\u00edneas de negocio principales: Veh\u00edculos Blindados, que desarrolla y fabrica veh\u00edculos blindados sobre ruedas y cadenas; Sistemas de Armas Municiones y Misiles e Investigaci\u00f3n y Desarrollo (I+D). Co fabrica, asimismo, bajo licencia el carro de combate Leopardo 2E y el veh\u00edculo antiminas RG-31 Mk5E para el Ej\u00e9rcito espa\u00f1ol entre otros programas.<\/p>\n<p>Su notable desarrollo en I+D y la experiencia acumulada durante su larga trayectoria concede a Santa B\u00e1rbara Sistemas una gran versatilidad y una importante capacidad de desarrollo de nuevos sistemas, adapt\u00e1ndolos a las necesidades espec\u00edficas de un gran n\u00famero de clientes.[\/et_pb_text][\/et_pb_column][\/et_pb_row][et_pb_row module_class=\u00bbtexto-tipo\u00bb _builder_version=\u00bb4.22.0&#8243; _module_preset=\u00bbdefault\u00bb max_width=\u00bb1350px\u00bb global_colors_info=\u00bb{}\u00bb][et_pb_column type=\u00bb4_4&#8243; _builder_version=\u00bb4.22.0&#8243; _module_preset=\u00bbdefault\u00bb global_colors_info=\u00bb{}\u00bb][et_pb_image src=\u00bbhttps:\/\/www.donalba.com\/OrquestaMedia2023Donalba\/wp-content\/uploads\/2023\/09\/navantia.jpg\u00bb title_text=\u00bbnavantia\u00bb _builder_version=\u00bb4.22.0&#8243; _module_preset=\u00bbdefault\u00bb custom_margin=\u00bb||9px|||\u00bb hover_enabled=\u00bb0&#8243; global_colors_info=\u00bb{}\u00bb sticky_enabled=\u00bb0&#8243;][\/et_pb_image][et_pb_text module_class=\u00bbpeque\u00f1o\u00bb _builder_version=\u00bb4.22.0&#8243; _module_preset=\u00bbdefault\u00bb animation_style=\u00bbslide\u00bb animation_direction=\u00bbbottom\u00bb hover_enabled=\u00bb0&#8243; global_colors_info=\u00bb{}\u00bb sticky_enabled=\u00bb0&#8243;]<\/p>\n<h2 style=\"font-size: 25px;\"><strong>NAVANTIA\/Sistemas Navales<\/strong><\/h2>\n<p>Es la empresa espa\u00f1ola l\u00edder del sector de la construcci\u00f3n naval militar. Por su dimensi\u00f3n y capacidad tecnol\u00f3gica ocupa un puesto destacado en el concierto europeo y mundial de la construcci\u00f3n naval.<\/p>\n<p>Su actividad industrial se organiza en cuatro l\u00edneas de actividad:<\/p>\n<ul>\n<li>Construcci\u00f3n Naval<\/li>\n<li>Sistemas de control y combate<\/li>\n<li>Reparaciones y transformaciones<\/li>\n<li>Motores Di\u00e9sel<\/li>\n<li>Equipos Navales y de Generaci\u00f3n de Energ\u00eda.<\/li>\n<li>El prop\u00f3sito principal del modelo de gesti\u00f3n empresarial de Navantia es garantizar su posici\u00f3n altamente competitiva en el mercado internacional, ofertando un producto agresivo en calidad y precio.<\/li>\n<\/ul>\n<p>[\/et_pb_text][\/et_pb_column][\/et_pb_row][\/et_pb_section][et_pb_section fb_built=\u00bb1&#8243; _builder_version=\u00bb4.22.0&#8243; _module_preset=\u00bbdefault\u00bb custom_padding=\u00bb0px||40px||false|false\u00bb global_colors_info=\u00bb{}\u00bb][\/et_pb_section]<\/p>\n","protected":false},"excerpt":{"rendered":"<p>CLIENTESAIRBUS MILITARY \/ Aeron\u00e1utico Con sede central en Madrid (Espa\u00f1a).su sede principal est\u00e1 en Getafe, donde las plataformas civiles de Airbus se convierten en las aeronaves Multi Role Tanker Transport (MRTT). La otra principal instalaci\u00f3n est\u00e1 en San Pablo, cerca de Sevilla donde tiene lugar la producci\u00f3n total y el montaje final de todos los [&hellip;]<\/p>\n","protected":false},"author":1,"featured_media":0,"parent":0,"menu_order":0,"comment_status":"closed","ping_status":"closed","template":"","meta":{"_et_pb_use_builder":"on","_et_pb_old_content":"<!-- wp:divi\/placeholder \/-->","_et_gb_content_width":"","footnotes":""},"class_list":["post-27","page","type-page","status-publish","hentry"],"_links":{"self":[{"href":"https:\/\/www.donalba.com\/OrquestaMedia2023Donalba\/wp-json\/wp\/v2\/pages\/27","targetHints":{"allow":["GET"]}}],"collection":[{"href":"https:\/\/www.donalba.com\/OrquestaMedia2023Donalba\/wp-json\/wp\/v2\/pages"}],"about":[{"href":"https:\/\/www.donalba.com\/OrquestaMedia2023Donalba\/wp-json\/wp\/v2\/types\/page"}],"author":[{"embeddable":true,"href":"https:\/\/www.donalba.com\/OrquestaMedia2023Donalba\/wp-json\/wp\/v2\/users\/1"}],"replies":[{"embeddable":true,"href":"https:\/\/www.donalba.com\/OrquestaMedia2023Donalba\/wp-json\/wp\/v2\/comments?post=27"}],"version-history":[{"count":5,"href":"https:\/\/www.donalba.com\/OrquestaMedia2023Donalba\/wp-json\/wp\/v2\/pages\/27\/revisions"}],"predecessor-version":[{"id":967,"href":"https:\/\/www.donalba.com\/OrquestaMedia2023Donalba\/wp-json\/wp\/v2\/pages\/27\/revisions\/967"}],"wp:attachment":[{"href":"https:\/\/www.donalba.com\/OrquestaMedia2023Donalba\/wp-json\/wp\/v2\/media?parent=27"}],"curies":[{"name":"wp","href":"https:\/\/api.w.org\/{rel}","templated":true}]}}