{"id":297,"date":"2023-08-25T13:37:03","date_gmt":"2023-08-25T11:37:03","guid":{"rendered":"https:\/\/www.donalba.com\/OrquestaMedia2023Donalba\/?page_id=297"},"modified":"2023-09-19T12:47:35","modified_gmt":"2023-09-19T10:47:35","slug":"soluciones-hardware","status":"publish","type":"page","link":"https:\/\/www.donalba.com\/OrquestaMedia2023Donalba\/soluciones-hardware\/","title":{"rendered":"Soluciones hardware"},"content":{"rendered":"<p>[et_pb_section fb_built=\u00bb1&#8243; _builder_version=\u00bb4.22.0&#8243; _module_preset=\u00bbdefault\u00bb custom_margin=\u00bb0px||0px||false|false\u00bb custom_padding=\u00bb0px||0px||false|false\u00bb global_colors_info=\u00bb{}\u00bb][et_pb_row module_class=\u00bbcabecera-productos\u00bb _builder_version=\u00bb4.22.0&#8243; _module_preset=\u00bbdefault\u00bb background_color=\u00bbgcid-836011e9-5230-4bed-8a9c-e9ef39c201e9&#8243; width=\u00bb100%\u00bb max_width=\u00bb2200px\u00bb global_colors_info=\u00bb{%22gcid-836011e9-5230-4bed-8a9c-e9ef39c201e9%22:%91%22background_color%22%93}\u00bb][et_pb_column type=\u00bb4_4&#8243; _builder_version=\u00bb4.22.0&#8243; _module_preset=\u00bbdefault\u00bb global_colors_info=\u00bb{}\u00bb][et_pb_text _builder_version=\u00bb4.22.0&#8243; _module_preset=\u00bbdefault\u00bb custom_margin=\u00bb||0px||false|false\u00bb custom_padding=\u00bb||0px||false|false\u00bb global_colors_info=\u00bb{}\u00bb]<\/p>\n<h1 style=\"text-align: center;\">SOLUCIONES HARDWARE<\/h1>\n<p>[\/et_pb_text][\/et_pb_column][\/et_pb_row][\/et_pb_section][et_pb_section fb_built=\u00bb1&#8243; _builder_version=\u00bb4.22.0&#8243; _module_preset=\u00bbdefault\u00bb custom_padding=\u00bb||45px|||\u00bb global_colors_info=\u00bb{}\u00bb][et_pb_row _builder_version=\u00bb4.22.0&#8243; _module_preset=\u00bbdefault\u00bb width=\u00bb100%\u00bb max_width=\u00bb1350px\u00bb global_colors_info=\u00bb{}\u00bb][et_pb_column type=\u00bb4_4&#8243; _builder_version=\u00bb4.22.0&#8243; _module_preset=\u00bbdefault\u00bb global_colors_info=\u00bb{}\u00bb][et_pb_text module_class=\u00bbtexto-tipo\u00bb _builder_version=\u00bb4.22.0&#8243; _module_preset=\u00bbdefault\u00bb animation_style=\u00bbslide\u00bb global_colors_info=\u00bb{}\u00bb]<\/p>\n<h2><strong>Soluciones IP de hardware de gr\u00e1ficos y computadoras de placa \u00fanica<\/strong><\/h2>\n<p>Los dise\u00f1os COTS-D, o Dise\u00f1os COTS (Commercial Off the Shelf), son soluciones IP de hardware de gr\u00e1ficos y computadoras de placa \u00fanica, dise\u00f1adas para ser certificables con los m\u00e1s altos niveles de criticidad de seguridad. Con las soluciones COTS-D, los integradores reciben una licencia para fabricar los dise\u00f1os en sus propias instalaciones de fabricaci\u00f3n o en un fabricante contratado de su elecci\u00f3n. La licencia incluye los datos del dise\u00f1o que se transfieren al integrador en forma de un paquete de datos t\u00e9cnicos completo, a partir del cual se puede fabricar, respaldar y mantener el dise\u00f1o como con cualquier otro producto desarrollado internamente. Este enfoque para fabricar hardware cr\u00edtico para la seguridad cumple con los requisitos de inversi\u00f3n y control en el pa\u00eds para un suministro y reparaci\u00f3n seguros.<\/p>\n<p>[\/et_pb_text][\/et_pb_column][\/et_pb_row][et_pb_row column_structure=\u00bb1_2,1_2&#8243; module_id=\u00bbfila-flex\u00bb _builder_version=\u00bb4.22.0&#8243; _module_preset=\u00bbdefault\u00bb max_width=\u00bb1350px\u00bb global_colors_info=\u00bb{}\u00bb][et_pb_column type=\u00bb1_2&#8243; _builder_version=\u00bb4.22.0&#8243; _module_preset=\u00bbdefault\u00bb global_colors_info=\u00bb{}\u00bb][et_pb_text module_class=\u00bbtexto-tipo\u00bb _builder_version=\u00bb4.22.0&#8243; _module_preset=\u00bbdefault\u00bb animation_style=\u00bbslide\u00bb animation_direction=\u00bbleft\u00bb animation_duration=\u00bb1400ms\u00bb global_colors_info=\u00bb{}\u00bb]<\/p>\n<h2><\/h2>\n<p>Todos los productos COTS-D se ofrecen con evidencia de certificaci\u00f3n DO-254 para usarse junto con otras evidencias que respalden la certificaci\u00f3n del sistema. Dise\u00f1ados y desarrollados de la misma manera que las soluciones de hardware COTS tradicionales, los productos COTS-D se verifican y califican antes de que el IP est\u00e9 disponible para su fabricaci\u00f3n.<\/p>\n<p>[\/et_pb_text][et_pb_text module_class=\u00bbtexto-tipo\u00bb _builder_version=\u00bb4.22.0&#8243; _module_preset=\u00bbdefault\u00bb animation_style=\u00bbslide\u00bb animation_direction=\u00bbleft\u00bb animation_duration=\u00bb1400ms\u00bb global_colors_info=\u00bb{}\u00bb]<\/p>\n<h3><strong>Caso de uso<\/strong><\/h3>\n<p>COTS-D est\u00e1 disponible en factores de forma est\u00e1ndar 3U VPX y XMC, en variantes enfriadas por aire o por conducci\u00f3n, abordando las necesidades de los veh\u00edculos a\u00e9reos o militares. Estos factores de forma est\u00e1ndar reducen el tama\u00f1o, el peso y la potencia (SWaP) necesarios para el hardware de misi\u00f3n cr\u00edtica y son adecuados para una variedad de aplicaciones industriales de comando y control robustas y cr\u00edticas para la seguridad.<\/p>\n<p>[\/et_pb_text][et_pb_button button_url=\u00bb\/contacto\u00bb button_text=\u00bbSOLICITA INFORMACI\u00d3N\u00bb _builder_version=\u00bb4.22.0&#8243; _module_preset=\u00bbdefault\u00bb custom_button=\u00bbon\u00bb button_text_color=\u00bb#0c71c3&#8243; button_bg_color=\u00bbRGBA(255,255,255,0)\u00bb button_border_color=\u00bb#0C71C3&#8243; animation_style=\u00bbslide\u00bb global_colors_info=\u00bb{}\u00bb][\/et_pb_button][\/et_pb_column][et_pb_column type=\u00bb1_2&#8243; _builder_version=\u00bb4.22.0&#8243; _module_preset=\u00bbdefault\u00bb global_colors_info=\u00bb{}\u00bb][et_pb_image src=\u00bbhttps:\/\/www.donalba.com\/OrquestaMedia2023Donalba\/wp-content\/uploads\/2023\/08\/GPM3001_2_RIGHT-FRONTsmall.jpg\u00bb title_text=\u00bbGPM3001_2_RIGHT-FRONTsmall\u00bb module_class=\u00bbimagen-principal\u00bb _builder_version=\u00bb4.22.0&#8243; _module_preset=\u00bbdefault\u00bb custom_margin=\u00bb-1px||-1px||true|false\u00bb animation_style=\u00bbslide\u00bb animation_direction=\u00bbright\u00bb global_colors_info=\u00bb{}\u00bb][\/et_pb_image][\/et_pb_column][\/et_pb_row][\/et_pb_section][et_pb_section fb_built=\u00bb1&#8243; module_class=\u00bbllamada\u00bb _builder_version=\u00bb4.22.0&#8243; _module_preset=\u00bbdefault\u00bb background_color=\u00bbgcid-836011e9-5230-4bed-8a9c-e9ef39c201e9&#8243; custom_margin=\u00bb0px||0px||false|false\u00bb custom_padding=\u00bb0px||0px||false|false\u00bb global_colors_info=\u00bb{%22gcid-836011e9-5230-4bed-8a9c-e9ef39c201e9%22:%91%22background_color%22%93}\u00bb][et_pb_row module_class=\u00bbcabecera-productos\u00bb _builder_version=\u00bb4.22.0&#8243; _module_preset=\u00bbdefault\u00bb background_color=\u00bbgcid-836011e9-5230-4bed-8a9c-e9ef39c201e9&#8243; width=\u00bb100%\u00bb max_width=\u00bb1350px\u00bb global_colors_info=\u00bb{%22gcid-836011e9-5230-4bed-8a9c-e9ef39c201e9%22:%91%22background_color%22%93}\u00bb][et_pb_column type=\u00bb4_4&#8243; _builder_version=\u00bb4.22.0&#8243; _module_preset=\u00bbdefault\u00bb global_colors_info=\u00bb{}\u00bb][et_pb_text _builder_version=\u00bb4.22.0&#8243; _module_preset=\u00bbdefault\u00bb custom_margin=\u00bb||0px||false|false\u00bb custom_padding=\u00bb||0px||false|false\u00bb global_colors_info=\u00bb{}\u00bb]<\/p>\n<p style=\"text-align: center;\"><span>Nuestro saber hacer y conocimiento del mercado, nos proporciona una gran cercan\u00eda a los clientes finales, que conf\u00edan en DONALBA para la selecci\u00f3n de las propuestas m\u00e1s adecuadas a sus proyectos y programas. Contacta con n<\/span><span>osotros, te ayudaremos a elegir la mejor soluci\u00f3n para tu negocio<\/span><\/p>\n<p>[\/et_pb_text][et_pb_button button_url=\u00bb\/contacto\u00bb button_text=\u00bbCONTACTO\u00bb button_alignment=\u00bbcenter\u00bb _builder_version=\u00bb4.22.0&#8243; _module_preset=\u00bbdefault\u00bb custom_button=\u00bbon\u00bb button_bg_color=\u00bbRGBA(255,255,255,0)\u00bb background_layout=\u00bbdark\u00bb custom_margin=\u00bb25px||5px||false|false\u00bb animation_style=\u00bbslide\u00bb global_colors_info=\u00bb{}\u00bb][\/et_pb_button][\/et_pb_column][\/et_pb_row][\/et_pb_section][et_pb_section fb_built=\u00bb1&#8243; _builder_version=\u00bb4.22.0&#8243; _module_preset=\u00bbdefault\u00bb global_colors_info=\u00bb{}\u00bb][et_pb_row column_structure=\u00bb1_2,1_2&#8243; _builder_version=\u00bb4.22.0&#8243; _module_preset=\u00bbdefault\u00bb width=\u00bb100%\u00bb max_width=\u00bb1350px\u00bb global_colors_info=\u00bb{}\u00bb][et_pb_column type=\u00bb1_2&#8243; _builder_version=\u00bb4.22.0&#8243; _module_preset=\u00bbdefault\u00bb global_colors_info=\u00bb{}\u00bb][et_pb_image src=\u00bbhttps:\/\/www.donalba.com\/OrquestaMedia2023Donalba\/wp-content\/uploads\/2023\/08\/SH_APPLICATIONLAYER.jpg\u00bb title_text=\u00bbSH_APPLICATIONLAYER\u00bb module_class=\u00bbimagen-principal\u00bb _builder_version=\u00bb4.22.0&#8243; _module_preset=\u00bbdefault\u00bb custom_margin=\u00bb155px||155px||true|false\u00bb animation_style=\u00bbslide\u00bb animation_direction=\u00bbleft\u00bb global_colors_info=\u00bb{}\u00bb][\/et_pb_image][\/et_pb_column][et_pb_column type=\u00bb1_2&#8243; _builder_version=\u00bb4.22.0&#8243; _module_preset=\u00bbdefault\u00bb global_colors_info=\u00bb{}\u00bb][et_pb_text module_class=\u00bbtexto-tipo\u00bb _builder_version=\u00bb4.22.0&#8243; _module_preset=\u00bbdefault\u00bb animation_style=\u00bbslide\u00bb animation_direction=\u00bbright\u00bb animation_duration=\u00bb1400ms\u00bb global_colors_info=\u00bb{}\u00bb]<\/p>\n<h3><strong>C\u00f3mo COTS-D beneficia a su programa<\/strong><\/h3>\n<p>COTS-D no solo reduce su riesgo y el tiempo de comercializaci\u00f3n, sino que tambi\u00e9n reduce sus costos generales. Con COTS-D Vd podr\u00e1:<\/p>\n<p>[\/et_pb_text][et_pb_text module_class=\u00bbtexto-tipo\u00bb _builder_version=\u00bb4.22.0&#8243; _module_preset=\u00bbdefault\u00bb animation_style=\u00bbslide\u00bb animation_direction=\u00bbright\u00bb animation_duration=\u00bb1400ms\u00bb hover_enabled=\u00bb0&#8243; global_colors_info=\u00bb{}\u00bb sticky_enabled=\u00bb0&#8243;]<\/p>\n<ul>\n<li>\n<p>Construir hardware certificable DO-254 en su pa\u00eds o ubicaci\u00f3n de origen que ofrezca los costos m\u00e1s bajos<\/p>\n<\/li>\n<li>\n<p>Adaptar sus m\u00f3dulos a los factores de forma y conectores espec\u00edficos requeridos por su programa<\/p>\n<\/li>\n<li>\n<p>Reducir la complejidad de los dise\u00f1os para minimizar el esfuerzo de certificaci\u00f3n y los costos recurrentes.<\/p>\n<\/li>\n<li>\n<p>Utilizar dise\u00f1os de hardware completamente cualificados de acuerdo con los procedimientos DO-160 aplicables para m\u00f3dulos.<\/p>\n<\/li>\n<li>\n<p>Mejorar la competitividad con respecto a integradores que compran montajes<\/p>\n<\/li>\n<li>\n<p>Fabricar en el pa\u00eds de su elecci\u00f3n, controlando su suministro seguro y confiable manteniendo su estructura de personal.<\/p>\n<\/li>\n<li>\n<p>Repar localmente, mantener configuraciones de hardware seguras y eliminar costos de env\u00edo y demoras<\/p>\n<\/li>\n<li>\n<p>Aumentar su control de la cadena de suministro<\/p>\n<\/li>\n<li>\n<p>Utilizar los servicios de ciclo de vida existentes, fabricaci\u00f3n, pruebas, componentes, reparaci\u00f3n y otros especialistas para maximizar sus inversiones existentes y reducir a\u00fan m\u00e1s los costos.<\/p>\n<\/li>\n<li>\n<p>Reducir su riesgo obteniendo todos los componentes de hardware y software de un \u00fanico proveedor con experiencia en certificaci\u00f3n.<\/p>\n<\/li>\n<\/ul>\n<p>La integraci\u00f3n de servicios y otros servicios est\u00e1n disponibles para abordar otros factores de forma. Por favor contacte a CoreAVI para m\u00e1s informaci\u00f3n.<\/p>\n<p>[\/et_pb_text][et_pb_button button_url=\u00bb\/contacto\u00bb button_text=\u00bbSOLICITA INFORMACI\u00d3N\u00bb _builder_version=\u00bb4.22.0&#8243; _module_preset=\u00bbdefault\u00bb custom_button=\u00bbon\u00bb button_text_color=\u00bb#0c71c3&#8243; button_bg_color=\u00bbRGBA(255,255,255,0)\u00bb button_border_color=\u00bb#0C71C3&#8243; animation_style=\u00bbslide\u00bb global_colors_info=\u00bb{}\u00bb][\/et_pb_button][\/et_pb_column][\/et_pb_row][\/et_pb_section]<\/p>\n","protected":false},"excerpt":{"rendered":"<p>SOLUCIONES HARDWARESoluciones IP de hardware de gr\u00e1ficos y computadoras de placa \u00fanica Los dise\u00f1os COTS-D, o Dise\u00f1os COTS (Commercial Off the Shelf), son soluciones IP de hardware de gr\u00e1ficos y computadoras de placa \u00fanica, dise\u00f1adas para ser certificables con los m\u00e1s altos niveles de criticidad de seguridad. Con las soluciones COTS-D, los integradores reciben una [&hellip;]<\/p>\n","protected":false},"author":1,"featured_media":0,"parent":0,"menu_order":0,"comment_status":"closed","ping_status":"closed","template":"","meta":{"_et_pb_use_builder":"on","_et_pb_old_content":"<!-- wp:divi\/placeholder \/-->","_et_gb_content_width":"","footnotes":""},"class_list":["post-297","page","type-page","status-publish","hentry"],"_links":{"self":[{"href":"https:\/\/www.donalba.com\/OrquestaMedia2023Donalba\/wp-json\/wp\/v2\/pages\/297","targetHints":{"allow":["GET"]}}],"collection":[{"href":"https:\/\/www.donalba.com\/OrquestaMedia2023Donalba\/wp-json\/wp\/v2\/pages"}],"about":[{"href":"https:\/\/www.donalba.com\/OrquestaMedia2023Donalba\/wp-json\/wp\/v2\/types\/page"}],"author":[{"embeddable":true,"href":"https:\/\/www.donalba.com\/OrquestaMedia2023Donalba\/wp-json\/wp\/v2\/users\/1"}],"replies":[{"embeddable":true,"href":"https:\/\/www.donalba.com\/OrquestaMedia2023Donalba\/wp-json\/wp\/v2\/comments?post=297"}],"version-history":[{"count":6,"href":"https:\/\/www.donalba.com\/OrquestaMedia2023Donalba\/wp-json\/wp\/v2\/pages\/297\/revisions"}],"predecessor-version":[{"id":842,"href":"https:\/\/www.donalba.com\/OrquestaMedia2023Donalba\/wp-json\/wp\/v2\/pages\/297\/revisions\/842"}],"wp:attachment":[{"href":"https:\/\/www.donalba.com\/OrquestaMedia2023Donalba\/wp-json\/wp\/v2\/media?parent=297"}],"curies":[{"name":"wp","href":"https:\/\/api.w.org\/{rel}","templated":true}]}}