{"id":31,"date":"2023-08-22T09:19:37","date_gmt":"2023-08-22T07:19:37","guid":{"rendered":"https:\/\/www.donalba.com\/OrquestaMedia2023Donalba\/?page_id=31"},"modified":"2023-10-03T16:23:22","modified_gmt":"2023-10-03T14:23:22","slug":"actuadores-electromecanicos-giratorios-y-lineales","status":"publish","type":"page","link":"https:\/\/www.donalba.com\/OrquestaMedia2023Donalba\/actuadores-electromecanicos-giratorios-y-lineales\/","title":{"rendered":"Actuadores electromec\u00e1nicos giratorios y lineales"},"content":{"rendered":"<p>[et_pb_section fb_built=\u00bb1&#8243; _builder_version=\u00bb4.22.0&#8243; _module_preset=\u00bbdefault\u00bb custom_margin=\u00bb0px||0px||false|false\u00bb custom_padding=\u00bb0px||0px||false|false\u00bb global_colors_info=\u00bb{}\u00bb][et_pb_row module_class=\u00bbcabecera-productos\u00bb _builder_version=\u00bb4.22.0&#8243; _module_preset=\u00bbdefault\u00bb background_color=\u00bbgcid-836011e9-5230-4bed-8a9c-e9ef39c201e9&#8243; width=\u00bb100%\u00bb max_width=\u00bb2200px\u00bb global_colors_info=\u00bb{%22gcid-836011e9-5230-4bed-8a9c-e9ef39c201e9%22:%91%22background_color%22%93}\u00bb][et_pb_column type=\u00bb4_4&#8243; _builder_version=\u00bb4.22.0&#8243; _module_preset=\u00bbdefault\u00bb global_colors_info=\u00bb{}\u00bb][et_pb_text _builder_version=\u00bb4.22.0&#8243; _module_preset=\u00bbdefault\u00bb custom_margin=\u00bb||0px||false|false\u00bb custom_padding=\u00bb||0px||false|false\u00bb global_colors_info=\u00bb{}\u00bb]<\/p>\n<h1 style=\"text-align: center;\">ACTUADORES ELECTROMEC\u00c1NICOS GIRATORIOS Y LINEALES <\/h1>\n<p>[\/et_pb_text][\/et_pb_column][\/et_pb_row][\/et_pb_section][et_pb_section fb_built=\u00bb1&#8243; _builder_version=\u00bb4.22.0&#8243; _module_preset=\u00bbdefault\u00bb custom_padding=\u00bb||45px|||\u00bb global_colors_info=\u00bb{}\u00bb][et_pb_row _builder_version=\u00bb4.22.0&#8243; _module_preset=\u00bbdefault\u00bb width=\u00bb100%\u00bb max_width=\u00bb1350px\u00bb custom_padding=\u00bb||43px|||\u00bb global_colors_info=\u00bb{}\u00bb][et_pb_column type=\u00bb4_4&#8243; _builder_version=\u00bb4.22.0&#8243; _module_preset=\u00bbdefault\u00bb global_colors_info=\u00bb{}\u00bb][et_pb_text module_class=\u00bbtexto-tipo\u00bb _builder_version=\u00bb4.22.0&#8243; _module_preset=\u00bbdefault\u00bb animation_style=\u00bbslide\u00bb global_colors_info=\u00bb{}\u00bb]<\/p>\n<h2 style=\"text-align: center;\"><strong>Optimizaci\u00f3n Avanzada de Transmisiones de Engranajes Rotativos para Movimientos Precisos<\/strong><\/h2>\n<p style=\"text-align: center;\">En el \u00e1mbito de la ingenier\u00eda mec\u00e1nica y el control de movimiento, se ha desarrollado una caja de cambios de dise\u00f1o modular que ofrece un rango flexible de relaciones de engranajes y maximiza tanto la rigidez como la eficiencia al eliminar la fricci\u00f3n y la holgura innecesarios. Acompa\u00f1ado de un potente servomotor de CA sin escobillas, caracterizado por su alta resoluci\u00f3n en retroalimentaci\u00f3n de motor, esta innovaci\u00f3n promete revolucionar la forma en que concebimos los sistemas de movimiento y estabilizaci\u00f3n. El sistema, respaldado por un freno electromagn\u00e9tico de resorte con una funci\u00f3n de embrague integrada, se destaca en situaciones de sobrecarga al brindar una respuesta confiable y controlada. Una caracter\u00edstica \u00fanica es su elemento sin retroceso, que evita la rotaci\u00f3n indeseada del eje de entrada manual, proporcionando una seguridad adicional en entornos cr\u00edticos.<\/p>\n<p>[\/et_pb_text][\/et_pb_column][\/et_pb_row][et_pb_row column_structure=\u00bb1_2,1_4,1_4&#8243; module_id=\u00bbfila-flex\u00bb _builder_version=\u00bb4.22.0&#8243; _module_preset=\u00bbdefault\u00bb max_width=\u00bb1350px\u00bb global_colors_info=\u00bb{}\u00bb][et_pb_column type=\u00bb1_2&#8243; _builder_version=\u00bb4.22.0&#8243; _module_preset=\u00bbdefault\u00bb global_colors_info=\u00bb{}\u00bb][et_pb_text module_class=\u00bbtexto-tipo\u00bb _builder_version=\u00bb4.22.0&#8243; _module_preset=\u00bbdefault\u00bb animation_style=\u00bbslide\u00bb animation_direction=\u00bbleft\u00bb animation_duration=\u00bb1400ms\u00bb global_colors_info=\u00bb{}\u00bb]<\/p>\n<h3><strong>Aplicaci\u00f3n Crucial: Turret Stabilization<\/strong><\/h3>\n<p>La aplicaci\u00f3n mas importante de estos equipos es en la estabilizaci\u00f3n de torretas. Conocida como \u00abturret stabilization\u00bb, esta tecnolog\u00eda ofrece una precisi\u00f3n excepcional al realizar movimientos transversales y de elevaci\u00f3n en sistemas de apuntamiento. Ya sea apuntando a velocidades bajas constantes o en un estado estabilizado, estas transmisiones de engranajes rotativos o lineales desempe\u00f1an un papel cr\u00edtico en la realizaci\u00f3n de movimientos precisos incluso en las condiciones m\u00e1s desafiantes.<\/p>\n<p>[\/et_pb_text][\/et_pb_column][et_pb_column type=\u00bb1_4&#8243; _builder_version=\u00bb4.22.0&#8243; _module_preset=\u00bbdefault\u00bb global_colors_info=\u00bb{}\u00bb][et_pb_image src=\u00bbhttps:\/\/www.donalba.com\/OrquestaMedia2023Donalba\/wp-content\/uploads\/2023\/08\/product-family-lisitng-erg1500-desktop.png\u00bb title_text=\u00bbproduct-family-lisitng-erg1500-desktop\u00bb module_class=\u00bbimagen-principal\u00bb _builder_version=\u00bb4.22.0&#8243; _module_preset=\u00bbdefault\u00bb animation_style=\u00bbslide\u00bb animation_direction=\u00bbright\u00bb global_colors_info=\u00bb{}\u00bb][\/et_pb_image][\/et_pb_column][et_pb_column type=\u00bb1_4&#8243; _builder_version=\u00bb4.22.0&#8243; _module_preset=\u00bbdefault\u00bb global_colors_info=\u00bb{}\u00bb][et_pb_image src=\u00bbhttps:\/\/www.donalba.com\/OrquestaMedia2023Donalba\/wp-content\/uploads\/2023\/08\/ElevationDriveELG10Linear-Drive.png\u00bb title_text=\u00bbElevationDriveELG10Linear-Drive\u00bb _builder_version=\u00bb4.22.0&#8243; _module_preset=\u00bbdefault\u00bb global_colors_info=\u00bb{}\u00bb][\/et_pb_image][\/et_pb_column][\/et_pb_row][et_pb_row _builder_version=\u00bb4.22.0&#8243; _module_preset=\u00bbdefault\u00bb global_colors_info=\u00bb{}\u00bb][et_pb_column type=\u00bb4_4&#8243; _builder_version=\u00bb4.22.0&#8243; _module_preset=\u00bbdefault\u00bb global_colors_info=\u00bb{}\u00bb][et_pb_button button_url=\u00bb\/contacto\u00bb button_text=\u00bbSOLICITA INFORMACI\u00d3N\u00bb button_alignment=\u00bbcenter\u00bb _builder_version=\u00bb4.22.0&#8243; _module_preset=\u00bbdefault\u00bb custom_button=\u00bbon\u00bb button_text_color=\u00bb#0c71c3&#8243; button_bg_color=\u00bbRGBA(255,255,255,0)\u00bb button_border_color=\u00bb#0C71C3&#8243; animation_style=\u00bbslide\u00bb global_colors_info=\u00bb{}\u00bb][\/et_pb_button][\/et_pb_column][\/et_pb_row][\/et_pb_section][et_pb_section fb_built=\u00bb1&#8243; module_class=\u00bbllamada\u00bb _builder_version=\u00bb4.22.0&#8243; _module_preset=\u00bbdefault\u00bb background_color=\u00bbgcid-836011e9-5230-4bed-8a9c-e9ef39c201e9&#8243; custom_margin=\u00bb0px||0px||false|false\u00bb custom_padding=\u00bb0px||0px||false|false\u00bb global_colors_info=\u00bb{%22gcid-836011e9-5230-4bed-8a9c-e9ef39c201e9%22:%91%22background_color%22%93}\u00bb][et_pb_row module_class=\u00bbcabecera-productos\u00bb _builder_version=\u00bb4.22.0&#8243; _module_preset=\u00bbdefault\u00bb background_color=\u00bbgcid-836011e9-5230-4bed-8a9c-e9ef39c201e9&#8243; width=\u00bb100%\u00bb max_width=\u00bb1350px\u00bb global_colors_info=\u00bb{%22gcid-836011e9-5230-4bed-8a9c-e9ef39c201e9%22:%91%22background_color%22%93}\u00bb][et_pb_column type=\u00bb4_4&#8243; _builder_version=\u00bb4.22.0&#8243; _module_preset=\u00bbdefault\u00bb global_colors_info=\u00bb{}\u00bb][et_pb_text _builder_version=\u00bb4.22.0&#8243; _module_preset=\u00bbdefault\u00bb custom_margin=\u00bb||0px||false|false\u00bb custom_padding=\u00bb||0px||false|false\u00bb global_colors_info=\u00bb{}\u00bb]<\/p>\n<p style=\"text-align: center;\"><span>Nuestro saber hacer y conocimiento del mercado, nos proporciona una gran cercan\u00eda a los clientes finales, que conf\u00edan en DONALBA para la selecci\u00f3n de las propuestas m\u00e1s adecuadas a sus proyectos y programas. Contacta con n<\/span><span>osotros, te ayudaremos a elegir la mejor soluci\u00f3n para tu negocio<\/span><\/p>\n<p>[\/et_pb_text][et_pb_button button_url=\u00bb\/contacto\u00bb button_text=\u00bbCONTACTO\u00bb button_alignment=\u00bbcenter\u00bb _builder_version=\u00bb4.22.0&#8243; _module_preset=\u00bbdefault\u00bb custom_button=\u00bbon\u00bb button_bg_color=\u00bbRGBA(255,255,255,0)\u00bb background_layout=\u00bbdark\u00bb custom_margin=\u00bb25px||5px||false|false\u00bb animation_style=\u00bbslide\u00bb global_colors_info=\u00bb{}\u00bb][\/et_pb_button][\/et_pb_column][\/et_pb_row][\/et_pb_section][et_pb_section fb_built=\u00bb1&#8243; _builder_version=\u00bb4.22.0&#8243; _module_preset=\u00bbdefault\u00bb global_colors_info=\u00bb{}\u00bb][et_pb_row _builder_version=\u00bb4.22.0&#8243; _module_preset=\u00bbdefault\u00bb width=\u00bb100%\u00bb max_width=\u00bb1350px\u00bb global_colors_info=\u00bb{}\u00bb][et_pb_column type=\u00bb4_4&#8243; _builder_version=\u00bb4.22.0&#8243; _module_preset=\u00bbdefault\u00bb global_colors_info=\u00bb{}\u00bb][et_pb_text module_class=\u00bbtexto-tipo\u00bb _builder_version=\u00bb4.22.0&#8243; _module_preset=\u00bbdefault\u00bb animation_style=\u00bbslide\u00bb animation_direction=\u00bbright\u00bb animation_duration=\u00bb1400ms\u00bb global_colors_info=\u00bb{}\u00bb]<\/p>\n<h3><strong>Configuraci\u00f3n Personalizada y Adaptabilidad sin Igual<\/strong><\/h3>\n<p>Lo que realmente distingue a esta serie de transmisiones de engranajes es su total configurabilidad. Los ingenieros tienen la libertad de adaptar el rendimiento del sistema a trav\u00e9s de una caja de cambios configurable, ajustando la rigidez y minimizando la fricci\u00f3n y la holgura seg\u00fan las necesidades precisas de la aplicaci\u00f3n. Adem\u00e1s, la combinaci\u00f3n de embrague, freno y elemento sin retroceso ofrece un control de par altamente adaptable y caracter\u00edsticas de seguridad adicionales.<\/p>\n<p>&nbsp;<\/p>\n<h3><strong>Cumpliendo los Est\u00e1ndares Militares y M\u00e1s All\u00e1<\/strong><\/h3>\n<p>Este conjunto de transmisiones cumple con los rigurosos est\u00e1ndares MIL-STD (EQT y EMC). Desde sistemas de estabilizaci\u00f3n de torretas que requieren apuntar con precisi\u00f3n hasta sistemas de accionamiento de alta precisi\u00f3n utilizados para posicionar equipos cr\u00edticos, la l\u00ednea ERG de transmisiones de engranajes giratorios proporciona el torque necesario para movimientos suaves y precisos, incluso en las condiciones m\u00e1s desafiantes.<\/p>\n<p>&nbsp;<\/p>\n<h3><strong>Tecnolog\u00eda de Vanguardia y Dise\u00f1o Robusto<\/strong><\/h3>\n<p>Cada configuraci\u00f3n de transmisi\u00f3n incluye la \u00faltima tecnolog\u00eda de control de movimiento y est\u00e1 dise\u00f1ada para integrarse con las soluciones de estabilizaci\u00f3n inercial m\u00e1s avanzadas. Los servomotores de CA sin escobillas, equipados con sensores de retroalimentaci\u00f3n absoluta de alta resoluci\u00f3n, garantizan un rendimiento excepcional en un formato compacto. Y gracias a su dise\u00f1o probado en campo, estas transmisiones est\u00e1n destinadas a funcionar con confiabilidad incluso en las condiciones m\u00e1s extremas, desde vibraciones continuas hasta impactos fuertes.<\/p>\n<p>[\/et_pb_text][\/et_pb_column][\/et_pb_row][\/et_pb_section][et_pb_section fb_built=\u00bb1&#8243; _builder_version=\u00bb4.22.0&#8243; _module_preset=\u00bbdefault\u00bb background_color=\u00bb#e5e5e5&#8243; custom_margin=\u00bb50px||||false|false\u00bb global_colors_info=\u00bb{}\u00bb theme_builder_area=\u00bbpost_content\u00bb][et_pb_row column_structure=\u00bb1_2,1_2&#8243; _builder_version=\u00bb4.22.0&#8243; _module_preset=\u00bbdefault\u00bb global_colors_info=\u00bb{}\u00bb theme_builder_area=\u00bbpost_content\u00bb][et_pb_column type=\u00bb1_2&#8243; _builder_version=\u00bb4.22.0&#8243; _module_preset=\u00bbdefault\u00bb global_colors_info=\u00bb{}\u00bb theme_builder_area=\u00bbpost_content\u00bb][et_pb_text _builder_version=\u00bb4.22.0&#8243; _module_preset=\u00bbdefault\u00bb global_colors_info=\u00bb{}\u00bb theme_builder_area=\u00bbpost_content\u00bb]<\/p>\n<h3>SOLICITA INFORMACI\u00d3N<\/h3>\n<p>[\/et_pb_text][\/et_pb_column][et_pb_column type=\u00bb1_2&#8243; _builder_version=\u00bb4.22.0&#8243; _module_preset=\u00bbdefault\u00bb global_colors_info=\u00bb{}\u00bb theme_builder_area=\u00bbpost_content\u00bb][et_pb_text _builder_version=\u00bb4.22.0&#8243; _module_preset=\u00bbdefault\u00bb global_colors_info=\u00bb{}\u00bb theme_builder_area=\u00bbpost_content\u00bb]<\/p>\n<form id=\"__vtigerWebForm\" name=\"Suscripci\u00f3n lista correo\" action=\"https:\/\/donalbaelectronicasl.od2.vtiger.com\/modules\/Webforms\/capture.php\" method=\"post\" accept-charset=\"utf-8\" enctype=\"multipart\/form-data\"><input type=\"hidden\" name=\"__vtrftk\" value=\"sid:4e847027793943ec798263624e4db68800e5615e,1497865027\" \/><br \/>\n<input type=\"hidden\" name=\"publicid\" value=\"98c767eaa6adaa27d77f183f7eebf324\" \/><br \/>\n<input type=\"hidden\" name=\"urlencodeenable\" value=\"1\" \/><br \/>\n<input type=\"hidden\" name=\"name\" value=\"Suscripci\u00f3n lista correo\" \/><br \/>\n<input type=\"hidden\" name=\"__vtCurrency\" value=\"1\" \/><br \/>\n<input type=\"checkbox\" name=\"cf_1301\" data-label=\"\" value=\"1\" required=\"\" \/><\/p>\n<table style=\"width: auto; height: 79px; margin-left: auto; margin-right: auto;\">\n<tbody>\n<tr>\n<td><label>Nombre*<\/label><\/td>\n<td><input type=\"text\" name=\"firstname\" data-label=\"\" value=\"\" required=\"\" \/><\/td>\n<\/tr>\n<tr>\n<td><label>Apellido*<\/label><\/td>\n<td><input type=\"text\" name=\"lastname\" data-label=\"\" value=\"\" required=\"\" \/><\/td>\n<\/tr>\n<tr>\n<td><label>Email*<\/label><\/td>\n<td><input type=\"email\" name=\"email\" data-label=\"\" value=\"\" required=\"\" \/><\/td>\n<\/tr>\n<tr><\/tr>\n<\/tbody>\n<\/table>\n<div align=\"center\">\n<script src=\"https:\/\/www.google.com\/recaptcha\/api.js\"><\/script><\/p>\n<div class=\"g-recaptcha\" data-sitekey=\"6LcmdSATAAAAAGWw734vGo0AXQwuxJS7RmDZA_Fe\">\n<div style=\"width: 304px; height: 78px;\">\n<div><iframe loading=\"lazy\" title=\"reCAPTCHA\" src=\"https:\/\/www.google.com\/recaptcha\/api2\/anchor?ar=1&amp;k=6LcmdSATAAAAAGWw734vGo0AXQwuxJS7RmDZA_Fe&amp;co=aHR0cHM6Ly93d3cuZG9uYWxiYS5jb206NDQz&amp;hl=es&amp;v=uEf7E1417z6GNSkRx7AyL8K8&amp;size=normal&amp;cb=klrqx72288tw\" width=\"304\" height=\"78\" role=\"presentation\" name=\"a-jp0x6crqic\" frameborder=\"0\" scrolling=\"no\" sandbox=\"allow-forms allow-popups allow-same-origin allow-scripts allow-top-navigation allow-modals allow-popups-to-escape-sandbox\"><\/iframe><\/div>\n<p><textarea id=\"g-recaptcha-response\" name=\"g-recaptcha-response\" class=\"g-recaptcha-response\" style=\"width: 250px; height: 40px; border: 1px solid #c1c1c1; margin: 10px 25px; padding: 0px; resize: none; display: none;\"><\/textarea><\/p>\n<\/div>\n<p><iframe style=\"display: none;\"><\/iframe><\/p>\n<\/div>\n<p><input type=\"hidden\" id=\"captchaUrl\" value=\"https:\/\/donalbaelectronicasl.od2.vtiger.com\/modules\/Settings\/Webforms\/actions\/ValidateCaptcha.php\" \/> <input type=\"hidden\" id=\"recaptcha_validation_value\" name=\"recaptcha_validation_value\" \/> <input type=\"submit\" value=\"Submit\" id=\"vtigerFormSubmitBtn\" \/><br \/>\n<script type=\"text\/javascript\">window.onload = function() { var N=navigator.appName, ua=navigator.userAgent, tem;var M=ua.match(\/(opera|chrome|safari|firefox|msie)\\\/?\\s*(\\.?\\d+(\\.\\d+)*)\/i);if(M && (tem= ua.match(\/version\\\/([\\.\\d]+)\/i))!= null) M[2]= tem[1];M=M? [M[1], M[2]]: [N, navigator.appVersion, \"-?\"];var browserName = M[0];var form = document.getElementById(\"__vtigerWebForm\"), inputs = form.elements; form.onsubmit = function() { document.getElementById(\"vtigerFormSubmitBtn\").disabled=true;var required = [], att, val; var startDate;var endDate;for (var i = 0; i < inputs.length; i++) { att = inputs[i].getAttribute(\"required\"); val = inputs[i].value; type = inputs[i].type; if(inputs[i].name == \"birthday\"){birthdayDate = new Date(inputs[i].value);todayDate = new Date();todayDate.setHours(0,0,0,0);birthdayDate.setHours(0,0,0,0);if(birthdayDate >= todayDate){alert(\"Date of Birth should be less than Today's Date.\");document.getElementById(\"vtigerFormSubmitBtn\").disabled=false;return false;}}if(inputs[i].name==\"support_start_date\"){startDate = inputs[i].value;}if(inputs[i].name==\"support_end_date\"){endDate = inputs[i].value;}if(type == \"email\") {if(val != \"\") {var elemLabel = inputs[i].getAttribute(\"label\");var emailFilter = \/^[_\/a-zA-Z0-9]+([!\"#$%&()*+,.\/:;<=>?\\^_`{|}~-]?[a-zA-Z0-9\/_\/-])*@[a-zA-Z0-9]+([\\_\\-\\.]?[a-zA-Z0-9]+)*\\.([\\-\\_]?[a-zA-Z0-9])+(\\.?[a-zA-Z0-9]+)?$\/;var illegalChars= \/[\\(\\)\\<\\>\\,\\;\\:\\\"\\[\\]]\/ ;if (!emailFilter.test(val)) {alert(\"For \"+ elemLabel +\" field please enter valid email address\"); document.getElementById(\"vtigerFormSubmitBtn\").disabled=false; return false;} else if (val.match(illegalChars)) {alert(elemLabel +\" field contains illegal characters\"); document.getElementById(\"vtigerFormSubmitBtn\").disabled=false; return false;}}}if(startDate  && typeof startDate !== \"undefined\"){if(endDate  && typeof endDate !== \"undefined\"){startDate = new Date(startDate);endDate = new Date(endDate);if(endDate < startDate){alert(\"Support End Date should be greater than or equal to Support Start Date\");document.getElementById(\"vtigerFormSubmitBtn\").disabled = false;return false;}}}if (att != null) { if (val.replace(\/^\\s+|\\s+$\/g, \"\") == \"\") { required.push(inputs[i].getAttribute(\"label\")); } } } if (required.length > 0) { alert(\"The following fields are required: \" + required.join()); document.getElementById(\"vtigerFormSubmitBtn\").disabled=false;return false; } var numberTypeInputs = document.querySelectorAll(\"input[type=number]\");for (var i = 0; i < numberTypeInputs.length; i++) { val = numberTypeInputs[i].value;var elemLabel = numberTypeInputs[i].getAttribute(\"label\");var elemDataType = numberTypeInputs[i].getAttribute(\"datatype\");if(val != \"\") {if(elemDataType == \"double\") {var numRegex = \/^[+-]?\\d+(\\.\\d+)?$\/;}else{var numRegex = \/^[+-]?\\d+$\/;}if (!numRegex.test(val)) {alert(\"For \"+ elemLabel +\" field please enter valid number\"); document.getElementById(\"vtigerFormSubmitBtn\").disabled=false; return false;}}}var dateTypeInputs = document.querySelectorAll(\"input[type=date]\");for (var i = 0; i < dateTypeInputs.length; i++) {dateVal = dateTypeInputs[i].value;var elemLabel = dateTypeInputs[i].getAttribute(\"label\");if(dateVal != \"\") {var dateRegex = \/^[1-9][0-9]{3}-(0[1-9]|1[0-2]|[1-9]{1})-(0[1-9]|[1-2][0-9]|3[0-1]|[1-9]{1})$\/;if(!dateRegex.test(dateVal)) {alert(\"For \"+ elemLabel +\" field please enter valid date in required format\"); document.getElementById(\"vtigerFormSubmitBtn\").disabled=false; return false;}}}var inputElems = document.getElementsByTagName(\"input\");var totalFileSize = 0;for(var i = 0; i < inputElems.length; i++) {if(inputElems[i].type.toLowerCase() === \"file\") {var file = inputElems[i].files[0];if(typeof file !== \"undefined\") {var totalFileSize = totalFileSize + file.size;}}}if(totalFileSize > 52428800) {alert(\"Maximum allowed file size including all files is 50MB.\");document.getElementById(\"vtigerFormSubmitBtn\").disabled=false;return false;}var inputElem = document.querySelectorAll(\"input[type=file]\");var fileSize = 0;for(var i = 0; i < inputElem.length; i++) {if(inputElem[i].type.toLowerCase() ===  \"file\") {if(inputElem[i].hasAttribute(\"selectedTypeImage\")) {var imageFile = inputElem[i].files[0];var fileSize = imageFile.size;}}if(fileSize > 5242880) {alert(\"Maximum allowed image size is 5MB.\");document.getElementById(\"vtigerFormSubmitBtn\").disabled=false;return false;}}document.getElementById(\"vtigerFormSubmitBtn\").disabled = true;var recaptchaValidationValue = document.getElementById(\"recaptcha_validation_value\").value;if(recaptchaValidationValue != true) {var recaptchaResponse = document.getElementsByName(\"g-recaptcha-response\")[0].value;var validationUrl = document.getElementById(\"captchaUrl\").value+\"?recaptcha_response=\"+recaptchaResponse+\"&current_url=\"+window.location.href+\"&callback=captchaCallback\";jsonp.fetch(validationUrl);return false;}};};var jsonp = {callbackCounter : 0,fetch : function(url) {url = url+\"&callId=\"+this.callbackCounter;var scriptTag = document.createElement(\"SCRIPT\");scriptTag.src = url;scriptTag.async = true;scriptTag.id = \"captchaCallback_\"+this.callbackCounter;scriptTag.type = \"text\/javascript\";document.getElementsByTagName(\"HEAD\")[0].appendChild(scriptTag);this.callbackCounter++;}};function captchaCallback(data) {if(data.result.success == true) {document.getElementById(\"recaptcha_validation_value\").value = true;var form = document.getElementById(\"__vtigerWebForm\");form.submit();} else {document.getElementById(\"vtigerFormSubmitBtn\").disabled = false;grecaptcha.reset();alert(\"Captcha not verified. Please verify captcha.\");}var element = document.getElementById(\"captchaCallback_\"+data.result.callId);element.parentNode.removeChild(element);}<\/script><\/p>\n<\/div>\n<\/form>\n<p>[\/et_pb_text][\/et_pb_column][\/et_pb_row][\/et_pb_section]<\/p>\n","protected":false},"excerpt":{"rendered":"<p>ACTUADORES ELECTROMEC\u00c1NICOS GIRATORIOS Y LINEALES Optimizaci\u00f3n Avanzada de Transmisiones de Engranajes Rotativos para Movimientos Precisos En el \u00e1mbito de la ingenier\u00eda mec\u00e1nica y el control de movimiento, se ha desarrollado una caja de cambios de dise\u00f1o modular que ofrece un rango flexible de relaciones de engranajes y maximiza tanto la rigidez como la eficiencia al [&hellip;]<\/p>\n","protected":false},"author":1,"featured_media":0,"parent":0,"menu_order":0,"comment_status":"closed","ping_status":"closed","template":"","meta":{"_et_pb_use_builder":"on","_et_pb_old_content":"<!-- wp:divi\/placeholder \/-->","_et_gb_content_width":"","footnotes":""},"class_list":["post-31","page","type-page","status-publish","hentry"],"_links":{"self":[{"href":"https:\/\/www.donalba.com\/OrquestaMedia2023Donalba\/wp-json\/wp\/v2\/pages\/31","targetHints":{"allow":["GET"]}}],"collection":[{"href":"https:\/\/www.donalba.com\/OrquestaMedia2023Donalba\/wp-json\/wp\/v2\/pages"}],"about":[{"href":"https:\/\/www.donalba.com\/OrquestaMedia2023Donalba\/wp-json\/wp\/v2\/types\/page"}],"author":[{"embeddable":true,"href":"https:\/\/www.donalba.com\/OrquestaMedia2023Donalba\/wp-json\/wp\/v2\/users\/1"}],"replies":[{"embeddable":true,"href":"https:\/\/www.donalba.com\/OrquestaMedia2023Donalba\/wp-json\/wp\/v2\/comments?post=31"}],"version-history":[{"count":4,"href":"https:\/\/www.donalba.com\/OrquestaMedia2023Donalba\/wp-json\/wp\/v2\/pages\/31\/revisions"}],"predecessor-version":[{"id":3806,"href":"https:\/\/www.donalba.com\/OrquestaMedia2023Donalba\/wp-json\/wp\/v2\/pages\/31\/revisions\/3806"}],"wp:attachment":[{"href":"https:\/\/www.donalba.com\/OrquestaMedia2023Donalba\/wp-json\/wp\/v2\/media?parent=31"}],"curies":[{"name":"wp","href":"https:\/\/api.w.org\/{rel}","templated":true}]}}