{"id":333,"date":"2023-08-28T07:42:25","date_gmt":"2023-08-28T05:42:25","guid":{"rendered":"https:\/\/www.donalba.com\/OrquestaMedia2023Donalba\/?page_id=333"},"modified":"2023-09-18T11:31:11","modified_gmt":"2023-09-18T09:31:11","slug":"soluciones-de-computacion-certificables","status":"publish","type":"page","link":"https:\/\/www.donalba.com\/OrquestaMedia2023Donalba\/soluciones-de-computacion-certificables\/","title":{"rendered":"Soluciones de computaci\u00f3n certificables"},"content":{"rendered":"<p>[et_pb_section fb_built=\u00bb1&#8243; _builder_version=\u00bb4.22.0&#8243; _module_preset=\u00bbdefault\u00bb custom_margin=\u00bb0px||0px||false|false\u00bb custom_padding=\u00bb0px||0px||false|false\u00bb global_colors_info=\u00bb{}\u00bb][et_pb_row module_class=\u00bbcabecera-productos\u00bb _builder_version=\u00bb4.22.0&#8243; _module_preset=\u00bbdefault\u00bb background_color=\u00bbgcid-836011e9-5230-4bed-8a9c-e9ef39c201e9&#8243; width=\u00bb100%\u00bb max_width=\u00bb2200px\u00bb global_colors_info=\u00bb{%22gcid-836011e9-5230-4bed-8a9c-e9ef39c201e9%22:%91%22background_color%22%93}\u00bb][et_pb_column type=\u00bb4_4&#8243; _builder_version=\u00bb4.22.0&#8243; _module_preset=\u00bbdefault\u00bb global_colors_info=\u00bb{}\u00bb][et_pb_text _builder_version=\u00bb4.22.0&#8243; _module_preset=\u00bbdefault\u00bb custom_margin=\u00bb||0px||false|false\u00bb custom_padding=\u00bb||0px||false|false\u00bb global_colors_info=\u00bb{}\u00bb]<\/p>\n<h1 style=\"text-align: center;\">SOLUCIONES DE COMPUTACI\u00d3N CERTIFICABLES<\/h1>\n<p>[\/et_pb_text][\/et_pb_column][\/et_pb_row][\/et_pb_section][et_pb_section fb_built=\u00bb1&#8243; _builder_version=\u00bb4.22.0&#8243; _module_preset=\u00bbdefault\u00bb custom_padding=\u00bb||45px|||\u00bb global_colors_info=\u00bb{}\u00bb][et_pb_row _builder_version=\u00bb4.22.0&#8243; _module_preset=\u00bbdefault\u00bb width=\u00bb100%\u00bb max_width=\u00bb1350px\u00bb global_colors_info=\u00bb{}\u00bb][et_pb_column type=\u00bb4_4&#8243; _builder_version=\u00bb4.22.0&#8243; _module_preset=\u00bbdefault\u00bb global_colors_info=\u00bb{}\u00bb][et_pb_text module_class=\u00bbtexto-tipo\u00bb _builder_version=\u00bb4.22.0&#8243; _module_preset=\u00bbdefault\u00bb animation_style=\u00bbslide\u00bb global_colors_info=\u00bb{}\u00bb]<\/p>\n<div class=\"et_pb_text_inner\">\n<div data-shortcode-id=\"3.0.0.0-1693494204188\" data-quickaccess-editable=\"yes\" class=\"et-fb-popover-tinymce\">\n<div class=\"mce-content-body\" contenteditable=\"true\" style=\"position: relative;\">\n<h2 style=\"text-align: center;\"><strong><span data-contrast=\"auto\" class=\"TextRun SCXW21574675 BCX0\"><span class=\"NormalTextRun SCXW21574675 BCX0\">La base de los sistemas modernos de procesamiento de datos, aprendizaje autom\u00e1tico y <\/span><\/span><span data-contrast=\"auto\" xml:lang=\"ES-ES\" lang=\"ES-ES\" class=\"TextRun SCXW21574675 BCX0\"><span class=\"NormalTextRun SCXW21574675 BCX0\">sistemas de visi\u00f3n<\/span><\/span><\/strong><\/h2>\n<\/div>\n<\/div>\n<\/div>\n<div class=\"et-fb-mousetrap et-fb-mousetrap--module et-fb-mousetrap-move\" style=\"background: 0px center; pointer-events: auto;\"><\/div>\n<p style=\"text-align: center;\"><span data-contrast=\"auto\" class=\"TextRun SCXW21574675 BCX0\"><span class=\"NormalTextRun SCXW21574675 BCX0\">Las aplicaciones aut\u00f3nomas o <\/span><\/span><span data-contrast=\"auto\" xml:lang=\"ES-ES\" lang=\"ES-ES\" class=\"TextRun SCXW21574675 BCX0\"><span class=\"NormalTextRun SCXW21574675 BCX0\">de realidad <\/span><\/span><span data-contrast=\"auto\" class=\"TextRun SCXW21574675 BCX0\"><span class=\"NormalTextRun SCXW21574675 BCX0\">aumentada de hoy requieren un marco inform\u00e1tico seguro y s\u00f3lido. <\/span><\/span><span data-contrast=\"auto\" xml:lang=\"ES-ES\" lang=\"ES-ES\" class=\"TextRun SCXW21574675 BCX0\"><span class=\"NormalTextRun SCXW21574675 BCX0\">O<\/span><\/span><span data-contrast=\"auto\" class=\"TextRun SCXW21574675 BCX0\"><span class=\"NormalTextRun SCXW21574675 BCX0\">frece<\/span><\/span><span data-contrast=\"auto\" xml:lang=\"ES-ES\" lang=\"ES-ES\" class=\"TextRun SCXW21574675 BCX0\"><span class=\"SpellingError SCXW21574675 BCX0\">mos<\/span><\/span><span data-contrast=\"auto\" class=\"TextRun SCXW21574675 BCX0\"><span class=\"NormalTextRun SCXW21574675 BCX0\"> un conjunto de algoritmos y bibliotecas, desarrollados seg\u00fan los est\u00e1ndares de seguridad m\u00e1s estrictos, que se utilizan para facilitar aplicaciones inform\u00e1ticas avanzadas. El controlador de computaci\u00f3n y gr\u00e1ficos basado en Vulkan proporciona la base para la computaci\u00f3n GPU <\/span><\/span><span data-contrast=\"auto\" xml:lang=\"ES-ES\" lang=\"ES-ES\" class=\"TextRun SCXW21574675 BCX0\"><span class=\"NormalTextRun SCXW21574675 BCX0\">de seguridad <\/span><\/span><span data-contrast=\"auto\" class=\"TextRun SCXW21574675 BCX0\"><span class=\"NormalTextRun SCXW21574675 BCX0\">cr\u00edtica. <\/span><\/span><span data-contrast=\"auto\" xml:lang=\"ES-ES\" lang=\"ES-ES\" class=\"TextRun SCXW21574675 BCX0\"><span class=\"NormalTextRun SCXW21574675 BCX0\">La computaci\u00f3n en GPU<\/span><\/span><span data-contrast=\"auto\" class=\"TextRun SCXW21574675 BCX0\"><span class=\"NormalTextRun SCXW21574675 BCX0\"> es la aplicaci\u00f3n del paralelismo a nivel de datos de una GPU moderna a trav\u00e9s de motores SIMD de muchos n\u00facleos para resolver c\u00e1lculos de gran volumen. Es la base de los sistemas modernos de procesamiento de datos, aprendizaje autom\u00e1tico y <\/span><\/span><span data-contrast=\"auto\" xml:lang=\"ES-ES\" lang=\"ES-ES\" class=\"TextRun SCXW21574675 BCX0\"><span class=\"NormalTextRun SCXW21574675 BCX0\">sistemas de visi\u00f3n<\/span><span class=\"NormalTextRun SCXW21574675 BCX0\">.<\/span><\/span><span class=\"EOP SCXW21574675 BCX0\" data-ccp-props=\"{}\">\u00a0<\/span><\/p>\n<p>[\/et_pb_text][\/et_pb_column][\/et_pb_row][et_pb_row column_structure=\u00bb1_2,1_2&#8243; module_id=\u00bbfila-flex\u00bb _builder_version=\u00bb4.22.0&#8243; _module_preset=\u00bbdefault\u00bb max_width=\u00bb1350px\u00bb global_colors_info=\u00bb{}\u00bb][et_pb_column type=\u00bb1_2&#8243; _builder_version=\u00bb4.22.0&#8243; _module_preset=\u00bbdefault\u00bb global_colors_info=\u00bb{}\u00bb][et_pb_text module_class=\u00bbtexto-tipo\u00bb _builder_version=\u00bb4.22.0&#8243; _module_preset=\u00bbdefault\u00bb animation_style=\u00bbslide\u00bb animation_direction=\u00bbleft\u00bb animation_duration=\u00bb1400ms\u00bb global_colors_info=\u00bb{}\u00bb]<\/p>\n<h3><strong>\u00bfPor qu\u00e9 Vulkan?\u00a0<\/strong><\/h3>\n<p><span data-contrast=\"auto\">Vulkan SC es una API de computaci\u00f3n y gr\u00e1ficos cr\u00edticos para la seguridad <\/span><span data-contrast=\"auto\">New Generation propuesta<\/span><span data-contrast=\"auto\"> por el grupo Khronos. Creada desde cero para el procesamiento paralelo, Vulkan es una API revolucionaria, de alta eficiencia y de est\u00e1ndares abiertos que proporciona un acceso de GPU amplio, flexible y de bajo nivel a las GPU modernas. Proporciona una funcionalidad mejorada con mayor rendimiento y flexibilidad. Vulkan no solo reduce la carga de trabajo de la CPU, sino que tambi\u00e9n proporciona capacidades de subprocesos m\u00faltiples y traslada la administraci\u00f3n de algunas funciones a la capa de aplicaci\u00f3n, lo que permite un mayor control con menos gastos generales para proporcionar ganancias de rendimiento. Vulkan es adecuado para una amplia variedad de aplicaciones actualmente compatibles con OpenGL y OpenCL o CUDA\u00ae .<\/span><span data-ccp-props=\"{}\">\u00a0<\/span><\/p>\n<p>[\/et_pb_text][et_pb_text module_class=\u00bbtexto-tipo\u00bb _builder_version=\u00bb4.22.0&#8243; _module_preset=\u00bbdefault\u00bb animation_style=\u00bbslide\u00bb animation_direction=\u00bbleft\u00bb animation_duration=\u00bb1400ms\u00bb global_colors_info=\u00bb{}\u00bb]<\/p>\n<h3><strong>Reabastecimiento de combustible en el aire<\/strong><\/h3>\n<p><span data-contrast=\"auto\">El reabastecimiento de combustible en el aire implica la transferencia de combustible de un avi\u00f3n a otro. Esta capacidad requiere m\u00e1xima precisi\u00f3n, manteniendo la alineaci\u00f3n entre la punta del brazo y el recept\u00e1culo del receptor mientras ambas aeronaves se mueven a altas velocidades. Un c\u00e1lculo falso tiene el potencial de provocar un desastre. Los algoritmos inform\u00e1ticos utilizados para calcular la distancia entre los componentes de reabastecimiento de combustible, as\u00ed como los c\u00e1lculos necesarios para la conexi\u00f3n, desconexi\u00f3n y transferencia de combustible, <\/span><span data-contrast=\"auto\">requieren una seguridad<\/span><span data-contrast=\"auto\"> cr\u00edtic<\/span><span data-contrast=\"auto\">a<\/span><span data-contrast=\"auto\"> para garantizar un repostaje exitoso. Airbus Defence &amp; Space utiliza actualmente las capacidades inform\u00e1ticas Vulkan <\/span> <span data-contrast=\"auto\">en su programa de reabastecimiento autom\u00e1tico de combustible.<\/span><span data-ccp-props=\"{}\">\u00a0<\/span><\/p>\n<p>[\/et_pb_text][et_pb_button button_url=\u00bb\/contacto\u00bb button_text=\u00bbSOLICITA INFORMACI\u00d3N\u00bb _builder_version=\u00bb4.22.0&#8243; _module_preset=\u00bbdefault\u00bb custom_button=\u00bbon\u00bb button_text_color=\u00bb#0c71c3&#8243; button_bg_color=\u00bbRGBA(255,255,255,0)\u00bb button_border_color=\u00bb#0C71C3&#8243; animation_style=\u00bbslide\u00bb global_colors_info=\u00bb{}\u00bb][\/et_pb_button][\/et_pb_column][et_pb_column type=\u00bb1_2&#8243; _builder_version=\u00bb4.22.0&#8243; _module_preset=\u00bbdefault\u00bb global_colors_info=\u00bb{}\u00bb][et_pb_image src=\u00bbhttps:\/\/www.donalba.com\/OrquestaMedia2023Donalba\/wp-content\/uploads\/2023\/08\/refuellingsmall.jpg\u00bb title_text=\u00bbrefuellingsmall\u00bb module_class=\u00bbimagen-principal\u00bb _builder_version=\u00bb4.22.0&#8243; _module_preset=\u00bbdefault\u00bb custom_margin=\u00bb109px||109px||true|false\u00bb animation_style=\u00bbslide\u00bb animation_direction=\u00bbright\u00bb global_colors_info=\u00bb{}\u00bb][\/et_pb_image][\/et_pb_column][\/et_pb_row][\/et_pb_section][et_pb_section fb_built=\u00bb1&#8243; module_class=\u00bbllamada\u00bb _builder_version=\u00bb4.22.0&#8243; _module_preset=\u00bbdefault\u00bb background_color=\u00bbgcid-836011e9-5230-4bed-8a9c-e9ef39c201e9&#8243; custom_margin=\u00bb0px||0px||false|false\u00bb custom_padding=\u00bb0px||0px||false|false\u00bb global_colors_info=\u00bb{%22gcid-836011e9-5230-4bed-8a9c-e9ef39c201e9%22:%91%22background_color%22%93}\u00bb][et_pb_row module_class=\u00bbcabecera-productos\u00bb _builder_version=\u00bb4.22.0&#8243; _module_preset=\u00bbdefault\u00bb background_color=\u00bbgcid-836011e9-5230-4bed-8a9c-e9ef39c201e9&#8243; width=\u00bb100%\u00bb max_width=\u00bb1350px\u00bb global_colors_info=\u00bb{%22gcid-836011e9-5230-4bed-8a9c-e9ef39c201e9%22:%91%22background_color%22%93}\u00bb][et_pb_column type=\u00bb4_4&#8243; _builder_version=\u00bb4.22.0&#8243; _module_preset=\u00bbdefault\u00bb global_colors_info=\u00bb{}\u00bb][et_pb_text _builder_version=\u00bb4.22.0&#8243; _module_preset=\u00bbdefault\u00bb custom_margin=\u00bb||0px||false|false\u00bb custom_padding=\u00bb||0px||false|false\u00bb global_colors_info=\u00bb{}\u00bb]<\/p>\n<p style=\"text-align: center;\"><span>Nuestro saber hacer y conocimiento del mercado, nos proporciona una gran cercan\u00eda a los clientes finales, que conf\u00edan en DONALBA para la selecci\u00f3n de las propuestas m\u00e1s adecuadas a sus proyectos y programas. Contacta con n<\/span><span>osotros, te ayudaremos a elegir la mejor soluci\u00f3n para tu negocio<\/span><\/p>\n<p>[\/et_pb_text][et_pb_button button_url=\u00bb\/contacto\u00bb button_text=\u00bbCONTACTO\u00bb button_alignment=\u00bbcenter\u00bb _builder_version=\u00bb4.22.0&#8243; _module_preset=\u00bbdefault\u00bb custom_button=\u00bbon\u00bb button_bg_color=\u00bbRGBA(255,255,255,0)\u00bb background_layout=\u00bbdark\u00bb custom_margin=\u00bb25px||5px||false|false\u00bb animation_style=\u00bbslide\u00bb global_colors_info=\u00bb{}\u00bb][\/et_pb_button][\/et_pb_column][\/et_pb_row][\/et_pb_section][et_pb_section fb_built=\u00bb1&#8243; _builder_version=\u00bb4.22.0&#8243; _module_preset=\u00bbdefault\u00bb global_colors_info=\u00bb{}\u00bb][et_pb_row _builder_version=\u00bb4.22.0&#8243; _module_preset=\u00bbdefault\u00bb width=\u00bb100%\u00bb max_width=\u00bb1350px\u00bb global_colors_info=\u00bb{}\u00bb][et_pb_column type=\u00bb4_4&#8243; _builder_version=\u00bb4.22.0&#8243; _module_preset=\u00bbdefault\u00bb global_colors_info=\u00bb{}\u00bb][et_pb_text module_class=\u00bbtexto-tipo\u00bb _builder_version=\u00bb4.22.0&#8243; _module_preset=\u00bbdefault\u00bb animation_style=\u00bbslide\u00bb animation_direction=\u00bbright\u00bb animation_duration=\u00bb1400ms\u00bb hover_enabled=\u00bb0&#8243; global_colors_info=\u00bb{}\u00bb sticky_enabled=\u00bb0&#8243;]<\/p>\n<h3 style=\"text-align: center;\"><strong>Robots industriales<\/strong><\/h3>\n<p style=\"text-align: center;\"><span data-contrast=\"auto\">Tradicionalmente, los muros de f\u00e1bricas y almacenes han servido como dique que frena el progreso de las tecnolog\u00edas aut\u00f3nomas. Los robots industriales han sido enjaulados de forma segura en recintos de acero amarillo para proteger a los trabajadores humanos de brazos rob\u00f3ticos pesados \u200b\u200by de alta velocidad con sistemas de seguridad rudimentarios que apagan el robot antes de que un humano pueda aventurarse dentro de la jaula. Sin embargo, los robots colaborativos m\u00e1s nuevos, en los que se han eliminado las barreras entre humanos y robots, requieren que la complejidad de las tecnolog\u00edas de seguridad inform\u00e1tica crezca r\u00e1pidamente, como la planificaci\u00f3n de rutas seguras y los sistemas de visi\u00f3n para detectar de forma segura la proximidad humana. Los algoritmos que funcionan dentro de los robots industriales deben cumplir con est\u00e1ndares cr\u00edticos de seguridad para mantener seguros a sus hom\u00f3logos humanos en el lugar de trabajo.<\/span><span data-ccp-props=\"{}\">\u00a0<\/span><\/p>\n<p>[\/et_pb_text][\/et_pb_column][\/et_pb_row][et_pb_row column_structure=\u00bb1_2,1_2&#8243; _builder_version=\u00bb4.22.0&#8243; _module_preset=\u00bbdefault\u00bb width=\u00bb100%\u00bb max_width=\u00bb1350px\u00bb global_colors_info=\u00bb{}\u00bb][et_pb_column type=\u00bb1_2&#8243; _builder_version=\u00bb4.22.0&#8243; _module_preset=\u00bbdefault\u00bb global_colors_info=\u00bb{}\u00bb][et_pb_image src=\u00bbhttps:\/\/www.donalba.com\/OrquestaMedia2023Donalba\/wp-content\/uploads\/2023\/08\/roboticssmall-2.jpg\u00bb title_text=\u00bbroboticssmall (2)\u00bb module_class=\u00bbimagen-principal\u00bb _builder_version=\u00bb4.22.0&#8243; _module_preset=\u00bbdefault\u00bb custom_margin=\u00bb0px||0px||true|false\u00bb animation_style=\u00bbslide\u00bb animation_direction=\u00bbleft\u00bb hover_enabled=\u00bb0&#8243; global_colors_info=\u00bb{}\u00bb sticky_enabled=\u00bb0&#8243;][\/et_pb_image][\/et_pb_column][et_pb_column _builder_version=\u00bb4.22.0&#8243; _module_preset=\u00bbdefault\u00bb type=\u00bb1_2&#8243;][et_pb_text module_class=\u00bbtexto-tipo\u00bb _builder_version=\u00bb4.22.0&#8243; _module_preset=\u00bbdefault\u00bb animation_style=\u00bbslide\u00bb animation_direction=\u00bbright\u00bb animation_duration=\u00bb1400ms\u00bb hover_enabled=\u00bb0&#8243; global_colors_info=\u00bb{}\u00bb custom_margin=\u00bb45px||||false|false\u00bb sticky_enabled=\u00bb0&#8243;]<\/p>\n<h3><strong>Soluci\u00f3n\u00a0<\/strong><\/h3>\n<p><span data-contrast=\"auto\" class=\"TextRun SCXW10335410 BCX0\"><span class=\"NormalTextRun SCXW10335410 BCX0\">La <\/span><\/span><span data-contrast=\"auto\" xml:lang=\"ES-ES\" lang=\"ES-ES\" class=\"TextRun SCXW10335410 BCX0\"><span class=\"NormalTextRun SCXW10335410 BCX0\">P<\/span><\/span><span data-contrast=\"auto\" class=\"TextRun SCXW10335410 BCX0\"><span class=\"NormalTextRun SCXW10335410 BCX0\">lataforma para <\/span><\/span><span data-contrast=\"auto\" xml:lang=\"ES-ES\" lang=\"ES-ES\" class=\"TextRun SCXW10335410 BCX0\"><span class=\"NormalTextRun SCXW10335410 BCX0\">A<\/span><\/span><span data-contrast=\"auto\" class=\"TextRun SCXW10335410 BCX0\"><span class=\"NormalTextRun SCXW10335410 BCX0\">plicaciones <\/span><\/span><span data-contrast=\"auto\" xml:lang=\"ES-ES\" lang=\"ES-ES\" class=\"TextRun SCXW10335410 BCX0\"><span class=\"NormalTextRun SCXW10335410 BCX0\">C<\/span><\/span><span data-contrast=\"auto\" class=\"TextRun SCXW10335410 BCX0\"><span class=\"NormalTextRun SCXW10335410 BCX0\">r\u00edticas para la <\/span><\/span><span data-contrast=\"auto\" xml:lang=\"ES-ES\" lang=\"ES-ES\" class=\"TextRun SCXW10335410 BCX0\"><span class=\"NormalTextRun SCXW10335410 BCX0\">S<\/span><\/span><span data-contrast=\"auto\" class=\"TextRun SCXW10335410 BCX0\"><span class=\"NormalTextRun SCXW10335410 BCX0\">eguridad <\/span><\/span><span data-contrast=\"auto\" xml:lang=\"ES-ES\" lang=\"ES-ES\" class=\"TextRun SCXW10335410 BCX0\"><span class=\"NormalTextRun SCXW10335410 BCX0\">PACS <\/span><\/span><span data-contrast=\"auto\" class=\"TextRun SCXW10335410 BCX0\"><span class=\"NormalTextRun SCXW10335410 BCX0\">se basa en VkCore SC, nuestro controlador inform\u00e1tico y de gr\u00e1ficos Vulkan, e incluye todos los elementos necesarios para crear aplicaciones inform\u00e1ticas cr\u00edticas para la seguridad. Con <\/span><\/span><span data-contrast=\"auto\" xml:lang=\"ES-ES\" lang=\"ES-ES\" class=\"TextRun SCXW10335410 BCX0\"><span class=\"NormalTextRun SCXW10335410 BCX0\">PACS<\/span><\/span><span data-contrast=\"auto\" class=\"TextRun SCXW10335410 BCX0\"><span class=\"NormalTextRun SCXW10335410 BCX0\">, los clientes pueden obtener todos los componentes b\u00e1sicos, incluidos hardware IP, semiconductores, controladores de gr\u00e1ficos y computaci\u00f3n, bibliotecas, firmware e incluso hardware de desarrollo. Tener una \u00fanica fuente para todos estos componentes preintegrados reduce el riesgo, acelera el tiempo de certificaci\u00f3n y lanzamiento de productos, y evita desaf\u00edos de integraci\u00f3n.<\/span><\/span><span class=\"EOP SCXW10335410 BCX0\" data-ccp-props=\"{}\">\u00a0<\/span><\/p>\n<p>[\/et_pb_text][et_pb_button button_url=\u00bb\/contacto\u00bb button_text=\u00bbSOLICITA INFORMACI\u00d3N\u00bb _builder_version=\u00bb4.22.0&#8243; _module_preset=\u00bbdefault\u00bb custom_button=\u00bbon\u00bb button_text_color=\u00bb#0c71c3&#8243; button_bg_color=\u00bbRGBA(255,255,255,0)\u00bb button_border_color=\u00bb#0C71C3&#8243; animation_style=\u00bbslide\u00bb hover_enabled=\u00bb0&#8243; global_colors_info=\u00bb{}\u00bb custom_margin=\u00bb45px||||false|false\u00bb sticky_enabled=\u00bb0&#8243;][\/et_pb_button][\/et_pb_column][\/et_pb_row][\/et_pb_section]<\/p>\n","protected":false},"excerpt":{"rendered":"<p>SOLUCIONES DE COMPUTACI\u00d3N CERTIFICABLES La base de los sistemas modernos de procesamiento de datos, aprendizaje autom\u00e1tico y sistemas de visi\u00f3n Las aplicaciones aut\u00f3nomas o de realidad aumentada de hoy requieren un marco inform\u00e1tico seguro y s\u00f3lido. Ofrecemos un conjunto de algoritmos y bibliotecas, desarrollados seg\u00fan los est\u00e1ndares de seguridad m\u00e1s estrictos, que se utilizan para [&hellip;]<\/p>\n","protected":false},"author":1,"featured_media":0,"parent":0,"menu_order":0,"comment_status":"closed","ping_status":"closed","template":"","meta":{"_et_pb_use_builder":"on","_et_pb_old_content":"<!-- wp:divi\/placeholder \/-->","_et_gb_content_width":"","footnotes":""},"class_list":["post-333","page","type-page","status-publish","hentry"],"_links":{"self":[{"href":"https:\/\/www.donalba.com\/OrquestaMedia2023Donalba\/wp-json\/wp\/v2\/pages\/333","targetHints":{"allow":["GET"]}}],"collection":[{"href":"https:\/\/www.donalba.com\/OrquestaMedia2023Donalba\/wp-json\/wp\/v2\/pages"}],"about":[{"href":"https:\/\/www.donalba.com\/OrquestaMedia2023Donalba\/wp-json\/wp\/v2\/types\/page"}],"author":[{"embeddable":true,"href":"https:\/\/www.donalba.com\/OrquestaMedia2023Donalba\/wp-json\/wp\/v2\/users\/1"}],"replies":[{"embeddable":true,"href":"https:\/\/www.donalba.com\/OrquestaMedia2023Donalba\/wp-json\/wp\/v2\/comments?post=333"}],"version-history":[{"count":7,"href":"https:\/\/www.donalba.com\/OrquestaMedia2023Donalba\/wp-json\/wp\/v2\/pages\/333\/revisions"}],"predecessor-version":[{"id":778,"href":"https:\/\/www.donalba.com\/OrquestaMedia2023Donalba\/wp-json\/wp\/v2\/pages\/333\/revisions\/778"}],"wp:attachment":[{"href":"https:\/\/www.donalba.com\/OrquestaMedia2023Donalba\/wp-json\/wp\/v2\/media?parent=333"}],"curies":[{"name":"wp","href":"https:\/\/api.w.org\/{rel}","templated":true}]}}