{"id":3735,"date":"2023-10-02T11:25:51","date_gmt":"2023-10-02T09:25:51","guid":{"rendered":"https:\/\/www.donalba.com\/OrquestaMedia2023Donalba\/?page_id=3735"},"modified":"2023-10-04T13:45:42","modified_gmt":"2023-10-04T11:45:42","slug":"curtiss-wright","status":"publish","type":"page","link":"https:\/\/www.donalba.com\/OrquestaMedia2023Donalba\/curtiss-wright\/","title":{"rendered":"Curtiss Wright"},"content":{"rendered":"<p>[et_pb_section fb_built=\u00bb1&#8243; module_class=\u00bbbloque-fab\u00bb _builder_version=\u00bb4.22.0&#8243; _module_preset=\u00bbdefault\u00bb background_color=\u00bbgcid-836011e9-5230-4bed-8a9c-e9ef39c201e9&#8243; max_height=\u00bb120px\u00bb custom_margin=\u00bb0px||||false|false\u00bb custom_padding=\u00bb20px||||false|false\u00bb global_colors_info=\u00bb{%22gcid-836011e9-5230-4bed-8a9c-e9ef39c201e9%22:%91%22background_color%22%93}\u00bb][et_pb_row _builder_version=\u00bb4.22.0&#8243; _module_preset=\u00bbdefault\u00bb global_colors_info=\u00bb{}\u00bb][et_pb_column type=\u00bb4_4&#8243; _builder_version=\u00bb4.22.0&#8243; _module_preset=\u00bbdefault\u00bb global_colors_info=\u00bb{}\u00bb][et_pb_text _builder_version=\u00bb4.22.0&#8243; _module_preset=\u00bbdefault\u00bb global_colors_info=\u00bb{}\u00bb]<\/p>\n<h1 style=\"color: #ffffff; text-align: center;\"><strong>ADVANCED COOLING TECHNOLOGIES<\/strong><\/h1>\n<p>[\/et_pb_text][\/et_pb_column][\/et_pb_row][\/et_pb_section][et_pb_section fb_built=\u00bb1&#8243; _builder_version=\u00bb4.22.0&#8243; _module_preset=\u00bbdefault\u00bb custom_padding=\u00bb||0px||false|false\u00bb global_colors_info=\u00bb{}\u00bb][et_pb_row module_class=\u00bbtexto-tipo\u00bb _builder_version=\u00bb4.22.0&#8243; _module_preset=\u00bbdefault\u00bb max_width=\u00bb1350px\u00bb global_colors_info=\u00bb{}\u00bb][et_pb_column type=\u00bb4_4&#8243; _builder_version=\u00bb4.22.0&#8243; _module_preset=\u00bbdefault\u00bb global_colors_info=\u00bb{}\u00bb][et_pb_text _builder_version=\u00bb4.22.0&#8243; _module_preset=\u00bbdefault\u00bb animation_style=\u00bbslide\u00bb animation_direction=\u00bbbottom\u00bb global_colors_info=\u00bb{}\u00bb]<\/p>\n<h2 style=\"font-size: 25px;\"><strong>Curtiss-Wright realiza contribuciones cr\u00edticas a los mercados vitales de defensa terrestre, aeroespacial y naval. <\/strong><\/h2>\n<p>[\/et_pb_text][\/et_pb_column][\/et_pb_row][\/et_pb_section][et_pb_section fb_built=\u00bb1&#8243; _builder_version=\u00bb4.22.0&#8243; _module_preset=\u00bbdefault\u00bb custom_padding=\u00bb0px||0px||false|false\u00bb global_colors_info=\u00bb{}\u00bb][et_pb_row column_structure=\u00bb1_2,1_2&#8243; _builder_version=\u00bb4.22.0&#8243; _module_preset=\u00bbdefault\u00bb max_width=\u00bb1350px\u00bb global_colors_info=\u00bb{}\u00bb][et_pb_column type=\u00bb1_2&#8243; _builder_version=\u00bb4.22.0&#8243; _module_preset=\u00bbdefault\u00bb global_colors_info=\u00bb{}\u00bb][et_pb_text module_class=\u00bbtexto-p\u00bb _builder_version=\u00bb4.22.0&#8243; _module_preset=\u00bbdefault\u00bb animation_style=\u00bbslide\u00bb animation_direction=\u00bbleft\u00bb global_colors_info=\u00bb{}\u00bb]Apoya muchos programas y plataformas de alto rendimiento en todas las ramas de las fuerzas armadas de EE. UU., as\u00ed como en varias fuerzas de defensa internacionales, y estan bien posicionados en plataformas clave del pasado, presente y futuro. Su cartera de productos abarca desde la gesti\u00f3n del flujo de l\u00edquidos en submarinos de propulsi\u00f3n nuclear hasta el control de la sustentaci\u00f3n, el vuelo y el aterrizaje de aeronaves y la estabilizaci\u00f3n de los sistemas de armas en tanques blindados.<\/p>\n<p>Para la Marina de los EE. UU., han tenido un contenido significativo en cada submarino nuclear y portaaviones, y hoy son el proveedor preferido de bombas y v\u00e1lvulas utilizadas en el sistema de propulsi\u00f3n nuclear. Tambi\u00e9n estan desarrollando sistemas electromec\u00e1nicos avanzados que permiten que las aeronaves despeguen y aterricen en la cubierta de un portaaviones. Para la Fuerza A\u00e9rea de los EE. UU., suministran tecnolog\u00edas inform\u00e1ticas integradas clave, sensores y equipos de control y servicios de recubrimiento para muchas de las plataformas l\u00edderes de la actualidad, incluido el F-35 Lightning Joint Strike Fighter, el avi\u00f3n mar\u00edtimo multimisi\u00f3n P-8A Poseidon y el Global Hawk. veh\u00edculo a\u00e9reo no tripulado (UAV). Para el Ej\u00e9rcito de EE. UU., nuestras tecnolog\u00edas electr\u00f3nicas son compatibles con veh\u00edculos terrestres l\u00edderes, incluidos el tanque Abrams, el veh\u00edculo de combate Bradley y el sistema de armas m\u00f3viles Stryker, y helic\u00f3pteros, incluido el UH-60 Black Hawk, AH-64 Apache y CH-47 Chinook. Tambi\u00e9n proporcionan una variedad de productos a programas militares no estadounidenses en Europa, la regi\u00f3n de Asia Pac\u00edfico, Medio Oriente, Am\u00e9rica del Sur y Canad\u00e1.[\/et_pb_text][\/et_pb_column][et_pb_column type=\u00bb1_2&#8243; _builder_version=\u00bb4.22.0&#8243; _module_preset=\u00bbdefault\u00bb global_colors_info=\u00bb{}\u00bb][et_pb_text _builder_version=\u00bb4.22.0&#8243; _module_preset=\u00bbdefault\u00bb global_colors_info=\u00bb{}\u00bb]<\/p>\n<h3>SOLICITA INFORMACI\u00d3N<\/h3>\n<p>[\/et_pb_text][et_pb_text _builder_version=\u00bb4.22.0&#8243; _module_preset=\u00bbdefault\u00bb global_colors_info=\u00bb{}\u00bb]<\/p>\n<form id=\"__vtigerWebForm\" name=\"Suscripci\u00f3n lista correo\" action=\"https:\/\/donalbaelectronicasl.od2.vtiger.com\/modules\/Webforms\/capture.php\" method=\"post\" accept-charset=\"utf-8\" enctype=\"multipart\/form-data\"><input type=\"hidden\" name=\"__vtrftk\" value=\"sid:4e847027793943ec798263624e4db68800e5615e,1497865027\" \/><br \/>\n<input type=\"hidden\" name=\"publicid\" value=\"98c767eaa6adaa27d77f183f7eebf324\" \/><br \/>\n<input type=\"hidden\" name=\"urlencodeenable\" value=\"1\" \/><br \/>\n<input type=\"hidden\" name=\"name\" value=\"Suscripci\u00f3n lista correo\" \/><br \/>\n<input type=\"hidden\" name=\"__vtCurrency\" value=\"1\" \/><br \/>\n<input type=\"checkbox\" name=\"cf_1301\" data-label=\"\" value=\"1\" required=\"\" \/><\/p>\n<table style=\"width: auto; height: 79px; margin-left: auto; margin-right: auto;\">\n<tbody>\n<tr>\n<td><label>Nombre*<\/label><\/td>\n<td><input type=\"text\" name=\"firstname\" data-label=\"\" value=\"\" required=\"\" \/><\/td>\n<\/tr>\n<tr>\n<td><label>Apellido*<\/label><\/td>\n<td><input type=\"text\" name=\"lastname\" data-label=\"\" value=\"\" required=\"\" \/><\/td>\n<\/tr>\n<tr>\n<td><label>Email*<\/label><\/td>\n<td><input type=\"email\" name=\"email\" data-label=\"\" value=\"\" required=\"\" \/><\/td>\n<\/tr>\n<tr><\/tr>\n<\/tbody>\n<\/table>\n<div align=\"center\">\n<script src=\"https:\/\/www.google.com\/recaptcha\/api.js\"><\/script><\/p>\n<div class=\"g-recaptcha\" data-sitekey=\"6LcmdSATAAAAAGWw734vGo0AXQwuxJS7RmDZA_Fe\">\n<div style=\"width: 304px; height: 78px;\">\n<div><iframe loading=\"lazy\" title=\"reCAPTCHA\" src=\"https:\/\/www.google.com\/recaptcha\/api2\/anchor?ar=1&amp;k=6LcmdSATAAAAAGWw734vGo0AXQwuxJS7RmDZA_Fe&amp;co=aHR0cHM6Ly93d3cuZG9uYWxiYS5jb206NDQz&amp;hl=es&amp;v=uEf7E1417z6GNSkRx7AyL8K8&amp;size=normal&amp;cb=klrqx72288tw\" width=\"304\" height=\"78\" role=\"presentation\" name=\"a-jp0x6crqic\" frameborder=\"0\" scrolling=\"no\" sandbox=\"allow-forms allow-popups allow-same-origin allow-scripts allow-top-navigation allow-modals allow-popups-to-escape-sandbox\"><\/iframe><\/div>\n<p><textarea id=\"g-recaptcha-response\" name=\"g-recaptcha-response\" class=\"g-recaptcha-response\" style=\"width: 250px; height: 40px; border: 1px solid #c1c1c1; margin: 10px 25px; padding: 0px; resize: none; display: none;\"><\/textarea><\/p>\n<\/div>\n<p><iframe style=\"display: none;\"><\/iframe><\/p>\n<\/div>\n<p><input type=\"hidden\" id=\"captchaUrl\" value=\"https:\/\/donalbaelectronicasl.od2.vtiger.com\/modules\/Settings\/Webforms\/actions\/ValidateCaptcha.php\" \/> <input type=\"hidden\" id=\"recaptcha_validation_value\" name=\"recaptcha_validation_value\" \/> <input type=\"submit\" value=\"Submit\" id=\"vtigerFormSubmitBtn\" \/><br \/>\n<script type=\"text\/javascript\">window.onload = function() { var N=navigator.appName, ua=navigator.userAgent, tem;var M=ua.match(\/(opera|chrome|safari|firefox|msie)\\\/?\\s*(\\.?\\d+(\\.\\d+)*)\/i);if(M && (tem= ua.match(\/version\\\/([\\.\\d]+)\/i))!= null) M[2]= tem[1];M=M? [M[1], M[2]]: [N, navigator.appVersion, \"-?\"];var browserName = M[0];var form = document.getElementById(\"__vtigerWebForm\"), inputs = form.elements; form.onsubmit = function() { document.getElementById(\"vtigerFormSubmitBtn\").disabled=true;var required = [], att, val; var startDate;var endDate;for (var i = 0; i < inputs.length; i++) { att = inputs[i].getAttribute(\"required\"); val = inputs[i].value; type = inputs[i].type; if(inputs[i].name == \"birthday\"){birthdayDate = new Date(inputs[i].value);todayDate = new Date();todayDate.setHours(0,0,0,0);birthdayDate.setHours(0,0,0,0);if(birthdayDate >= todayDate){alert(\"Date of Birth should be less than Today's Date.\");document.getElementById(\"vtigerFormSubmitBtn\").disabled=false;return false;}}if(inputs[i].name==\"support_start_date\"){startDate = inputs[i].value;}if(inputs[i].name==\"support_end_date\"){endDate = inputs[i].value;}if(type == \"email\") {if(val != \"\") {var elemLabel = inputs[i].getAttribute(\"label\");var emailFilter = \/^[_\/a-zA-Z0-9]+([!\"#$%&()*+,.\/:;<=>?\\^_`{|}~-]?[a-zA-Z0-9\/_\/-])*@[a-zA-Z0-9]+([\\_\\-\\.]?[a-zA-Z0-9]+)*\\.([\\-\\_]?[a-zA-Z0-9])+(\\.?[a-zA-Z0-9]+)?$\/;var illegalChars= \/[\\(\\)\\<\\>\\,\\;\\:\\\"\\[\\]]\/ ;if (!emailFilter.test(val)) {alert(\"For \"+ elemLabel +\" field please enter valid email address\"); document.getElementById(\"vtigerFormSubmitBtn\").disabled=false; return false;} else if (val.match(illegalChars)) {alert(elemLabel +\" field contains illegal characters\"); document.getElementById(\"vtigerFormSubmitBtn\").disabled=false; return false;}}}if(startDate  && typeof startDate !== \"undefined\"){if(endDate  && typeof endDate !== \"undefined\"){startDate = new Date(startDate);endDate = new Date(endDate);if(endDate < startDate){alert(\"Support End Date should be greater than or equal to Support Start Date\");document.getElementById(\"vtigerFormSubmitBtn\").disabled = false;return false;}}}if (att != null) { if (val.replace(\/^\\s+|\\s+$\/g, \"\") == \"\") { required.push(inputs[i].getAttribute(\"label\")); } } } if (required.length > 0) { alert(\"The following fields are required: \" + required.join()); document.getElementById(\"vtigerFormSubmitBtn\").disabled=false;return false; } var numberTypeInputs = document.querySelectorAll(\"input[type=number]\");for (var i = 0; i < numberTypeInputs.length; i++) { val = numberTypeInputs[i].value;var elemLabel = numberTypeInputs[i].getAttribute(\"label\");var elemDataType = numberTypeInputs[i].getAttribute(\"datatype\");if(val != \"\") {if(elemDataType == \"double\") {var numRegex = \/^[+-]?\\d+(\\.\\d+)?$\/;}else{var numRegex = \/^[+-]?\\d+$\/;}if (!numRegex.test(val)) {alert(\"For \"+ elemLabel +\" field please enter valid number\"); document.getElementById(\"vtigerFormSubmitBtn\").disabled=false; return false;}}}var dateTypeInputs = document.querySelectorAll(\"input[type=date]\");for (var i = 0; i < dateTypeInputs.length; i++) {dateVal = dateTypeInputs[i].value;var elemLabel = dateTypeInputs[i].getAttribute(\"label\");if(dateVal != \"\") {var dateRegex = \/^[1-9][0-9]{3}-(0[1-9]|1[0-2]|[1-9]{1})-(0[1-9]|[1-2][0-9]|3[0-1]|[1-9]{1})$\/;if(!dateRegex.test(dateVal)) {alert(\"For \"+ elemLabel +\" field please enter valid date in required format\"); document.getElementById(\"vtigerFormSubmitBtn\").disabled=false; return false;}}}var inputElems = document.getElementsByTagName(\"input\");var totalFileSize = 0;for(var i = 0; i < inputElems.length; i++) {if(inputElems[i].type.toLowerCase() === \"file\") {var file = inputElems[i].files[0];if(typeof file !== \"undefined\") {var totalFileSize = totalFileSize + file.size;}}}if(totalFileSize > 52428800) {alert(\"Maximum allowed file size including all files is 50MB.\");document.getElementById(\"vtigerFormSubmitBtn\").disabled=false;return false;}var inputElem = document.querySelectorAll(\"input[type=file]\");var fileSize = 0;for(var i = 0; i < inputElem.length; i++) {if(inputElem[i].type.toLowerCase() ===  \"file\") {if(inputElem[i].hasAttribute(\"selectedTypeImage\")) {var imageFile = inputElem[i].files[0];var fileSize = imageFile.size;}}if(fileSize > 5242880) {alert(\"Maximum allowed image size is 5MB.\");document.getElementById(\"vtigerFormSubmitBtn\").disabled=false;return false;}}document.getElementById(\"vtigerFormSubmitBtn\").disabled = true;var recaptchaValidationValue = document.getElementById(\"recaptcha_validation_value\").value;if(recaptchaValidationValue != true) {var recaptchaResponse = document.getElementsByName(\"g-recaptcha-response\")[0].value;var validationUrl = document.getElementById(\"captchaUrl\").value+\"?recaptcha_response=\"+recaptchaResponse+\"&current_url=\"+window.location.href+\"&callback=captchaCallback\";jsonp.fetch(validationUrl);return false;}};};var jsonp = {callbackCounter : 0,fetch : function(url) {url = url+\"&callId=\"+this.callbackCounter;var scriptTag = document.createElement(\"SCRIPT\");scriptTag.src = url;scriptTag.async = true;scriptTag.id = \"captchaCallback_\"+this.callbackCounter;scriptTag.type = \"text\/javascript\";document.getElementsByTagName(\"HEAD\")[0].appendChild(scriptTag);this.callbackCounter++;}};function captchaCallback(data) {if(data.result.success == true) {document.getElementById(\"recaptcha_validation_value\").value = true;var form = document.getElementById(\"__vtigerWebForm\");form.submit();} else {document.getElementById(\"vtigerFormSubmitBtn\").disabled = false;grecaptcha.reset();alert(\"Captcha not verified. Please verify captcha.\");}var element = document.getElementById(\"captchaCallback_\"+data.result.callId);element.parentNode.removeChild(element);}<\/script><\/p>\n<\/div>\n<\/form>\n<p>[\/et_pb_text][\/et_pb_column][\/et_pb_row][\/et_pb_section][et_pb_section fb_built=\u00bb1&#8243; _builder_version=\u00bb4.22.0&#8243; _module_preset=\u00bbdefault\u00bb custom_margin=\u00bb0px||||false|false\u00bb custom_padding=\u00bb0px||||false|false\u00bb global_colors_info=\u00bb{}\u00bb][et_pb_row _builder_version=\u00bb4.22.0&#8243; _module_preset=\u00bbdefault\u00bb max_width=\u00bb1350px\u00bb global_colors_info=\u00bb{}\u00bb][et_pb_column type=\u00bb4_4&#8243; _builder_version=\u00bb4.22.0&#8243; _module_preset=\u00bbdefault\u00bb global_colors_info=\u00bb{}\u00bb][et_pb_text module_class=\u00bbtexto-p\u00bb _builder_version=\u00bb4.22.0&#8243; _module_preset=\u00bbdefault\u00bb animation_style=\u00bbslide\u00bb animation_direction=\u00bbright\u00bb global_colors_info=\u00bb{}\u00bb]<\/p>\n<p>M\u00e1s all\u00e1 de las plataformas en servicio, Curtiss-Wright tambi\u00e9n es compatible con futuros sistemas militares, como el submarino de pr\u00f3xima generaci\u00f3n de la Marina de los EE. UU., el programa de reemplazo de la clase Ohio.<\/p>\n<h3>PROVEEDOR L\u00cdDER DE ELECTR\u00d3NICA DE DEFENSA<\/h3>\n<p>El hilo tecnol\u00f3gico que une las aplicaciones navales, a\u00e9reas y terrestres son los sofisticados productos inform\u00e1ticos y electr\u00f3nicos integrados de Curtiss-Wright. Dentro del campo de la electr\u00f3nica de defensa, Curtiss-Wright es el l\u00edder de la industria en el mercado de la computaci\u00f3n integrada. Se especializan en computadoras y sistemas robustos dise\u00f1ados para ejecutar tareas muy espec\u00edficas en aplicaciones que no deben fallar. Su tecnolog\u00eda es la ola del futuro basada en una competencia central \u00fanica que distingue su negocio de computaci\u00f3n integrada de nuestra competencia: Nuestra tecnolog\u00eda se basa en est\u00e1ndares de arquitectura abierta, tambi\u00e9n conocidos como Commercial Off-The-Shelf (COTS), que permite un funcionamiento perfecto en m\u00faltiples sistemas diversos. Este tipo de tecnolog\u00eda \u00abplug and play\u00bb es extremadamente beneficiosa para sus clientes.<\/p>\n<p>Adem\u00e1s, ayudan a las fuerzas armadas a \u00abconectar en red\u00bb el campo de batalla para lograr una conciencia situacional superior para la eficacia y protecci\u00f3n de la fuerza de batalla. Nuestra participaci\u00f3n en ayudar a lograr las necesidades de la misi\u00f3n C4ISR (Comando, Control, Comunicaciones, Inform\u00e1tica, Inteligencia, Vigilancia y Reconocimiento) es de particular importancia. Nuestra tecnolog\u00eda cr\u00edtica admite las funciones C4ISR de recopilaci\u00f3n, procesamiento, explotaci\u00f3n y difusi\u00f3n de informaci\u00f3n de inter\u00e9s que respalda a los usuarios militares.<\/p>\n<p>[\/et_pb_text][\/et_pb_column][\/et_pb_row][\/et_pb_section]<\/p>\n","protected":false},"excerpt":{"rendered":"<p>ADVANCED COOLING TECHNOLOGIESCurtiss-Wright realiza contribuciones cr\u00edticas a los mercados vitales de defensa terrestre, aeroespacial y naval. Apoya muchos programas y plataformas de alto rendimiento en todas las ramas de las fuerzas armadas de EE. UU., as\u00ed como en varias fuerzas de defensa internacionales, y estan bien posicionados en plataformas clave del pasado, presente y futuro. [&hellip;]<\/p>\n","protected":false},"author":1,"featured_media":0,"parent":0,"menu_order":0,"comment_status":"closed","ping_status":"closed","template":"","meta":{"_et_pb_use_builder":"on","_et_pb_old_content":"","_et_gb_content_width":"","footnotes":""},"class_list":["post-3735","page","type-page","status-publish","hentry"],"_links":{"self":[{"href":"https:\/\/www.donalba.com\/OrquestaMedia2023Donalba\/wp-json\/wp\/v2\/pages\/3735","targetHints":{"allow":["GET"]}}],"collection":[{"href":"https:\/\/www.donalba.com\/OrquestaMedia2023Donalba\/wp-json\/wp\/v2\/pages"}],"about":[{"href":"https:\/\/www.donalba.com\/OrquestaMedia2023Donalba\/wp-json\/wp\/v2\/types\/page"}],"author":[{"embeddable":true,"href":"https:\/\/www.donalba.com\/OrquestaMedia2023Donalba\/wp-json\/wp\/v2\/users\/1"}],"replies":[{"embeddable":true,"href":"https:\/\/www.donalba.com\/OrquestaMedia2023Donalba\/wp-json\/wp\/v2\/comments?post=3735"}],"version-history":[{"count":5,"href":"https:\/\/www.donalba.com\/OrquestaMedia2023Donalba\/wp-json\/wp\/v2\/pages\/3735\/revisions"}],"predecessor-version":[{"id":3857,"href":"https:\/\/www.donalba.com\/OrquestaMedia2023Donalba\/wp-json\/wp\/v2\/pages\/3735\/revisions\/3857"}],"wp:attachment":[{"href":"https:\/\/www.donalba.com\/OrquestaMedia2023Donalba\/wp-json\/wp\/v2\/media?parent=3735"}],"curies":[{"name":"wp","href":"https:\/\/api.w.org\/{rel}","templated":true}]}}