{"id":3748,"date":"2023-10-02T11:38:33","date_gmt":"2023-10-02T09:38:33","guid":{"rendered":"https:\/\/www.donalba.com\/OrquestaMedia2023Donalba\/?page_id=3748"},"modified":"2023-10-04T13:52:59","modified_gmt":"2023-10-04T11:52:59","slug":"mannarino","status":"publish","type":"page","link":"https:\/\/www.donalba.com\/OrquestaMedia2023Donalba\/mannarino\/","title":{"rendered":"Mannarino"},"content":{"rendered":"<p>[et_pb_section fb_built=\u00bb1&#8243; module_class=\u00bbbloque-fab\u00bb _builder_version=\u00bb4.22.0&#8243; _module_preset=\u00bbdefault\u00bb background_color=\u00bbgcid-836011e9-5230-4bed-8a9c-e9ef39c201e9&#8243; max_height=\u00bb120px\u00bb custom_margin=\u00bb0px||||false|false\u00bb custom_padding=\u00bb20px||||false|false\u00bb global_colors_info=\u00bb{%22gcid-836011e9-5230-4bed-8a9c-e9ef39c201e9%22:%91%22background_color%22%93}\u00bb][et_pb_row _builder_version=\u00bb4.22.0&#8243; _module_preset=\u00bbdefault\u00bb global_colors_info=\u00bb{}\u00bb][et_pb_column type=\u00bb4_4&#8243; _builder_version=\u00bb4.22.0&#8243; _module_preset=\u00bbdefault\u00bb global_colors_info=\u00bb{}\u00bb][et_pb_text _builder_version=\u00bb4.22.0&#8243; _module_preset=\u00bbdefault\u00bb global_colors_info=\u00bb{}\u00bb]<\/p>\n<h1 style=\"color: #ffffff; text-align: center;\"><strong>MANNARINO<\/strong><\/h1>\n<p>[\/et_pb_text][\/et_pb_column][\/et_pb_row][\/et_pb_section][et_pb_section fb_built=\u00bb1&#8243; _builder_version=\u00bb4.22.0&#8243; _module_preset=\u00bbdefault\u00bb custom_padding=\u00bb||0px||false|false\u00bb global_colors_info=\u00bb{}\u00bb][et_pb_row module_class=\u00bbtexto-tipo\u00bb _builder_version=\u00bb4.22.0&#8243; _module_preset=\u00bbdefault\u00bb max_width=\u00bb1350px\u00bb global_colors_info=\u00bb{}\u00bb][et_pb_column type=\u00bb4_4&#8243; _builder_version=\u00bb4.22.0&#8243; _module_preset=\u00bbdefault\u00bb global_colors_info=\u00bb{}\u00bb][et_pb_text _builder_version=\u00bb4.22.0&#8243; _module_preset=\u00bbdefault\u00bb animation_style=\u00bbslide\u00bb animation_direction=\u00bbbottom\u00bb global_colors_info=\u00bb{}\u00bb]<\/p>\n<h2 style=\"font-size: 25px;\"><strong>Mannarino Systems &#038; Software Inc. proporciona sistemas cr\u00edticos para la seguridad, software y servicios de ingenier\u00eda de hardware electr\u00f3nico aerotransportado para las industrias aeroespacial, de defensa, espacial, de simulaci\u00f3n, de generaci\u00f3n de energ\u00eda y ferroviaria.<\/strong><\/h2>\n<p>[\/et_pb_text][\/et_pb_column][\/et_pb_row][\/et_pb_section][et_pb_section fb_built=\u00bb1&#8243; _builder_version=\u00bb4.22.0&#8243; _module_preset=\u00bbdefault\u00bb custom_padding=\u00bb0px||0px||false|false\u00bb global_colors_info=\u00bb{}\u00bb][et_pb_row column_structure=\u00bb1_2,1_2&#8243; _builder_version=\u00bb4.22.0&#8243; _module_preset=\u00bbdefault\u00bb max_width=\u00bb1350px\u00bb global_colors_info=\u00bb{}\u00bb][et_pb_column type=\u00bb1_2&#8243; _builder_version=\u00bb4.22.0&#8243; _module_preset=\u00bbdefault\u00bb global_colors_info=\u00bb{}\u00bb][et_pb_text module_class=\u00bbtexto-p\u00bb _builder_version=\u00bb4.22.0&#8243; _module_preset=\u00bbdefault\u00bb animation_style=\u00bbslide\u00bb animation_direction=\u00bbleft\u00bb global_colors_info=\u00bb{}\u00bb]<\/p>\n<p><strong>MANNARINO<\/strong> est\u00e1 altamente especializado en el dise\u00f1o, verificaci\u00f3n y validaci\u00f3n de sistemas y software cr\u00edticos, incluidos controles digitales de motor con autoridad total, avi\u00f3nica, sistemas de monitorizaci\u00f3n de uso, software de equipos de soporte terrestre, sistemas de reabastecimiento a\u00e9reo de combustible, Veh\u00edculos A\u00e9reos No Tripulados (UAV) y controles de motores industriales. MANNARINO es una corporaci\u00f3n privada. Su \u00e9xito radica en gran medida en las habilidades \u00fanicas y combinadas de su equipo directivo superior de la empresa y en la experiencia y profesionalismo de todo su personal de ingenier\u00eda.<\/p>\n<p>Est\u00e1 ubicada en Montreal (Quebec), Canad\u00e1, el tercer centro aeroespacial m\u00e1s grande del mundo, as\u00ed como puerta de entrada a los mercados europeo y estadounidense. La empresa est\u00e1 perfectamente situada para abordar las necesidades de los principales OEM e integradores a escala local, nacional e internacional. Nuestro personal multiling\u00fce nos permite la capacidad \u00fanica de comunicarnos con clientes de todo el mundo y nos permite ofrecer una gama a\u00fan m\u00e1s amplia de servicios junto con nuestra experiencia en ingenier\u00eda.<\/p>\n<p>[\/et_pb_text][\/et_pb_column][et_pb_column type=\u00bb1_2&#8243; _builder_version=\u00bb4.22.0&#8243; _module_preset=\u00bbdefault\u00bb global_colors_info=\u00bb{}\u00bb][et_pb_text _builder_version=\u00bb4.22.0&#8243; _module_preset=\u00bbdefault\u00bb global_colors_info=\u00bb{}\u00bb]<\/p>\n<h3>SOLICITA INFORMACI\u00d3N<\/h3>\n<p>[\/et_pb_text][et_pb_text _builder_version=\u00bb4.22.0&#8243; _module_preset=\u00bbdefault\u00bb global_colors_info=\u00bb{}\u00bb]<\/p>\n<form id=\"__vtigerWebForm\" name=\"Suscripci\u00f3n lista correo\" action=\"https:\/\/donalbaelectronicasl.od2.vtiger.com\/modules\/Webforms\/capture.php\" method=\"post\" accept-charset=\"utf-8\" enctype=\"multipart\/form-data\"><input type=\"hidden\" name=\"__vtrftk\" value=\"sid:4e847027793943ec798263624e4db68800e5615e,1497865027\" \/><br \/>\n<input type=\"hidden\" name=\"publicid\" value=\"98c767eaa6adaa27d77f183f7eebf324\" \/><br \/>\n<input type=\"hidden\" name=\"urlencodeenable\" value=\"1\" \/><br \/>\n<input type=\"hidden\" name=\"name\" value=\"Suscripci\u00f3n lista correo\" \/><br \/>\n<input type=\"hidden\" name=\"__vtCurrency\" value=\"1\" \/><br \/>\n<input type=\"checkbox\" name=\"cf_1301\" data-label=\"\" value=\"1\" required=\"\" \/><\/p>\n<table style=\"width: auto; height: 79px; margin-left: auto; margin-right: auto;\">\n<tbody>\n<tr>\n<td><label>Nombre*<\/label><\/td>\n<td><input type=\"text\" name=\"firstname\" data-label=\"\" value=\"\" required=\"\" \/><\/td>\n<\/tr>\n<tr>\n<td><label>Apellido*<\/label><\/td>\n<td><input type=\"text\" name=\"lastname\" data-label=\"\" value=\"\" required=\"\" \/><\/td>\n<\/tr>\n<tr>\n<td><label>Email*<\/label><\/td>\n<td><input type=\"email\" name=\"email\" data-label=\"\" value=\"\" required=\"\" \/><\/td>\n<\/tr>\n<tr><\/tr>\n<\/tbody>\n<\/table>\n<div align=\"center\">\n<script src=\"https:\/\/www.google.com\/recaptcha\/api.js\"><\/script><\/p>\n<div class=\"g-recaptcha\" data-sitekey=\"6LcmdSATAAAAAGWw734vGo0AXQwuxJS7RmDZA_Fe\">\n<div style=\"width: 304px; height: 78px;\">\n<div><iframe loading=\"lazy\" title=\"reCAPTCHA\" src=\"https:\/\/www.google.com\/recaptcha\/api2\/anchor?ar=1&amp;k=6LcmdSATAAAAAGWw734vGo0AXQwuxJS7RmDZA_Fe&amp;co=aHR0cHM6Ly93d3cuZG9uYWxiYS5jb206NDQz&amp;hl=es&amp;v=uEf7E1417z6GNSkRx7AyL8K8&amp;size=normal&amp;cb=klrqx72288tw\" width=\"304\" height=\"78\" role=\"presentation\" name=\"a-jp0x6crqic\" frameborder=\"0\" scrolling=\"no\" sandbox=\"allow-forms allow-popups allow-same-origin allow-scripts allow-top-navigation allow-modals allow-popups-to-escape-sandbox\"><\/iframe><\/div>\n<p><textarea id=\"g-recaptcha-response\" name=\"g-recaptcha-response\" class=\"g-recaptcha-response\" style=\"width: 250px; height: 40px; border: 1px solid #c1c1c1; margin: 10px 25px; padding: 0px; resize: none; display: none;\"><\/textarea><\/p>\n<\/div>\n<p><iframe style=\"display: none;\"><\/iframe><\/p>\n<\/div>\n<p><input type=\"hidden\" id=\"captchaUrl\" value=\"https:\/\/donalbaelectronicasl.od2.vtiger.com\/modules\/Settings\/Webforms\/actions\/ValidateCaptcha.php\" \/> <input type=\"hidden\" id=\"recaptcha_validation_value\" name=\"recaptcha_validation_value\" \/> <input type=\"submit\" value=\"Submit\" id=\"vtigerFormSubmitBtn\" \/><br \/>\n<script type=\"text\/javascript\">window.onload = function() { var N=navigator.appName, ua=navigator.userAgent, tem;var M=ua.match(\/(opera|chrome|safari|firefox|msie)\\\/?\\s*(\\.?\\d+(\\.\\d+)*)\/i);if(M && (tem= ua.match(\/version\\\/([\\.\\d]+)\/i))!= null) M[2]= tem[1];M=M? [M[1], M[2]]: [N, navigator.appVersion, \"-?\"];var browserName = M[0];var form = document.getElementById(\"__vtigerWebForm\"), inputs = form.elements; form.onsubmit = function() { document.getElementById(\"vtigerFormSubmitBtn\").disabled=true;var required = [], att, val; var startDate;var endDate;for (var i = 0; i < inputs.length; i++) { att = inputs[i].getAttribute(\"required\"); val = inputs[i].value; type = inputs[i].type; if(inputs[i].name == \"birthday\"){birthdayDate = new Date(inputs[i].value);todayDate = new Date();todayDate.setHours(0,0,0,0);birthdayDate.setHours(0,0,0,0);if(birthdayDate >= todayDate){alert(\"Date of Birth should be less than Today's Date.\");document.getElementById(\"vtigerFormSubmitBtn\").disabled=false;return false;}}if(inputs[i].name==\"support_start_date\"){startDate = inputs[i].value;}if(inputs[i].name==\"support_end_date\"){endDate = inputs[i].value;}if(type == \"email\") {if(val != \"\") {var elemLabel = inputs[i].getAttribute(\"label\");var emailFilter = \/^[_\/a-zA-Z0-9]+([!\"#$%&()*+,.\/:;<=>?\\^_`{|}~-]?[a-zA-Z0-9\/_\/-])*@[a-zA-Z0-9]+([\\_\\-\\.]?[a-zA-Z0-9]+)*\\.([\\-\\_]?[a-zA-Z0-9])+(\\.?[a-zA-Z0-9]+)?$\/;var illegalChars= \/[\\(\\)\\<\\>\\,\\;\\:\\\"\\[\\]]\/ ;if (!emailFilter.test(val)) {alert(\"For \"+ elemLabel +\" field please enter valid email address\"); document.getElementById(\"vtigerFormSubmitBtn\").disabled=false; return false;} else if (val.match(illegalChars)) {alert(elemLabel +\" field contains illegal characters\"); document.getElementById(\"vtigerFormSubmitBtn\").disabled=false; return false;}}}if(startDate  && typeof startDate !== \"undefined\"){if(endDate  && typeof endDate !== \"undefined\"){startDate = new Date(startDate);endDate = new Date(endDate);if(endDate < startDate){alert(\"Support End Date should be greater than or equal to Support Start Date\");document.getElementById(\"vtigerFormSubmitBtn\").disabled = false;return false;}}}if (att != null) { if (val.replace(\/^\\s+|\\s+$\/g, \"\") == \"\") { required.push(inputs[i].getAttribute(\"label\")); } } } if (required.length > 0) { alert(\"The following fields are required: \" + required.join()); document.getElementById(\"vtigerFormSubmitBtn\").disabled=false;return false; } var numberTypeInputs = document.querySelectorAll(\"input[type=number]\");for (var i = 0; i < numberTypeInputs.length; i++) { val = numberTypeInputs[i].value;var elemLabel = numberTypeInputs[i].getAttribute(\"label\");var elemDataType = numberTypeInputs[i].getAttribute(\"datatype\");if(val != \"\") {if(elemDataType == \"double\") {var numRegex = \/^[+-]?\\d+(\\.\\d+)?$\/;}else{var numRegex = \/^[+-]?\\d+$\/;}if (!numRegex.test(val)) {alert(\"For \"+ elemLabel +\" field please enter valid number\"); document.getElementById(\"vtigerFormSubmitBtn\").disabled=false; return false;}}}var dateTypeInputs = document.querySelectorAll(\"input[type=date]\");for (var i = 0; i < dateTypeInputs.length; i++) {dateVal = dateTypeInputs[i].value;var elemLabel = dateTypeInputs[i].getAttribute(\"label\");if(dateVal != \"\") {var dateRegex = \/^[1-9][0-9]{3}-(0[1-9]|1[0-2]|[1-9]{1})-(0[1-9]|[1-2][0-9]|3[0-1]|[1-9]{1})$\/;if(!dateRegex.test(dateVal)) {alert(\"For \"+ elemLabel +\" field please enter valid date in required format\"); document.getElementById(\"vtigerFormSubmitBtn\").disabled=false; return false;}}}var inputElems = document.getElementsByTagName(\"input\");var totalFileSize = 0;for(var i = 0; i < inputElems.length; i++) {if(inputElems[i].type.toLowerCase() === \"file\") {var file = inputElems[i].files[0];if(typeof file !== \"undefined\") {var totalFileSize = totalFileSize + file.size;}}}if(totalFileSize > 52428800) {alert(\"Maximum allowed file size including all files is 50MB.\");document.getElementById(\"vtigerFormSubmitBtn\").disabled=false;return false;}var inputElem = document.querySelectorAll(\"input[type=file]\");var fileSize = 0;for(var i = 0; i < inputElem.length; i++) {if(inputElem[i].type.toLowerCase() ===  \"file\") {if(inputElem[i].hasAttribute(\"selectedTypeImage\")) {var imageFile = inputElem[i].files[0];var fileSize = imageFile.size;}}if(fileSize > 5242880) {alert(\"Maximum allowed image size is 5MB.\");document.getElementById(\"vtigerFormSubmitBtn\").disabled=false;return false;}}document.getElementById(\"vtigerFormSubmitBtn\").disabled = true;var recaptchaValidationValue = document.getElementById(\"recaptcha_validation_value\").value;if(recaptchaValidationValue != true) {var recaptchaResponse = document.getElementsByName(\"g-recaptcha-response\")[0].value;var validationUrl = document.getElementById(\"captchaUrl\").value+\"?recaptcha_response=\"+recaptchaResponse+\"&current_url=\"+window.location.href+\"&callback=captchaCallback\";jsonp.fetch(validationUrl);return false;}};};var jsonp = {callbackCounter : 0,fetch : function(url) {url = url+\"&callId=\"+this.callbackCounter;var scriptTag = document.createElement(\"SCRIPT\");scriptTag.src = url;scriptTag.async = true;scriptTag.id = \"captchaCallback_\"+this.callbackCounter;scriptTag.type = \"text\/javascript\";document.getElementsByTagName(\"HEAD\")[0].appendChild(scriptTag);this.callbackCounter++;}};function captchaCallback(data) {if(data.result.success == true) {document.getElementById(\"recaptcha_validation_value\").value = true;var form = document.getElementById(\"__vtigerWebForm\");form.submit();} else {document.getElementById(\"vtigerFormSubmitBtn\").disabled = false;grecaptcha.reset();alert(\"Captcha not verified. Please verify captcha.\");}var element = document.getElementById(\"captchaCallback_\"+data.result.callId);element.parentNode.removeChild(element);}<\/script><\/p>\n<\/div>\n<\/form>\n<p>[\/et_pb_text][\/et_pb_column][\/et_pb_row][\/et_pb_section][et_pb_section fb_built=\u00bb1&#8243; _builder_version=\u00bb4.22.0&#8243; _module_preset=\u00bbdefault\u00bb custom_margin=\u00bb0px||||false|false\u00bb custom_padding=\u00bb0px||||false|false\u00bb global_colors_info=\u00bb{}\u00bb][et_pb_row _builder_version=\u00bb4.22.0&#8243; _module_preset=\u00bbdefault\u00bb max_width=\u00bb1350px\u00bb global_colors_info=\u00bb{}\u00bb][et_pb_column type=\u00bb4_4&#8243; _builder_version=\u00bb4.22.0&#8243; _module_preset=\u00bbdefault\u00bb global_colors_info=\u00bb{}\u00bb][et_pb_text module_class=\u00bbtexto-p\u00bb _builder_version=\u00bb4.22.0&#8243; _module_preset=\u00bbdefault\u00bb animation_style=\u00bbslide\u00bb animation_direction=\u00bbright\u00bb global_colors_info=\u00bb{}\u00bb]<\/p>\n<h3>LA HISTORIA<\/h3>\n<p>MANNARINO fue fundada en 1999 por John Mannarino. Desde entonces, ha pasado de ser una empresa de consultor\u00eda unipersonal a una empresa de ingenier\u00eda de gran reputaci\u00f3n, que ofrece sistemas cr\u00edticos para la seguridad, software aerotransportado y servicios de ingenier\u00eda de hardware electr\u00f3nico a numerosos clientes en las industrias aeroespacial, de defensa, simulaci\u00f3n, espacial, de generaci\u00f3n de energ\u00eda y ferroviaria.<\/p>\n<p>En septiembre de 2016, MANNARINO se convirti\u00f3 en una Organizaci\u00f3n de Aprobaci\u00f3n de Dise\u00f1o (DAO) autorizada para software aerotransportado (RTCA\/DO-178B\/C) y hardware electr\u00f3nico aerotransportado (AEH) (RTCA\/DO-254) por la Subdivisi\u00f3n Nacional de Certificaci\u00f3n de Aeronaves de Transport Canada Civil. Aviation (TCCA): una novedad para una organizaci\u00f3n canadiense de servicios.<\/p>\n<p>La reputaci\u00f3n estelar de John Mannarino habla por s\u00ed sola. Se gradu\u00f3 con una Licenciatura en Ingenier\u00eda Mec\u00e1nica de la Universidad de Concordia en 1989, y junto con ella recibi\u00f3 el honor de Gran Distinci\u00f3n. Tambi\u00e9n recibi\u00f3 la Medalla de Ingenier\u00eda Mec\u00e1nica (Medalla Chait) por obtener el promedio de calificaciones m\u00e1s alto entre todos los ingenieros graduados, y el Prix d&#8217;Excellence de la Ordre des ing\u00e9nieurs du Qu\u00e9bec (OIQ) por logros sobresalientes.<\/p>\n<p>Despu\u00e9s de sus estudios, John Mannarino trabaj\u00f3 en un importante fabricante canadiense de motores aeroespaciales, donde m\u00e1s tarde se convirti\u00f3 en Gerente de Ingenier\u00eda de Controles, responsable de 30 ingenieros y 12 programas de desarrollo simult\u00e1neos.<\/p>\n<p>En 1999, John Mannarino decidi\u00f3 expandirse por su cuenta y fund\u00f3 MANNARINO Systems and Software Inc., una corporaci\u00f3n canadiense de propiedad privada.<\/p>\n<p>Hoy en d\u00eda, MANNARINO ha ganado reconocimiento internacional y ha llegado a ser conocido por su destacada excelencia y su impecable grado de profesionalismo.<\/p>\n<p>[\/et_pb_text][et_pb_text module_class=\u00bbtexto-p\u00bb _builder_version=\u00bb4.22.0&#8243; _module_preset=\u00bbdefault\u00bb animation_style=\u00bbslide\u00bb animation_direction=\u00bbright\u00bb global_colors_info=\u00bb{}\u00bb]<\/p>\n<h3>NUESTROS VALORES<\/h3>\n<p>Creemos firmemente en seguir siendo una empresa enfocada en el Rigor, Respeto, Excelencia Tecnol\u00f3gica, Calidad, Integridad, Dedicaci\u00f3n.<\/p>\n<p>&nbsp;<\/p>\n<h3>NUESTRA MISI\u00d3N<\/h3>\n<p>Nos esforzamos por crear valor para nuestros clientes estableciendo una asociaci\u00f3n confiable a trav\u00e9s de la entrega de sistemas y servicios y productos de ingenier\u00eda de software de clase mundial.<\/p>\n<p>&nbsp;<\/p>\n<h3>NUESTRA VISI\u00d3N\u00a0<\/h3>\n<p>Ser un proveedor confiable en los sectores tecnol\u00f3gicos m\u00e1s avanzados de la actualidad.<\/p>\n<p>&nbsp;<\/p>\n<h3>NUESTRA GENTE &#8211; NUESTRA FUERZA<\/h3>\n<p>Talento y dedicacion, nuestros empleados son nuestro activo m\u00e1s importante. Este talento, cultivado por una buena relaci\u00f3n de trabajo a todos los niveles, permite a MANNARINO satisfacer las exigencias cada vez mayores de la exigente industria actual. La dedicaci\u00f3n y el orgullo de nuestro equipo garantizan los m\u00e1s altos est\u00e1ndares de calidad y un excelente servicio al cliente, todo ello esencial para la competitividad global.<\/p>\n<p>Tambi\u00e9n promovemos y fomentamos un entorno de trabajo saludable, creativo y respetuoso, en el que nuestros empleados reciben una compensaci\u00f3n justa y se les anima a respetar al cliente, a los dem\u00e1s y a la calidad del producto final.<\/p>\n<p>[\/et_pb_text][\/et_pb_column][\/et_pb_row][\/et_pb_section]<\/p>\n","protected":false},"excerpt":{"rendered":"<p>MANNARINOMannarino Systems &#038; Software Inc. proporciona sistemas cr\u00edticos para la seguridad, software y servicios de ingenier\u00eda de hardware electr\u00f3nico aerotransportado para las industrias aeroespacial, de defensa, espacial, de simulaci\u00f3n, de generaci\u00f3n de energ\u00eda y ferroviaria.MANNARINO est\u00e1 altamente especializado en el dise\u00f1o, verificaci\u00f3n y validaci\u00f3n de sistemas y software cr\u00edticos, incluidos controles digitales de motor con [&hellip;]<\/p>\n","protected":false},"author":1,"featured_media":0,"parent":0,"menu_order":0,"comment_status":"closed","ping_status":"closed","template":"","meta":{"_et_pb_use_builder":"on","_et_pb_old_content":"","_et_gb_content_width":"","footnotes":""},"class_list":["post-3748","page","type-page","status-publish","hentry"],"_links":{"self":[{"href":"https:\/\/www.donalba.com\/OrquestaMedia2023Donalba\/wp-json\/wp\/v2\/pages\/3748","targetHints":{"allow":["GET"]}}],"collection":[{"href":"https:\/\/www.donalba.com\/OrquestaMedia2023Donalba\/wp-json\/wp\/v2\/pages"}],"about":[{"href":"https:\/\/www.donalba.com\/OrquestaMedia2023Donalba\/wp-json\/wp\/v2\/types\/page"}],"author":[{"embeddable":true,"href":"https:\/\/www.donalba.com\/OrquestaMedia2023Donalba\/wp-json\/wp\/v2\/users\/1"}],"replies":[{"embeddable":true,"href":"https:\/\/www.donalba.com\/OrquestaMedia2023Donalba\/wp-json\/wp\/v2\/comments?post=3748"}],"version-history":[{"count":4,"href":"https:\/\/www.donalba.com\/OrquestaMedia2023Donalba\/wp-json\/wp\/v2\/pages\/3748\/revisions"}],"predecessor-version":[{"id":3862,"href":"https:\/\/www.donalba.com\/OrquestaMedia2023Donalba\/wp-json\/wp\/v2\/pages\/3748\/revisions\/3862"}],"wp:attachment":[{"href":"https:\/\/www.donalba.com\/OrquestaMedia2023Donalba\/wp-json\/wp\/v2\/media?parent=3748"}],"curies":[{"name":"wp","href":"https:\/\/api.w.org\/{rel}","templated":true}]}}