{"id":524,"date":"2023-08-29T10:32:43","date_gmt":"2023-08-29T08:32:43","guid":{"rendered":"https:\/\/www.donalba.com\/OrquestaMedia2023Donalba\/?page_id=524"},"modified":"2023-09-18T08:50:23","modified_gmt":"2023-09-18T06:50:23","slug":"aeroespacial","status":"publish","type":"page","link":"https:\/\/www.donalba.com\/OrquestaMedia2023Donalba\/aeroespacial\/","title":{"rendered":"Aeroespacial"},"content":{"rendered":"<p>[et_pb_section fb_built=\u00bb1&#8243; _builder_version=\u00bb4.22.0&#8243; _module_preset=\u00bbdefault\u00bb background_color=\u00bbgcid-836011e9-5230-4bed-8a9c-e9ef39c201e9&#8243; max_height=\u00bb120px\u00bb custom_margin=\u00bb0px||||false|false\u00bb custom_padding=\u00bb20px||||false|false\u00bb global_colors_info=\u00bb{%22gcid-836011e9-5230-4bed-8a9c-e9ef39c201e9%22:%91%22background_color%22%93}\u00bb theme_builder_area=\u00bbpost_content\u00bb][et_pb_row _builder_version=\u00bb4.22.0&#8243; _module_preset=\u00bbdefault\u00bb global_colors_info=\u00bb{}\u00bb theme_builder_area=\u00bbpost_content\u00bb][et_pb_column type=\u00bb4_4&#8243; _builder_version=\u00bb4.22.0&#8243; _module_preset=\u00bbdefault\u00bb global_colors_info=\u00bb{}\u00bb theme_builder_area=\u00bbpost_content\u00bb][et_pb_text _builder_version=\u00bb4.22.0&#8243; _module_preset=\u00bbdefault\u00bb hover_enabled=\u00bb0&#8243; global_colors_info=\u00bb{}\u00bb theme_builder_area=\u00bbpost_content\u00bb sticky_enabled=\u00bb0&#8243;]<\/p>\n<h1 style=\"color: #ffffff; text-align: center;\"><strong>AEROESPACIAL<\/strong><\/h1>\n<p>[\/et_pb_text][\/et_pb_column][\/et_pb_row][\/et_pb_section][et_pb_section fb_built=\u00bb1&#8243; _builder_version=\u00bb4.22.0&#8243; _module_preset=\u00bbdefault\u00bb custom_padding=\u00bb||0px||false|false\u00bb global_colors_info=\u00bb{}\u00bb theme_builder_area=\u00bbpost_content\u00bb][et_pb_row module_class=\u00bbtexto-tipo\u00bb _builder_version=\u00bb4.22.0&#8243; _module_preset=\u00bbdefault\u00bb max_width=\u00bb1350px\u00bb global_colors_info=\u00bb{}\u00bb theme_builder_area=\u00bbpost_content\u00bb][et_pb_column type=\u00bb4_4&#8243; _builder_version=\u00bb4.22.0&#8243; _module_preset=\u00bbdefault\u00bb global_colors_info=\u00bb{}\u00bb theme_builder_area=\u00bbpost_content\u00bb][et_pb_text _builder_version=\u00bb4.22.0&#8243; _module_preset=\u00bbdefault\u00bb animation_style=\u00bbslide\u00bb animation_direction=\u00bbbottom\u00bb hover_enabled=\u00bb0&#8243; global_colors_info=\u00bb{}\u00bb theme_builder_area=\u00bbpost_content\u00bb sticky_enabled=\u00bb0&#8243;]<\/p>\n<h2><strong>Donalba Electr\u00f3nica SLU: L\u00edder en Soluciones Certificables para la Aviaci\u00f3n y sus Buses de Comunicaci\u00f3n<\/strong><\/h2>\n<p>La industria aeroespacial es un \u00e1mbito donde la seguridad y la confiabilidad son primordiales. En este escenario, Donalba Electr\u00f3nica SLU se destaca como un referente en la distribuci\u00f3n de productos, software y servicios certificables para la seguridad a\u00e9rea, en estricta conformidad con los est\u00e1ndares DO-254 y DO-160. Su compromiso con la excelencia se refleja en la amplia gama de soluciones que ofrecen, que van desde chasis ATR hasta ordenadores SBC certificables, pasando por drivers para tarjetas GPU certificables, drivers para computaci\u00f3n certificable, servicios de consultor\u00eda, dise\u00f1o de ingenier\u00eda, software y fabricaci\u00f3n de componentes certificables.[\/et_pb_text][\/et_pb_column][\/et_pb_row][\/et_pb_section][et_pb_section fb_built=\u00bb1&#8243; _builder_version=\u00bb4.22.0&#8243; _module_preset=\u00bbdefault\u00bb custom_padding=\u00bb0px||40px||false|false\u00bb hover_enabled=\u00bb0&#8243; global_colors_info=\u00bb{}\u00bb theme_builder_area=\u00bbpost_content\u00bb sticky_enabled=\u00bb0&#8243;][et_pb_row column_structure=\u00bb1_2,1_2&#8243; _builder_version=\u00bb4.22.0&#8243; _module_preset=\u00bbdefault\u00bb max_width=\u00bb1350px\u00bb global_colors_info=\u00bb{}\u00bb theme_builder_area=\u00bbpost_content\u00bb][et_pb_column type=\u00bb1_2&#8243; _builder_version=\u00bb4.22.0&#8243; _module_preset=\u00bbdefault\u00bb global_colors_info=\u00bb{}\u00bb theme_builder_area=\u00bbpost_content\u00bb][et_pb_text module_class=\u00bbtexto-p\u00bb _builder_version=\u00bb4.22.0&#8243; _module_preset=\u00bbdefault\u00bb animation_style=\u00bbslide\u00bb animation_direction=\u00bbleft\u00bb hover_enabled=\u00bb0&#8243; global_colors_info=\u00bb{}\u00bb theme_builder_area=\u00bbpost_content\u00bb sticky_enabled=\u00bb0&#8243;]<\/p>\n<p>Uno de los aspectos m\u00e1s destacados de la oferta de Donalba Electr\u00f3nica SLU es su especializaci\u00f3n en los buses de comunicaci\u00f3n utilizados en la aviaci\u00f3n. En la actualidad, los sistemas electr\u00f3nicos en aeronaves dependen en gran medida de una comunicaci\u00f3n eficiente y segura para funcionar de manera \u00f3ptima. Donalba Electr\u00f3nica SLU abraza esta necesidad y brinda soluciones de vanguardia en este campo, lo que ha consolidado su posici\u00f3n como un socio confiable para la industria aeroespacial.<\/p>\n<p>Entre los buses de comunicaci\u00f3n m\u00e1s relevantes en la aviaci\u00f3n se encuentran el MIL-STD-1553, el ARINC-429 y el ARINC 664, este \u00faltimo representando la m\u00e1s moderna y avanzada tecnolog\u00eda en este \u00e1mbito. Donalba Electr\u00f3nica SLU ha demostrado su dominio en la integraci\u00f3n de estos buses de comunicaci\u00f3n en los sistemas aeroespaciales, permitiendo una interconexi\u00f3n fluida y segura entre los distintos componentes y sistemas de una aeronave.<\/p>\n<p>El MIL-STD-1553 es un est\u00e1ndar establecido que define un protocolo de comunicaci\u00f3n serial para sistemas aeroespaciales y militares. Su confiabilidad y capacidad para operar en entornos adversos lo convierten en una opci\u00f3n popular para la industria. Donalba Electr\u00f3nica SLU ha perfeccionado la integraci\u00f3n de este protocolo en sus productos y servicios certificables, asegurando que las aeronaves cumplan con los m\u00e1s altos est\u00e1ndares de seguridad y rendimiento.<\/p>\n<p>[\/et_pb_text][\/et_pb_column][et_pb_column type=\u00bb1_2&#8243; _builder_version=\u00bb4.22.0&#8243; _module_preset=\u00bbdefault\u00bb global_colors_info=\u00bb{}\u00bb theme_builder_area=\u00bbpost_content\u00bb][et_pb_image src=\u00bbhttps:\/\/www.donalba.com\/OrquestaMedia2023Donalba\/wp-content\/uploads\/2023\/09\/Aereo.png\u00bb title_text=\u00bbAereo\u00bb _builder_version=\u00bb4.22.0&#8243; _module_preset=\u00bbdefault\u00bb animation_style=\u00bbslide\u00bb animation_direction=\u00bbright\u00bb hover_enabled=\u00bb0&#8243; global_colors_info=\u00bb{}\u00bb theme_builder_area=\u00bbpost_content\u00bb sticky_enabled=\u00bb0&#8243; custom_padding=\u00bb|||0px||\u00bb][\/et_pb_image][\/et_pb_column][\/et_pb_row][\/et_pb_section][et_pb_section fb_built=\u00bb1&#8243; module_class=\u00bbllamada\u00bb _builder_version=\u00bb4.22.0&#8243; _module_preset=\u00bbdefault\u00bb background_color=\u00bbgcid-836011e9-5230-4bed-8a9c-e9ef39c201e9&#8243; custom_margin=\u00bb0px||0px||false|false\u00bb custom_padding=\u00bb0px||0px||false|false\u00bb global_colors_info=\u00bb{%22gcid-836011e9-5230-4bed-8a9c-e9ef39c201e9%22:%91%22background_color%22%93}\u00bb theme_builder_area=\u00bbpost_content\u00bb][et_pb_row module_class=\u00bbcabecera-productos\u00bb _builder_version=\u00bb4.22.0&#8243; _module_preset=\u00bbdefault\u00bb background_color=\u00bbgcid-836011e9-5230-4bed-8a9c-e9ef39c201e9&#8243; width=\u00bb100%\u00bb max_width=\u00bb1350px\u00bb global_colors_info=\u00bb{%22gcid-836011e9-5230-4bed-8a9c-e9ef39c201e9%22:%91%22background_color%22%93}\u00bb theme_builder_area=\u00bbpost_content\u00bb][et_pb_column type=\u00bb4_4&#8243; _builder_version=\u00bb4.22.0&#8243; _module_preset=\u00bbdefault\u00bb global_colors_info=\u00bb{}\u00bb theme_builder_area=\u00bbpost_content\u00bb][et_pb_text _builder_version=\u00bb4.22.0&#8243; _module_preset=\u00bbdefault\u00bb custom_margin=\u00bb||0px||false|false\u00bb custom_padding=\u00bb||0px||false|false\u00bb hover_enabled=\u00bb0&#8243; global_colors_info=\u00bb{}\u00bb theme_builder_area=\u00bbpost_content\u00bb sticky_enabled=\u00bb0&#8243;]<\/p>\n<p style=\"text-align: center;\"><span>Donalba Electr\u00f3nica SLU se erige como un l\u00edder indiscutible en la distribuci\u00f3n de productos, software y servicios certificables para la seguridad a\u00e9rea. Su compromiso con la excelencia y su especializaci\u00f3n en buses de comunicaci\u00f3n como el MIL-STD-1553, el ARINC-429 y el ARINC 664, demuestran su capacidad para brindar soluciones de vanguardia que contribuyen a la seguridad y el rendimiento de la industria aeroespacial en constante evoluci\u00f3n.<\/span><\/p>\n<p>[\/et_pb_text][et_pb_button button_url=\u00bb\/contacto\u00bb button_text=\u00bbCONTACTO\u00bb button_alignment=\u00bbcenter\u00bb _builder_version=\u00bb4.22.0&#8243; _module_preset=\u00bbdefault\u00bb custom_button=\u00bbon\u00bb button_bg_color=\u00bbRGBA(255,255,255,0)\u00bb background_layout=\u00bbdark\u00bb custom_margin=\u00bb25px||5px||false|false\u00bb animation_style=\u00bbslide\u00bb global_colors_info=\u00bb{}\u00bb theme_builder_area=\u00bbpost_content\u00bb][\/et_pb_button][\/et_pb_column][\/et_pb_row][\/et_pb_section][et_pb_section fb_built=\u00bb1&#8243; _builder_version=\u00bb4.22.0&#8243; _module_preset=\u00bbdefault\u00bb custom_margin=\u00bb50px||||false|false\u00bb custom_padding=\u00bb0px||||false|false\u00bb global_colors_info=\u00bb{}\u00bb theme_builder_area=\u00bbpost_content\u00bb][et_pb_row column_structure=\u00bb1_2,1_2&#8243; _builder_version=\u00bb4.22.0&#8243; _module_preset=\u00bbdefault\u00bb max_width=\u00bb1350px\u00bb global_colors_info=\u00bb{}\u00bb theme_builder_area=\u00bbpost_content\u00bb][et_pb_column type=\u00bb1_2&#8243; _builder_version=\u00bb4.22.0&#8243; _module_preset=\u00bbdefault\u00bb global_colors_info=\u00bb{}\u00bb theme_builder_area=\u00bbpost_content\u00bb][et_pb_image src=\u00bbhttps:\/\/www.donalba.com\/OrquestaMedia2023Donalba\/wp-content\/uploads\/2023\/08\/refuellingsmall.jpg\u00bb title_text=\u00bbrefuellingsmall\u00bb _builder_version=\u00bb4.22.0&#8243; _module_preset=\u00bbdefault\u00bb animation_style=\u00bbslide\u00bb animation_direction=\u00bbleft\u00bb global_colors_info=\u00bb{}\u00bb theme_builder_area=\u00bbpost_content\u00bb][\/et_pb_image][\/et_pb_column][et_pb_column type=\u00bb1_2&#8243; _builder_version=\u00bb4.22.0&#8243; _module_preset=\u00bbdefault\u00bb global_colors_info=\u00bb{}\u00bb theme_builder_area=\u00bbpost_content\u00bb][et_pb_text module_class=\u00bbtexto-p\u00bb _builder_version=\u00bb4.22.0&#8243; _module_preset=\u00bbdefault\u00bb animation_style=\u00bbslide\u00bb animation_direction=\u00bbright\u00bb hover_enabled=\u00bb0&#8243; global_colors_info=\u00bb{}\u00bb theme_builder_area=\u00bbpost_content\u00bb sticky_enabled=\u00bb0&#8243;]<\/p>\n<p>Por su parte, el ARINC-429 es un bus de comunicaci\u00f3n ampliamente utilizado en la aviaci\u00f3n civil. Su dise\u00f1o flexible y capacidad para transmitir datos cr\u00edticos en tiempo real lo convierten en un elemento esencial en los sistemas de aeronaves modernas. Donalba Electr\u00f3nica SLU ofrece soluciones que aprovechan al m\u00e1ximo las capacidades del ARINC-429, garantizando una comunicaci\u00f3n efectiva entre los diferentes sistemas y subsistemas de la aeronave.<\/p>\n<p>En el presente, el ARINC 664 se destaca como el est\u00e1ndar m\u00e1s avanzado en t\u00e9rminos de buses de comunicaci\u00f3n aeroespacial. Tambi\u00e9n conocido como \u00abAvionics Full-Duplex Switched Ethernet\u00bb (AFDX), este protocolo revoluciona la forma en que los sistemas de aeronaves se comunican y comparten datos. Donalba Electr\u00f3nica SLU est\u00e1 a la vanguardia en la implementaci\u00f3n del ARINC 664, permitiendo una comunicaci\u00f3n de alta velocidad y confiabilidad entre los sistemas cr\u00edticos de las aeronaves.<\/p>\n<p>[\/et_pb_text][\/et_pb_column][\/et_pb_row][\/et_pb_section]<\/p>\n","protected":false},"excerpt":{"rendered":"<p>AEROESPACIALDonalba Electr\u00f3nica SLU: L\u00edder en Soluciones Certificables para la Aviaci\u00f3n y sus Buses de Comunicaci\u00f3n La industria aeroespacial es un \u00e1mbito donde la seguridad y la confiabilidad son primordiales. En este escenario, Donalba Electr\u00f3nica SLU se destaca como un referente en la distribuci\u00f3n de productos, software y servicios certificables para la seguridad a\u00e9rea, en estricta [&hellip;]<\/p>\n","protected":false},"author":1,"featured_media":0,"parent":0,"menu_order":0,"comment_status":"closed","ping_status":"closed","template":"","meta":{"_et_pb_use_builder":"on","_et_pb_old_content":"","_et_gb_content_width":"","footnotes":""},"class_list":["post-524","page","type-page","status-publish","hentry"],"_links":{"self":[{"href":"https:\/\/www.donalba.com\/OrquestaMedia2023Donalba\/wp-json\/wp\/v2\/pages\/524","targetHints":{"allow":["GET"]}}],"collection":[{"href":"https:\/\/www.donalba.com\/OrquestaMedia2023Donalba\/wp-json\/wp\/v2\/pages"}],"about":[{"href":"https:\/\/www.donalba.com\/OrquestaMedia2023Donalba\/wp-json\/wp\/v2\/types\/page"}],"author":[{"embeddable":true,"href":"https:\/\/www.donalba.com\/OrquestaMedia2023Donalba\/wp-json\/wp\/v2\/users\/1"}],"replies":[{"embeddable":true,"href":"https:\/\/www.donalba.com\/OrquestaMedia2023Donalba\/wp-json\/wp\/v2\/comments?post=524"}],"version-history":[{"count":5,"href":"https:\/\/www.donalba.com\/OrquestaMedia2023Donalba\/wp-json\/wp\/v2\/pages\/524\/revisions"}],"predecessor-version":[{"id":741,"href":"https:\/\/www.donalba.com\/OrquestaMedia2023Donalba\/wp-json\/wp\/v2\/pages\/524\/revisions\/741"}],"wp:attachment":[{"href":"https:\/\/www.donalba.com\/OrquestaMedia2023Donalba\/wp-json\/wp\/v2\/media?parent=524"}],"curies":[{"name":"wp","href":"https:\/\/api.w.org\/{rel}","templated":true}]}}