{"id":536,"date":"2023-08-29T10:33:59","date_gmt":"2023-08-29T08:33:59","guid":{"rendered":"https:\/\/www.donalba.com\/OrquestaMedia2023Donalba\/?page_id=536"},"modified":"2023-09-20T18:08:12","modified_gmt":"2023-09-20T16:08:12","slug":"defensa","status":"publish","type":"page","link":"https:\/\/www.donalba.com\/OrquestaMedia2023Donalba\/defensa\/","title":{"rendered":"Defensa"},"content":{"rendered":"<p>[et_pb_section fb_built=\u00bb1&#8243; _builder_version=\u00bb4.22.0&#8243; _module_preset=\u00bbdefault\u00bb background_color=\u00bbgcid-836011e9-5230-4bed-8a9c-e9ef39c201e9&#8243; max_height=\u00bb120px\u00bb custom_margin=\u00bb0px||||false|false\u00bb custom_padding=\u00bb20px||||false|false\u00bb global_colors_info=\u00bb{%22gcid-836011e9-5230-4bed-8a9c-e9ef39c201e9%22:%91%22background_color%22%93}\u00bb theme_builder_area=\u00bbpost_content\u00bb][et_pb_row _builder_version=\u00bb4.22.0&#8243; _module_preset=\u00bbdefault\u00bb global_colors_info=\u00bb{}\u00bb theme_builder_area=\u00bbpost_content\u00bb][et_pb_column type=\u00bb4_4&#8243; _builder_version=\u00bb4.22.0&#8243; _module_preset=\u00bbdefault\u00bb global_colors_info=\u00bb{}\u00bb theme_builder_area=\u00bbpost_content\u00bb][et_pb_text _builder_version=\u00bb4.22.0&#8243; _module_preset=\u00bbdefault\u00bb hover_enabled=\u00bb0&#8243; global_colors_info=\u00bb{}\u00bb theme_builder_area=\u00bbpost_content\u00bb sticky_enabled=\u00bb0&#8243;]<\/p>\n<h1 style=\"color: #ffffff; text-align: center;\"><strong>DEFENSA<\/strong><\/h1>\n<p>[\/et_pb_text][\/et_pb_column][\/et_pb_row][\/et_pb_section][et_pb_section fb_built=\u00bb1&#8243; _builder_version=\u00bb4.22.0&#8243; _module_preset=\u00bbdefault\u00bb custom_padding=\u00bb||0px||false|false\u00bb global_colors_info=\u00bb{}\u00bb theme_builder_area=\u00bbpost_content\u00bb][et_pb_row module_class=\u00bbtexto-tipo\u00bb _builder_version=\u00bb4.22.0&#8243; _module_preset=\u00bbdefault\u00bb max_width=\u00bb1350px\u00bb global_colors_info=\u00bb{}\u00bb theme_builder_area=\u00bbpost_content\u00bb][et_pb_column type=\u00bb4_4&#8243; _builder_version=\u00bb4.22.0&#8243; _module_preset=\u00bbdefault\u00bb global_colors_info=\u00bb{}\u00bb theme_builder_area=\u00bbpost_content\u00bb][et_pb_text _builder_version=\u00bb4.22.0&#8243; _module_preset=\u00bbdefault\u00bb animation_style=\u00bbslide\u00bb animation_direction=\u00bbbottom\u00bb hover_enabled=\u00bb0&#8243; global_colors_info=\u00bb{}\u00bb theme_builder_area=\u00bbpost_content\u00bb sticky_enabled=\u00bb0&#8243;]<\/p>\n<h2><strong>DONALBA ELECTRONICA: Experto Destacado en el Sector de Defensa<\/strong><\/h2>\n<p>En el competitivo mundo del sector de defensa, donde la innovaci\u00f3n y la experiencia son fundamentales, destaca una figura que ha forjado su camino a trav\u00e9s de un conocimiento profundo y una trayectoria impecable: DONALBA ELECTRONICA. Con una experiencia que abarca d\u00e9cadas y una cartera de clientes que incluye a las empresas m\u00e1s influyentes, DONALBA ELECTRONICA se ha consolidado como un l\u00edder indiscutible en este exigente campo.[\/et_pb_text][\/et_pb_column][\/et_pb_row][\/et_pb_section][et_pb_section fb_built=\u00bb1&#8243; _builder_version=\u00bb4.22.0&#8243; _module_preset=\u00bbdefault\u00bb custom_padding=\u00bb0px||40px||false|false\u00bb global_colors_info=\u00bb{}\u00bb theme_builder_area=\u00bbpost_content\u00bb][et_pb_row column_structure=\u00bb1_2,1_2&#8243; _builder_version=\u00bb4.22.0&#8243; _module_preset=\u00bbdefault\u00bb max_width=\u00bb1350px\u00bb global_colors_info=\u00bb{}\u00bb theme_builder_area=\u00bbpost_content\u00bb][et_pb_column type=\u00bb1_2&#8243; _builder_version=\u00bb4.22.0&#8243; _module_preset=\u00bbdefault\u00bb global_colors_info=\u00bb{}\u00bb theme_builder_area=\u00bbpost_content\u00bb][et_pb_text module_class=\u00bbtexto-p\u00bb _builder_version=\u00bb4.22.0&#8243; _module_preset=\u00bbdefault\u00bb animation_style=\u00bbslide\u00bb animation_direction=\u00bbleft\u00bb hover_enabled=\u00bb0&#8243; global_colors_info=\u00bb{}\u00bb theme_builder_area=\u00bbpost_content\u00bb sticky_enabled=\u00bb0&#8243;]Con m\u00e1s de dos d\u00e9cadas de dedicaci\u00f3n exclusiva al sector de defensa, DONALBA ELECTRONICA ha acumulado un conocimiento excepcional que lo distingue. Su pericia abarca desde los niveles m\u00e1s b\u00e1sicos de fabricaci\u00f3n hasta los proyectos m\u00e1s ambiciosos, abriendo un amplio abanico de posibilidades para las empresas que conf\u00edan en su experiencia. INDRA, AIRBUS y GENERAL DYNAMICS son solo algunas de las empresas l\u00edderes que han recurrido a los servicios de DONALBA ELECTRONICA para obtener insights valiosos y soluciones estrat\u00e9gicas.<\/p>\n<p>La larga y fruct\u00edfera carrera de DONALBA ELECTRONICA se ha cimentado en la relaci\u00f3n estrecha con sus clientes. M\u00e1s que un simple asesor, se ha convertido en un colaborador esencial en sus proyectos. Con un compromiso que supera las dos d\u00e9cadas, ha demostrado ser una pieza clave en la toma de decisiones estrat\u00e9gicas de sus clientes. Su profundo conocimiento del sector de defensa y su habilidad para comprender las necesidades y desaf\u00edos espec\u00edficos de cada empresa lo han llevado a establecer relaciones duraderas y mutuamente beneficiosas.<\/p>\n<p>El alcance del sector de defensa es vasto y diverso, abarcando todos los niveles de fabricaci\u00f3n y atendiendo a los ej\u00e9rcitos de tierra, mar y aire. DONALBA ELECTRONICA ha demostrado su versatilidad al colaborar con fabricantes de plataformas terrestres, a\u00e9reas, navales y espaciales, proporcionando soluciones que abarcan desde lo t\u00e1ctico hasta lo estrat\u00e9gico. Adem\u00e1s, su presencia en ferias internacionales clave como Eurosatory y DSEI le permite mantenerse al tanto de las \u00faltimas innovaciones y establecer conexiones directas con sus clientes, fortaleciendo a\u00fan m\u00e1s su posici\u00f3n como un experto influyente en la industria.<br \/>\n[\/et_pb_text][\/et_pb_column][et_pb_column type=\u00bb1_2&#8243; _builder_version=\u00bb4.22.0&#8243; _module_preset=\u00bbdefault\u00bb global_colors_info=\u00bb{}\u00bb theme_builder_area=\u00bbpost_content\u00bb][et_pb_image src=\u00bbhttps:\/\/www.donalba.com\/OrquestaMedia2023Donalba\/wp-content\/uploads\/2023\/09\/Defensa.png\u00bb title_text=\u00bbDefensa\u00bb _builder_version=\u00bb4.22.0&#8243; _module_preset=\u00bbdefault\u00bb custom_padding=\u00bb|||0px||\u00bb animation_style=\u00bbslide\u00bb animation_direction=\u00bbright\u00bb hover_enabled=\u00bb0&#8243; global_colors_info=\u00bb{}\u00bb theme_builder_area=\u00bbpost_content\u00bb sticky_enabled=\u00bb0&#8243;][\/et_pb_image][\/et_pb_column][\/et_pb_row][\/et_pb_section][et_pb_section fb_built=\u00bb1&#8243; module_class=\u00bbllamada\u00bb _builder_version=\u00bb4.22.0&#8243; _module_preset=\u00bbdefault\u00bb background_color=\u00bbgcid-836011e9-5230-4bed-8a9c-e9ef39c201e9&#8243; custom_margin=\u00bb0px||0px||false|false\u00bb custom_padding=\u00bb0px||0px||false|false\u00bb global_colors_info=\u00bb{%22gcid-836011e9-5230-4bed-8a9c-e9ef39c201e9%22:%91%22background_color%22%93}\u00bb theme_builder_area=\u00bbpost_content\u00bb][et_pb_row module_class=\u00bbcabecera-productos\u00bb _builder_version=\u00bb4.22.0&#8243; _module_preset=\u00bbdefault\u00bb background_color=\u00bbgcid-836011e9-5230-4bed-8a9c-e9ef39c201e9&#8243; width=\u00bb100%\u00bb max_width=\u00bb1350px\u00bb global_colors_info=\u00bb{%22gcid-836011e9-5230-4bed-8a9c-e9ef39c201e9%22:%91%22background_color%22%93}\u00bb theme_builder_area=\u00bbpost_content\u00bb][et_pb_column type=\u00bb4_4&#8243; _builder_version=\u00bb4.22.0&#8243; _module_preset=\u00bbdefault\u00bb global_colors_info=\u00bb{}\u00bb theme_builder_area=\u00bbpost_content\u00bb][et_pb_text _builder_version=\u00bb4.22.0&#8243; _module_preset=\u00bbdefault\u00bb custom_margin=\u00bb||0px||false|false\u00bb custom_padding=\u00bb||0px||false|false\u00bb hover_enabled=\u00bb0&#8243; global_colors_info=\u00bb{}\u00bb theme_builder_area=\u00bbpost_content\u00bb sticky_enabled=\u00bb0&#8243;]<\/p>\n<p style=\"text-align: center;\"><span>DONALBA ELECTRONICA se ha ganado un lugar prominente en el sector de defensa gracias a su vasto conocimiento, su amplia experiencia y su enfoque colaborativo. Su compromiso a largo plazo con los clientes, su participaci\u00f3n en ferias internacionales y nacionales, as\u00ed como su papel en proyectos estrat\u00e9gicos, lo posicionan como un l\u00edder indiscutible en el sector. INDRA, AIRBUS, GENERAL DYNAMICS y muchas otras empresas pueden atestiguar su impacto positivo en la industria. DONALBA ELECTRONICA no solo es un experto en defensa, sino un socio confiable y un impulsor del \u00e9xito continuo en este apasionante campo.<\/span><\/p>\n<p>[\/et_pb_text][et_pb_button button_url=\u00bb\/contacto\u00bb button_text=\u00bbCONTACTO\u00bb button_alignment=\u00bbcenter\u00bb _builder_version=\u00bb4.22.0&#8243; _module_preset=\u00bbdefault\u00bb custom_button=\u00bbon\u00bb button_bg_color=\u00bbRGBA(255,255,255,0)\u00bb background_layout=\u00bbdark\u00bb custom_margin=\u00bb25px||5px||false|false\u00bb animation_style=\u00bbslide\u00bb global_colors_info=\u00bb{}\u00bb theme_builder_area=\u00bbpost_content\u00bb][\/et_pb_button][\/et_pb_column][\/et_pb_row][\/et_pb_section][et_pb_section fb_built=\u00bb1&#8243; _builder_version=\u00bb4.22.0&#8243; _module_preset=\u00bbdefault\u00bb custom_margin=\u00bb50px||||false|false\u00bb custom_padding=\u00bb0px||||false|false\u00bb global_colors_info=\u00bb{}\u00bb theme_builder_area=\u00bbpost_content\u00bb][et_pb_row column_structure=\u00bb1_2,1_2&#8243; _builder_version=\u00bb4.22.0&#8243; _module_preset=\u00bbdefault\u00bb max_width=\u00bb1350px\u00bb global_colors_info=\u00bb{}\u00bb theme_builder_area=\u00bbpost_content\u00bb][et_pb_column type=\u00bb1_2&#8243; _builder_version=\u00bb4.22.0&#8243; _module_preset=\u00bbdefault\u00bb global_colors_info=\u00bb{}\u00bb theme_builder_area=\u00bbpost_content\u00bb][et_pb_image src=\u00bbhttps:\/\/www.donalba.com\/OrquestaMedia2023Donalba\/wp-content\/uploads\/2023\/08\/refuellingsmall.jpg\u00bb title_text=\u00bbrefuellingsmall\u00bb _builder_version=\u00bb4.22.0&#8243; _module_preset=\u00bbdefault\u00bb animation_style=\u00bbslide\u00bb animation_direction=\u00bbleft\u00bb global_colors_info=\u00bb{}\u00bb theme_builder_area=\u00bbpost_content\u00bb][\/et_pb_image][\/et_pb_column][et_pb_column type=\u00bb1_2&#8243; _builder_version=\u00bb4.22.0&#8243; _module_preset=\u00bbdefault\u00bb global_colors_info=\u00bb{}\u00bb theme_builder_area=\u00bbpost_content\u00bb][et_pb_text module_class=\u00bbtexto-p\u00bb _builder_version=\u00bb4.22.0&#8243; _module_preset=\u00bbdefault\u00bb animation_style=\u00bbslide\u00bb animation_direction=\u00bbright\u00bb hover_enabled=\u00bb0&#8243; global_colors_info=\u00bb{}\u00bb theme_builder_area=\u00bbpost_content\u00bb sticky_enabled=\u00bb0&#8243;]Las ferias nacionales tambi\u00e9n juegan un papel vital en la estrategia de DONALBA ELECTRONICA. Su participaci\u00f3n en eventos como FEINDEF no solo le brinda la oportunidad de mostrar su experiencia, sino tambi\u00e9n de brindar un soporte valioso a sus fabricantes. Esta interacci\u00f3n cercana y personalizada es parte integral de su enfoque en el marketing y refleja su compromiso con el \u00e9xito de sus clientes en todos los niveles.<\/p>\n<p>DONALBA ELECTRONICA no solo es un referente en consultor\u00eda estrat\u00e9gica, sino tambi\u00e9n un colaborador activo en proyectos emblem\u00e1ticos de defensa en Espa\u00f1a. Su participaci\u00f3n en proyectos como el 8&#215;8 DRAGON, el submarino S80, el UAV EUROMALE, el UAV SIRTAP y el veh\u00edculo de apoyo de cadenas VAC lo han consolidado como un elemento esencial en la industria. Su capacidad para enfrentar los desaf\u00edos m\u00e1s complejos y aportar soluciones creativas es una de las razones por las cuales las empresas m\u00e1s influyentes conf\u00edan en su experiencia.<br \/>\n[\/et_pb_text][\/et_pb_column][\/et_pb_row][\/et_pb_section]<\/p>\n","protected":false},"excerpt":{"rendered":"<p>DEFENSADONALBA ELECTRONICA: Experto Destacado en el Sector de Defensa En el competitivo mundo del sector de defensa, donde la innovaci\u00f3n y la experiencia son fundamentales, destaca una figura que ha forjado su camino a trav\u00e9s de un conocimiento profundo y una trayectoria impecable: DONALBA ELECTRONICA. Con una experiencia que abarca d\u00e9cadas y una cartera de [&hellip;]<\/p>\n","protected":false},"author":1,"featured_media":0,"parent":0,"menu_order":0,"comment_status":"closed","ping_status":"closed","template":"","meta":{"_et_pb_use_builder":"on","_et_pb_old_content":"","_et_gb_content_width":"","footnotes":""},"class_list":["post-536","page","type-page","status-publish","hentry"],"_links":{"self":[{"href":"https:\/\/www.donalba.com\/OrquestaMedia2023Donalba\/wp-json\/wp\/v2\/pages\/536","targetHints":{"allow":["GET"]}}],"collection":[{"href":"https:\/\/www.donalba.com\/OrquestaMedia2023Donalba\/wp-json\/wp\/v2\/pages"}],"about":[{"href":"https:\/\/www.donalba.com\/OrquestaMedia2023Donalba\/wp-json\/wp\/v2\/types\/page"}],"author":[{"embeddable":true,"href":"https:\/\/www.donalba.com\/OrquestaMedia2023Donalba\/wp-json\/wp\/v2\/users\/1"}],"replies":[{"embeddable":true,"href":"https:\/\/www.donalba.com\/OrquestaMedia2023Donalba\/wp-json\/wp\/v2\/comments?post=536"}],"version-history":[{"count":3,"href":"https:\/\/www.donalba.com\/OrquestaMedia2023Donalba\/wp-json\/wp\/v2\/pages\/536\/revisions"}],"predecessor-version":[{"id":894,"href":"https:\/\/www.donalba.com\/OrquestaMedia2023Donalba\/wp-json\/wp\/v2\/pages\/536\/revisions\/894"}],"wp:attachment":[{"href":"https:\/\/www.donalba.com\/OrquestaMedia2023Donalba\/wp-json\/wp\/v2\/media?parent=536"}],"curies":[{"name":"wp","href":"https:\/\/api.w.org\/{rel}","templated":true}]}}