{"id":945,"date":"2023-09-21T11:30:36","date_gmt":"2023-09-21T09:30:36","guid":{"rendered":"https:\/\/www.donalba.com\/OrquestaMedia2023Donalba\/?page_id=945"},"modified":"2023-10-04T11:48:30","modified_gmt":"2023-10-04T09:48:30","slug":"advanced-cooling-technologies","status":"publish","type":"page","link":"https:\/\/www.donalba.com\/OrquestaMedia2023Donalba\/advanced-cooling-technologies\/","title":{"rendered":"Advanced Cooling Technologies"},"content":{"rendered":"<p>[et_pb_section fb_built=\u00bb1&#8243; module_class=\u00bbbloque-fab\u00bb _builder_version=\u00bb4.22.0&#8243; _module_preset=\u00bbdefault\u00bb background_color=\u00bbgcid-836011e9-5230-4bed-8a9c-e9ef39c201e9&#8243; max_height=\u00bb120px\u00bb custom_margin=\u00bb0px||||false|false\u00bb custom_padding=\u00bb20px||||false|false\u00bb global_colors_info=\u00bb{%22gcid-836011e9-5230-4bed-8a9c-e9ef39c201e9%22:%91%22background_color%22%93}\u00bb][et_pb_row _builder_version=\u00bb4.22.0&#8243; _module_preset=\u00bbdefault\u00bb global_colors_info=\u00bb{}\u00bb][et_pb_column type=\u00bb4_4&#8243; _builder_version=\u00bb4.22.0&#8243; _module_preset=\u00bbdefault\u00bb global_colors_info=\u00bb{}\u00bb][et_pb_text _builder_version=\u00bb4.22.0&#8243; _module_preset=\u00bbdefault\u00bb global_colors_info=\u00bb{}\u00bb]<\/p>\n<h1 style=\"color: #ffffff; text-align: center;\"><strong>ADVANCED COOLING TECHNOLOGIES<\/strong><\/h1>\n<p>[\/et_pb_text][\/et_pb_column][\/et_pb_row][\/et_pb_section][et_pb_section fb_built=\u00bb1&#8243; _builder_version=\u00bb4.22.0&#8243; _module_preset=\u00bbdefault\u00bb custom_padding=\u00bb||0px||false|false\u00bb global_colors_info=\u00bb{}\u00bb][et_pb_row module_class=\u00bbtexto-tipo\u00bb _builder_version=\u00bb4.22.0&#8243; _module_preset=\u00bbdefault\u00bb max_width=\u00bb1350px\u00bb global_colors_info=\u00bb{}\u00bb][et_pb_column type=\u00bb4_4&#8243; _builder_version=\u00bb4.22.0&#8243; _module_preset=\u00bbdefault\u00bb global_colors_info=\u00bb{}\u00bb][et_pb_text _builder_version=\u00bb4.22.0&#8243; _module_preset=\u00bbdefault\u00bb animation_style=\u00bbslide\u00bb animation_direction=\u00bbbottom\u00bb global_colors_info=\u00bb{}\u00bb]<\/p>\n<h2 style=\"font-size: 25px;\"><strong>ACT es una empresa l\u00edder en soluciones de gesti\u00f3n t\u00e9rmica que se centra en aplicaciones personalizadas de tecnolog\u00eda de transferencia de calor de dos fases<\/strong><\/h2>\n<p>[\/et_pb_text][\/et_pb_column][\/et_pb_row][\/et_pb_section][et_pb_section fb_built=\u00bb1&#8243; _builder_version=\u00bb4.22.0&#8243; _module_preset=\u00bbdefault\u00bb custom_padding=\u00bb0px||0px||false|false\u00bb global_colors_info=\u00bb{}\u00bb][et_pb_row column_structure=\u00bb1_2,1_2&#8243; _builder_version=\u00bb4.22.0&#8243; _module_preset=\u00bbdefault\u00bb max_width=\u00bb1350px\u00bb global_colors_info=\u00bb{}\u00bb][et_pb_column type=\u00bb1_2&#8243; _builder_version=\u00bb4.22.0&#8243; _module_preset=\u00bbdefault\u00bb global_colors_info=\u00bb{}\u00bb][et_pb_text module_class=\u00bbtexto-p\u00bb _builder_version=\u00bb4.22.0&#8243; _module_preset=\u00bbdefault\u00bb animation_style=\u00bbslide\u00bb animation_direction=\u00bbleft\u00bb global_colors_info=\u00bb{}\u00bb]<\/p>\n<p>Fundada en 2003 como una empresa de investigaci\u00f3n y desarrollo, ACT ha crecido hasta convertirse en un fabricante l\u00edder de productos de gesti\u00f3n t\u00e9rmica para diversas industrias y aplicaciones. Nuestros dise\u00f1os y productos de gesti\u00f3n t\u00e9rmica se implementan en numerosos sat\u00e9lites comerciales, veh\u00edculos militares, dispositivos m\u00e9dicos y equipos de im\u00e1genes, equipos de calibraci\u00f3n primaria y sistemas HVAC.<\/p>\n<h3>SERVICIOS T\u00c9CNICOS T\u00c9RMICOS<\/h3>\n<p>ACT ofrece una gama completa de servicios de ingenier\u00eda t\u00e9rmica, desde la generaci\u00f3n de conceptos iniciales hasta el dise\u00f1o de productos y la producci\u00f3n en gran volumen de una soluci\u00f3n de gesti\u00f3n t\u00e9rmica totalmente integrada, y todo lo dem\u00e1s. Estamos comprometidos a servir a nuestros clientes en cualquier punto del ciclo de dise\u00f1o y a brindarles solo los servicios que realmente necesitan.<\/p>\n<p>[\/et_pb_text][\/et_pb_column][et_pb_column type=\u00bb1_2&#8243; _builder_version=\u00bb4.22.0&#8243; _module_preset=\u00bbdefault\u00bb global_colors_info=\u00bb{}\u00bb][et_pb_text _builder_version=\u00bb4.22.0&#8243; _module_preset=\u00bbdefault\u00bb global_colors_info=\u00bb{}\u00bb]<\/p>\n<h3>SOLICITA INFORMACI\u00d3N<\/h3>\n<p>[\/et_pb_text][et_pb_text _builder_version=\u00bb4.22.0&#8243; _module_preset=\u00bbdefault\u00bb global_colors_info=\u00bb{}\u00bb]<\/p>\n<form id=\"__vtigerWebForm\" name=\"Suscripci\u00f3n lista correo\" action=\"https:\/\/donalbaelectronicasl.od2.vtiger.com\/modules\/Webforms\/capture.php\" method=\"post\" accept-charset=\"utf-8\" enctype=\"multipart\/form-data\"><input type=\"hidden\" name=\"__vtrftk\" value=\"sid:4e847027793943ec798263624e4db68800e5615e,1497865027\" \/><br \/>\n<input type=\"hidden\" name=\"publicid\" value=\"98c767eaa6adaa27d77f183f7eebf324\" \/><br \/>\n<input type=\"hidden\" name=\"urlencodeenable\" value=\"1\" \/><br \/>\n<input type=\"hidden\" name=\"name\" value=\"Suscripci\u00f3n lista correo\" \/><br \/>\n<input type=\"hidden\" name=\"__vtCurrency\" value=\"1\" \/><br \/>\n<input type=\"checkbox\" name=\"cf_1301\" data-label=\"\" value=\"1\" required=\"\" \/><\/p>\n<table style=\"width: auto; height: 79px; margin-left: auto; margin-right: auto;\">\n<tbody>\n<tr>\n<td><label>Nombre*<\/label><\/td>\n<td><input type=\"text\" name=\"firstname\" data-label=\"\" value=\"\" required=\"\" \/><\/td>\n<\/tr>\n<tr>\n<td><label>Apellido*<\/label><\/td>\n<td><input type=\"text\" name=\"lastname\" data-label=\"\" value=\"\" required=\"\" \/><\/td>\n<\/tr>\n<tr>\n<td><label>Email*<\/label><\/td>\n<td><input type=\"email\" name=\"email\" data-label=\"\" value=\"\" required=\"\" \/><\/td>\n<\/tr>\n<tr><\/tr>\n<\/tbody>\n<\/table>\n<div align=\"center\">\n<script src=\"https:\/\/www.google.com\/recaptcha\/api.js\"><\/script><\/p>\n<div class=\"g-recaptcha\" data-sitekey=\"6LcmdSATAAAAAGWw734vGo0AXQwuxJS7RmDZA_Fe\">\n<div style=\"width: 304px; height: 78px;\">\n<div><iframe loading=\"lazy\" title=\"reCAPTCHA\" src=\"https:\/\/www.google.com\/recaptcha\/api2\/anchor?ar=1&amp;k=6LcmdSATAAAAAGWw734vGo0AXQwuxJS7RmDZA_Fe&amp;co=aHR0cHM6Ly93d3cuZG9uYWxiYS5jb206NDQz&amp;hl=es&amp;v=uEf7E1417z6GNSkRx7AyL8K8&amp;size=normal&amp;cb=klrqx72288tw\" width=\"304\" height=\"78\" role=\"presentation\" name=\"a-jp0x6crqic\" frameborder=\"0\" scrolling=\"no\" sandbox=\"allow-forms allow-popups allow-same-origin allow-scripts allow-top-navigation allow-modals allow-popups-to-escape-sandbox\"><\/iframe><\/div>\n<p><textarea id=\"g-recaptcha-response\" name=\"g-recaptcha-response\" class=\"g-recaptcha-response\" style=\"width: 250px; height: 40px; border: 1px solid #c1c1c1; margin: 10px 25px; padding: 0px; resize: none; display: none;\"><\/textarea><\/p>\n<\/div>\n<p><iframe style=\"display: none;\"><\/iframe><\/p>\n<\/div>\n<p><input type=\"hidden\" id=\"captchaUrl\" value=\"https:\/\/donalbaelectronicasl.od2.vtiger.com\/modules\/Settings\/Webforms\/actions\/ValidateCaptcha.php\" \/> <input type=\"hidden\" id=\"recaptcha_validation_value\" name=\"recaptcha_validation_value\" \/> <input type=\"submit\" value=\"Submit\" id=\"vtigerFormSubmitBtn\" \/><br \/>\n<script type=\"text\/javascript\">window.onload = function() { var N=navigator.appName, ua=navigator.userAgent, tem;var M=ua.match(\/(opera|chrome|safari|firefox|msie)\\\/?\\s*(\\.?\\d+(\\.\\d+)*)\/i);if(M && (tem= ua.match(\/version\\\/([\\.\\d]+)\/i))!= null) M[2]= tem[1];M=M? [M[1], M[2]]: [N, navigator.appVersion, \"-?\"];var browserName = M[0];var form = document.getElementById(\"__vtigerWebForm\"), inputs = form.elements; form.onsubmit = function() { document.getElementById(\"vtigerFormSubmitBtn\").disabled=true;var required = [], att, val; var startDate;var endDate;for (var i = 0; i < inputs.length; i++) { att = inputs[i].getAttribute(\"required\"); val = inputs[i].value; type = inputs[i].type; if(inputs[i].name == \"birthday\"){birthdayDate = new Date(inputs[i].value);todayDate = new Date();todayDate.setHours(0,0,0,0);birthdayDate.setHours(0,0,0,0);if(birthdayDate >= todayDate){alert(\"Date of Birth should be less than Today's Date.\");document.getElementById(\"vtigerFormSubmitBtn\").disabled=false;return false;}}if(inputs[i].name==\"support_start_date\"){startDate = inputs[i].value;}if(inputs[i].name==\"support_end_date\"){endDate = inputs[i].value;}if(type == \"email\") {if(val != \"\") {var elemLabel = inputs[i].getAttribute(\"label\");var emailFilter = \/^[_\/a-zA-Z0-9]+([!\"#$%&()*+,.\/:;<=>?\\^_`{|}~-]?[a-zA-Z0-9\/_\/-])*@[a-zA-Z0-9]+([\\_\\-\\.]?[a-zA-Z0-9]+)*\\.([\\-\\_]?[a-zA-Z0-9])+(\\.?[a-zA-Z0-9]+)?$\/;var illegalChars= \/[\\(\\)\\<\\>\\,\\;\\:\\\"\\[\\]]\/ ;if (!emailFilter.test(val)) {alert(\"For \"+ elemLabel +\" field please enter valid email address\"); document.getElementById(\"vtigerFormSubmitBtn\").disabled=false; return false;} else if (val.match(illegalChars)) {alert(elemLabel +\" field contains illegal characters\"); document.getElementById(\"vtigerFormSubmitBtn\").disabled=false; return false;}}}if(startDate  && typeof startDate !== \"undefined\"){if(endDate  && typeof endDate !== \"undefined\"){startDate = new Date(startDate);endDate = new Date(endDate);if(endDate < startDate){alert(\"Support End Date should be greater than or equal to Support Start Date\");document.getElementById(\"vtigerFormSubmitBtn\").disabled = false;return false;}}}if (att != null) { if (val.replace(\/^\\s+|\\s+$\/g, \"\") == \"\") { required.push(inputs[i].getAttribute(\"label\")); } } } if (required.length > 0) { alert(\"The following fields are required: \" + required.join()); document.getElementById(\"vtigerFormSubmitBtn\").disabled=false;return false; } var numberTypeInputs = document.querySelectorAll(\"input[type=number]\");for (var i = 0; i < numberTypeInputs.length; i++) { val = numberTypeInputs[i].value;var elemLabel = numberTypeInputs[i].getAttribute(\"label\");var elemDataType = numberTypeInputs[i].getAttribute(\"datatype\");if(val != \"\") {if(elemDataType == \"double\") {var numRegex = \/^[+-]?\\d+(\\.\\d+)?$\/;}else{var numRegex = \/^[+-]?\\d+$\/;}if (!numRegex.test(val)) {alert(\"For \"+ elemLabel +\" field please enter valid number\"); document.getElementById(\"vtigerFormSubmitBtn\").disabled=false; return false;}}}var dateTypeInputs = document.querySelectorAll(\"input[type=date]\");for (var i = 0; i < dateTypeInputs.length; i++) {dateVal = dateTypeInputs[i].value;var elemLabel = dateTypeInputs[i].getAttribute(\"label\");if(dateVal != \"\") {var dateRegex = \/^[1-9][0-9]{3}-(0[1-9]|1[0-2]|[1-9]{1})-(0[1-9]|[1-2][0-9]|3[0-1]|[1-9]{1})$\/;if(!dateRegex.test(dateVal)) {alert(\"For \"+ elemLabel +\" field please enter valid date in required format\"); document.getElementById(\"vtigerFormSubmitBtn\").disabled=false; return false;}}}var inputElems = document.getElementsByTagName(\"input\");var totalFileSize = 0;for(var i = 0; i < inputElems.length; i++) {if(inputElems[i].type.toLowerCase() === \"file\") {var file = inputElems[i].files[0];if(typeof file !== \"undefined\") {var totalFileSize = totalFileSize + file.size;}}}if(totalFileSize > 52428800) {alert(\"Maximum allowed file size including all files is 50MB.\");document.getElementById(\"vtigerFormSubmitBtn\").disabled=false;return false;}var inputElem = document.querySelectorAll(\"input[type=file]\");var fileSize = 0;for(var i = 0; i < inputElem.length; i++) {if(inputElem[i].type.toLowerCase() ===  \"file\") {if(inputElem[i].hasAttribute(\"selectedTypeImage\")) {var imageFile = inputElem[i].files[0];var fileSize = imageFile.size;}}if(fileSize > 5242880) {alert(\"Maximum allowed image size is 5MB.\");document.getElementById(\"vtigerFormSubmitBtn\").disabled=false;return false;}}document.getElementById(\"vtigerFormSubmitBtn\").disabled = true;var recaptchaValidationValue = document.getElementById(\"recaptcha_validation_value\").value;if(recaptchaValidationValue != true) {var recaptchaResponse = document.getElementsByName(\"g-recaptcha-response\")[0].value;var validationUrl = document.getElementById(\"captchaUrl\").value+\"?recaptcha_response=\"+recaptchaResponse+\"&current_url=\"+window.location.href+\"&callback=captchaCallback\";jsonp.fetch(validationUrl);return false;}};};var jsonp = {callbackCounter : 0,fetch : function(url) {url = url+\"&callId=\"+this.callbackCounter;var scriptTag = document.createElement(\"SCRIPT\");scriptTag.src = url;scriptTag.async = true;scriptTag.id = \"captchaCallback_\"+this.callbackCounter;scriptTag.type = \"text\/javascript\";document.getElementsByTagName(\"HEAD\")[0].appendChild(scriptTag);this.callbackCounter++;}};function captchaCallback(data) {if(data.result.success == true) {document.getElementById(\"recaptcha_validation_value\").value = true;var form = document.getElementById(\"__vtigerWebForm\");form.submit();} else {document.getElementById(\"vtigerFormSubmitBtn\").disabled = false;grecaptcha.reset();alert(\"Captcha not verified. Please verify captcha.\");}var element = document.getElementById(\"captchaCallback_\"+data.result.callId);element.parentNode.removeChild(element);}<\/script><\/p>\n<\/div>\n<\/form>\n<p>[\/et_pb_text][\/et_pb_column][\/et_pb_row][\/et_pb_section][et_pb_section fb_built=\u00bb1&#8243; _builder_version=\u00bb4.22.0&#8243; _module_preset=\u00bbdefault\u00bb custom_margin=\u00bb0px||||false|false\u00bb custom_padding=\u00bb0px||||false|false\u00bb global_colors_info=\u00bb{}\u00bb][et_pb_row _builder_version=\u00bb4.22.0&#8243; _module_preset=\u00bbdefault\u00bb max_width=\u00bb1350px\u00bb global_colors_info=\u00bb{}\u00bb column_structure=\u00bb1_2,1_2&#8243;][et_pb_column type=\u00bb1_2&#8243; _builder_version=\u00bb4.22.0&#8243; _module_preset=\u00bbdefault\u00bb global_colors_info=\u00bb{}\u00bb][et_pb_image src=\u00bbhttps:\/\/www.donalba.com\/OrquestaMedia2023Donalba\/wp-content\/uploads\/2023\/09\/act.png\u00bb title_text=\u00bbact\u00bb _builder_version=\u00bb4.22.0&#8243; _module_preset=\u00bbdefault\u00bb custom_padding=\u00bb|||0px||\u00bb animation_style=\u00bbslide\u00bb animation_direction=\u00bbright\u00bb global_colors_info=\u00bb{}\u00bb][\/et_pb_image][\/et_pb_column][et_pb_column type=\u00bb1_2&#8243; _builder_version=\u00bb4.22.0&#8243; _module_preset=\u00bbdefault\u00bb global_colors_info=\u00bb{}\u00bb][et_pb_text module_class=\u00bbtexto-p\u00bb _builder_version=\u00bb4.22.0&#8243; _module_preset=\u00bbdefault\u00bb animation_style=\u00bbslide\u00bb animation_direction=\u00bbright\u00bb global_colors_info=\u00bb{}\u00bb]<\/p>\n<h3>PROVEEDOR COMPLETO DE SOLUCIONES T\u00c9RMICAS<\/h3>\n<p>Nos asociamos con nuestros clientes para analizar todo el alcance de su proyecto y garantizar que la arquitectura t\u00e9rmica est\u00e9 optimizada para el uso final.<br \/>Desde an\u00e1lisis t\u00e9rmico a nivel de nave espacial hasta complejos sistemas industriales y de defensa que aprovechan numerosas tecnolog\u00edas, el equipo de ingenier\u00eda de ACT adopta un enfoque integral para garantizar que la soluci\u00f3n final satisfaga las necesidades de nuestros clientes. Nuestro equipo de ingenier\u00eda est\u00e1 compuesto por analistas t\u00e9rmicos altamente experimentados, adem\u00e1s de especialistas en productos, lo que nos permite calcular el costo y la complejidad del dise\u00f1o.<\/p>\n<p>ACT tiene la misi\u00f3n de ser la mejor empresa de gesti\u00f3n t\u00e9rmica del mundo. ACT tiene la experiencia de un l\u00edder de la industria y la agilidad de una peque\u00f1a empresa,<br \/>satisfaciendo las necesidades \u00fanicas de cada cliente al brindar tecnolog\u00edas y soluciones de gesti\u00f3n t\u00e9rmica de rendimiento y costos optimizados.<\/p>\n<p>[\/et_pb_text][\/et_pb_column][\/et_pb_row][\/et_pb_section]<\/p>\n","protected":false},"excerpt":{"rendered":"<p>ADVANCED COOLING TECHNOLOGIESACT es una empresa l\u00edder en soluciones de gesti\u00f3n t\u00e9rmica que se centra en aplicaciones personalizadas de tecnolog\u00eda de transferencia de calor de dos fasesFundada en 2003 como una empresa de investigaci\u00f3n y desarrollo, ACT ha crecido hasta convertirse en un fabricante l\u00edder de productos de gesti\u00f3n t\u00e9rmica para diversas industrias y aplicaciones. [&hellip;]<\/p>\n","protected":false},"author":1,"featured_media":0,"parent":0,"menu_order":0,"comment_status":"closed","ping_status":"closed","template":"","meta":{"_et_pb_use_builder":"on","_et_pb_old_content":"","_et_gb_content_width":"","footnotes":""},"class_list":["post-945","page","type-page","status-publish","hentry"],"_links":{"self":[{"href":"https:\/\/www.donalba.com\/OrquestaMedia2023Donalba\/wp-json\/wp\/v2\/pages\/945","targetHints":{"allow":["GET"]}}],"collection":[{"href":"https:\/\/www.donalba.com\/OrquestaMedia2023Donalba\/wp-json\/wp\/v2\/pages"}],"about":[{"href":"https:\/\/www.donalba.com\/OrquestaMedia2023Donalba\/wp-json\/wp\/v2\/types\/page"}],"author":[{"embeddable":true,"href":"https:\/\/www.donalba.com\/OrquestaMedia2023Donalba\/wp-json\/wp\/v2\/users\/1"}],"replies":[{"embeddable":true,"href":"https:\/\/www.donalba.com\/OrquestaMedia2023Donalba\/wp-json\/wp\/v2\/comments?post=945"}],"version-history":[{"count":5,"href":"https:\/\/www.donalba.com\/OrquestaMedia2023Donalba\/wp-json\/wp\/v2\/pages\/945\/revisions"}],"predecessor-version":[{"id":3849,"href":"https:\/\/www.donalba.com\/OrquestaMedia2023Donalba\/wp-json\/wp\/v2\/pages\/945\/revisions\/3849"}],"wp:attachment":[{"href":"https:\/\/www.donalba.com\/OrquestaMedia2023Donalba\/wp-json\/wp\/v2\/media?parent=945"}],"curies":[{"name":"wp","href":"https:\/\/api.w.org\/{rel}","templated":true}]}}