{"id":984,"date":"2023-09-21T13:13:06","date_gmt":"2023-09-21T11:13:06","guid":{"rendered":"https:\/\/www.donalba.com\/OrquestaMedia2023Donalba\/?page_id=984"},"modified":"2023-09-21T13:35:17","modified_gmt":"2023-09-21T11:35:17","slug":"politica-de-calidad","status":"publish","type":"page","link":"https:\/\/www.donalba.com\/OrquestaMedia2023Donalba\/politica-de-calidad\/","title":{"rendered":"Politica de calidad"},"content":{"rendered":"<p>[et_pb_section fb_built=\u00bb1&#8243; _builder_version=\u00bb4.22.0&#8243; _module_preset=\u00bbdefault\u00bb background_color=\u00bbgcid-836011e9-5230-4bed-8a9c-e9ef39c201e9&#8243; max_height=\u00bb120px\u00bb custom_margin=\u00bb0px||||false|false\u00bb custom_padding=\u00bb20px||||false|false\u00bb global_colors_info=\u00bb{%22gcid-836011e9-5230-4bed-8a9c-e9ef39c201e9%22:%91%22background_color%22%93}\u00bb theme_builder_area=\u00bbpost_content\u00bb][et_pb_row _builder_version=\u00bb4.22.0&#8243; _module_preset=\u00bbdefault\u00bb global_colors_info=\u00bb{}\u00bb theme_builder_area=\u00bbpost_content\u00bb][et_pb_column type=\u00bb4_4&#8243; _builder_version=\u00bb4.22.0&#8243; _module_preset=\u00bbdefault\u00bb global_colors_info=\u00bb{}\u00bb theme_builder_area=\u00bbpost_content\u00bb][et_pb_text _builder_version=\u00bb4.22.0&#8243; _module_preset=\u00bbdefault\u00bb hover_enabled=\u00bb0&#8243; global_colors_info=\u00bb{}\u00bb theme_builder_area=\u00bbpost_content\u00bb sticky_enabled=\u00bb0&#8243;]<\/p>\n<h1 style=\"color: #ffffff; text-align: center;\"><strong>POL\u00cdTICA DE CALIDAD<\/strong><\/h1>\n<p>[\/et_pb_text][\/et_pb_column][\/et_pb_row][\/et_pb_section][et_pb_section fb_built=\u00bb1&#8243; _builder_version=\u00bb4.22.0&#8243; _module_preset=\u00bbdefault\u00bb global_colors_info=\u00bb{}\u00bb theme_builder_area=\u00bbpost_content\u00bb][et_pb_row _builder_version=\u00bb4.22.0&#8243; _module_preset=\u00bbdefault\u00bb global_colors_info=\u00bb{}\u00bb theme_builder_area=\u00bbpost_content\u00bb][et_pb_column type=\u00bb4_4&#8243; _builder_version=\u00bb4.22.0&#8243; _module_preset=\u00bbdefault\u00bb global_colors_info=\u00bb{}\u00bb theme_builder_area=\u00bbpost_content\u00bb][et_pb_text _builder_version=\u00bb4.22.0&#8243; _module_preset=\u00bbdefault\u00bb hover_enabled=\u00bb0&#8243; global_colors_info=\u00bb{}\u00bb theme_builder_area=\u00bbpost_content\u00bb sticky_enabled=\u00bb0&#8243;]<\/p>\n<p style=\"text-align: right;\">\u00a018 de diciembre de 2019<\/p>\n<p style=\"text-align: left;\">\n<p style=\"text-align: left;\">El objetivo clave de <strong>DONALBA<\/strong> es convertirnos en l\u00edderes en la importaci\u00f3n, comercializaci\u00f3n y distribuci\u00f3n de productos para los mercados de Defensa y Aeroespacial. Es por ello que La Direcci\u00f3n General ha decidido implantar en la compa\u00f1\u00eda un sistema de gesti\u00f3n de la calidad basado en la norma ISO 9001:2015.<\/p>\n<p style=\"text-align: left;\">Adem\u00e1s, es la responsable de establecer los principios, marcar y revisar los objetivos de calidad. La fiabilidad de nuestros procesos, el cumplimiento en los plazos de entrega y la formaci\u00f3n espec\u00edfica de nuestro personal, nos garantizan un lugar competitivo en el mercado y la fidelizaci\u00f3n de nuestros clientes.<\/p>\n<p style=\"text-align: left;\">La Direcci\u00f3n General revisa y aprueba la evaluaci\u00f3n de riesgos, donde se analizan los posibles riesgos resultante del an\u00e1lisis del contexto, de las partes interesadas y de los procesos de la empresa, previniendo y evitando de esta manera desciaciones, y tomando decisiones para minimizar posibles no conformidades.<\/p>\n<p style=\"text-align: left;\">La calidad es un compromiso y responsabilidad de todo el personal de <strong>DONALBA<\/strong> que trabaja para cumplir con los requisitos aplicables y se compromete a trabajar para conseguir la mejora continua del sistema de gesti\u00f3n de la calidad.<\/p>\n<p style=\"text-align: left;\">Esta pol\u00edtica de la calidad es revisada anualmente para su adecuaci\u00f3n al contexto de la organizaci\u00f3n y direcci\u00f3n estrat\u00e9gica.<\/p>\n<p style=\"text-align: left;\">Se comunica y est\u00e1 disponible para las partes interesadas pertinentes.<\/p>\n<p>[\/et_pb_text][et_pb_image src=\u00bbhttps:\/\/www.donalba.com\/OrquestaMedia2023Donalba\/wp-content\/uploads\/2023\/09\/firma.png\u00bb _builder_version=\u00bb4.22.0&#8243; _module_preset=\u00bbdefault\u00bb theme_builder_area=\u00bbpost_content\u00bb title_text=\u00bbfirma\u00bb hover_enabled=\u00bb0&#8243; sticky_enabled=\u00bb0&#8243;][\/et_pb_image][et_pb_text _builder_version=\u00bb4.22.0&#8243; _module_preset=\u00bbdefault\u00bb theme_builder_area=\u00bbpost_content\u00bb hover_enabled=\u00bb0&#8243; sticky_enabled=\u00bb0&#8243;]<\/p>\n<p>Jes\u00fas Garc\u00eda Ma\u00f1es<\/p>\n<p>Director General<\/p>\n<p>[\/et_pb_text][\/et_pb_column][\/et_pb_row][\/et_pb_section]<\/p>\n","protected":false},"excerpt":{"rendered":"<p>POL\u00cdTICA DE CALIDAD\u00a018 de diciembre de 2019 El objetivo clave de DONALBA es convertirnos en l\u00edderes en la importaci\u00f3n, comercializaci\u00f3n y distribuci\u00f3n de productos para los mercados de Defensa y Aeroespacial. Es por ello que La Direcci\u00f3n General ha decidido implantar en la compa\u00f1\u00eda un sistema de gesti\u00f3n de la calidad basado en la norma [&hellip;]<\/p>\n","protected":false},"author":1,"featured_media":0,"parent":0,"menu_order":0,"comment_status":"closed","ping_status":"closed","template":"","meta":{"_et_pb_use_builder":"on","_et_pb_old_content":"","_et_gb_content_width":"","footnotes":""},"class_list":["post-984","page","type-page","status-publish","hentry"],"_links":{"self":[{"href":"https:\/\/www.donalba.com\/OrquestaMedia2023Donalba\/wp-json\/wp\/v2\/pages\/984","targetHints":{"allow":["GET"]}}],"collection":[{"href":"https:\/\/www.donalba.com\/OrquestaMedia2023Donalba\/wp-json\/wp\/v2\/pages"}],"about":[{"href":"https:\/\/www.donalba.com\/OrquestaMedia2023Donalba\/wp-json\/wp\/v2\/types\/page"}],"author":[{"embeddable":true,"href":"https:\/\/www.donalba.com\/OrquestaMedia2023Donalba\/wp-json\/wp\/v2\/users\/1"}],"replies":[{"embeddable":true,"href":"https:\/\/www.donalba.com\/OrquestaMedia2023Donalba\/wp-json\/wp\/v2\/comments?post=984"}],"version-history":[{"count":2,"href":"https:\/\/www.donalba.com\/OrquestaMedia2023Donalba\/wp-json\/wp\/v2\/pages\/984\/revisions"}],"predecessor-version":[{"id":989,"href":"https:\/\/www.donalba.com\/OrquestaMedia2023Donalba\/wp-json\/wp\/v2\/pages\/984\/revisions\/989"}],"wp:attachment":[{"href":"https:\/\/www.donalba.com\/OrquestaMedia2023Donalba\/wp-json\/wp\/v2\/media?parent=984"}],"curies":[{"name":"wp","href":"https:\/\/api.w.org\/{rel}","templated":true}]}}