{"id":6458,"date":"2023-08-29T10:32:43","date_gmt":"2023-08-29T08:32:43","guid":{"rendered":"https:\/\/www.donalba.com\/aeroespacial\/"},"modified":"2023-10-05T12:37:37","modified_gmt":"2023-10-05T10:37:37","slug":"aeroespacial","status":"publish","type":"page","link":"https:\/\/www.donalba.com\/pt-pt\/aeroespacial\/","title":{"rendered":"Aeroespacial"},"content":{"rendered":"<p>[et_pb_section fb_built=&#8221;1&#8243; _builder_version=&#8221;4.22.0&#8243; _module_preset=&#8221;default&#8221; background_color=&#8221;gcid-836011e9-5230-4bed-8a9c-e9ef39c201e9&#8243; max_height=&#8221;120px&#8221; custom_margin=&#8221;0px||||false|false&#8221; custom_padding=&#8221;20px||||false|false&#8221; global_colors_info=&#8221;{%22gcid-836011e9-5230-4bed-8a9c-e9ef39c201e9%22:%91%22background_color%22%93}&#8221; theme_builder_area=&#8221;post_content&#8221;][et_pb_row _builder_version=&#8221;4.22.0&#8243; _module_preset=&#8221;default&#8221; global_colors_info=&#8221;{}&#8221; theme_builder_area=&#8221;post_content&#8221;][et_pb_column type=&#8221;4_4&#8243; _builder_version=&#8221;4.22.0&#8243; _module_preset=&#8221;default&#8221; global_colors_info=&#8221;{}&#8221; theme_builder_area=&#8221;post_content&#8221;][et_pb_text _builder_version=&#8221;4.22.0&#8243; _module_preset=&#8221;default&#8221; hover_enabled=&#8221;0&#8243; global_colors_info=&#8221;{}&#8221; theme_builder_area=&#8221;post_content&#8221; sticky_enabled=&#8221;0&#8243;]<\/p>\n<h1 style=\"color: #ffffff; text-align: center;\"><strong>AEROESPACIAL<\/strong><\/h1>\n<p>[\/et_pb_text][\/et_pb_column][\/et_pb_row][\/et_pb_section][et_pb_section fb_built=&#8221;1&#8243; _builder_version=&#8221;4.22.0&#8243; _module_preset=&#8221;default&#8221; custom_padding=&#8221;||0px||false|false&#8221; global_colors_info=&#8221;{}&#8221; theme_builder_area=&#8221;post_content&#8221;][et_pb_row module_class=&#8221;texto-tipo&#8221; _builder_version=&#8221;4.22.0&#8243; _module_preset=&#8221;default&#8221; max_width=&#8221;1350px&#8221; global_colors_info=&#8221;{}&#8221; theme_builder_area=&#8221;post_content&#8221;][et_pb_column type=&#8221;4_4&#8243; _builder_version=&#8221;4.22.0&#8243; _module_preset=&#8221;default&#8221; global_colors_info=&#8221;{}&#8221; theme_builder_area=&#8221;post_content&#8221;][et_pb_text _builder_version=&#8221;4.22.0&#8243; _module_preset=&#8221;default&#8221; animation_style=&#8221;slide&#8221; animation_direction=&#8221;bottom&#8221; hover_enabled=&#8221;0&#8243; global_colors_info=&#8221;{}&#8221; theme_builder_area=&#8221;post_content&#8221; sticky_enabled=&#8221;0&#8243;]<\/p>\n<h2><strong>Donalba Eletr\u00f3nica SLU: L\u00edder em solu\u00e7\u00f5es certific\u00e1veis para autocarros de avia\u00e7\u00e3o e comunica\u00e7\u00e3o<\/strong><\/h2>\n<p>A ind\u00fastria aeroespacial \u00e9 uma \u00e1rea em que a seguran\u00e7a e a fiabilidade s\u00e3o fundamentais. Neste cen\u00e1rio, a Donalba Eletr\u00f3nica SLU destaca-se como uma refer\u00eancia na distribui\u00e7\u00e3o de produtos, software e servi\u00e7os certific\u00e1veis para a seguran\u00e7a a\u00e9rea, em estrito cumprimento das normas DO-254 e DO-160. O seu compromisso com a excel\u00eancia reflecte-se na vasta gama de solu\u00e7\u00f5es que oferecem, desde chassis ATR a computadores SBC certific\u00e1veis, controladores de placas GPU certific\u00e1veis, controladores de computa\u00e7\u00e3o certific\u00e1veis, servi\u00e7os de consultoria, conce\u00e7\u00e3o de engenharia, software e fabrico de componentes certific\u00e1veis.[\/et_pb_text][\/et_pb_column][\/et_pb_row][\/et_pb_section][et_pb_section fb_built=&#8221;1&#8243; _builder_version=&#8221;4.22.0&#8243; _module_preset=&#8221;default&#8221; custom_padding=&#8221;0px||40px||false|false&#8221; hover_enabled=&#8221;0&#8243; global_colors_info=&#8221;{}&#8221; theme_builder_area=&#8221;post_content&#8221; sticky_enabled=&#8221;0&#8243;][et_pb_row column_structure=&#8221;1_2,1_2&#8243; _builder_version=&#8221;4.22.0&#8243; _module_preset=&#8221;default&#8221; max_width=&#8221;1350px&#8221; global_colors_info=&#8221;{}&#8221; theme_builder_area=&#8221;post_content&#8221;][et_pb_column type=&#8221;1_2&#8243; _builder_version=&#8221;4.22.0&#8243; _module_preset=&#8221;default&#8221; global_colors_info=&#8221;{}&#8221; theme_builder_area=&#8221;post_content&#8221;][et_pb_text module_class=&#8221;texto-p&#8221; _builder_version=&#8221;4.22.0&#8243; _module_preset=&#8221;default&#8221; animation_style=&#8221;slide&#8221; animation_direction=&#8221;left&#8221; hover_enabled=&#8221;0&#8243; global_colors_info=&#8221;{}&#8221; theme_builder_area=&#8221;post_content&#8221; sticky_enabled=&#8221;0&#8243;]<\/p>\n<p>Um dos destaques da oferta da Donalba Eletr\u00f3nica SLU \u00e9 a sua especializa\u00e7\u00e3o em autocarros de comunica\u00e7\u00e3o utilizados na avia\u00e7\u00e3o. Atualmente, os sistemas electr\u00f3nicos das aeronaves dependem fortemente de uma comunica\u00e7\u00e3o eficiente e segura para funcionarem de forma \u00f3ptima. A Donalba Eletr\u00f3nica SLU abra\u00e7a esta necessidade e oferece solu\u00e7\u00f5es de vanguarda neste campo, o que consolidou a sua posi\u00e7\u00e3o como parceiro de confian\u00e7a da ind\u00fastria aeroespacial.<\/p>\n<p>Entre os barramentos de comunica\u00e7\u00e3o mais relevantes na avia\u00e7\u00e3o est\u00e3o o MIL-STD-1553, o ARINC-429 e o ARINC 664, sendo que este \u00faltimo representa a tecnologia mais moderna e avan\u00e7ada neste dom\u00ednio. A Donalba Eletr\u00f3nica SLU demonstrou a sua mestria na integra\u00e7\u00e3o destes barramentos de comunica\u00e7\u00e3o em sistemas aeroespaciais, permitindo uma interliga\u00e7\u00e3o fluida e segura entre os diferentes componentes e sistemas de um avi\u00e3o.<\/p>\n<p>MIL-STD-1553 \u00e9 uma norma estabelecida que define um protocolo de comunica\u00e7\u00e3o em s\u00e9rie para sistemas aeroespaciais e militares. A sua fiabilidade e capacidade de funcionar em ambientes dif\u00edceis fazem dela uma escolha popular para a ind\u00fastria. A Donalba Eletr\u00f3nica SLU aperfei\u00e7oou a integra\u00e7\u00e3o deste protocolo nos seus produtos e servi\u00e7os certific\u00e1veis, garantindo que as aeronaves cumprem os mais elevados padr\u00f5es de seguran\u00e7a e desempenho.<\/p>\n<p>[\/et_pb_text][\/et_pb_column][et_pb_column type=&#8221;1_2&#8243; _builder_version=&#8221;4.22.0&#8243; _module_preset=&#8221;default&#8221; global_colors_info=&#8221;{}&#8221; theme_builder_area=&#8221;post_content&#8221;][et_pb_image src=&#8221;https:\/\/www.donalba.com\/wp-content\/uploads\/2023\/09\/Aereo.png&#8221; title_text=&#8221;Aereo&#8221; _builder_version=&#8221;4.22.0&#8243; _module_preset=&#8221;default&#8221; animation_style=&#8221;slide&#8221; animation_direction=&#8221;right&#8221; hover_enabled=&#8221;0&#8243; global_colors_info=&#8221;{}&#8221; theme_builder_area=&#8221;post_content&#8221; sticky_enabled=&#8221;0&#8243; custom_padding=&#8221;|||0px||&#8221;][\/et_pb_image][\/et_pb_column][\/et_pb_row][\/et_pb_section][et_pb_section fb_built=&#8221;1&#8243; module_class=&#8221;llamada&#8221; _builder_version=&#8221;4.22.0&#8243; _module_preset=&#8221;default&#8221; background_color=&#8221;gcid-836011e9-5230-4bed-8a9c-e9ef39c201e9&#8243; custom_margin=&#8221;0px||0px||false|false&#8221; custom_padding=&#8221;0px||0px||false|false&#8221; global_colors_info=&#8221;{%22gcid-836011e9-5230-4bed-8a9c-e9ef39c201e9%22:%91%22background_color%22%93}&#8221; theme_builder_area=&#8221;post_content&#8221;][et_pb_row module_class=&#8221;cabecera-productos&#8221; _builder_version=&#8221;4.22.0&#8243; _module_preset=&#8221;default&#8221; background_color=&#8221;gcid-836011e9-5230-4bed-8a9c-e9ef39c201e9&#8243; width=&#8221;100%&#8221; max_width=&#8221;1350px&#8221; global_colors_info=&#8221;{%22gcid-836011e9-5230-4bed-8a9c-e9ef39c201e9%22:%91%22background_color%22%93}&#8221; theme_builder_area=&#8221;post_content&#8221;][et_pb_column type=&#8221;4_4&#8243; _builder_version=&#8221;4.22.0&#8243; _module_preset=&#8221;default&#8221; global_colors_info=&#8221;{}&#8221; theme_builder_area=&#8221;post_content&#8221;][et_pb_text _builder_version=&#8221;4.22.0&#8243; _module_preset=&#8221;default&#8221; custom_margin=&#8221;||0px||false|false&#8221; custom_padding=&#8221;||0px||false|false&#8221; hover_enabled=&#8221;0&#8243; global_colors_info=&#8221;{}&#8221; theme_builder_area=&#8221;post_content&#8221; sticky_enabled=&#8221;0&#8243;]<\/p>\n<p style=\"text-align: center;\"><span>A Donalba Eletr\u00f3nica SLU \u00e9 l\u00edder indiscut\u00edvel na distribui\u00e7\u00e3o de produtos, software e servi\u00e7os certific\u00e1veis para a seguran\u00e7a a\u00e9rea. O seu compromisso com a excel\u00eancia e a experi\u00eancia em barramentos de comunica\u00e7\u00e3o, como MIL-STD-1553, ARINC-429 e ARINC 664, demonstra a sua capacidade para fornecer solu\u00e7\u00f5es de ponta que contribuem para a seguran\u00e7a e o desempenho da ind\u00fastria aeroespacial em evolu\u00e7\u00e3o.<\/span><\/p>\n<p>[\/et_pb_text][et_pb_button button_url=&#8221;https:\/\/www.donalba.com\/contacto\/&#8221; button_text=&#8221;CONTACTO&#8221; button_alignment=&#8221;center&#8221; _builder_version=&#8221;4.22.0&#8243; _module_preset=&#8221;default&#8221; custom_button=&#8221;on&#8221; button_bg_color=&#8221;RGBA(255,255,255,0)&#8221; background_layout=&#8221;dark&#8221; custom_margin=&#8221;25px||5px||false|false&#8221; animation_style=&#8221;slide&#8221; global_colors_info=&#8221;{}&#8221; theme_builder_area=&#8221;post_content&#8221;][\/et_pb_button][\/et_pb_column][\/et_pb_row][\/et_pb_section][et_pb_section fb_built=&#8221;1&#8243; _builder_version=&#8221;4.22.0&#8243; _module_preset=&#8221;default&#8221; custom_margin=&#8221;50px||||false|false&#8221; custom_padding=&#8221;0px||||false|false&#8221; global_colors_info=&#8221;{}&#8221; theme_builder_area=&#8221;post_content&#8221;][et_pb_row column_structure=&#8221;1_2,1_2&#8243; _builder_version=&#8221;4.22.0&#8243; _module_preset=&#8221;default&#8221; max_width=&#8221;1350px&#8221; global_colors_info=&#8221;{}&#8221; theme_builder_area=&#8221;post_content&#8221;][et_pb_column type=&#8221;1_2&#8243; _builder_version=&#8221;4.22.0&#8243; _module_preset=&#8221;default&#8221; global_colors_info=&#8221;{}&#8221; theme_builder_area=&#8221;post_content&#8221;][et_pb_image src=&#8221;https:\/\/www.donalba.com\/wp-content\/uploads\/2023\/08\/refuellingsmall.jpg&#8221; title_text=&#8221;reabastecimentopequeno&#8221; _builder_version=&#8221;4.22.0&#8243; _module_preset=&#8221;default&#8221; animation_style=&#8221;slide&#8221; animation_direction=&#8221;left&#8221; global_colors_info=&#8221;{}&#8221; theme_builder_area=&#8221;post_content&#8221;][\/et_pb_image][\/et_pb_column][et_pb_column type=&#8221;1_2&#8243; _builder_version=&#8221;4.22.0&#8243; _module_preset=&#8221;default&#8221; global_colors_info=&#8221;{}&#8221; theme_builder_area=&#8221;post_content&#8221;][et_pb_text module_class=&#8221;texto-p&#8221; _builder_version=&#8221;4.22.0&#8243; _module_preset=&#8221;default&#8221; animation_style=&#8221;slide&#8221; animation_direction=&#8221;right&#8221; hover_enabled=&#8221;0&#8243; global_colors_info=&#8221;{}&#8221; theme_builder_area=&#8221;post_content&#8221; sticky_enabled=&#8221;0&#8243;]<\/p>\n<p>O ARINC-429 \u00e9 um barramento de comunica\u00e7\u00e3o amplamente utilizado na avia\u00e7\u00e3o civil. A sua conce\u00e7\u00e3o flex\u00edvel e a sua capacidade de transmitir dados cr\u00edticos em tempo real fazem dele um elemento essencial nos sistemas das aeronaves modernas. A Donalba Eletr\u00f3nica SLU oferece solu\u00e7\u00f5es que aproveitam ao m\u00e1ximo as capacidades do ARINC-429, garantindo uma comunica\u00e7\u00e3o eficaz entre os diferentes sistemas e subsistemas do avi\u00e3o.<\/p>\n<p>Atualmente, a ARINC 664 destaca-se como a norma mais avan\u00e7ada em termos de barramentos de comunica\u00e7\u00e3o aeroespacial. Tamb\u00e9m conhecido como Avionics Full-Duplex Switched Ethernet (AFDX), este protocolo revoluciona a forma como os sistemas das aeronaves comunicam e partilham dados. A Donalba Eletr\u00f3nica SLU est\u00e1 na vanguarda da implementa\u00e7\u00e3o do ARINC 664, permitindo uma comunica\u00e7\u00e3o fi\u00e1vel e de alta velocidade entre sistemas cr\u00edticos de aeronaves.<\/p>\n<p>[\/et_pb_text][\/et_pb_column][\/et_pb_row][\/et_pb_section]<\/p>\n","protected":false},"excerpt":{"rendered":"<p>AEROESPACIALDonalba Eletr\u00f3nica SLU: L\u00edder em solu\u00e7\u00f5es certific\u00e1veis para autocarros de avia\u00e7\u00e3o e comunica\u00e7\u00e3o A ind\u00fastria aeroespacial \u00e9 uma \u00e1rea em que a seguran\u00e7a e a fiabilidade s\u00e3o fundamentais. Neste cen\u00e1rio, a Donalba Eletr\u00f3nica SLU destaca-se como uma refer\u00eancia na distribui\u00e7\u00e3o de produtos, software e servi\u00e7os certific\u00e1veis para a seguran\u00e7a a\u00e9rea, em estrito cumprimento das normas [&hellip;]<\/p>\n","protected":false},"author":1,"featured_media":0,"parent":0,"menu_order":0,"comment_status":"closed","ping_status":"closed","template":"","meta":{"_et_pb_use_builder":"on","_et_pb_old_content":"","_et_gb_content_width":"","footnotes":""},"class_list":["post-6458","page","type-page","status-publish","hentry"],"yoast_head":"<!-- This site is optimized with the Yoast SEO plugin v25.9 - https:\/\/yoast.com\/wordpress\/plugins\/seo\/ -->\n<title>Aeroespacial - Donalba<\/title>\n<meta name=\"robots\" content=\"index, follow, max-snippet:-1, max-image-preview:large, max-video-preview:-1\" \/>\n<link rel=\"canonical\" href=\"https:\/\/www.donalba.com\/pt-pt\/aeroespacial\/\" \/>\n<meta property=\"og:locale\" content=\"pt_PT\" \/>\n<meta property=\"og:type\" content=\"article\" \/>\n<meta property=\"og:title\" content=\"Aeroespacial - Donalba\" \/>\n<meta property=\"og:description\" content=\"AEROESPACIALDonalba Eletr\u00f3nica SLU: L\u00edder em solu\u00e7\u00f5es certific\u00e1veis para autocarros de avia\u00e7\u00e3o e comunica\u00e7\u00e3o A ind\u00fastria aeroespacial \u00e9 uma \u00e1rea em que a seguran\u00e7a e a fiabilidade s\u00e3o fundamentais. Neste cen\u00e1rio, a Donalba Eletr\u00f3nica SLU destaca-se como uma refer\u00eancia na distribui\u00e7\u00e3o de produtos, software e servi\u00e7os certific\u00e1veis para a seguran\u00e7a a\u00e9rea, em estrito cumprimento das normas [&hellip;]\" \/>\n<meta property=\"og:url\" content=\"https:\/\/www.donalba.com\/pt-pt\/aeroespacial\/\" \/>\n<meta property=\"og:site_name\" content=\"Donalba\" \/>\n<meta property=\"article:modified_time\" content=\"2023-10-05T10:37:37+00:00\" \/>\n<meta name=\"twitter:card\" content=\"summary_large_image\" \/>\n<meta name=\"twitter:label1\" content=\"Tempo estimado de leitura\" \/>\n\t<meta name=\"twitter:data1\" content=\"7 minutos\" \/>\n<script type=\"application\/ld+json\" class=\"yoast-schema-graph\">{\"@context\":\"https:\/\/schema.org\",\"@graph\":[{\"@type\":\"WebPage\",\"@id\":\"https:\/\/www.donalba.com\/pt-pt\/aeroespacial\/\",\"url\":\"https:\/\/www.donalba.com\/pt-pt\/aeroespacial\/\",\"name\":\"Aeroespacial - Donalba\",\"isPartOf\":{\"@id\":\"https:\/\/www.donalba.com\/#website\"},\"datePublished\":\"2023-08-29T08:32:43+00:00\",\"dateModified\":\"2023-10-05T10:37:37+00:00\",\"breadcrumb\":{\"@id\":\"https:\/\/www.donalba.com\/pt-pt\/aeroespacial\/#breadcrumb\"},\"inLanguage\":\"pt-PT\",\"potentialAction\":[{\"@type\":\"ReadAction\",\"target\":[\"https:\/\/www.donalba.com\/pt-pt\/aeroespacial\/\"]}]},{\"@type\":\"BreadcrumbList\",\"@id\":\"https:\/\/www.donalba.com\/pt-pt\/aeroespacial\/#breadcrumb\",\"itemListElement\":[{\"@type\":\"ListItem\",\"position\":1,\"name\":\"Portada\",\"item\":\"https:\/\/www.donalba.com\/pt-pt\/casa\/\"},{\"@type\":\"ListItem\",\"position\":2,\"name\":\"Aeroespacial\"}]},{\"@type\":\"WebSite\",\"@id\":\"https:\/\/www.donalba.com\/#website\",\"url\":\"https:\/\/www.donalba.com\/\",\"name\":\"Donalba\",\"description\":\"La referencia en la representaci\u00f3n para los mercados de alta tecnolog\u00eda\",\"publisher\":{\"@id\":\"https:\/\/www.donalba.com\/#organization\"},\"potentialAction\":[{\"@type\":\"SearchAction\",\"target\":{\"@type\":\"EntryPoint\",\"urlTemplate\":\"https:\/\/www.donalba.com\/?s={search_term_string}\"},\"query-input\":{\"@type\":\"PropertyValueSpecification\",\"valueRequired\":true,\"valueName\":\"search_term_string\"}}],\"inLanguage\":\"pt-PT\"},{\"@type\":\"Organization\",\"@id\":\"https:\/\/www.donalba.com\/#organization\",\"name\":\"Donalba\",\"url\":\"https:\/\/www.donalba.com\/\",\"logo\":{\"@type\":\"ImageObject\",\"inLanguage\":\"pt-PT\",\"@id\":\"https:\/\/www.donalba.com\/#\/schema\/logo\/image\/\",\"url\":\"https:\/\/www.donalba.com\/wp-content\/uploads\/2023\/08\/DONALBA-logo.png\",\"contentUrl\":\"https:\/\/www.donalba.com\/wp-content\/uploads\/2023\/08\/DONALBA-logo.png\",\"width\":2500,\"height\":673,\"caption\":\"Donalba\"},\"image\":{\"@id\":\"https:\/\/www.donalba.com\/#\/schema\/logo\/image\/\"}}]}<\/script>\n<!-- \/ Yoast SEO plugin. -->","yoast_head_json":{"title":"Aeroespacial - Donalba","robots":{"index":"index","follow":"follow","max-snippet":"max-snippet:-1","max-image-preview":"max-image-preview:large","max-video-preview":"max-video-preview:-1"},"canonical":"https:\/\/www.donalba.com\/pt-pt\/aeroespacial\/","og_locale":"pt_PT","og_type":"article","og_title":"Aeroespacial - Donalba","og_description":"AEROESPACIALDonalba Eletr\u00f3nica SLU: L\u00edder em solu\u00e7\u00f5es certific\u00e1veis para autocarros de avia\u00e7\u00e3o e comunica\u00e7\u00e3o A ind\u00fastria aeroespacial \u00e9 uma \u00e1rea em que a seguran\u00e7a e a fiabilidade s\u00e3o fundamentais. Neste cen\u00e1rio, a Donalba Eletr\u00f3nica SLU destaca-se como uma refer\u00eancia na distribui\u00e7\u00e3o de produtos, software e servi\u00e7os certific\u00e1veis para a seguran\u00e7a a\u00e9rea, em estrito cumprimento das normas [&hellip;]","og_url":"https:\/\/www.donalba.com\/pt-pt\/aeroespacial\/","og_site_name":"Donalba","article_modified_time":"2023-10-05T10:37:37+00:00","twitter_card":"summary_large_image","twitter_misc":{"Tempo estimado de leitura":"7 minutos"},"schema":{"@context":"https:\/\/schema.org","@graph":[{"@type":"WebPage","@id":"https:\/\/www.donalba.com\/pt-pt\/aeroespacial\/","url":"https:\/\/www.donalba.com\/pt-pt\/aeroespacial\/","name":"Aeroespacial - Donalba","isPartOf":{"@id":"https:\/\/www.donalba.com\/#website"},"datePublished":"2023-08-29T08:32:43+00:00","dateModified":"2023-10-05T10:37:37+00:00","breadcrumb":{"@id":"https:\/\/www.donalba.com\/pt-pt\/aeroespacial\/#breadcrumb"},"inLanguage":"pt-PT","potentialAction":[{"@type":"ReadAction","target":["https:\/\/www.donalba.com\/pt-pt\/aeroespacial\/"]}]},{"@type":"BreadcrumbList","@id":"https:\/\/www.donalba.com\/pt-pt\/aeroespacial\/#breadcrumb","itemListElement":[{"@type":"ListItem","position":1,"name":"Portada","item":"https:\/\/www.donalba.com\/pt-pt\/casa\/"},{"@type":"ListItem","position":2,"name":"Aeroespacial"}]},{"@type":"WebSite","@id":"https:\/\/www.donalba.com\/#website","url":"https:\/\/www.donalba.com\/","name":"Donalba","description":"La referencia en la representaci\u00f3n para los mercados de alta tecnolog\u00eda","publisher":{"@id":"https:\/\/www.donalba.com\/#organization"},"potentialAction":[{"@type":"SearchAction","target":{"@type":"EntryPoint","urlTemplate":"https:\/\/www.donalba.com\/?s={search_term_string}"},"query-input":{"@type":"PropertyValueSpecification","valueRequired":true,"valueName":"search_term_string"}}],"inLanguage":"pt-PT"},{"@type":"Organization","@id":"https:\/\/www.donalba.com\/#organization","name":"Donalba","url":"https:\/\/www.donalba.com\/","logo":{"@type":"ImageObject","inLanguage":"pt-PT","@id":"https:\/\/www.donalba.com\/#\/schema\/logo\/image\/","url":"https:\/\/www.donalba.com\/wp-content\/uploads\/2023\/08\/DONALBA-logo.png","contentUrl":"https:\/\/www.donalba.com\/wp-content\/uploads\/2023\/08\/DONALBA-logo.png","width":2500,"height":673,"caption":"Donalba"},"image":{"@id":"https:\/\/www.donalba.com\/#\/schema\/logo\/image\/"}}]}},"_links":{"self":[{"href":"https:\/\/www.donalba.com\/pt-pt\/wp-json\/wp\/v2\/pages\/6458","targetHints":{"allow":["GET"]}}],"collection":[{"href":"https:\/\/www.donalba.com\/pt-pt\/wp-json\/wp\/v2\/pages"}],"about":[{"href":"https:\/\/www.donalba.com\/pt-pt\/wp-json\/wp\/v2\/types\/page"}],"author":[{"embeddable":true,"href":"https:\/\/www.donalba.com\/pt-pt\/wp-json\/wp\/v2\/users\/1"}],"replies":[{"embeddable":true,"href":"https:\/\/www.donalba.com\/pt-pt\/wp-json\/wp\/v2\/comments?post=6458"}],"version-history":[{"count":3,"href":"https:\/\/www.donalba.com\/pt-pt\/wp-json\/wp\/v2\/pages\/6458\/revisions"}],"predecessor-version":[{"id":6461,"href":"https:\/\/www.donalba.com\/pt-pt\/wp-json\/wp\/v2\/pages\/6458\/revisions\/6461"}],"wp:attachment":[{"href":"https:\/\/www.donalba.com\/pt-pt\/wp-json\/wp\/v2\/media?parent=6458"}],"curies":[{"name":"wp","href":"https:\/\/api.w.org\/{rel}","templated":true}]}}