{"id":6499,"date":"2023-08-22T09:18:36","date_gmt":"2023-08-22T07:18:36","guid":{"rendered":"https:\/\/www.donalba.com\/clientes\/"},"modified":"2023-10-05T12:54:39","modified_gmt":"2023-10-05T10:54:39","slug":"clientes","status":"publish","type":"page","link":"https:\/\/www.donalba.com\/pt-pt\/clientes\/","title":{"rendered":"Clientes"},"content":{"rendered":"<p>[et_pb_section fb_built=&#8221;1&#8243; _builder_version=&#8221;4.22.0&#8243; _module_preset=&#8221;default&#8221; background_color=&#8221;gcid-836011e9-5230-4bed-8a9c-e9ef39c201e9&#8243; max_height=&#8221;120px&#8221; custom_margin=&#8221;0px||||false|false&#8221; custom_padding=&#8221;20px||||false|false&#8221; global_colors_info=&#8221;{%22gcid-836011e9-5230-4bed-8a9c-e9ef39c201e9%22:%91%22background_color%22%93}&#8221;][et_pb_row _builder_version=&#8221;4.22.0&#8243; _module_preset=&#8221;default&#8221; global_colors_info=&#8221;{}&#8221;][et_pb_column type=&#8221;4_4&#8243; _builder_version=&#8221;4.22.0&#8243; _module_preset=&#8221;default&#8221; global_colors_info=&#8221;{}&#8221;][et_pb_text _builder_version=&#8221;4.22.0&#8243; _module_preset=&#8221;default&#8221; global_colors_info=&#8221;{}&#8221;]<\/p>\n<h1 style=\"color: #ffffff; text-align: center;\"><strong>CLIENTES<\/strong><\/h1>\n<p>[\/et_pb_text][\/et_pb_column][\/et_pb_row][\/et_pb_section][et_pb_section fb_built=&#8221;1&#8243; _builder_version=&#8221;4.22.0&#8243; _module_preset=&#8221;default&#8221; custom_padding=&#8221;||0px||false|false&#8221; hover_enabled=&#8221;0&#8243; global_colors_info=&#8221;{}&#8221; sticky_enabled=&#8221;0&#8243; module_class=&#8221;sep&#8221;][et_pb_row module_class=&#8221;texto-tipo&#8221; _builder_version=&#8221;4.22.0&#8243; _module_preset=&#8221;default&#8221; max_width=&#8221;1350px&#8221; hover_enabled=&#8221;0&#8243; global_colors_info=&#8221;{}&#8221; sticky_enabled=&#8221;0&#8243;][et_pb_column type=&#8221;4_4&#8243; _builder_version=&#8221;4.22.0&#8243; _module_preset=&#8221;default&#8221; global_colors_info=&#8221;{}&#8221;][et_pb_image src=&#8221;https:\/\/www.donalba.com\/wp-content\/uploads\/2023\/09\/airbus-military.jpg&#8221; title_text=&#8221;airbus-militar&#8221; _builder_version=&#8221;4.22.0&#8243; _module_preset=&#8221;default&#8221; custom_margin=&#8221;||9px|||&#8221; global_colors_info=&#8221;{}&#8221;][\/et_pb_image][et_pb_text module_class=&#8221;peque\u00f1o&#8221; _builder_version=&#8221;4.22.0&#8243; _module_preset=&#8221;default&#8221; animation_style=&#8221;slide&#8221; animation_direction=&#8221;bottom&#8221; global_colors_info=&#8221;{}&#8221;]<\/p>\n<h2 style=\"font-size: 25px;\"><strong>AIRBUS MILITARY \/ Aeron\u00e1utica<\/strong><\/h2>\n<p>Com sede em Madrid, Espanha, as suas principais instala\u00e7\u00f5es situam-se em Getafe, onde as plataformas civis da Airbus s\u00e3o convertidas em avi\u00f5es Multi Role Tanker Transport (MRTT). A outra instala\u00e7\u00e3o principal situa-se em San Pablo, perto de Sevilha, onde se efectua a produ\u00e7\u00e3o completa e a montagem final de todos os novos C-212, CN-235 e C-295, numa instala\u00e7\u00e3o pr\u00f3xima da linha de montagem final do A400M, inaugurada em 2007.<\/p>\n<p>A Airbus Military \u00e9 o \u00fanico fabricante de avi\u00f5es de transporte que desenvolve, produz, vende e mant\u00e9m uma fam\u00edlia completa de avi\u00f5es de transporte militar e humanit\u00e1rio, com uma capacidade de carga \u00fatil de 3 a 37 toneladas.<\/p>\n<p>A Airbus Military \u00e9 totalmente respons\u00e1vel pelo programa A400M, bem como pelo avi\u00e3o de transporte de tanques derivado do A330 (MRTT), que pode ser equipado com uma barra de reabastecimento em voo (ARBS) de \u00faltima gera\u00e7\u00e3o. \u00c9 tamb\u00e9m respons\u00e1vel por qualquer futuro spin-off militar da empresa civil de plataformas Airbus. Com o C-295, o CN-235 e o C-212, a Airbus Military \u00e9 l\u00edder mundial nos segmentos de mercado dos pequenos e m\u00e9dios avi\u00f5es de transporte militar, com cerca de 650 unidades em mais de 100 operadores em todo o mundo.<\/p>\n<p>[\/et_pb_text][\/et_pb_column][\/et_pb_row][et_pb_row module_class=&#8221;texto-tipo&#8221; _builder_version=&#8221;4.22.0&#8243; _module_preset=&#8221;default&#8221; max_width=&#8221;1350px&#8221; hover_enabled=&#8221;0&#8243; global_colors_info=&#8221;{}&#8221; sticky_enabled=&#8221;0&#8243;][et_pb_column type=&#8221;4_4&#8243; _builder_version=&#8221;4.22.0&#8243; _module_preset=&#8221;default&#8221; global_colors_info=&#8221;{}&#8221;][et_pb_image src=&#8221;https:\/\/www.donalba.com\/wp-content\/uploads\/2023\/09\/indra.jpg&#8221; title_text=&#8221;indra&#8221; _builder_version=&#8221;4.22.0&#8243; _module_preset=&#8221;default&#8221; custom_margin=&#8221;||9px|||&#8221; hover_enabled=&#8221;0&#8243; global_colors_info=&#8221;{}&#8221; sticky_enabled=&#8221;0&#8243;][\/et_pb_image][et_pb_text module_class=&#8221;peque\u00f1o&#8221; _builder_version=&#8221;4.22.0&#8243; _module_preset=&#8221;default&#8221; animation_style=&#8221;slide&#8221; animation_direction=&#8221;bottom&#8221; hover_enabled=&#8221;0&#8243; global_colors_info=&#8221;{}&#8221; sticky_enabled=&#8221;0&#8243;]<\/p>\n<h2 style=\"font-size: 25px;\"><strong>INDRA \/ Defesa<\/strong><\/h2>\n<p>A Indra \u00e9 uma empresa global de tecnologia, inova\u00e7\u00e3o e talento, l\u00edder em solu\u00e7\u00f5es e servi\u00e7os de alto valor acrescentado para os sectores de Transporte e Tr\u00e1fego, Energia e Ind\u00fastria, Administra\u00e7\u00e3o P\u00fablica e Sa\u00fade, Servi\u00e7os Financeiros, Seguran\u00e7a e Defesa e Telecomunica\u00e7\u00f5es e Media. A Indra opera em mais de 100 pa\u00edses e conta com mais de 30.000 profissionais em todo o mundo que partilham o seu conhecimento de diferentes sectores e pa\u00edses para encontrar solu\u00e7\u00f5es inovadoras para os desafios dos seus clientes. A Indra \u00e9 a empresa europeia que mais investe em I&amp;D no seu sector.[\/et_pb_text][\/et_pb_column][\/et_pb_row][et_pb_row module_class=&#8221;texto-tipo&#8221; _builder_version=&#8221;4.22.0&#8243; _module_preset=&#8221;default&#8221; max_width=&#8221;1350px&#8221; global_colors_info=&#8221;{}&#8221;][et_pb_column type=&#8221;4_4&#8243; _builder_version=&#8221;4.22.0&#8243; _module_preset=&#8221;default&#8221; global_colors_info=&#8221;{}&#8221;][et_pb_image src=&#8221;https:\/\/www.donalba.com\/wp-content\/uploads\/2023\/09\/cassidian.jpg&#8221; title_text=&#8221;cassidiana&#8221; _builder_version=&#8221;4.22.0&#8243; _module_preset=&#8221;default&#8221; custom_margin=&#8221;||9px|||&#8221; hover_enabled=&#8221;0&#8243; global_colors_info=&#8221;{}&#8221; sticky_enabled=&#8221;0&#8243;][\/et_pb_image][et_pb_text module_class=&#8221;peque\u00f1o&#8221; _builder_version=&#8221;4.22.0&#8243; _module_preset=&#8221;default&#8221; animation_style=&#8221;slide&#8221; animation_direction=&#8221;bottom&#8221; hover_enabled=&#8221;0&#8243; global_colors_info=&#8221;{}&#8221; sticky_enabled=&#8221;0&#8243;]<\/p>\n<h2 style=\"font-size: 25px;\"><strong>CASSIDIANO\/Aeron\u00e1utica<\/strong><\/h2>\n<p>A EADS \u00e9 uma empresa l\u00edder mundial em solu\u00e7\u00f5es e sistemas de seguran\u00e7a global, fornecendo produtos e servi\u00e7os de integra\u00e7\u00e3o de sistemas e de valor acrescentado a clientes civis e militares em todo o mundo.<\/p>\n<p>A nossa carteira de produtos abrange desde sistemas a\u00e9reos (aeronaves e sistemas a\u00e9reos n\u00e3o tripulados) e sistemas de vigil\u00e2ncia e informa\u00e7\u00e3o terrestres, navais e conjuntos at\u00e9 comunica\u00e7\u00f5es seguras e ciberseguran\u00e7a, bem como sistemas de teste, m\u00edsseis e solu\u00e7\u00f5es de servi\u00e7o e apoio.<\/p>\n<p>Em 2009, a Cassidian &#8211; com cerca de 21 000 empregados em todo o mundo &#8211; registou um volume de neg\u00f3cios de 5,4 mil milh\u00f5es de euros. \u00c9 a segunda maior divis\u00e3o do Grupo EADS.[\/et_pb_text][\/et_pb_column][\/et_pb_row][et_pb_row module_class=&#8221;texto-tipo&#8221; _builder_version=&#8221;4.22.0&#8243; _module_preset=&#8221;default&#8221; max_width=&#8221;1350px&#8221; global_colors_info=&#8221;{}&#8221;][et_pb_column type=&#8221;4_4&#8243; _builder_version=&#8221;4.22.0&#8243; _module_preset=&#8221;default&#8221; global_colors_info=&#8221;{}&#8221;][et_pb_image src=&#8221;https:\/\/www.donalba.com\/wp-content\/uploads\/2023\/09\/general-dynamics.jpg&#8221; title_text=&#8221;din\u00e2mica geral&#8221; _builder_version=&#8221;4.22.0&#8243; _module_preset=&#8221;default&#8221; custom_margin=&#8221;||9px|||&#8221; hover_enabled=&#8221;0&#8243; global_colors_info=&#8221;{}&#8221; sticky_enabled=&#8221;0&#8243;][\/et_pb_image][et_pb_text module_class=&#8221;peque\u00f1o&#8221; _builder_version=&#8221;4.22.0&#8243; _module_preset=&#8221;default&#8221; animation_style=&#8221;slide&#8221; animation_direction=&#8221;bottom&#8221; hover_enabled=&#8221;0&#8243; global_colors_info=&#8221;{}&#8221; sticky_enabled=&#8221;0&#8243;]<\/p>\n<h2 style=\"font-size: 25px;\"><strong>GDELS\/Sistemas terrestres<\/strong><\/h2>\n<p>Com uma grande reputa\u00e7\u00e3o de qualidade e servi\u00e7o apoiada por anos de desempenho comprovado, a Santa B\u00e1rbara Sistemas, uma unidade de neg\u00f3cios integrada no Grupo Europeu de Sistemas Terrestres da General Dynamics, \u00e9 um dos l\u00edderes no sector da defesa e um ponto de refer\u00eancia indiscut\u00edvel no mercado europeu, bem como um dos principais fornecedores de sistemas e solu\u00e7\u00f5es para as For\u00e7as Armadas espanholas.<\/p>\n<p>Com sede em Madrid e com uma for\u00e7a de trabalho de 1.650 empregados em toda a Espanha, fabrica uma vasta gama de equipamentos de defesa, desde ve\u00edculos de combate a sistemas de artilharia, armas ligeiras e muni\u00e7\u00f5es. Os seus produtos provaram ser eficazes em cerca de 50 pa\u00edses, incluindo na\u00e7\u00f5es da \u00e1rea da NATO.<\/p>\n<p>A Santa B\u00e1rbara Sistemas possui quatro linhas de neg\u00f3cios principais: Ve\u00edculos Blindados, que desenvolve e fabrica ve\u00edculos blindados sobre rodas e sobre lagartas; Sistemas de Armas, Muni\u00e7\u00f5es e M\u00edsseis; e Pesquisa e Desenvolvimento (P&amp;D). A Co tamb\u00e9m fabrica, sob licen\u00e7a, o tanque Leopard 2E e o ve\u00edculo de prote\u00e7\u00e3o contra minas RG-31 Mk5E para o ex\u00e9rcito espanhol, entre outros programas.<\/p>\n<p>O seu not\u00e1vel desenvolvimento em I&amp;D e a experi\u00eancia acumulada durante a sua longa hist\u00f3ria conferem \u00e0 Santa B\u00e1rbara Sistemas uma grande versatilidade e uma importante capacidade para desenvolver novos sistemas, adaptando-os \u00e0s necessidades espec\u00edficas de um grande n\u00famero de clientes.[\/et_pb_text][\/et_pb_column][\/et_pb_row][et_pb_row module_class=&#8221;texto-tipo&#8221; _builder_version=&#8221;4.22.0&#8243; _module_preset=&#8221;default&#8221; max_width=&#8221;1350px&#8221; global_colors_info=&#8221;{}&#8221;][et_pb_column type=&#8221;4_4&#8243; _builder_version=&#8221;4.22.0&#8243; _module_preset=&#8221;default&#8221; global_colors_info=&#8221;{}&#8221;][et_pb_image src=&#8221;https:\/\/www.donalba.com\/wp-content\/uploads\/2023\/09\/navantia.jpg&#8221; title_text=&#8221;navantia&#8221; _builder_version=&#8221;4.22.0&#8243; _module_preset=&#8221;default&#8221; custom_margin=&#8221;||9px|||&#8221; hover_enabled=&#8221;0&#8243; global_colors_info=&#8221;{}&#8221; sticky_enabled=&#8221;0&#8243;][\/et_pb_image][et_pb_text module_class=&#8221;peque\u00f1o&#8221; _builder_version=&#8221;4.22.0&#8243; _module_preset=&#8221;default&#8221; animation_style=&#8221;slide&#8221; animation_direction=&#8221;bottom&#8221; hover_enabled=&#8221;0&#8243; global_colors_info=&#8221;{}&#8221; sticky_enabled=&#8221;0&#8243;]<\/p>\n<h2 style=\"font-size: 25px;\"><strong>NAVANTIA\/Sistemas Navais<\/strong><\/h2>\n<p>\u00c9 a empresa espanhola l\u00edder no sector da constru\u00e7\u00e3o naval militar. Devido \u00e0 sua dimens\u00e3o e capacidade tecnol\u00f3gica, ocupa uma posi\u00e7\u00e3o de destaque no sector da constru\u00e7\u00e3o naval europeia e mundial.<\/p>\n<p>A sua atividade industrial est\u00e1 organizada em quatro linhas de atividade:<\/p>\n<ul>\n<li>Constru\u00e7\u00e3o naval<\/li>\n<li>Sistemas de controlo e de combate<\/li>\n<li>Repara\u00e7\u00f5es e transforma\u00e7\u00f5es<\/li>\n<li>Motores diesel<\/li>\n<li>Equipamentos navais e de produ\u00e7\u00e3o de energia.<\/li>\n<li>O principal objetivo do modelo de gest\u00e3o empresarial da Navantia \u00e9 garantir a sua posi\u00e7\u00e3o altamente competitiva no mercado internacional, oferecendo um produto agressivo em termos de qualidade e pre\u00e7o.<\/li>\n<\/ul>\n<p>[\/et_pb_text][\/et_pb_column][\/et_pb_row][\/et_pb_section][et_pb_section fb_built=&#8221;1&#8243; _builder_version=&#8221;4.22.0&#8243; _module_preset=&#8221;default&#8221; custom_padding=&#8221;0px||40px||false|false&#8221; global_colors_info=&#8221;{}&#8221;][\/et_pb_section]<\/p>\n","protected":false},"excerpt":{"rendered":"<p>CLIENTESAIRBUS MILITARY \/ Aeron\u00e1utica Com sede em Madrid, Espanha, as suas principais instala\u00e7\u00f5es situam-se em Getafe, onde as plataformas civis da Airbus s\u00e3o convertidas em avi\u00f5es Multi Role Tanker Transport (MRTT). A outra instala\u00e7\u00e3o principal situa-se em San Pablo, perto de Sevilha, onde se efectua a produ\u00e7\u00e3o completa e a montagem final de todos os [&hellip;]<\/p>\n","protected":false},"author":1,"featured_media":0,"parent":0,"menu_order":0,"comment_status":"closed","ping_status":"closed","template":"","meta":{"_et_pb_use_builder":"on","_et_pb_old_content":"","_et_gb_content_width":"","footnotes":""},"class_list":["post-6499","page","type-page","status-publish","hentry"],"yoast_head":"<!-- This site is optimized with the Yoast SEO plugin v25.9 - https:\/\/yoast.com\/wordpress\/plugins\/seo\/ -->\n<title>Clientes - Donalba<\/title>\n<meta name=\"robots\" content=\"index, follow, max-snippet:-1, max-image-preview:large, max-video-preview:-1\" \/>\n<link rel=\"canonical\" href=\"https:\/\/www.donalba.com\/pt-pt\/clientes\/\" \/>\n<meta property=\"og:locale\" content=\"pt_PT\" \/>\n<meta property=\"og:type\" content=\"article\" \/>\n<meta property=\"og:title\" content=\"Clientes - Donalba\" \/>\n<meta property=\"og:description\" content=\"CLIENTESAIRBUS MILITARY \/ Aeron\u00e1utica Com sede em Madrid, Espanha, as suas principais instala\u00e7\u00f5es situam-se em Getafe, onde as plataformas civis da Airbus s\u00e3o convertidas em avi\u00f5es Multi Role Tanker Transport (MRTT). A outra instala\u00e7\u00e3o principal situa-se em San Pablo, perto de Sevilha, onde se efectua a produ\u00e7\u00e3o completa e a montagem final de todos os [&hellip;]\" \/>\n<meta property=\"og:url\" content=\"https:\/\/www.donalba.com\/pt-pt\/clientes\/\" \/>\n<meta property=\"og:site_name\" content=\"Donalba\" \/>\n<meta property=\"article:modified_time\" content=\"2023-10-05T10:54:39+00:00\" \/>\n<meta name=\"twitter:card\" content=\"summary_large_image\" \/>\n<meta name=\"twitter:label1\" content=\"Tempo estimado de leitura\" \/>\n\t<meta name=\"twitter:data1\" content=\"7 minutos\" \/>\n<script type=\"application\/ld+json\" class=\"yoast-schema-graph\">{\"@context\":\"https:\/\/schema.org\",\"@graph\":[{\"@type\":\"WebPage\",\"@id\":\"https:\/\/www.donalba.com\/pt-pt\/clientes\/\",\"url\":\"https:\/\/www.donalba.com\/pt-pt\/clientes\/\",\"name\":\"Clientes - Donalba\",\"isPartOf\":{\"@id\":\"https:\/\/www.donalba.com\/#website\"},\"datePublished\":\"2023-08-22T07:18:36+00:00\",\"dateModified\":\"2023-10-05T10:54:39+00:00\",\"breadcrumb\":{\"@id\":\"https:\/\/www.donalba.com\/pt-pt\/clientes\/#breadcrumb\"},\"inLanguage\":\"pt-PT\",\"potentialAction\":[{\"@type\":\"ReadAction\",\"target\":[\"https:\/\/www.donalba.com\/pt-pt\/clientes\/\"]}]},{\"@type\":\"BreadcrumbList\",\"@id\":\"https:\/\/www.donalba.com\/pt-pt\/clientes\/#breadcrumb\",\"itemListElement\":[{\"@type\":\"ListItem\",\"position\":1,\"name\":\"Portada\",\"item\":\"https:\/\/www.donalba.com\/pt-pt\/casa\/\"},{\"@type\":\"ListItem\",\"position\":2,\"name\":\"Clientes\"}]},{\"@type\":\"WebSite\",\"@id\":\"https:\/\/www.donalba.com\/#website\",\"url\":\"https:\/\/www.donalba.com\/\",\"name\":\"Donalba\",\"description\":\"La referencia en la representaci\u00f3n para los mercados de alta tecnolog\u00eda\",\"publisher\":{\"@id\":\"https:\/\/www.donalba.com\/#organization\"},\"potentialAction\":[{\"@type\":\"SearchAction\",\"target\":{\"@type\":\"EntryPoint\",\"urlTemplate\":\"https:\/\/www.donalba.com\/?s={search_term_string}\"},\"query-input\":{\"@type\":\"PropertyValueSpecification\",\"valueRequired\":true,\"valueName\":\"search_term_string\"}}],\"inLanguage\":\"pt-PT\"},{\"@type\":\"Organization\",\"@id\":\"https:\/\/www.donalba.com\/#organization\",\"name\":\"Donalba\",\"url\":\"https:\/\/www.donalba.com\/\",\"logo\":{\"@type\":\"ImageObject\",\"inLanguage\":\"pt-PT\",\"@id\":\"https:\/\/www.donalba.com\/#\/schema\/logo\/image\/\",\"url\":\"https:\/\/www.donalba.com\/wp-content\/uploads\/2023\/08\/DONALBA-logo.png\",\"contentUrl\":\"https:\/\/www.donalba.com\/wp-content\/uploads\/2023\/08\/DONALBA-logo.png\",\"width\":2500,\"height\":673,\"caption\":\"Donalba\"},\"image\":{\"@id\":\"https:\/\/www.donalba.com\/#\/schema\/logo\/image\/\"}}]}<\/script>\n<!-- \/ Yoast SEO plugin. -->","yoast_head_json":{"title":"Clientes - Donalba","robots":{"index":"index","follow":"follow","max-snippet":"max-snippet:-1","max-image-preview":"max-image-preview:large","max-video-preview":"max-video-preview:-1"},"canonical":"https:\/\/www.donalba.com\/pt-pt\/clientes\/","og_locale":"pt_PT","og_type":"article","og_title":"Clientes - Donalba","og_description":"CLIENTESAIRBUS MILITARY \/ Aeron\u00e1utica Com sede em Madrid, Espanha, as suas principais instala\u00e7\u00f5es situam-se em Getafe, onde as plataformas civis da Airbus s\u00e3o convertidas em avi\u00f5es Multi Role Tanker Transport (MRTT). A outra instala\u00e7\u00e3o principal situa-se em San Pablo, perto de Sevilha, onde se efectua a produ\u00e7\u00e3o completa e a montagem final de todos os [&hellip;]","og_url":"https:\/\/www.donalba.com\/pt-pt\/clientes\/","og_site_name":"Donalba","article_modified_time":"2023-10-05T10:54:39+00:00","twitter_card":"summary_large_image","twitter_misc":{"Tempo estimado de leitura":"7 minutos"},"schema":{"@context":"https:\/\/schema.org","@graph":[{"@type":"WebPage","@id":"https:\/\/www.donalba.com\/pt-pt\/clientes\/","url":"https:\/\/www.donalba.com\/pt-pt\/clientes\/","name":"Clientes - Donalba","isPartOf":{"@id":"https:\/\/www.donalba.com\/#website"},"datePublished":"2023-08-22T07:18:36+00:00","dateModified":"2023-10-05T10:54:39+00:00","breadcrumb":{"@id":"https:\/\/www.donalba.com\/pt-pt\/clientes\/#breadcrumb"},"inLanguage":"pt-PT","potentialAction":[{"@type":"ReadAction","target":["https:\/\/www.donalba.com\/pt-pt\/clientes\/"]}]},{"@type":"BreadcrumbList","@id":"https:\/\/www.donalba.com\/pt-pt\/clientes\/#breadcrumb","itemListElement":[{"@type":"ListItem","position":1,"name":"Portada","item":"https:\/\/www.donalba.com\/pt-pt\/casa\/"},{"@type":"ListItem","position":2,"name":"Clientes"}]},{"@type":"WebSite","@id":"https:\/\/www.donalba.com\/#website","url":"https:\/\/www.donalba.com\/","name":"Donalba","description":"La referencia en la representaci\u00f3n para los mercados de alta tecnolog\u00eda","publisher":{"@id":"https:\/\/www.donalba.com\/#organization"},"potentialAction":[{"@type":"SearchAction","target":{"@type":"EntryPoint","urlTemplate":"https:\/\/www.donalba.com\/?s={search_term_string}"},"query-input":{"@type":"PropertyValueSpecification","valueRequired":true,"valueName":"search_term_string"}}],"inLanguage":"pt-PT"},{"@type":"Organization","@id":"https:\/\/www.donalba.com\/#organization","name":"Donalba","url":"https:\/\/www.donalba.com\/","logo":{"@type":"ImageObject","inLanguage":"pt-PT","@id":"https:\/\/www.donalba.com\/#\/schema\/logo\/image\/","url":"https:\/\/www.donalba.com\/wp-content\/uploads\/2023\/08\/DONALBA-logo.png","contentUrl":"https:\/\/www.donalba.com\/wp-content\/uploads\/2023\/08\/DONALBA-logo.png","width":2500,"height":673,"caption":"Donalba"},"image":{"@id":"https:\/\/www.donalba.com\/#\/schema\/logo\/image\/"}}]}},"_links":{"self":[{"href":"https:\/\/www.donalba.com\/pt-pt\/wp-json\/wp\/v2\/pages\/6499","targetHints":{"allow":["GET"]}}],"collection":[{"href":"https:\/\/www.donalba.com\/pt-pt\/wp-json\/wp\/v2\/pages"}],"about":[{"href":"https:\/\/www.donalba.com\/pt-pt\/wp-json\/wp\/v2\/types\/page"}],"author":[{"embeddable":true,"href":"https:\/\/www.donalba.com\/pt-pt\/wp-json\/wp\/v2\/users\/1"}],"replies":[{"embeddable":true,"href":"https:\/\/www.donalba.com\/pt-pt\/wp-json\/wp\/v2\/comments?post=6499"}],"version-history":[{"count":6,"href":"https:\/\/www.donalba.com\/pt-pt\/wp-json\/wp\/v2\/pages\/6499\/revisions"}],"predecessor-version":[{"id":6509,"href":"https:\/\/www.donalba.com\/pt-pt\/wp-json\/wp\/v2\/pages\/6499\/revisions\/6509"}],"wp:attachment":[{"href":"https:\/\/www.donalba.com\/pt-pt\/wp-json\/wp\/v2\/media?parent=6499"}],"curies":[{"name":"wp","href":"https:\/\/api.w.org\/{rel}","templated":true}]}}