{"id":7928,"date":"2023-08-25T09:52:06","date_gmt":"2023-08-25T07:52:06","guid":{"rendered":"https:\/\/www.donalba.com\/unidade-modular-de-controlo-por-radio\/"},"modified":"2024-06-19T17:17:11","modified_gmt":"2024-06-19T15:17:11","slug":"unidade-modular-de-controlo-por-radio","status":"publish","type":"page","link":"https:\/\/www.donalba.com\/pt-pt\/unidade-modular-de-controlo-por-radio\/","title":{"rendered":"Unidade modular de controlo por r\u00e1dio"},"content":{"rendered":"<p>[et_pb_section fb_built=&#8221;1&#8243; _builder_version=&#8221;4.22.0&#8243; _module_preset=&#8221;default&#8221; custom_margin=&#8221;0px||0px||false|false&#8221; custom_padding=&#8221;0px||0px||false|false&#8221; global_colors_info=&#8221;{}&#8221;][et_pb_row module_class=&#8221;cabecera-productos&#8221; _builder_version=&#8221;4.22.0&#8243; _module_preset=&#8221;default&#8221; background_color=&#8221;gcid-836011e9-5230-4bed-8a9c-e9ef39c201e9&#8243; width=&#8221;100%&#8221; max_width=&#8221;2200px&#8221; global_colors_info=&#8221;{%22gcid-836011e9-5230-4bed-8a9c-e9ef39c201e9%22:%91%22background_color%22%93}&#8221;][et_pb_column type=&#8221;4_4&#8243; _builder_version=&#8221;4.22.0&#8243; _module_preset=&#8221;default&#8221; global_colors_info=&#8221;{}&#8221;][et_pb_text _builder_version=&#8221;4.22.0&#8243; _module_preset=&#8221;default&#8221; custom_margin=&#8221;||0px||false|false&#8221; custom_padding=&#8221;||0px||false|false&#8221; global_colors_info=&#8221;{}&#8221;]<\/p>\n<h1 style=\"text-align: center;\">UNIDADE MODULAR DE CONTROLO POR R\u00c1DIO<\/h1>\n<p>[\/et_pb_text][\/et_pb_column][\/et_pb_row][\/et_pb_section][et_pb_section fb_built=&#8221;1&#8243; _builder_version=&#8221;4.22.0&#8243; _module_preset=&#8221;default&#8221; custom_padding=&#8221;||45px|||&#8221; global_colors_info=&#8221;{}&#8221;][et_pb_row _builder_version=&#8221;4.22.0&#8243; _module_preset=&#8221;default&#8221; width=&#8221;100%&#8221; max_width=&#8221;1350px&#8221; global_colors_info=&#8221;{}&#8221;][et_pb_column type=&#8221;4_4&#8243; _builder_version=&#8221;4.22.0&#8243; _module_preset=&#8221;default&#8221; global_colors_info=&#8221;{}&#8221;][et_pb_text module_class=&#8221;texto-tipo&#8221; _builder_version=&#8221;4.22.2&#8243; _module_preset=&#8221;default&#8221; animation_style=&#8221;slide&#8221; hover_enabled=&#8221;0&#8243; global_colors_info=&#8221;{}&#8221; sticky_enabled=&#8221;0&#8243;]<\/p>\n<h2 style=\"text-align: center;\"><strong>A central modular de r\u00e1dio, Radio Center, \u00e9 apresentada como uma solu\u00e7\u00e3o de comunica\u00e7\u00e3o integral que funde solidamente r\u00e1dio, voz e IP. Esta solu\u00e7\u00e3o t\u00e1tica e expedicion\u00e1ria distingue-se pela sua abordagem modular e baseia-se na tecnologia COTS.  <\/strong><\/h2>\n<p style=\"text-align: center;\">Este sistema baseia-se na gest\u00e3o da voz e na tecnologia RoIP, que provou a sua efic\u00e1cia em mais de 50 programas e na implementa\u00e7\u00e3o de mais de 100.000 sistemas. Este historial de sucesso atesta a sua fiabilidade e desempenho.<\/p>\n<p>[\/et_pb_text][\/et_pb_column][\/et_pb_row][et_pb_row column_structure=&#8221;1_2,1_2&#8243; module_id=&#8221;fila-flex&#8221; _builder_version=&#8221;4.22.0&#8243; _module_preset=&#8221;default&#8221; max_width=&#8221;1350px&#8221; global_colors_info=&#8221;{}&#8221;][et_pb_column type=&#8221;1_2&#8243; _builder_version=&#8221;4.22.0&#8243; _module_preset=&#8221;default&#8221; global_colors_info=&#8221;{}&#8221;][et_pb_text module_class=&#8221;texto-tipo&#8221; _builder_version=&#8221;4.22.2&#8243; _module_preset=&#8221;default&#8221; animation_style=&#8221;slide&#8221; animation_direction=&#8221;left&#8221; animation_duration=&#8221;1400ms&#8221; hover_enabled=&#8221;0&#8243; global_colors_info=&#8221;{}&#8221; sticky_enabled=&#8221;0&#8243;]<\/p>\n<p>Uma das caracter\u00edsticas que fazem com que esta Unidade de R\u00e1dio Modular se destaque \u00e9 a sua abordagem modular. Este sistema \u00e9 altamente adapt\u00e1vel \u00e0s necessidades espec\u00edficas de diferentes programas. Desde solu\u00e7\u00f5es mais compactas destinadas ao transporte de soldados, at\u00e9 implanta\u00e7\u00f5es mais complexas que requerem at\u00e9 seis redes de r\u00e1dio, este sistema pode ser escalado e ajustado de forma eficiente.<\/p>\n<p>[\/et_pb_text][et_pb_text module_class=&#8221;texto-tipo&#8221; _builder_version=&#8221;4.22.2&#8243; _module_preset=&#8221;default&#8221; animation_style=&#8221;slide&#8221; animation_direction=&#8221;left&#8221; animation_duration=&#8221;1400ms&#8221; hover_enabled=&#8221;0&#8243; global_colors_info=&#8221;{}&#8221; sticky_enabled=&#8221;0&#8243;]<\/p>\n<p>Um dos principais pontos fortes deste sistema \u00e9 a sua capacidade de integrar uma grande variedade de r\u00e1dios e sistemas de voz de terceiros. Isto inclui uma extensa lista de r\u00e1dios t\u00e1cticos e solu\u00e7\u00f5es de voz. Al\u00e9m disso, este sistema \u00e9 capaz de satisfazer uma vasta gama de casos de utiliza\u00e7\u00e3o C2 (comando e controlo), tornando-o uma ferramenta vers\u00e1til para uma variedade de aplica\u00e7\u00f5es.<\/p>\n<p>[\/et_pb_text][\/et_pb_column][et_pb_column type=&#8221;1_2&#8243; _builder_version=&#8221;4.22.0&#8243; _module_preset=&#8221;default&#8221; global_colors_info=&#8221;{}&#8221;][et_pb_text _builder_version=&#8221;4.22.2&#8243; _module_preset=&#8221;default&#8221; custom_margin=&#8221;||-15px||false|false&#8221; global_colors_info=&#8221;{}&#8221;]<\/p>\n<h3>SOLICITAR INFORMA\u00c7\u00d5ES<\/h3>\n<p>[\/et_pb_text][et_pb_text _builder_version=&#8221;4.22.2&#8243; _module_preset=&#8221;default&#8221; global_colors_info=&#8221;{}&#8221;]<\/p>\n\n<div class=\"wpcf7 no-js\" id=\"wpcf7-f6548-o1\" lang=\"es-ES\" dir=\"ltr\" data-wpcf7-id=\"6548\">\n<div class=\"screen-reader-response\"><p role=\"status\" aria-live=\"polite\" aria-atomic=\"true\"><\/p> <ul><\/ul><\/div>\n<form action=\"\/pt-pt\/wp-json\/wp\/v2\/pages\/7928#wpcf7-f6548-o1\" method=\"post\" class=\"wpcf7-form init\" aria-label=\"Formulario de contacto\" novalidate=\"novalidate\" data-status=\"init\">\n<fieldset class=\"hidden-fields-container\"><input type=\"hidden\" name=\"_wpcf7\" value=\"6548\" \/><input type=\"hidden\" name=\"_wpcf7_version\" value=\"6.1.1\" \/><input type=\"hidden\" name=\"_wpcf7_locale\" value=\"es_ES\" \/><input type=\"hidden\" name=\"_wpcf7_unit_tag\" value=\"wpcf7-f6548-o1\" \/><input type=\"hidden\" name=\"_wpcf7_container_post\" value=\"0\" \/><input type=\"hidden\" name=\"_wpcf7_posted_data_hash\" value=\"\" \/><input type=\"hidden\" name=\"_wpcf7_recaptcha_response\" value=\"\" \/>\n<\/fieldset>\n<div class=\"formulario-contacto\">\n\t<p><label for=\"nombre\"><\/label><br \/>\n<span class=\"wpcf7-form-control-wrap\" data-name=\"nombre\"><input size=\"40\" maxlength=\"400\" class=\"wpcf7-form-control wpcf7-text wpcf7-validates-as-required\" aria-required=\"true\" aria-invalid=\"false\" placeholder=\"Nombre\" value=\"\" type=\"text\" name=\"nombre\" \/><\/span>\n\t<\/p>\n\t<p><label for=\"correo\"><\/label><br \/>\n<span class=\"wpcf7-form-control-wrap\" data-name=\"correo\"><input size=\"40\" maxlength=\"400\" class=\"wpcf7-form-control wpcf7-email wpcf7-validates-as-required wpcf7-text wpcf7-validates-as-email\" aria-required=\"true\" aria-invalid=\"false\" placeholder=\"Correo\" value=\"\" type=\"email\" name=\"correo\" \/><\/span>\n\t<\/p>\n\t<p><label for=\"empresa\"><\/label><br \/>\n<span class=\"wpcf7-form-control-wrap\" data-name=\"empresa\"><input size=\"40\" maxlength=\"400\" class=\"wpcf7-form-control wpcf7-text\" aria-invalid=\"false\" placeholder=\"Empresa\" value=\"\" type=\"text\" name=\"empresa\" \/><\/span>\n\t<\/p>\n\t<p><label for=\"telefono\"><\/label><br \/>\n<span class=\"wpcf7-form-control-wrap\" data-name=\"telefono\"><input size=\"40\" maxlength=\"400\" class=\"wpcf7-form-control wpcf7-tel wpcf7-validates-as-required wpcf7-text wpcf7-validates-as-tel\" aria-required=\"true\" aria-invalid=\"false\" placeholder=\"Tel\u00e9fono\" value=\"\" type=\"tel\" name=\"telefono\" \/><\/span>\n\t<\/p>\n\t<div class=\"fusion-form-checkbox\">\n\t\t<p><input id=\"checkbox-check-1-0\" class=\"fusion-form-input\" tabindex=\"\" name=\"check[]\" required=\"\" type=\"checkbox\" data-holds-private-data=\"false\" \/><br \/>\n<label for=\"checkbox-check-1-0\">He le\u00eddo y acepto la <a href=\"\/politica-de-privacidad\">pol\u00edtica de privacidad<\/a><\/label>\n\t\t<\/p>\n\t<\/div>\n\t<p><input class=\"wpcf7-form-control wpcf7-submit has-spinner\" type=\"submit\" value=\"Enviar\" \/>\n\t<\/p>\n<\/div><div class=\"wpcf7-response-output\" aria-hidden=\"true\"><\/div>\n<\/form>\n<\/div>\n\n<p>[\/et_pb_text][\/et_pb_column][\/et_pb_row][\/et_pb_section][et_pb_section fb_built=&#8221;1&#8243; module_class=&#8221;llamada&#8221; _builder_version=&#8221;4.22.0&#8243; _module_preset=&#8221;default&#8221; background_color=&#8221;gcid-836011e9-5230-4bed-8a9c-e9ef39c201e9&#8243; custom_margin=&#8221;0px||0px||false|false&#8221; custom_padding=&#8221;0px||0px||false|false&#8221; global_colors_info=&#8221;{%22gcid-836011e9-5230-4bed-8a9c-e9ef39c201e9%22:%91%22background_color%22%93}&#8221;][et_pb_row module_class=&#8221;cabecera-productos&#8221; _builder_version=&#8221;4.22.0&#8243; _module_preset=&#8221;default&#8221; background_color=&#8221;gcid-836011e9-5230-4bed-8a9c-e9ef39c201e9&#8243; width=&#8221;100%&#8221; max_width=&#8221;1350px&#8221; global_colors_info=&#8221;{%22gcid-836011e9-5230-4bed-8a9c-e9ef39c201e9%22:%91%22background_color%22%93}&#8221;][et_pb_column type=&#8221;4_4&#8243; _builder_version=&#8221;4.22.0&#8243; _module_preset=&#8221;default&#8221; global_colors_info=&#8221;{}&#8221;][et_pb_text _builder_version=&#8221;4.22.0&#8243; _module_preset=&#8221;default&#8221; custom_margin=&#8221;||0px||false|false&#8221; custom_padding=&#8221;||0px||false|false&#8221; global_colors_info=&#8221;{}&#8221;]<\/p>\n<p style=\"text-align: center;\"><span>O nosso know-how e conhecimento do mercado proporcionam-nos uma grande proximidade com os clientes finais, que confiam na DONALBA para selecionar as propostas mais adequadas aos seus projectos e programas. Contacto n<\/span><span>e ajud\u00e1-lo-\u00e1 a escolher a melhor solu\u00e7\u00e3o para a sua empresa.<\/span><\/p>\n<p>[\/et_pb_text][et_pb_button button_url=&#8221;https:\/\/www.donalba.com\/pt-pt\/contacto\/&#8221; button_text=&#8221;CONTACTO&#8221; button_alignment=&#8221;center&#8221; _builder_version=&#8221;4.22.0&#8243; _module_preset=&#8221;default&#8221; custom_button=&#8221;on&#8221; button_bg_color=&#8221;RGBA(255,255,255,0)&#8221; background_layout=&#8221;dark&#8221; custom_margin=&#8221;25px||5px||false|false&#8221; animation_style=&#8221;slide&#8221; global_colors_info=&#8221;{}&#8221;][\/et_pb_button][\/et_pb_column][\/et_pb_row][\/et_pb_section][et_pb_section fb_built=&#8221;1&#8243; _builder_version=&#8221;4.22.0&#8243; _module_preset=&#8221;default&#8221; global_colors_info=&#8221;{}&#8221;][et_pb_row _builder_version=&#8221;4.22.0&#8243; _module_preset=&#8221;default&#8221; width=&#8221;100%&#8221; max_width=&#8221;1350px&#8221; global_colors_info=&#8221;{}&#8221;][et_pb_column type=&#8221;4_4&#8243; _builder_version=&#8221;4.22.0&#8243; _module_preset=&#8221;default&#8221; global_colors_info=&#8221;{}&#8221;][et_pb_text module_class=&#8221;texto-tipo&#8221; _builder_version=&#8221;4.22.2&#8243; _module_preset=&#8221;default&#8221; animation_style=&#8221;slide&#8221; global_colors_info=&#8221;{}&#8221;]<\/p>\n<p style=\"text-align: center;\">O Modular Radio Switchboard, ou Radio Center, \u00e9 apresentado como uma solu\u00e7\u00e3o robusta que combina integra\u00e7\u00e3o de r\u00e1dio, voz e IP. A sua abordagem modular permite a sua integra\u00e7\u00e3o com r\u00e1dios civis e do Departamento de Defesa dos EUA num chassis compacto e robusto. Esta versatilidade torna-o adequado para aplica\u00e7\u00f5es de transporte de soldados, bem como para utiliza\u00e7\u00e3o em voo ou montagem em ve\u00edculos. A combina\u00e7\u00e3o com a s\u00e9rie 400 cria solu\u00e7\u00f5es de comunica\u00e7\u00e3o altamente eficientes, configur\u00e1veis para responder a v\u00e1rios casos de utiliza\u00e7\u00e3o e necessidades de personaliza\u00e7\u00e3o.  <span data-ccp-props=\"{}\"> <\/span><\/p>\n<p>[\/et_pb_text][\/et_pb_column][\/et_pb_row][et_pb_row column_structure=&#8221;1_2,1_2&#8243; _builder_version=&#8221;4.22.0&#8243; _module_preset=&#8221;default&#8221; width=&#8221;100%&#8221; max_width=&#8221;1350px&#8221; global_colors_info=&#8221;{}&#8221;][et_pb_column type=&#8221;1_2&#8243; _builder_version=&#8221;4.22.0&#8243; _module_preset=&#8221;default&#8221; global_colors_info=&#8221;{}&#8221;][et_pb_image src=&#8221;https:\/\/www.donalba.com\/wp-content\/uploads\/2023\/09\/product_image_pacstar_modular_radio_center_mrc_heavy.png&#8221; title_text=&#8221;imagem_do_produto_pacstar_modular_radio_center_mrc_heavy&#8221; force_fullwidth=&#8221;on&#8221; module_class=&#8221;imagen-principal&#8221; _builder_version=&#8221;4.22.0&#8243; _module_preset=&#8221;default&#8221; animation_style=&#8221;slide&#8221; animation_direction=&#8221;left&#8221; global_colors_info=&#8221;{}&#8221;][\/et_pb_image][\/et_pb_column][et_pb_column type=&#8221;1_2&#8243; _builder_version=&#8221;4.22.0&#8243; _module_preset=&#8221;default&#8221; global_colors_info=&#8221;{}&#8221;][et_pb_text module_class=&#8221;texto-tipo&#8221; _builder_version=&#8221;4.22.2&#8243; _module_preset=&#8221;default&#8221; animation_style=&#8221;slide&#8221; animation_direction=&#8221;right&#8221; animation_duration=&#8221;1400ms&#8221; hover_enabled=&#8221;0&#8243; global_colors_info=&#8221;{}&#8221; sticky_enabled=&#8221;0&#8243;]<\/p>\n<h3>Caracter\u00edsticas principais:<\/h3>\n<p>&#8211; Integra\u00e7\u00e3o de r\u00e1dios civis e do DoD em sistemas compactos, robustos e m\u00f3veis.<br \/>&#8211; Vasta gama de casos de utiliza\u00e7\u00e3o de integra\u00e7\u00e3o de r\u00e1dio, incluindo RoIP antigo e interoperabilidade de liga\u00e7\u00f5es de dados t\u00e1cticas.<br \/>&#8211; Trabalha com RoIP, m\u00f3dulos de rede e servidores para estabelecer sistemas de comunica\u00e7\u00e3o completos e eficientes.<\/p>\n<p>[\/et_pb_text][et_pb_text module_class=&#8221;texto-tipo&#8221; _builder_version=&#8221;4.22.2&#8243; _module_preset=&#8221;default&#8221; animation_style=&#8221;slide&#8221; animation_direction=&#8221;right&#8221; animation_duration=&#8221;1400ms&#8221; hover_enabled=&#8221;0&#8243; global_colors_info=&#8221;{}&#8221; sticky_enabled=&#8221;0&#8243;]<\/p>\n<p>Em suma, a Central Modular de R\u00e1dio, ou Radio Center, \u00e9 uma solu\u00e7\u00e3o inovadora e modular que unifica eficazmente as comunica\u00e7\u00f5es de r\u00e1dio, voz e IP. A sua versatilidade e adaptabilidade fazem dele uma ferramenta essencial para uma variedade de aplica\u00e7\u00f5es t\u00e1cticas e expedicion\u00e1rias.<\/p>\n<p>[\/et_pb_text][\/et_pb_column][\/et_pb_row][\/et_pb_section]<\/p>\n","protected":false},"excerpt":{"rendered":"<p>UNIDADE MODULAR DE CONTROLO POR R\u00c1DIOA central modular de r\u00e1dio, Radio Center, \u00e9 apresentada como uma solu\u00e7\u00e3o de comunica\u00e7\u00e3o integral que funde solidamente r\u00e1dio, voz e IP. Esta solu\u00e7\u00e3o t\u00e1tica e expedicion\u00e1ria distingue-se pela sua abordagem modular e baseia-se na tecnologia COTS. Este sistema baseia-se na gest\u00e3o da voz e na tecnologia RoIP, que provou [&hellip;]<\/p>\n","protected":false},"author":1,"featured_media":0,"parent":0,"menu_order":0,"comment_status":"closed","ping_status":"closed","template":"","meta":{"_et_pb_use_builder":"on","_et_pb_old_content":"","_et_gb_content_width":"","footnotes":""},"class_list":["post-7928","page","type-page","status-publish","hentry"],"yoast_head":"<!-- This site is optimized with the Yoast SEO plugin v25.9 - https:\/\/yoast.com\/wordpress\/plugins\/seo\/ -->\n<title>Unidade modular de controlo por r\u00e1dio - Donalba<\/title>\n<meta name=\"robots\" content=\"index, follow, max-snippet:-1, max-image-preview:large, max-video-preview:-1\" \/>\n<link rel=\"canonical\" href=\"https:\/\/www.donalba.com\/pt-pt\/unidade-modular-de-controlo-por-radio\/\" \/>\n<meta property=\"og:locale\" content=\"pt_PT\" \/>\n<meta property=\"og:type\" content=\"article\" \/>\n<meta property=\"og:title\" content=\"Unidade modular de controlo por r\u00e1dio - Donalba\" \/>\n<meta property=\"og:description\" content=\"UNIDADE MODULAR DE CONTROLO POR R\u00c1DIOA central modular de r\u00e1dio, Radio Center, \u00e9 apresentada como uma solu\u00e7\u00e3o de comunica\u00e7\u00e3o integral que funde solidamente r\u00e1dio, voz e IP. Esta solu\u00e7\u00e3o t\u00e1tica e expedicion\u00e1ria distingue-se pela sua abordagem modular e baseia-se na tecnologia COTS. Este sistema baseia-se na gest\u00e3o da voz e na tecnologia RoIP, que provou [&hellip;]\" \/>\n<meta property=\"og:url\" content=\"https:\/\/www.donalba.com\/pt-pt\/unidade-modular-de-controlo-por-radio\/\" \/>\n<meta property=\"og:site_name\" content=\"Donalba\" \/>\n<meta property=\"article:modified_time\" content=\"2024-06-19T15:17:11+00:00\" \/>\n<meta name=\"twitter:card\" content=\"summary_large_image\" \/>\n<meta name=\"twitter:label1\" content=\"Tempo estimado de leitura\" \/>\n\t<meta name=\"twitter:data1\" content=\"6 minutos\" \/>\n<script type=\"application\/ld+json\" class=\"yoast-schema-graph\">{\"@context\":\"https:\/\/schema.org\",\"@graph\":[{\"@type\":\"WebPage\",\"@id\":\"https:\/\/www.donalba.com\/pt-pt\/unidade-modular-de-controlo-por-radio\/\",\"url\":\"https:\/\/www.donalba.com\/pt-pt\/unidade-modular-de-controlo-por-radio\/\",\"name\":\"Unidade modular de controlo por r\u00e1dio - Donalba\",\"isPartOf\":{\"@id\":\"https:\/\/www.donalba.com\/#website\"},\"datePublished\":\"2023-08-25T07:52:06+00:00\",\"dateModified\":\"2024-06-19T15:17:11+00:00\",\"breadcrumb\":{\"@id\":\"https:\/\/www.donalba.com\/pt-pt\/unidade-modular-de-controlo-por-radio\/#breadcrumb\"},\"inLanguage\":\"pt-PT\",\"potentialAction\":[{\"@type\":\"ReadAction\",\"target\":[\"https:\/\/www.donalba.com\/pt-pt\/unidade-modular-de-controlo-por-radio\/\"]}]},{\"@type\":\"BreadcrumbList\",\"@id\":\"https:\/\/www.donalba.com\/pt-pt\/unidade-modular-de-controlo-por-radio\/#breadcrumb\",\"itemListElement\":[{\"@type\":\"ListItem\",\"position\":1,\"name\":\"Portada\",\"item\":\"https:\/\/www.donalba.com\/pt-pt\/casa\/\"},{\"@type\":\"ListItem\",\"position\":2,\"name\":\"Unidade modular de controlo por r\u00e1dio\"}]},{\"@type\":\"WebSite\",\"@id\":\"https:\/\/www.donalba.com\/#website\",\"url\":\"https:\/\/www.donalba.com\/\",\"name\":\"Donalba\",\"description\":\"La referencia en la representaci\u00f3n para los mercados de alta tecnolog\u00eda\",\"publisher\":{\"@id\":\"https:\/\/www.donalba.com\/#organization\"},\"potentialAction\":[{\"@type\":\"SearchAction\",\"target\":{\"@type\":\"EntryPoint\",\"urlTemplate\":\"https:\/\/www.donalba.com\/?s={search_term_string}\"},\"query-input\":{\"@type\":\"PropertyValueSpecification\",\"valueRequired\":true,\"valueName\":\"search_term_string\"}}],\"inLanguage\":\"pt-PT\"},{\"@type\":\"Organization\",\"@id\":\"https:\/\/www.donalba.com\/#organization\",\"name\":\"Donalba\",\"url\":\"https:\/\/www.donalba.com\/\",\"logo\":{\"@type\":\"ImageObject\",\"inLanguage\":\"pt-PT\",\"@id\":\"https:\/\/www.donalba.com\/#\/schema\/logo\/image\/\",\"url\":\"https:\/\/www.donalba.com\/wp-content\/uploads\/2023\/08\/DONALBA-logo.png\",\"contentUrl\":\"https:\/\/www.donalba.com\/wp-content\/uploads\/2023\/08\/DONALBA-logo.png\",\"width\":2500,\"height\":673,\"caption\":\"Donalba\"},\"image\":{\"@id\":\"https:\/\/www.donalba.com\/#\/schema\/logo\/image\/\"}}]}<\/script>\n<!-- \/ Yoast SEO plugin. -->","yoast_head_json":{"title":"Unidade modular de controlo por r\u00e1dio - Donalba","robots":{"index":"index","follow":"follow","max-snippet":"max-snippet:-1","max-image-preview":"max-image-preview:large","max-video-preview":"max-video-preview:-1"},"canonical":"https:\/\/www.donalba.com\/pt-pt\/unidade-modular-de-controlo-por-radio\/","og_locale":"pt_PT","og_type":"article","og_title":"Unidade modular de controlo por r\u00e1dio - Donalba","og_description":"UNIDADE MODULAR DE CONTROLO POR R\u00c1DIOA central modular de r\u00e1dio, Radio Center, \u00e9 apresentada como uma solu\u00e7\u00e3o de comunica\u00e7\u00e3o integral que funde solidamente r\u00e1dio, voz e IP. Esta solu\u00e7\u00e3o t\u00e1tica e expedicion\u00e1ria distingue-se pela sua abordagem modular e baseia-se na tecnologia COTS. Este sistema baseia-se na gest\u00e3o da voz e na tecnologia RoIP, que provou [&hellip;]","og_url":"https:\/\/www.donalba.com\/pt-pt\/unidade-modular-de-controlo-por-radio\/","og_site_name":"Donalba","article_modified_time":"2024-06-19T15:17:11+00:00","twitter_card":"summary_large_image","twitter_misc":{"Tempo estimado de leitura":"6 minutos"},"schema":{"@context":"https:\/\/schema.org","@graph":[{"@type":"WebPage","@id":"https:\/\/www.donalba.com\/pt-pt\/unidade-modular-de-controlo-por-radio\/","url":"https:\/\/www.donalba.com\/pt-pt\/unidade-modular-de-controlo-por-radio\/","name":"Unidade modular de controlo por r\u00e1dio - Donalba","isPartOf":{"@id":"https:\/\/www.donalba.com\/#website"},"datePublished":"2023-08-25T07:52:06+00:00","dateModified":"2024-06-19T15:17:11+00:00","breadcrumb":{"@id":"https:\/\/www.donalba.com\/pt-pt\/unidade-modular-de-controlo-por-radio\/#breadcrumb"},"inLanguage":"pt-PT","potentialAction":[{"@type":"ReadAction","target":["https:\/\/www.donalba.com\/pt-pt\/unidade-modular-de-controlo-por-radio\/"]}]},{"@type":"BreadcrumbList","@id":"https:\/\/www.donalba.com\/pt-pt\/unidade-modular-de-controlo-por-radio\/#breadcrumb","itemListElement":[{"@type":"ListItem","position":1,"name":"Portada","item":"https:\/\/www.donalba.com\/pt-pt\/casa\/"},{"@type":"ListItem","position":2,"name":"Unidade modular de controlo por r\u00e1dio"}]},{"@type":"WebSite","@id":"https:\/\/www.donalba.com\/#website","url":"https:\/\/www.donalba.com\/","name":"Donalba","description":"La referencia en la representaci\u00f3n para los mercados de alta tecnolog\u00eda","publisher":{"@id":"https:\/\/www.donalba.com\/#organization"},"potentialAction":[{"@type":"SearchAction","target":{"@type":"EntryPoint","urlTemplate":"https:\/\/www.donalba.com\/?s={search_term_string}"},"query-input":{"@type":"PropertyValueSpecification","valueRequired":true,"valueName":"search_term_string"}}],"inLanguage":"pt-PT"},{"@type":"Organization","@id":"https:\/\/www.donalba.com\/#organization","name":"Donalba","url":"https:\/\/www.donalba.com\/","logo":{"@type":"ImageObject","inLanguage":"pt-PT","@id":"https:\/\/www.donalba.com\/#\/schema\/logo\/image\/","url":"https:\/\/www.donalba.com\/wp-content\/uploads\/2023\/08\/DONALBA-logo.png","contentUrl":"https:\/\/www.donalba.com\/wp-content\/uploads\/2023\/08\/DONALBA-logo.png","width":2500,"height":673,"caption":"Donalba"},"image":{"@id":"https:\/\/www.donalba.com\/#\/schema\/logo\/image\/"}}]}},"_links":{"self":[{"href":"https:\/\/www.donalba.com\/pt-pt\/wp-json\/wp\/v2\/pages\/7928","targetHints":{"allow":["GET"]}}],"collection":[{"href":"https:\/\/www.donalba.com\/pt-pt\/wp-json\/wp\/v2\/pages"}],"about":[{"href":"https:\/\/www.donalba.com\/pt-pt\/wp-json\/wp\/v2\/types\/page"}],"author":[{"embeddable":true,"href":"https:\/\/www.donalba.com\/pt-pt\/wp-json\/wp\/v2\/users\/1"}],"replies":[{"embeddable":true,"href":"https:\/\/www.donalba.com\/pt-pt\/wp-json\/wp\/v2\/comments?post=7928"}],"version-history":[{"count":3,"href":"https:\/\/www.donalba.com\/pt-pt\/wp-json\/wp\/v2\/pages\/7928\/revisions"}],"predecessor-version":[{"id":7933,"href":"https:\/\/www.donalba.com\/pt-pt\/wp-json\/wp\/v2\/pages\/7928\/revisions\/7933"}],"wp:attachment":[{"href":"https:\/\/www.donalba.com\/pt-pt\/wp-json\/wp\/v2\/media?parent=7928"}],"curies":[{"name":"wp","href":"https:\/\/api.w.org\/{rel}","templated":true}]}}