{"id":8071,"date":"2023-08-25T11:29:36","date_gmt":"2023-08-25T09:29:36","guid":{"rendered":"https:\/\/www.donalba.com\/computadores-de-missao-de-formato-pequeno\/"},"modified":"2024-06-20T12:14:01","modified_gmt":"2024-06-20T10:14:01","slug":"computadores-de-missao-de-formato-pequeno","status":"publish","type":"page","link":"https:\/\/www.donalba.com\/pt-pt\/computadores-de-missao-de-formato-pequeno\/","title":{"rendered":"Computadores de miss\u00e3o de formato pequeno"},"content":{"rendered":"<p>[et_pb_section fb_built=&#8221;1&#8243; _builder_version=&#8221;4.22.0&#8243; _module_preset=&#8221;default&#8221; custom_margin=&#8221;0px||0px||false|false&#8221; custom_padding=&#8221;0px||0px||false|false&#8221; global_colors_info=&#8221;{}&#8221;][et_pb_row module_class=&#8221;cabecera-productos&#8221; _builder_version=&#8221;4.22.0&#8243; _module_preset=&#8221;default&#8221; background_color=&#8221;gcid-836011e9-5230-4bed-8a9c-e9ef39c201e9&#8243; width=&#8221;100%&#8221; max_width=&#8221;2200px&#8221; global_colors_info=&#8221;{%22gcid-836011e9-5230-4bed-8a9c-e9ef39c201e9%22:%91%22background_color%22%93}&#8221;][et_pb_column type=&#8221;4_4&#8243; _builder_version=&#8221;4.22.0&#8243; _module_preset=&#8221;default&#8221; global_colors_info=&#8221;{}&#8221;][et_pb_text _builder_version=&#8221;4.22.0&#8243; _module_preset=&#8221;default&#8221; custom_margin=&#8221;||0px||false|false&#8221; custom_padding=&#8221;||0px||false|false&#8221; global_colors_info=&#8221;{}&#8221;]<\/p>\n<h1 style=\"text-align: center;\">COMPUTADORES DE MISS\u00c3O DE FORMATO PEQUENO<\/h1>\n<p>[\/et_pb_text][\/et_pb_column][\/et_pb_row][\/et_pb_section][et_pb_section fb_built=&#8221;1&#8243; _builder_version=&#8221;4.22.0&#8243; _module_preset=&#8221;default&#8221; custom_padding=&#8221;||45px|||&#8221; global_colors_info=&#8221;{}&#8221;][et_pb_row _builder_version=&#8221;4.22.0&#8243; _module_preset=&#8221;default&#8221; width=&#8221;100%&#8221; max_width=&#8221;1350px&#8221; global_colors_info=&#8221;{}&#8221;][et_pb_column type=&#8221;4_4&#8243; _builder_version=&#8221;4.22.0&#8243; _module_preset=&#8221;default&#8221; global_colors_info=&#8221;{}&#8221;][et_pb_text module_class=&#8221;texto-tipo&#8221; _builder_version=&#8221;4.22.2&#8243; _module_preset=&#8221;default&#8221; animation_style=&#8221;slide&#8221; global_colors_info=&#8221;{}&#8221;]<\/p>\n<h2 style=\"text-align: center;\"><strong>Computadores de miss\u00e3o com m\u00e1xima versatilidade e desempenho gr\u00e1fico  <\/strong><\/h2>\n<p style=\"text-align: center;\">A nossa gama de sistemas COTS (computer-off-the-shelf) prontos para miss\u00f5es foi concebida tendo em conta a versatilidade e o desempenho. Al\u00e9m disso, os nossos sistemas de formato pequeno (SFF) s\u00e3o cuidadosamente concebidos para responder aos desafios das aplica\u00e7\u00f5es mais exigentes. Estamos empenhados na excel\u00eancia do design, fundindo capacidades gr\u00e1ficas e de processamento de dados de elevado desempenho com uma robustez mec\u00e2nica inigual\u00e1vel.<\/p>\n<p>[\/et_pb_text][\/et_pb_column][\/et_pb_row][et_pb_row column_structure=&#8221;1_2,1_2&#8243; module_id=&#8221;fila-flex&#8221; _builder_version=&#8221;4.22.0&#8243; _module_preset=&#8221;default&#8221; max_width=&#8221;1350px&#8221; global_colors_info=&#8221;{}&#8221;][et_pb_column type=&#8221;1_2&#8243; _builder_version=&#8221;4.22.0&#8243; _module_preset=&#8221;default&#8221; global_colors_info=&#8221;{}&#8221;][et_pb_text module_class=&#8221;texto-tipo&#8221; _builder_version=&#8221;4.22.2&#8243; _module_preset=&#8221;default&#8221; animation_style=&#8221;slide&#8221; animation_direction=&#8221;left&#8221; animation_duration=&#8221;1400ms&#8221; hover_enabled=&#8221;0&#8243; global_colors_info=&#8221;{}&#8221; sticky_enabled=&#8221;0&#8243;]<\/p>\n<p>Destacamos uma linha de processadores de miss\u00e3o meticulosamente submetidos a rigorosos testes de campo e qualificados de acordo com as normas MIL-STD. Estes processadores provaram o seu valor nos ambientes C5ISR mais exigentes, destacando-se em condi\u00e7\u00f5es t\u00e9rmicas extremas, cen\u00e1rios de choque imprevistos e vibra\u00e7\u00e3o intensa. A fiabilidade \u00e9 a nossa prioridade.<\/p>\n<p>[\/et_pb_text][et_pb_text module_class=&#8221;texto-tipo&#8221; _builder_version=&#8221;4.22.2&#8243; _module_preset=&#8221;default&#8221; animation_style=&#8221;slide&#8221; animation_direction=&#8221;left&#8221; animation_duration=&#8221;1400ms&#8221; hover_enabled=&#8221;0&#8243; global_colors_info=&#8221;{}&#8221; sticky_enabled=&#8221;0&#8243;]<\/p>\n<p>Concebemos e fabricamos sistemas abertos \u00e0 personaliza\u00e7\u00e3o. Por isso, oferecemos servi\u00e7os de engenharia de aplica\u00e7\u00f5es para expandir as capacidades de computa\u00e7\u00e3o dos sistemas SFF de base. Isto \u00e9 conseguido atrav\u00e9s da incorpora\u00e7\u00e3o de cart\u00f5es de comunica\u00e7\u00e3o e de E\/S espec\u00edficos da aplica\u00e7\u00e3o. O melhor de tudo \u00e9 que minimizamos as taxas NRE e evitamos qualquer impacto nos prazos de entrega, proporcionando uma abordagem econ\u00f3mica e eficiente.<\/p>\n<p>[\/et_pb_text][\/et_pb_column][et_pb_column type=&#8221;1_2&#8243; _builder_version=&#8221;4.22.0&#8243; _module_preset=&#8221;default&#8221; global_colors_info=&#8221;{}&#8221;][et_pb_text _builder_version=&#8221;4.22.2&#8243; _module_preset=&#8221;default&#8221; custom_margin=&#8221;||-15px||false|false&#8221; global_colors_info=&#8221;{}&#8221;]<\/p>\n<h3>SOLICITAR INFORMA\u00c7\u00d5ES<\/h3>\n<p>[\/et_pb_text][et_pb_text _builder_version=&#8221;4.22.2&#8243; _module_preset=&#8221;default&#8221; global_colors_info=&#8221;{}&#8221;]<\/p>\n\n<div class=\"wpcf7 no-js\" id=\"wpcf7-f6548-o1\" lang=\"es-ES\" dir=\"ltr\" data-wpcf7-id=\"6548\">\n<div class=\"screen-reader-response\"><p role=\"status\" aria-live=\"polite\" aria-atomic=\"true\"><\/p> <ul><\/ul><\/div>\n<form action=\"\/pt-pt\/wp-json\/wp\/v2\/pages\/8071#wpcf7-f6548-o1\" method=\"post\" class=\"wpcf7-form init\" aria-label=\"Formulario de contacto\" novalidate=\"novalidate\" data-status=\"init\">\n<fieldset class=\"hidden-fields-container\"><input type=\"hidden\" name=\"_wpcf7\" value=\"6548\" \/><input type=\"hidden\" name=\"_wpcf7_version\" value=\"6.1.1\" \/><input type=\"hidden\" name=\"_wpcf7_locale\" value=\"es_ES\" \/><input type=\"hidden\" name=\"_wpcf7_unit_tag\" value=\"wpcf7-f6548-o1\" \/><input type=\"hidden\" name=\"_wpcf7_container_post\" value=\"0\" \/><input type=\"hidden\" name=\"_wpcf7_posted_data_hash\" value=\"\" \/><input type=\"hidden\" name=\"_wpcf7_recaptcha_response\" value=\"\" \/>\n<\/fieldset>\n<div class=\"formulario-contacto\">\n\t<p><label for=\"nombre\"><\/label><br \/>\n<span class=\"wpcf7-form-control-wrap\" data-name=\"nombre\"><input size=\"40\" maxlength=\"400\" class=\"wpcf7-form-control wpcf7-text wpcf7-validates-as-required\" aria-required=\"true\" aria-invalid=\"false\" placeholder=\"Nombre\" value=\"\" type=\"text\" name=\"nombre\" \/><\/span>\n\t<\/p>\n\t<p><label for=\"correo\"><\/label><br \/>\n<span class=\"wpcf7-form-control-wrap\" data-name=\"correo\"><input size=\"40\" maxlength=\"400\" class=\"wpcf7-form-control wpcf7-email wpcf7-validates-as-required wpcf7-text wpcf7-validates-as-email\" aria-required=\"true\" aria-invalid=\"false\" placeholder=\"Correo\" value=\"\" type=\"email\" name=\"correo\" \/><\/span>\n\t<\/p>\n\t<p><label for=\"empresa\"><\/label><br \/>\n<span class=\"wpcf7-form-control-wrap\" data-name=\"empresa\"><input size=\"40\" maxlength=\"400\" class=\"wpcf7-form-control wpcf7-text\" aria-invalid=\"false\" placeholder=\"Empresa\" value=\"\" type=\"text\" name=\"empresa\" \/><\/span>\n\t<\/p>\n\t<p><label for=\"telefono\"><\/label><br \/>\n<span class=\"wpcf7-form-control-wrap\" data-name=\"telefono\"><input size=\"40\" maxlength=\"400\" class=\"wpcf7-form-control wpcf7-tel wpcf7-validates-as-required wpcf7-text wpcf7-validates-as-tel\" aria-required=\"true\" aria-invalid=\"false\" placeholder=\"Tel\u00e9fono\" value=\"\" type=\"tel\" name=\"telefono\" \/><\/span>\n\t<\/p>\n\t<div class=\"fusion-form-checkbox\">\n\t\t<p><input id=\"checkbox-check-1-0\" class=\"fusion-form-input\" tabindex=\"\" name=\"check[]\" required=\"\" type=\"checkbox\" data-holds-private-data=\"false\" \/><br \/>\n<label for=\"checkbox-check-1-0\">He le\u00eddo y acepto la <a href=\"\/politica-de-privacidad\">pol\u00edtica de privacidad<\/a><\/label>\n\t\t<\/p>\n\t<\/div>\n\t<p><input class=\"wpcf7-form-control wpcf7-submit has-spinner\" type=\"submit\" value=\"Enviar\" \/>\n\t<\/p>\n<\/div><div class=\"wpcf7-response-output\" aria-hidden=\"true\"><\/div>\n<\/form>\n<\/div>\n\n<p>[\/et_pb_text][\/et_pb_column][\/et_pb_row][\/et_pb_section][et_pb_section fb_built=&#8221;1&#8243; module_class=&#8221;llamada&#8221; _builder_version=&#8221;4.22.0&#8243; _module_preset=&#8221;default&#8221; background_color=&#8221;gcid-836011e9-5230-4bed-8a9c-e9ef39c201e9&#8243; custom_margin=&#8221;0px||0px||false|false&#8221; custom_padding=&#8221;0px||0px||false|false&#8221; global_colors_info=&#8221;{%22gcid-836011e9-5230-4bed-8a9c-e9ef39c201e9%22:%91%22background_color%22%93}&#8221;][et_pb_row module_class=&#8221;cabecera-productos&#8221; _builder_version=&#8221;4.22.0&#8243; _module_preset=&#8221;default&#8221; background_color=&#8221;gcid-836011e9-5230-4bed-8a9c-e9ef39c201e9&#8243; width=&#8221;100%&#8221; max_width=&#8221;1350px&#8221; global_colors_info=&#8221;{%22gcid-836011e9-5230-4bed-8a9c-e9ef39c201e9%22:%91%22background_color%22%93}&#8221;][et_pb_column type=&#8221;4_4&#8243; _builder_version=&#8221;4.22.0&#8243; _module_preset=&#8221;default&#8221; global_colors_info=&#8221;{}&#8221;][et_pb_text _builder_version=&#8221;4.22.0&#8243; _module_preset=&#8221;default&#8221; custom_margin=&#8221;||0px||false|false&#8221; custom_padding=&#8221;||0px||false|false&#8221; global_colors_info=&#8221;{}&#8221;]<\/p>\n<p style=\"text-align: center;\"><span>O nosso know-how e conhecimento do mercado proporcionam-nos uma grande proximidade com os clientes finais, que confiam na DONALBA para selecionar as propostas mais adequadas aos seus projectos e programas. Contacto n<\/span><span>e ajud\u00e1-lo-\u00e1 a escolher a melhor solu\u00e7\u00e3o para a sua empresa.<\/span><\/p>\n<p>[\/et_pb_text][et_pb_button button_url=&#8221;https:\/\/www.donalba.com\/pt-pt\/contacto\/&#8221; button_text=&#8221;CONTACTO&#8221; button_alignment=&#8221;center&#8221; _builder_version=&#8221;4.22.0&#8243; _module_preset=&#8221;default&#8221; custom_button=&#8221;on&#8221; button_bg_color=&#8221;RGBA(255,255,255,0)&#8221; background_layout=&#8221;dark&#8221; custom_margin=&#8221;25px||5px||false|false&#8221; animation_style=&#8221;slide&#8221; global_colors_info=&#8221;{}&#8221;][\/et_pb_button][\/et_pb_column][\/et_pb_row][\/et_pb_section][et_pb_section fb_built=&#8221;1&#8243; _builder_version=&#8221;4.22.0&#8243; _module_preset=&#8221;default&#8221; global_colors_info=&#8221;{}&#8221;][et_pb_row _builder_version=&#8221;4.22.0&#8243; _module_preset=&#8221;default&#8221; width=&#8221;100%&#8221; max_width=&#8221;1350px&#8221; global_colors_info=&#8221;{}&#8221;][et_pb_column type=&#8221;4_4&#8243; _builder_version=&#8221;4.22.0&#8243; _module_preset=&#8221;default&#8221; global_colors_info=&#8221;{}&#8221;][et_pb_text module_class=&#8221;texto-tipo&#8221; _builder_version=&#8221;4.22.2&#8243; _module_preset=&#8221;default&#8221; animation_style=&#8221;slide&#8221; hover_enabled=&#8221;0&#8243; global_colors_info=&#8221;{}&#8221; sticky_enabled=&#8221;0&#8243;]<\/p>\n<p>Os nossos sistemas, pr\u00e9-integrados e pr\u00e9-qualificados na f\u00e1brica, s\u00e3o a solu\u00e7\u00e3o para reduzir substancialmente os riscos de programa\u00e7\u00e3o e os custos globais de gest\u00e3o do projeto. Neste processo, continuamos a promover a utiliza\u00e7\u00e3o de tecnologias COTS de arquitetura aberta, maximizando as oportunidades para os nossos clientes.<\/p>\n<p>[\/et_pb_text][\/et_pb_column][\/et_pb_row][et_pb_row column_structure=&#8221;1_2,1_2&#8243; _builder_version=&#8221;4.22.0&#8243; _module_preset=&#8221;default&#8221; width=&#8221;100%&#8221; max_width=&#8221;1350px&#8221; global_colors_info=&#8221;{}&#8221;][et_pb_column type=&#8221;1_2&#8243; _builder_version=&#8221;4.22.0&#8243; _module_preset=&#8221;default&#8221; global_colors_info=&#8221;{}&#8221;][et_pb_image src=&#8221;https:\/\/www.donalba.com\/wp-content\/uploads\/2023\/09\/Parvus-DuraCOR-313-mission-computer_prime.png&#8221; title_text=&#8221;Parvus-DuraCOR-313-mission-computer_prime&#8221; force_fullwidth=&#8221;on&#8221; module_class=&#8221;imagen-principal&#8221; _builder_version=&#8221;4.22.0&#8243; _module_preset=&#8221;default&#8221; animation_style=&#8221;slide&#8221; animation_direction=&#8221;left&#8221; global_colors_info=&#8221;{}&#8221;][\/et_pb_image][\/et_pb_column][et_pb_column type=&#8221;1_2&#8243; _builder_version=&#8221;4.22.0&#8243; _module_preset=&#8221;default&#8221; global_colors_info=&#8221;{}&#8221;][et_pb_text module_class=&#8221;texto-tipo&#8221; _builder_version=&#8221;4.22.2&#8243; _module_preset=&#8221;default&#8221; animation_style=&#8221;slide&#8221; animation_direction=&#8221;right&#8221; animation_duration=&#8221;1400ms&#8221; hover_enabled=&#8221;0&#8243; global_colors_info=&#8221;{}&#8221; sticky_enabled=&#8221;0&#8243;]<\/p>\n<p>Descobre a nossa gama de produtos em formatos ultra-pequenos, pequenos e standard. Estamos prontos para enfrentar os desafios do SWaP (Tamanho, Peso e Pot\u00eancia) com solu\u00e7\u00f5es adaptadas \u00e0s tuas necessidades espec\u00edficas. Concebe com inova\u00e7\u00e3o, desempenho e fiabilidade em todos os sistemas.  <\/p>\n<p>Confia em n\u00f3s para te fornecermos solu\u00e7\u00f5es de computa\u00e7\u00e3o COTS e SFF que cumprem as mais elevadas normas MIL-STD. O nosso compromisso com a qualidade e a adaptabilidade faz de n\u00f3s o teu parceiro ideal no mundo da tecnologia de ponta.  <\/p>\n<p>Para mais informa\u00e7\u00f5es sobre as nossas solu\u00e7\u00f5es e a forma como podem satisfazer as tuas necessidades espec\u00edficas, n\u00e3o hesites em contactar-nos. Na DONALBA, estamos aqui para transformar os teus desafios em solu\u00e7\u00f5es.<\/p>\n<p>[\/et_pb_text][et_pb_button button_url=&#8221;https:\/\/www.donalba.com\/pt-pt\/contacto\/&#8221; button_text=&#8221;SOLICITAR INFORMA\u00c7\u00d5ES&#8221; _builder_version=&#8221;4.22.0&#8243; _module_preset=&#8221;default&#8221; custom_button=&#8221;on&#8221; button_text_color=&#8221;#0c71c3&#8243; button_bg_color=&#8221;RGBA(255,255,255,0)&#8221; button_border_color=&#8221;#0C71C3&#8243; animation_style=&#8221;slide&#8221; global_colors_info=&#8221;{}&#8221;][\/et_pb_button][\/et_pb_column][\/et_pb_row][et_pb_row column_structure=&#8221;1_4,1_4,1_4,1_4&#8243; _builder_version=&#8221;4.22.0&#8243; _module_preset=&#8221;default&#8221; global_colors_info=&#8221;{}&#8221;][et_pb_column type=&#8221;1_4&#8243; _builder_version=&#8221;4.22.0&#8243; _module_preset=&#8221;default&#8221; global_colors_info=&#8221;{}&#8221;][et_pb_image src=&#8221;https:\/\/www.donalba.com\/wp-content\/uploads\/2023\/09\/DuraCOR-80-40-rugged-mission-computer-product_0.png&#8221; title_text=&#8221;DuraCOR-80-40-rugged-mission-computer-product_0&#8243; _builder_version=&#8221;4.22.0&#8243; _module_preset=&#8221;default&#8221; global_colors_info=&#8221;{}&#8221;][\/et_pb_image][\/et_pb_column][et_pb_column type=&#8221;1_4&#8243; _builder_version=&#8221;4.22.0&#8243; _module_preset=&#8221;default&#8221; global_colors_info=&#8221;{}&#8221;][et_pb_image src=&#8221;https:\/\/www.donalba.com\/wp-content\/uploads\/2023\/09\/DuraCOR-311-coin-angle_0.png&#8221; title_text=&#8221;DuraCOR-311-coin-angle_0&#8243; _builder_version=&#8221;4.22.0&#8243; _module_preset=&#8221;default&#8221; global_colors_info=&#8221;{}&#8221;][\/et_pb_image][\/et_pb_column][et_pb_column type=&#8221;1_4&#8243; _builder_version=&#8221;4.22.0&#8243; _module_preset=&#8221;default&#8221; global_colors_info=&#8221;{}&#8221;][et_pb_image src=&#8221;https:\/\/www.donalba.com\/wp-content\/uploads\/2023\/09\/DuraCOR-Pi-image-front.png&#8221; title_text=&#8221;DuraCOR-Pi-imagem-frente&#8221; _builder_version=&#8221;4.22.0&#8243; _module_preset=&#8221;default&#8221; max_height=&#8221;1000px&#8221; custom_css_main_element=&#8221;width: 92%; margin-top: -5px;&#8221; global_colors_info=&#8221;{}&#8221;][\/et_pb_image][\/et_pb_column][et_pb_column type=&#8221;1_4&#8243; _builder_version=&#8221;4.22.0&#8243; _module_preset=&#8221;default&#8221; global_colors_info=&#8221;{}&#8221;][et_pb_image src=&#8221;https:\/\/www.donalba.com\/wp-content\/uploads\/2023\/09\/MPMC-9020_0.png&#8221; title_text=&#8221;MPMC-9020_0&#8243; _builder_version=&#8221;4.22.0&#8243; _module_preset=&#8221;default&#8221; global_colors_info=&#8221;{}&#8221;][\/et_pb_image][\/et_pb_column][\/et_pb_row][\/et_pb_section]<\/p>\n","protected":false},"excerpt":{"rendered":"<p>COMPUTADORES DE MISS\u00c3O DE FORMATO PEQUENOComputadores de miss\u00e3o com m\u00e1xima versatilidade e desempenho gr\u00e1fico A nossa gama de sistemas COTS (computer-off-the-shelf) prontos para miss\u00f5es foi concebida tendo em conta a versatilidade e o desempenho. Al\u00e9m disso, os nossos sistemas de formato pequeno (SFF) s\u00e3o cuidadosamente concebidos para responder aos desafios das aplica\u00e7\u00f5es mais exigentes. Estamos [&hellip;]<\/p>\n","protected":false},"author":1,"featured_media":0,"parent":0,"menu_order":0,"comment_status":"closed","ping_status":"closed","template":"","meta":{"_et_pb_use_builder":"on","_et_pb_old_content":"","_et_gb_content_width":"","footnotes":""},"class_list":["post-8071","page","type-page","status-publish","hentry"],"yoast_head":"<!-- This site is optimized with the Yoast SEO plugin v25.9 - https:\/\/yoast.com\/wordpress\/plugins\/seo\/ -->\n<title>Computadores de miss\u00e3o de formato pequeno - Donalba<\/title>\n<meta name=\"robots\" content=\"index, follow, max-snippet:-1, max-image-preview:large, max-video-preview:-1\" \/>\n<link rel=\"canonical\" href=\"https:\/\/www.donalba.com\/pt-pt\/computadores-de-missao-de-formato-pequeno\/\" \/>\n<meta property=\"og:locale\" content=\"pt_PT\" \/>\n<meta property=\"og:type\" content=\"article\" \/>\n<meta property=\"og:title\" content=\"Computadores de miss\u00e3o de formato pequeno - Donalba\" \/>\n<meta property=\"og:description\" content=\"COMPUTADORES DE MISS\u00c3O DE FORMATO PEQUENOComputadores de miss\u00e3o com m\u00e1xima versatilidade e desempenho gr\u00e1fico A nossa gama de sistemas COTS (computer-off-the-shelf) prontos para miss\u00f5es foi concebida tendo em conta a versatilidade e o desempenho. Al\u00e9m disso, os nossos sistemas de formato pequeno (SFF) s\u00e3o cuidadosamente concebidos para responder aos desafios das aplica\u00e7\u00f5es mais exigentes. Estamos [&hellip;]\" \/>\n<meta property=\"og:url\" content=\"https:\/\/www.donalba.com\/pt-pt\/computadores-de-missao-de-formato-pequeno\/\" \/>\n<meta property=\"og:site_name\" content=\"Donalba\" \/>\n<meta property=\"article:modified_time\" content=\"2024-06-20T10:14:01+00:00\" \/>\n<meta name=\"twitter:card\" content=\"summary_large_image\" \/>\n<meta name=\"twitter:label1\" content=\"Tempo estimado de leitura\" \/>\n\t<meta name=\"twitter:data1\" content=\"7 minutos\" \/>\n<script type=\"application\/ld+json\" class=\"yoast-schema-graph\">{\"@context\":\"https:\/\/schema.org\",\"@graph\":[{\"@type\":\"WebPage\",\"@id\":\"https:\/\/www.donalba.com\/pt-pt\/computadores-de-missao-de-formato-pequeno\/\",\"url\":\"https:\/\/www.donalba.com\/pt-pt\/computadores-de-missao-de-formato-pequeno\/\",\"name\":\"Computadores de miss\u00e3o de formato pequeno - Donalba\",\"isPartOf\":{\"@id\":\"https:\/\/www.donalba.com\/#website\"},\"datePublished\":\"2023-08-25T09:29:36+00:00\",\"dateModified\":\"2024-06-20T10:14:01+00:00\",\"breadcrumb\":{\"@id\":\"https:\/\/www.donalba.com\/pt-pt\/computadores-de-missao-de-formato-pequeno\/#breadcrumb\"},\"inLanguage\":\"pt-PT\",\"potentialAction\":[{\"@type\":\"ReadAction\",\"target\":[\"https:\/\/www.donalba.com\/pt-pt\/computadores-de-missao-de-formato-pequeno\/\"]}]},{\"@type\":\"BreadcrumbList\",\"@id\":\"https:\/\/www.donalba.com\/pt-pt\/computadores-de-missao-de-formato-pequeno\/#breadcrumb\",\"itemListElement\":[{\"@type\":\"ListItem\",\"position\":1,\"name\":\"Portada\",\"item\":\"https:\/\/www.donalba.com\/pt-pt\/casa\/\"},{\"@type\":\"ListItem\",\"position\":2,\"name\":\"Computadores de miss\u00e3o de formato pequeno\"}]},{\"@type\":\"WebSite\",\"@id\":\"https:\/\/www.donalba.com\/#website\",\"url\":\"https:\/\/www.donalba.com\/\",\"name\":\"Donalba\",\"description\":\"La referencia en la representaci\u00f3n para los mercados de alta tecnolog\u00eda\",\"publisher\":{\"@id\":\"https:\/\/www.donalba.com\/#organization\"},\"potentialAction\":[{\"@type\":\"SearchAction\",\"target\":{\"@type\":\"EntryPoint\",\"urlTemplate\":\"https:\/\/www.donalba.com\/?s={search_term_string}\"},\"query-input\":{\"@type\":\"PropertyValueSpecification\",\"valueRequired\":true,\"valueName\":\"search_term_string\"}}],\"inLanguage\":\"pt-PT\"},{\"@type\":\"Organization\",\"@id\":\"https:\/\/www.donalba.com\/#organization\",\"name\":\"Donalba\",\"url\":\"https:\/\/www.donalba.com\/\",\"logo\":{\"@type\":\"ImageObject\",\"inLanguage\":\"pt-PT\",\"@id\":\"https:\/\/www.donalba.com\/#\/schema\/logo\/image\/\",\"url\":\"https:\/\/www.donalba.com\/wp-content\/uploads\/2023\/08\/DONALBA-logo.png\",\"contentUrl\":\"https:\/\/www.donalba.com\/wp-content\/uploads\/2023\/08\/DONALBA-logo.png\",\"width\":2500,\"height\":673,\"caption\":\"Donalba\"},\"image\":{\"@id\":\"https:\/\/www.donalba.com\/#\/schema\/logo\/image\/\"}}]}<\/script>\n<!-- \/ Yoast SEO plugin. -->","yoast_head_json":{"title":"Computadores de miss\u00e3o de formato pequeno - Donalba","robots":{"index":"index","follow":"follow","max-snippet":"max-snippet:-1","max-image-preview":"max-image-preview:large","max-video-preview":"max-video-preview:-1"},"canonical":"https:\/\/www.donalba.com\/pt-pt\/computadores-de-missao-de-formato-pequeno\/","og_locale":"pt_PT","og_type":"article","og_title":"Computadores de miss\u00e3o de formato pequeno - Donalba","og_description":"COMPUTADORES DE MISS\u00c3O DE FORMATO PEQUENOComputadores de miss\u00e3o com m\u00e1xima versatilidade e desempenho gr\u00e1fico A nossa gama de sistemas COTS (computer-off-the-shelf) prontos para miss\u00f5es foi concebida tendo em conta a versatilidade e o desempenho. Al\u00e9m disso, os nossos sistemas de formato pequeno (SFF) s\u00e3o cuidadosamente concebidos para responder aos desafios das aplica\u00e7\u00f5es mais exigentes. Estamos [&hellip;]","og_url":"https:\/\/www.donalba.com\/pt-pt\/computadores-de-missao-de-formato-pequeno\/","og_site_name":"Donalba","article_modified_time":"2024-06-20T10:14:01+00:00","twitter_card":"summary_large_image","twitter_misc":{"Tempo estimado de leitura":"7 minutos"},"schema":{"@context":"https:\/\/schema.org","@graph":[{"@type":"WebPage","@id":"https:\/\/www.donalba.com\/pt-pt\/computadores-de-missao-de-formato-pequeno\/","url":"https:\/\/www.donalba.com\/pt-pt\/computadores-de-missao-de-formato-pequeno\/","name":"Computadores de miss\u00e3o de formato pequeno - Donalba","isPartOf":{"@id":"https:\/\/www.donalba.com\/#website"},"datePublished":"2023-08-25T09:29:36+00:00","dateModified":"2024-06-20T10:14:01+00:00","breadcrumb":{"@id":"https:\/\/www.donalba.com\/pt-pt\/computadores-de-missao-de-formato-pequeno\/#breadcrumb"},"inLanguage":"pt-PT","potentialAction":[{"@type":"ReadAction","target":["https:\/\/www.donalba.com\/pt-pt\/computadores-de-missao-de-formato-pequeno\/"]}]},{"@type":"BreadcrumbList","@id":"https:\/\/www.donalba.com\/pt-pt\/computadores-de-missao-de-formato-pequeno\/#breadcrumb","itemListElement":[{"@type":"ListItem","position":1,"name":"Portada","item":"https:\/\/www.donalba.com\/pt-pt\/casa\/"},{"@type":"ListItem","position":2,"name":"Computadores de miss\u00e3o de formato pequeno"}]},{"@type":"WebSite","@id":"https:\/\/www.donalba.com\/#website","url":"https:\/\/www.donalba.com\/","name":"Donalba","description":"La referencia en la representaci\u00f3n para los mercados de alta tecnolog\u00eda","publisher":{"@id":"https:\/\/www.donalba.com\/#organization"},"potentialAction":[{"@type":"SearchAction","target":{"@type":"EntryPoint","urlTemplate":"https:\/\/www.donalba.com\/?s={search_term_string}"},"query-input":{"@type":"PropertyValueSpecification","valueRequired":true,"valueName":"search_term_string"}}],"inLanguage":"pt-PT"},{"@type":"Organization","@id":"https:\/\/www.donalba.com\/#organization","name":"Donalba","url":"https:\/\/www.donalba.com\/","logo":{"@type":"ImageObject","inLanguage":"pt-PT","@id":"https:\/\/www.donalba.com\/#\/schema\/logo\/image\/","url":"https:\/\/www.donalba.com\/wp-content\/uploads\/2023\/08\/DONALBA-logo.png","contentUrl":"https:\/\/www.donalba.com\/wp-content\/uploads\/2023\/08\/DONALBA-logo.png","width":2500,"height":673,"caption":"Donalba"},"image":{"@id":"https:\/\/www.donalba.com\/#\/schema\/logo\/image\/"}}]}},"_links":{"self":[{"href":"https:\/\/www.donalba.com\/pt-pt\/wp-json\/wp\/v2\/pages\/8071","targetHints":{"allow":["GET"]}}],"collection":[{"href":"https:\/\/www.donalba.com\/pt-pt\/wp-json\/wp\/v2\/pages"}],"about":[{"href":"https:\/\/www.donalba.com\/pt-pt\/wp-json\/wp\/v2\/types\/page"}],"author":[{"embeddable":true,"href":"https:\/\/www.donalba.com\/pt-pt\/wp-json\/wp\/v2\/users\/1"}],"replies":[{"embeddable":true,"href":"https:\/\/www.donalba.com\/pt-pt\/wp-json\/wp\/v2\/comments?post=8071"}],"version-history":[{"count":3,"href":"https:\/\/www.donalba.com\/pt-pt\/wp-json\/wp\/v2\/pages\/8071\/revisions"}],"predecessor-version":[{"id":8074,"href":"https:\/\/www.donalba.com\/pt-pt\/wp-json\/wp\/v2\/pages\/8071\/revisions\/8074"}],"wp:attachment":[{"href":"https:\/\/www.donalba.com\/pt-pt\/wp-json\/wp\/v2\/media?parent=8071"}],"curies":[{"name":"wp","href":"https:\/\/api.w.org\/{rel}","templated":true}]}}