{"id":8366,"date":"2023-10-02T09:44:08","date_gmt":"2023-10-02T07:44:08","guid":{"rendered":"https:\/\/www.donalba.com\/contacto-2\/"},"modified":"2024-06-26T17:33:31","modified_gmt":"2024-06-26T15:33:31","slug":"contacto-2","status":"publish","type":"page","link":"https:\/\/www.donalba.com\/pt-pt\/contacto-2\/","title":{"rendered":"Contacto"},"content":{"rendered":"<p>[et_pb_section fb_built=&#8221;1&#8243; module_class=&#8221;bloque-fab&#8221; _builder_version=&#8221;4.22.0&#8243; _module_preset=&#8221;default&#8221; background_color=&#8221;gcid-836011e9-5230-4bed-8a9c-e9ef39c201e9&#8243; max_height=&#8221;120px&#8221; custom_margin=&#8221;0px||||false|false&#8221; custom_padding=&#8221;20px||||false|false&#8221; global_colors_info=&#8221;{%22gcid-836011e9-5230-4bed-8a9c-e9ef39c201e9%22:%91%22background_color%22%93}&#8221;][et_pb_row _builder_version=&#8221;4.22.0&#8243; _module_preset=&#8221;default&#8221; global_colors_info=&#8221;{}&#8221;][et_pb_column type=&#8221;4_4&#8243; _builder_version=&#8221;4.22.0&#8243; _module_preset=&#8221;default&#8221; global_colors_info=&#8221;{}&#8221;][et_pb_text _builder_version=&#8221;4.22.0&#8243; _module_preset=&#8221;default&#8221; global_colors_info=&#8221;{}&#8221;]<\/p>\n<h1 style=\"color: #ffffff; text-align: center;\"><strong>COMTACT<\/strong><\/h1>\n<p>[\/et_pb_text][\/et_pb_column][\/et_pb_row][\/et_pb_section][et_pb_section fb_built=&#8221;1&#8243; _builder_version=&#8221;4.22.0&#8243; _module_preset=&#8221;default&#8221; custom_padding=&#8221;||0px||false|false&#8221; global_colors_info=&#8221;{}&#8221;][et_pb_row module_class=&#8221;texto-tipo&#8221; _builder_version=&#8221;4.22.0&#8243; _module_preset=&#8221;default&#8221; max_width=&#8221;1350px&#8221; global_colors_info=&#8221;{}&#8221;][et_pb_column type=&#8221;4_4&#8243; _builder_version=&#8221;4.22.0&#8243; _module_preset=&#8221;default&#8221; global_colors_info=&#8221;{}&#8221;][et_pb_text _builder_version=&#8221;4.22.0&#8243; _module_preset=&#8221;default&#8221; animation_style=&#8221;slide&#8221; animation_direction=&#8221;bottom&#8221; global_colors_info=&#8221;{}&#8221;]<\/p>\n<h2 style=\"font-size: 25px;\"><strong>A Commtact Ltd \u00e9 um fornecedor l\u00edder de solu\u00e7\u00f5es de comunica\u00e7\u00e3o sem fios de miss\u00e3o cr\u00edtica para aplica\u00e7\u00f5es exigentes de defesa e de primeiros socorros.  <\/strong><\/h2>\n<p>[\/et_pb_text][\/et_pb_column][\/et_pb_row][\/et_pb_section][et_pb_section fb_built=&#8221;1&#8243; _builder_version=&#8221;4.22.0&#8243; _module_preset=&#8221;default&#8221; custom_padding=&#8221;0px||0px||false|false&#8221; global_colors_info=&#8221;{}&#8221;][et_pb_row column_structure=&#8221;1_2,1_2&#8243; _builder_version=&#8221;4.22.0&#8243; _module_preset=&#8221;default&#8221; max_width=&#8221;1350px&#8221; global_colors_info=&#8221;{}&#8221;][et_pb_column type=&#8221;1_2&#8243; _builder_version=&#8221;4.22.0&#8243; _module_preset=&#8221;default&#8221; global_colors_info=&#8221;{}&#8221;][et_pb_text module_class=&#8221;texto-p&#8221; _builder_version=&#8221;4.22.0&#8243; _module_preset=&#8221;default&#8221; animation_style=&#8221;slide&#8221; animation_direction=&#8221;left&#8221; global_colors_info=&#8221;{}&#8221;]Somos especializados no fornecimento de sistemas sem fios inovadores para plataformas a\u00e9reas, terrestres e navais.<br \/>\nOs sistemas comprovados no terreno, os profissionais experientes e os excelentes servi\u00e7os da Commtact permitem que os utilizadores militares e de primeira interven\u00e7\u00e3o atinjam o m\u00e1ximo desempenho de miss\u00e3o em ambientes hostis.<\/p>\n<h3>PRODUTOS\/SERVI\u00c7OS<\/h3>\n<p>Com uma arquitetura aberta \u00fanica, as solu\u00e7\u00f5es da Commtacts utilizam t\u00e9cnicas e algoritmos avan\u00e7ados de corre\u00e7\u00e3o de erros para permitir comunica\u00e7\u00f5es de banda larga full-duplex fi\u00e1veis e robustas.<br \/>\nAs comunica\u00e7\u00f5es sem fios em tempo real s\u00e3o essenciais para a execu\u00e7\u00e3o bem sucedida de miss\u00f5es de informa\u00e7\u00e3o, vigil\u00e2ncia e reconhecimento (ISR) e de envolvimento t\u00e1tico.[\/et_pb_text][\/et_pb_column][et_pb_column type=&#8221;1_2&#8243; _builder_version=&#8221;4.22.0&#8243; _module_preset=&#8221;default&#8221; global_colors_info=&#8221;{}&#8221;][et_pb_text _builder_version=&#8221;4.22.2&#8243; _module_preset=&#8221;default&#8221; hover_enabled=&#8221;0&#8243; global_colors_info=&#8221;{}&#8221; custom_margin=&#8221;||-10px||false|false&#8221; custom_padding=&#8221;|||25px|false|false&#8221; sticky_enabled=&#8221;0&#8243;]<\/p>\n<h3>SOLICITAR INFORMA\u00c7\u00d5ES<\/h3>\n<p>[\/et_pb_text][et_pb_text _builder_version=&#8221;4.22.2&#8243; _module_preset=&#8221;default&#8221; hover_enabled=&#8221;0&#8243; global_colors_info=&#8221;{}&#8221; sticky_enabled=&#8221;0&#8243; custom_padding=&#8221;|||25px|false|false&#8221;]<\/p>\n\n<div class=\"wpcf7 no-js\" id=\"wpcf7-f6548-o1\" lang=\"es-ES\" dir=\"ltr\" data-wpcf7-id=\"6548\">\n<div class=\"screen-reader-response\"><p role=\"status\" aria-live=\"polite\" aria-atomic=\"true\"><\/p> <ul><\/ul><\/div>\n<form action=\"\/pt-pt\/wp-json\/wp\/v2\/pages\/8366#wpcf7-f6548-o1\" method=\"post\" class=\"wpcf7-form init\" aria-label=\"Formulario de contacto\" novalidate=\"novalidate\" data-status=\"init\">\n<fieldset class=\"hidden-fields-container\"><input type=\"hidden\" name=\"_wpcf7\" value=\"6548\" \/><input type=\"hidden\" name=\"_wpcf7_version\" value=\"6.1.1\" \/><input type=\"hidden\" name=\"_wpcf7_locale\" value=\"es_ES\" \/><input type=\"hidden\" name=\"_wpcf7_unit_tag\" value=\"wpcf7-f6548-o1\" \/><input type=\"hidden\" name=\"_wpcf7_container_post\" value=\"0\" \/><input type=\"hidden\" name=\"_wpcf7_posted_data_hash\" value=\"\" \/><input type=\"hidden\" name=\"_wpcf7_recaptcha_response\" value=\"\" \/>\n<\/fieldset>\n<div class=\"formulario-contacto\">\n\t<p><label for=\"nombre\"><\/label><br \/>\n<span class=\"wpcf7-form-control-wrap\" data-name=\"nombre\"><input size=\"40\" maxlength=\"400\" class=\"wpcf7-form-control wpcf7-text wpcf7-validates-as-required\" aria-required=\"true\" aria-invalid=\"false\" placeholder=\"Nombre\" value=\"\" type=\"text\" name=\"nombre\" \/><\/span>\n\t<\/p>\n\t<p><label for=\"correo\"><\/label><br \/>\n<span class=\"wpcf7-form-control-wrap\" data-name=\"correo\"><input size=\"40\" maxlength=\"400\" class=\"wpcf7-form-control wpcf7-email wpcf7-validates-as-required wpcf7-text wpcf7-validates-as-email\" aria-required=\"true\" aria-invalid=\"false\" placeholder=\"Correo\" value=\"\" type=\"email\" name=\"correo\" \/><\/span>\n\t<\/p>\n\t<p><label for=\"empresa\"><\/label><br \/>\n<span class=\"wpcf7-form-control-wrap\" data-name=\"empresa\"><input size=\"40\" maxlength=\"400\" class=\"wpcf7-form-control wpcf7-text\" aria-invalid=\"false\" placeholder=\"Empresa\" value=\"\" type=\"text\" name=\"empresa\" \/><\/span>\n\t<\/p>\n\t<p><label for=\"telefono\"><\/label><br \/>\n<span class=\"wpcf7-form-control-wrap\" data-name=\"telefono\"><input size=\"40\" maxlength=\"400\" class=\"wpcf7-form-control wpcf7-tel wpcf7-validates-as-required wpcf7-text wpcf7-validates-as-tel\" aria-required=\"true\" aria-invalid=\"false\" placeholder=\"Tel\u00e9fono\" value=\"\" type=\"tel\" name=\"telefono\" \/><\/span>\n\t<\/p>\n\t<div class=\"fusion-form-checkbox\">\n\t\t<p><input id=\"checkbox-check-1-0\" class=\"fusion-form-input\" tabindex=\"\" name=\"check[]\" required=\"\" type=\"checkbox\" data-holds-private-data=\"false\" \/><br \/>\n<label for=\"checkbox-check-1-0\">He le\u00eddo y acepto la <a href=\"\/politica-de-privacidad\">pol\u00edtica de privacidad<\/a><\/label>\n\t\t<\/p>\n\t<\/div>\n\t<p><input class=\"wpcf7-form-control wpcf7-submit has-spinner\" type=\"submit\" value=\"Enviar\" \/>\n\t<\/p>\n<\/div><div class=\"wpcf7-response-output\" aria-hidden=\"true\"><\/div>\n<\/form>\n<\/div>\n\n<p>[\/et_pb_text][\/et_pb_column][\/et_pb_row][\/et_pb_section]<\/p>\n","protected":false},"excerpt":{"rendered":"<p>COMTACTA Commtact Ltd \u00e9 um fornecedor l\u00edder de solu\u00e7\u00f5es de comunica\u00e7\u00e3o sem fios de miss\u00e3o cr\u00edtica para aplica\u00e7\u00f5es exigentes de defesa e de primeiros socorros. Somos especializados no fornecimento de sistemas sem fios inovadores para plataformas a\u00e9reas, terrestres e navais. Os sistemas comprovados no terreno, os profissionais experientes e os excelentes servi\u00e7os da Commtact permitem [&hellip;]<\/p>\n","protected":false},"author":1,"featured_media":0,"parent":0,"menu_order":0,"comment_status":"closed","ping_status":"closed","template":"","meta":{"_et_pb_use_builder":"on","_et_pb_old_content":"","_et_gb_content_width":"","footnotes":""},"class_list":["post-8366","page","type-page","status-publish","hentry"],"yoast_head":"<!-- This site is optimized with the Yoast SEO plugin v25.9 - https:\/\/yoast.com\/wordpress\/plugins\/seo\/ -->\n<title>Contacto - Donalba<\/title>\n<meta name=\"robots\" content=\"index, follow, max-snippet:-1, max-image-preview:large, max-video-preview:-1\" \/>\n<link rel=\"canonical\" href=\"https:\/\/www.donalba.com\/pt-pt\/contacto-2\/\" \/>\n<meta property=\"og:locale\" content=\"pt_PT\" \/>\n<meta property=\"og:type\" content=\"article\" \/>\n<meta property=\"og:title\" content=\"Contacto - Donalba\" \/>\n<meta property=\"og:description\" content=\"COMTACTA Commtact Ltd \u00e9 um fornecedor l\u00edder de solu\u00e7\u00f5es de comunica\u00e7\u00e3o sem fios de miss\u00e3o cr\u00edtica para aplica\u00e7\u00f5es exigentes de defesa e de primeiros socorros. Somos especializados no fornecimento de sistemas sem fios inovadores para plataformas a\u00e9reas, terrestres e navais. Os sistemas comprovados no terreno, os profissionais experientes e os excelentes servi\u00e7os da Commtact permitem [&hellip;]\" \/>\n<meta property=\"og:url\" content=\"https:\/\/www.donalba.com\/pt-pt\/contacto-2\/\" \/>\n<meta property=\"og:site_name\" content=\"Donalba\" \/>\n<meta property=\"article:modified_time\" content=\"2024-06-26T15:33:31+00:00\" \/>\n<meta name=\"twitter:card\" content=\"summary_large_image\" \/>\n<meta name=\"twitter:label1\" content=\"Tempo estimado de leitura\" \/>\n\t<meta name=\"twitter:data1\" content=\"2 minutos\" \/>\n<script type=\"application\/ld+json\" class=\"yoast-schema-graph\">{\"@context\":\"https:\/\/schema.org\",\"@graph\":[{\"@type\":\"WebPage\",\"@id\":\"https:\/\/www.donalba.com\/pt-pt\/contacto-2\/\",\"url\":\"https:\/\/www.donalba.com\/pt-pt\/contacto-2\/\",\"name\":\"Contacto - Donalba\",\"isPartOf\":{\"@id\":\"https:\/\/www.donalba.com\/#website\"},\"datePublished\":\"2023-10-02T07:44:08+00:00\",\"dateModified\":\"2024-06-26T15:33:31+00:00\",\"breadcrumb\":{\"@id\":\"https:\/\/www.donalba.com\/pt-pt\/contacto-2\/#breadcrumb\"},\"inLanguage\":\"pt-PT\",\"potentialAction\":[{\"@type\":\"ReadAction\",\"target\":[\"https:\/\/www.donalba.com\/pt-pt\/contacto-2\/\"]}]},{\"@type\":\"BreadcrumbList\",\"@id\":\"https:\/\/www.donalba.com\/pt-pt\/contacto-2\/#breadcrumb\",\"itemListElement\":[{\"@type\":\"ListItem\",\"position\":1,\"name\":\"Portada\",\"item\":\"https:\/\/www.donalba.com\/pt-pt\/casa\/\"},{\"@type\":\"ListItem\",\"position\":2,\"name\":\"Contacto\"}]},{\"@type\":\"WebSite\",\"@id\":\"https:\/\/www.donalba.com\/#website\",\"url\":\"https:\/\/www.donalba.com\/\",\"name\":\"Donalba\",\"description\":\"La referencia en la representaci\u00f3n para los mercados de alta tecnolog\u00eda\",\"publisher\":{\"@id\":\"https:\/\/www.donalba.com\/#organization\"},\"potentialAction\":[{\"@type\":\"SearchAction\",\"target\":{\"@type\":\"EntryPoint\",\"urlTemplate\":\"https:\/\/www.donalba.com\/?s={search_term_string}\"},\"query-input\":{\"@type\":\"PropertyValueSpecification\",\"valueRequired\":true,\"valueName\":\"search_term_string\"}}],\"inLanguage\":\"pt-PT\"},{\"@type\":\"Organization\",\"@id\":\"https:\/\/www.donalba.com\/#organization\",\"name\":\"Donalba\",\"url\":\"https:\/\/www.donalba.com\/\",\"logo\":{\"@type\":\"ImageObject\",\"inLanguage\":\"pt-PT\",\"@id\":\"https:\/\/www.donalba.com\/#\/schema\/logo\/image\/\",\"url\":\"https:\/\/www.donalba.com\/wp-content\/uploads\/2023\/08\/DONALBA-logo.png\",\"contentUrl\":\"https:\/\/www.donalba.com\/wp-content\/uploads\/2023\/08\/DONALBA-logo.png\",\"width\":2500,\"height\":673,\"caption\":\"Donalba\"},\"image\":{\"@id\":\"https:\/\/www.donalba.com\/#\/schema\/logo\/image\/\"}}]}<\/script>\n<!-- \/ Yoast SEO plugin. -->","yoast_head_json":{"title":"Contacto - Donalba","robots":{"index":"index","follow":"follow","max-snippet":"max-snippet:-1","max-image-preview":"max-image-preview:large","max-video-preview":"max-video-preview:-1"},"canonical":"https:\/\/www.donalba.com\/pt-pt\/contacto-2\/","og_locale":"pt_PT","og_type":"article","og_title":"Contacto - Donalba","og_description":"COMTACTA Commtact Ltd \u00e9 um fornecedor l\u00edder de solu\u00e7\u00f5es de comunica\u00e7\u00e3o sem fios de miss\u00e3o cr\u00edtica para aplica\u00e7\u00f5es exigentes de defesa e de primeiros socorros. Somos especializados no fornecimento de sistemas sem fios inovadores para plataformas a\u00e9reas, terrestres e navais. Os sistemas comprovados no terreno, os profissionais experientes e os excelentes servi\u00e7os da Commtact permitem [&hellip;]","og_url":"https:\/\/www.donalba.com\/pt-pt\/contacto-2\/","og_site_name":"Donalba","article_modified_time":"2024-06-26T15:33:31+00:00","twitter_card":"summary_large_image","twitter_misc":{"Tempo estimado de leitura":"2 minutos"},"schema":{"@context":"https:\/\/schema.org","@graph":[{"@type":"WebPage","@id":"https:\/\/www.donalba.com\/pt-pt\/contacto-2\/","url":"https:\/\/www.donalba.com\/pt-pt\/contacto-2\/","name":"Contacto - Donalba","isPartOf":{"@id":"https:\/\/www.donalba.com\/#website"},"datePublished":"2023-10-02T07:44:08+00:00","dateModified":"2024-06-26T15:33:31+00:00","breadcrumb":{"@id":"https:\/\/www.donalba.com\/pt-pt\/contacto-2\/#breadcrumb"},"inLanguage":"pt-PT","potentialAction":[{"@type":"ReadAction","target":["https:\/\/www.donalba.com\/pt-pt\/contacto-2\/"]}]},{"@type":"BreadcrumbList","@id":"https:\/\/www.donalba.com\/pt-pt\/contacto-2\/#breadcrumb","itemListElement":[{"@type":"ListItem","position":1,"name":"Portada","item":"https:\/\/www.donalba.com\/pt-pt\/casa\/"},{"@type":"ListItem","position":2,"name":"Contacto"}]},{"@type":"WebSite","@id":"https:\/\/www.donalba.com\/#website","url":"https:\/\/www.donalba.com\/","name":"Donalba","description":"La referencia en la representaci\u00f3n para los mercados de alta tecnolog\u00eda","publisher":{"@id":"https:\/\/www.donalba.com\/#organization"},"potentialAction":[{"@type":"SearchAction","target":{"@type":"EntryPoint","urlTemplate":"https:\/\/www.donalba.com\/?s={search_term_string}"},"query-input":{"@type":"PropertyValueSpecification","valueRequired":true,"valueName":"search_term_string"}}],"inLanguage":"pt-PT"},{"@type":"Organization","@id":"https:\/\/www.donalba.com\/#organization","name":"Donalba","url":"https:\/\/www.donalba.com\/","logo":{"@type":"ImageObject","inLanguage":"pt-PT","@id":"https:\/\/www.donalba.com\/#\/schema\/logo\/image\/","url":"https:\/\/www.donalba.com\/wp-content\/uploads\/2023\/08\/DONALBA-logo.png","contentUrl":"https:\/\/www.donalba.com\/wp-content\/uploads\/2023\/08\/DONALBA-logo.png","width":2500,"height":673,"caption":"Donalba"},"image":{"@id":"https:\/\/www.donalba.com\/#\/schema\/logo\/image\/"}}]}},"_links":{"self":[{"href":"https:\/\/www.donalba.com\/pt-pt\/wp-json\/wp\/v2\/pages\/8366","targetHints":{"allow":["GET"]}}],"collection":[{"href":"https:\/\/www.donalba.com\/pt-pt\/wp-json\/wp\/v2\/pages"}],"about":[{"href":"https:\/\/www.donalba.com\/pt-pt\/wp-json\/wp\/v2\/types\/page"}],"author":[{"embeddable":true,"href":"https:\/\/www.donalba.com\/pt-pt\/wp-json\/wp\/v2\/users\/1"}],"replies":[{"embeddable":true,"href":"https:\/\/www.donalba.com\/pt-pt\/wp-json\/wp\/v2\/comments?post=8366"}],"version-history":[{"count":5,"href":"https:\/\/www.donalba.com\/pt-pt\/wp-json\/wp\/v2\/pages\/8366\/revisions"}],"predecessor-version":[{"id":8374,"href":"https:\/\/www.donalba.com\/pt-pt\/wp-json\/wp\/v2\/pages\/8366\/revisions\/8374"}],"wp:attachment":[{"href":"https:\/\/www.donalba.com\/pt-pt\/wp-json\/wp\/v2\/media?parent=8366"}],"curies":[{"name":"wp","href":"https:\/\/api.w.org\/{rel}","templated":true}]}}