{"id":8408,"date":"2023-10-02T11:25:51","date_gmt":"2023-10-02T09:25:51","guid":{"rendered":"https:\/\/www.donalba.com\/curtiss-wright\/"},"modified":"2024-06-26T17:59:25","modified_gmt":"2024-06-26T15:59:25","slug":"curtiss-wright","status":"publish","type":"page","link":"https:\/\/www.donalba.com\/pt-pt\/curtiss-wright\/","title":{"rendered":"Curtiss Wright"},"content":{"rendered":"<p>[et_pb_section fb_built=&#8221;1&#8243; module_class=&#8221;bloque-fab&#8221; _builder_version=&#8221;4.22.0&#8243; _module_preset=&#8221;default&#8221; background_color=&#8221;gcid-836011e9-5230-4bed-8a9c-e9ef39c201e9&#8243; max_height=&#8221;120px&#8221; custom_margin=&#8221;0px||||false|false&#8221; custom_padding=&#8221;20px||||false|false&#8221; global_colors_info=&#8221;{%22gcid-836011e9-5230-4bed-8a9c-e9ef39c201e9%22:%91%22background_color%22%93}&#8221;][et_pb_row _builder_version=&#8221;4.22.0&#8243; _module_preset=&#8221;default&#8221; global_colors_info=&#8221;{}&#8221;][et_pb_column type=&#8221;4_4&#8243; _builder_version=&#8221;4.22.0&#8243; _module_preset=&#8221;default&#8221; global_colors_info=&#8221;{}&#8221;][et_pb_text _builder_version=&#8221;4.22.0&#8243; _module_preset=&#8221;default&#8221; global_colors_info=&#8221;{}&#8221;]<\/p>\n<h1 style=\"color: #ffffff; text-align: center;\"><strong>TECNOLOGIAS DE ARREFECIMENTO AVAN\u00c7ADAS<\/strong><\/h1>\n<p>[\/et_pb_text][\/et_pb_column][\/et_pb_row][\/et_pb_section][et_pb_section fb_built=&#8221;1&#8243; _builder_version=&#8221;4.22.0&#8243; _module_preset=&#8221;default&#8221; custom_padding=&#8221;||0px||false|false&#8221; global_colors_info=&#8221;{}&#8221;][et_pb_row module_class=&#8221;texto-tipo&#8221; _builder_version=&#8221;4.22.0&#8243; _module_preset=&#8221;default&#8221; max_width=&#8221;1350px&#8221; global_colors_info=&#8221;{}&#8221;][et_pb_column type=&#8221;4_4&#8243; _builder_version=&#8221;4.22.0&#8243; _module_preset=&#8221;default&#8221; global_colors_info=&#8221;{}&#8221;][et_pb_text _builder_version=&#8221;4.22.0&#8243; _module_preset=&#8221;default&#8221; animation_style=&#8221;slide&#8221; animation_direction=&#8221;bottom&#8221; global_colors_info=&#8221;{}&#8221;]<\/p>\n<h2 style=\"font-size: 25px;\"><strong>A Curtiss-Wright contribui de forma cr\u00edtica para os mercados vitais de defesa terrestre, aeroespacial e naval.  <\/strong><\/h2>\n<p>[\/et_pb_text][\/et_pb_column][\/et_pb_row][\/et_pb_section][et_pb_section fb_built=&#8221;1&#8243; _builder_version=&#8221;4.22.0&#8243; _module_preset=&#8221;default&#8221; custom_padding=&#8221;0px||0px||false|false&#8221; global_colors_info=&#8221;{}&#8221;][et_pb_row column_structure=&#8221;1_2,1_2&#8243; _builder_version=&#8221;4.22.0&#8243; _module_preset=&#8221;default&#8221; max_width=&#8221;1350px&#8221; global_colors_info=&#8221;{}&#8221;][et_pb_column type=&#8221;1_2&#8243; _builder_version=&#8221;4.22.0&#8243; _module_preset=&#8221;default&#8221; global_colors_info=&#8221;{}&#8221;][et_pb_text module_class=&#8221;texto-p&#8221; _builder_version=&#8221;4.22.0&#8243; _module_preset=&#8221;default&#8221; animation_style=&#8221;slide&#8221; animation_direction=&#8221;left&#8221; global_colors_info=&#8221;{}&#8221;]Apoia muitos programas e plataformas de alto desempenho em todos os ramos das for\u00e7as armadas dos EUA, bem como em v\u00e1rias for\u00e7as de defesa internacionais, e est\u00e1 bem posicionado em plataformas-chave do passado, presente e futuro. A sua carteira de produtos abrange desde a gest\u00e3o do fluxo de l\u00edquidos em submarinos nucleares at\u00e9 ao controlo da eleva\u00e7\u00e3o, voo e aterragem de aeronaves e \u00e0 estabiliza\u00e7\u00e3o de sistemas de armas em tanques blindados.<\/p>\n<p>Para a Marinha dos EUA, t\u00eam tido um conte\u00fado significativo em todos os submarinos nucleares e porta-avi\u00f5es, e atualmente s\u00e3o o fornecedor preferencial de bombas e v\u00e1lvulas utilizadas no sistema de propuls\u00e3o nuclear. Est\u00e3o tamb\u00e9m a desenvolver sistemas electromec\u00e2nicos avan\u00e7ados que permitem \u00e0s aeronaves descolar e aterrar no conv\u00e9s de um porta-avi\u00f5es. Para a For\u00e7a A\u00e9rea dos EUA, fornecem tecnologias de computa\u00e7\u00e3o incorporadas, sensores e equipamento de controlo e servi\u00e7os de revestimento para muitas das principais plataformas actuais, incluindo o ca\u00e7a F-35 Lightning Joint Strike Fighter, o avi\u00e3o mar\u00edtimo multi-miss\u00e3o P-8A Poseidon e o Global Hawk. ve\u00edculo a\u00e9reo n\u00e3o tripulado (UAV). Para o Ex\u00e9rcito dos EUA, as nossas tecnologias electr\u00f3nicas apoiam os principais ve\u00edculos terrestres, incluindo o tanque Abrams, o Bradley Fighting Vehicle e o sistema de armas m\u00f3veis Stryker, e helic\u00f3pteros, incluindo o UH-60 Black Hawk, o AH-64 Apache e o CH-47 Chinook. Fornece tamb\u00e9m uma variedade de produtos a programas militares n\u00e3o americanos na Europa, na regi\u00e3o \u00c1sia-Pac\u00edfico, no M\u00e9dio Oriente, na Am\u00e9rica do Sul e no Canad\u00e1.[\/et_pb_text][\/et_pb_column][et_pb_column type=&#8221;1_2&#8243; _builder_version=&#8221;4.22.0&#8243; _module_preset=&#8221;default&#8221; global_colors_info=&#8221;{}&#8221;][et_pb_text _builder_version=&#8221;4.22.2&#8243; _module_preset=&#8221;default&#8221; hover_enabled=&#8221;0&#8243; global_colors_info=&#8221;{}&#8221; custom_margin=&#8221;||-10px||false|false&#8221; custom_padding=&#8221;|||25px|false|false&#8221; sticky_enabled=&#8221;0&#8243;]<\/p>\n<h3>SOLICITAR INFORMA\u00c7\u00d5ES<\/h3>\n<p>[\/et_pb_text][et_pb_text _builder_version=&#8221;4.22.2&#8243; _module_preset=&#8221;default&#8221; hover_enabled=&#8221;0&#8243; global_colors_info=&#8221;{}&#8221; custom_padding=&#8221;|||25px|false|false&#8221; sticky_enabled=&#8221;0&#8243;]<\/p>\n\n<div class=\"wpcf7 no-js\" id=\"wpcf7-f6548-o1\" lang=\"es-ES\" dir=\"ltr\" data-wpcf7-id=\"6548\">\n<div class=\"screen-reader-response\"><p role=\"status\" aria-live=\"polite\" aria-atomic=\"true\"><\/p> <ul><\/ul><\/div>\n<form action=\"\/pt-pt\/wp-json\/wp\/v2\/pages\/8408#wpcf7-f6548-o1\" method=\"post\" class=\"wpcf7-form init\" aria-label=\"Formulario de contacto\" novalidate=\"novalidate\" data-status=\"init\">\n<fieldset class=\"hidden-fields-container\"><input type=\"hidden\" name=\"_wpcf7\" value=\"6548\" \/><input type=\"hidden\" name=\"_wpcf7_version\" value=\"6.1.1\" \/><input type=\"hidden\" name=\"_wpcf7_locale\" value=\"es_ES\" \/><input type=\"hidden\" name=\"_wpcf7_unit_tag\" value=\"wpcf7-f6548-o1\" \/><input type=\"hidden\" name=\"_wpcf7_container_post\" value=\"0\" \/><input type=\"hidden\" name=\"_wpcf7_posted_data_hash\" value=\"\" \/><input type=\"hidden\" name=\"_wpcf7_recaptcha_response\" value=\"\" \/>\n<\/fieldset>\n<div class=\"formulario-contacto\">\n\t<p><label for=\"nombre\"><\/label><br \/>\n<span class=\"wpcf7-form-control-wrap\" data-name=\"nombre\"><input size=\"40\" maxlength=\"400\" class=\"wpcf7-form-control wpcf7-text wpcf7-validates-as-required\" aria-required=\"true\" aria-invalid=\"false\" placeholder=\"Nombre\" value=\"\" type=\"text\" name=\"nombre\" \/><\/span>\n\t<\/p>\n\t<p><label for=\"correo\"><\/label><br \/>\n<span class=\"wpcf7-form-control-wrap\" data-name=\"correo\"><input size=\"40\" maxlength=\"400\" class=\"wpcf7-form-control wpcf7-email wpcf7-validates-as-required wpcf7-text wpcf7-validates-as-email\" aria-required=\"true\" aria-invalid=\"false\" placeholder=\"Correo\" value=\"\" type=\"email\" name=\"correo\" \/><\/span>\n\t<\/p>\n\t<p><label for=\"empresa\"><\/label><br \/>\n<span class=\"wpcf7-form-control-wrap\" data-name=\"empresa\"><input size=\"40\" maxlength=\"400\" class=\"wpcf7-form-control wpcf7-text\" aria-invalid=\"false\" placeholder=\"Empresa\" value=\"\" type=\"text\" name=\"empresa\" \/><\/span>\n\t<\/p>\n\t<p><label for=\"telefono\"><\/label><br \/>\n<span class=\"wpcf7-form-control-wrap\" data-name=\"telefono\"><input size=\"40\" maxlength=\"400\" class=\"wpcf7-form-control wpcf7-tel wpcf7-validates-as-required wpcf7-text wpcf7-validates-as-tel\" aria-required=\"true\" aria-invalid=\"false\" placeholder=\"Tel\u00e9fono\" value=\"\" type=\"tel\" name=\"telefono\" \/><\/span>\n\t<\/p>\n\t<div class=\"fusion-form-checkbox\">\n\t\t<p><input id=\"checkbox-check-1-0\" class=\"fusion-form-input\" tabindex=\"\" name=\"check[]\" required=\"\" type=\"checkbox\" data-holds-private-data=\"false\" \/><br \/>\n<label for=\"checkbox-check-1-0\">He le\u00eddo y acepto la <a href=\"\/politica-de-privacidad\">pol\u00edtica de privacidad<\/a><\/label>\n\t\t<\/p>\n\t<\/div>\n\t<p><input class=\"wpcf7-form-control wpcf7-submit has-spinner\" type=\"submit\" value=\"Enviar\" \/>\n\t<\/p>\n<\/div><div class=\"wpcf7-response-output\" aria-hidden=\"true\"><\/div>\n<\/form>\n<\/div>\n\n<p>[\/et_pb_text][\/et_pb_column][\/et_pb_row][\/et_pb_section][et_pb_section fb_built=&#8221;1&#8243; _builder_version=&#8221;4.22.0&#8243; _module_preset=&#8221;default&#8221; custom_margin=&#8221;0px||||false|false&#8221; custom_padding=&#8221;0px||||false|false&#8221; global_colors_info=&#8221;{}&#8221;][et_pb_row _builder_version=&#8221;4.22.0&#8243; _module_preset=&#8221;default&#8221; max_width=&#8221;1350px&#8221; global_colors_info=&#8221;{}&#8221;][et_pb_column type=&#8221;4_4&#8243; _builder_version=&#8221;4.22.0&#8243; _module_preset=&#8221;default&#8221; global_colors_info=&#8221;{}&#8221;][et_pb_text module_class=&#8221;texto-p&#8221; _builder_version=&#8221;4.22.0&#8243; _module_preset=&#8221;default&#8221; animation_style=&#8221;slide&#8221; animation_direction=&#8221;right&#8221; global_colors_info=&#8221;{}&#8221;]<\/p>\n<p>Para al\u00e9m das plataformas em servi\u00e7o, a Curtiss-Wright \u00e9 tamb\u00e9m compat\u00edvel com futuros sistemas militares, como o submarino da pr\u00f3xima gera\u00e7\u00e3o da Marinha dos EUA, o programa de substitui\u00e7\u00e3o da classe Ohio.<\/p>\n<h3>FORNECEDOR L\u00cdDER DE ELECTR\u00d3NICA DE DEFESA<\/h3>\n<p>O fio tecnol\u00f3gico que liga as aplica\u00e7\u00f5es navais, a\u00e9reas e terrestres \u00e9 a sofisticada eletr\u00f3nica incorporada e os produtos inform\u00e1ticos da Curtiss-Wright. No dom\u00ednio da eletr\u00f3nica de defesa, a Curtiss-Wright \u00e9 o l\u00edder da ind\u00fastria no mercado da computa\u00e7\u00e3o integrada. S\u00e3o especializados em computadores e sistemas robustos concebidos para executar tarefas muito espec\u00edficas em aplica\u00e7\u00f5es que n\u00e3o podem falhar. A tua tecnologia \u00e9 a onda do futuro baseada numa compet\u00eancia central \u00fanica que distingue o teu neg\u00f3cio de computa\u00e7\u00e3o incorporada da nossa concorr\u00eancia: a nossa tecnologia baseia-se em normas de arquitetura aberta, tamb\u00e9m conhecidas como COTS (Commercial Off-The-Shelf), o que permite um funcionamento sem descontinuidades em v\u00e1rios sistemas diferentes. Este tipo de tecnologia plug and play \u00e9 extremamente vantajoso para os teus clientes.<\/p>\n<p>Al\u00e9m disso, ajudam as for\u00e7as armadas a &#8220;ligar em rede&#8221; o campo de batalha para obter um conhecimento situacional superior para a efic\u00e1cia e prote\u00e7\u00e3o das for\u00e7as de combate. O nosso envolvimento na concretiza\u00e7\u00e3o dos requisitos da miss\u00e3o C4ISR (Comando, Controlo, Comunica\u00e7\u00f5es, Computadores, Intelig\u00eancia, Vigil\u00e2ncia, Reconhecimento e Reconhecimento) \u00e9 de particular import\u00e2ncia. A nossa tecnologia cr\u00edtica apoia as fun\u00e7\u00f5es C4ISR de recolha, processamento, explora\u00e7\u00e3o e divulga\u00e7\u00e3o de informa\u00e7\u00f5es de interesse que apoiam os utilizadores militares.<\/p>\n<p>[\/et_pb_text][\/et_pb_column][\/et_pb_row][\/et_pb_section]<\/p>\n","protected":false},"excerpt":{"rendered":"<p>TECNOLOGIAS DE ARREFECIMENTO AVAN\u00c7ADASA Curtiss-Wright contribui de forma cr\u00edtica para os mercados vitais de defesa terrestre, aeroespacial e naval. Apoia muitos programas e plataformas de alto desempenho em todos os ramos das for\u00e7as armadas dos EUA, bem como em v\u00e1rias for\u00e7as de defesa internacionais, e est\u00e1 bem posicionado em plataformas-chave do passado, presente e futuro. [&hellip;]<\/p>\n","protected":false},"author":1,"featured_media":0,"parent":0,"menu_order":0,"comment_status":"closed","ping_status":"closed","template":"","meta":{"_et_pb_use_builder":"on","_et_pb_old_content":"","_et_gb_content_width":"","footnotes":""},"class_list":["post-8408","page","type-page","status-publish","hentry"],"yoast_head":"<!-- This site is optimized with the Yoast SEO plugin v25.9 - https:\/\/yoast.com\/wordpress\/plugins\/seo\/ -->\n<title>Curtiss Wright - Donalba<\/title>\n<meta name=\"robots\" content=\"index, follow, max-snippet:-1, max-image-preview:large, max-video-preview:-1\" \/>\n<link rel=\"canonical\" href=\"https:\/\/www.donalba.com\/pt-pt\/curtiss-wright\/\" \/>\n<meta property=\"og:locale\" content=\"pt_PT\" \/>\n<meta property=\"og:type\" content=\"article\" \/>\n<meta property=\"og:title\" content=\"Curtiss Wright - Donalba\" \/>\n<meta property=\"og:description\" content=\"TECNOLOGIAS DE ARREFECIMENTO AVAN\u00c7ADASA Curtiss-Wright contribui de forma cr\u00edtica para os mercados vitais de defesa terrestre, aeroespacial e naval. Apoia muitos programas e plataformas de alto desempenho em todos os ramos das for\u00e7as armadas dos EUA, bem como em v\u00e1rias for\u00e7as de defesa internacionais, e est\u00e1 bem posicionado em plataformas-chave do passado, presente e futuro. [&hellip;]\" \/>\n<meta property=\"og:url\" content=\"https:\/\/www.donalba.com\/pt-pt\/curtiss-wright\/\" \/>\n<meta property=\"og:site_name\" content=\"Donalba\" \/>\n<meta property=\"article:modified_time\" content=\"2024-06-26T15:59:25+00:00\" \/>\n<meta name=\"twitter:card\" content=\"summary_large_image\" \/>\n<meta name=\"twitter:label1\" content=\"Tempo estimado de leitura\" \/>\n\t<meta name=\"twitter:data1\" content=\"5 minutos\" \/>\n<script type=\"application\/ld+json\" class=\"yoast-schema-graph\">{\"@context\":\"https:\/\/schema.org\",\"@graph\":[{\"@type\":\"WebPage\",\"@id\":\"https:\/\/www.donalba.com\/pt-pt\/curtiss-wright\/\",\"url\":\"https:\/\/www.donalba.com\/pt-pt\/curtiss-wright\/\",\"name\":\"Curtiss Wright - Donalba\",\"isPartOf\":{\"@id\":\"https:\/\/www.donalba.com\/#website\"},\"datePublished\":\"2023-10-02T09:25:51+00:00\",\"dateModified\":\"2024-06-26T15:59:25+00:00\",\"breadcrumb\":{\"@id\":\"https:\/\/www.donalba.com\/pt-pt\/curtiss-wright\/#breadcrumb\"},\"inLanguage\":\"pt-PT\",\"potentialAction\":[{\"@type\":\"ReadAction\",\"target\":[\"https:\/\/www.donalba.com\/pt-pt\/curtiss-wright\/\"]}]},{\"@type\":\"BreadcrumbList\",\"@id\":\"https:\/\/www.donalba.com\/pt-pt\/curtiss-wright\/#breadcrumb\",\"itemListElement\":[{\"@type\":\"ListItem\",\"position\":1,\"name\":\"Portada\",\"item\":\"https:\/\/www.donalba.com\/pt-pt\/casa\/\"},{\"@type\":\"ListItem\",\"position\":2,\"name\":\"Curtiss Wright\"}]},{\"@type\":\"WebSite\",\"@id\":\"https:\/\/www.donalba.com\/#website\",\"url\":\"https:\/\/www.donalba.com\/\",\"name\":\"Donalba\",\"description\":\"La referencia en la representaci\u00f3n para los mercados de alta tecnolog\u00eda\",\"publisher\":{\"@id\":\"https:\/\/www.donalba.com\/#organization\"},\"potentialAction\":[{\"@type\":\"SearchAction\",\"target\":{\"@type\":\"EntryPoint\",\"urlTemplate\":\"https:\/\/www.donalba.com\/?s={search_term_string}\"},\"query-input\":{\"@type\":\"PropertyValueSpecification\",\"valueRequired\":true,\"valueName\":\"search_term_string\"}}],\"inLanguage\":\"pt-PT\"},{\"@type\":\"Organization\",\"@id\":\"https:\/\/www.donalba.com\/#organization\",\"name\":\"Donalba\",\"url\":\"https:\/\/www.donalba.com\/\",\"logo\":{\"@type\":\"ImageObject\",\"inLanguage\":\"pt-PT\",\"@id\":\"https:\/\/www.donalba.com\/#\/schema\/logo\/image\/\",\"url\":\"https:\/\/www.donalba.com\/wp-content\/uploads\/2023\/08\/DONALBA-logo.png\",\"contentUrl\":\"https:\/\/www.donalba.com\/wp-content\/uploads\/2023\/08\/DONALBA-logo.png\",\"width\":2500,\"height\":673,\"caption\":\"Donalba\"},\"image\":{\"@id\":\"https:\/\/www.donalba.com\/#\/schema\/logo\/image\/\"}}]}<\/script>\n<!-- \/ Yoast SEO plugin. -->","yoast_head_json":{"title":"Curtiss Wright - Donalba","robots":{"index":"index","follow":"follow","max-snippet":"max-snippet:-1","max-image-preview":"max-image-preview:large","max-video-preview":"max-video-preview:-1"},"canonical":"https:\/\/www.donalba.com\/pt-pt\/curtiss-wright\/","og_locale":"pt_PT","og_type":"article","og_title":"Curtiss Wright - Donalba","og_description":"TECNOLOGIAS DE ARREFECIMENTO AVAN\u00c7ADASA Curtiss-Wright contribui de forma cr\u00edtica para os mercados vitais de defesa terrestre, aeroespacial e naval. Apoia muitos programas e plataformas de alto desempenho em todos os ramos das for\u00e7as armadas dos EUA, bem como em v\u00e1rias for\u00e7as de defesa internacionais, e est\u00e1 bem posicionado em plataformas-chave do passado, presente e futuro. [&hellip;]","og_url":"https:\/\/www.donalba.com\/pt-pt\/curtiss-wright\/","og_site_name":"Donalba","article_modified_time":"2024-06-26T15:59:25+00:00","twitter_card":"summary_large_image","twitter_misc":{"Tempo estimado de leitura":"5 minutos"},"schema":{"@context":"https:\/\/schema.org","@graph":[{"@type":"WebPage","@id":"https:\/\/www.donalba.com\/pt-pt\/curtiss-wright\/","url":"https:\/\/www.donalba.com\/pt-pt\/curtiss-wright\/","name":"Curtiss Wright - Donalba","isPartOf":{"@id":"https:\/\/www.donalba.com\/#website"},"datePublished":"2023-10-02T09:25:51+00:00","dateModified":"2024-06-26T15:59:25+00:00","breadcrumb":{"@id":"https:\/\/www.donalba.com\/pt-pt\/curtiss-wright\/#breadcrumb"},"inLanguage":"pt-PT","potentialAction":[{"@type":"ReadAction","target":["https:\/\/www.donalba.com\/pt-pt\/curtiss-wright\/"]}]},{"@type":"BreadcrumbList","@id":"https:\/\/www.donalba.com\/pt-pt\/curtiss-wright\/#breadcrumb","itemListElement":[{"@type":"ListItem","position":1,"name":"Portada","item":"https:\/\/www.donalba.com\/pt-pt\/casa\/"},{"@type":"ListItem","position":2,"name":"Curtiss Wright"}]},{"@type":"WebSite","@id":"https:\/\/www.donalba.com\/#website","url":"https:\/\/www.donalba.com\/","name":"Donalba","description":"La referencia en la representaci\u00f3n para los mercados de alta tecnolog\u00eda","publisher":{"@id":"https:\/\/www.donalba.com\/#organization"},"potentialAction":[{"@type":"SearchAction","target":{"@type":"EntryPoint","urlTemplate":"https:\/\/www.donalba.com\/?s={search_term_string}"},"query-input":{"@type":"PropertyValueSpecification","valueRequired":true,"valueName":"search_term_string"}}],"inLanguage":"pt-PT"},{"@type":"Organization","@id":"https:\/\/www.donalba.com\/#organization","name":"Donalba","url":"https:\/\/www.donalba.com\/","logo":{"@type":"ImageObject","inLanguage":"pt-PT","@id":"https:\/\/www.donalba.com\/#\/schema\/logo\/image\/","url":"https:\/\/www.donalba.com\/wp-content\/uploads\/2023\/08\/DONALBA-logo.png","contentUrl":"https:\/\/www.donalba.com\/wp-content\/uploads\/2023\/08\/DONALBA-logo.png","width":2500,"height":673,"caption":"Donalba"},"image":{"@id":"https:\/\/www.donalba.com\/#\/schema\/logo\/image\/"}}]}},"_links":{"self":[{"href":"https:\/\/www.donalba.com\/pt-pt\/wp-json\/wp\/v2\/pages\/8408","targetHints":{"allow":["GET"]}}],"collection":[{"href":"https:\/\/www.donalba.com\/pt-pt\/wp-json\/wp\/v2\/pages"}],"about":[{"href":"https:\/\/www.donalba.com\/pt-pt\/wp-json\/wp\/v2\/types\/page"}],"author":[{"embeddable":true,"href":"https:\/\/www.donalba.com\/pt-pt\/wp-json\/wp\/v2\/users\/1"}],"replies":[{"embeddable":true,"href":"https:\/\/www.donalba.com\/pt-pt\/wp-json\/wp\/v2\/comments?post=8408"}],"version-history":[{"count":3,"href":"https:\/\/www.donalba.com\/pt-pt\/wp-json\/wp\/v2\/pages\/8408\/revisions"}],"predecessor-version":[{"id":8411,"href":"https:\/\/www.donalba.com\/pt-pt\/wp-json\/wp\/v2\/pages\/8408\/revisions\/8411"}],"wp:attachment":[{"href":"https:\/\/www.donalba.com\/pt-pt\/wp-json\/wp\/v2\/media?parent=8408"}],"curies":[{"name":"wp","href":"https:\/\/api.w.org\/{rel}","templated":true}]}}