{"id":8478,"date":"2023-10-02T12:22:26","date_gmt":"2023-10-02T10:22:26","guid":{"rendered":"https:\/\/www.donalba.com\/lcr\/"},"modified":"2024-06-27T10:12:33","modified_gmt":"2024-06-27T08:12:33","slug":"lcr","status":"publish","type":"page","link":"https:\/\/www.donalba.com\/pt-pt\/lcr\/","title":{"rendered":"LCR"},"content":{"rendered":"<p>[et_pb_section fb_built=&#8221;1&#8243; module_class=&#8221;bloque-fab&#8221; _builder_version=&#8221;4.22.0&#8243; _module_preset=&#8221;default&#8221; background_color=&#8221;gcid-836011e9-5230-4bed-8a9c-e9ef39c201e9&#8243; max_height=&#8221;120px&#8221; custom_margin=&#8221;0px||||false|false&#8221; custom_padding=&#8221;20px||||false|false&#8221; global_colors_info=&#8221;{%22gcid-836011e9-5230-4bed-8a9c-e9ef39c201e9%22:%91%22background_color%22%93}&#8221;][et_pb_row _builder_version=&#8221;4.22.0&#8243; _module_preset=&#8221;default&#8221; global_colors_info=&#8221;{}&#8221;][et_pb_column type=&#8221;4_4&#8243; _builder_version=&#8221;4.22.0&#8243; _module_preset=&#8221;default&#8221; global_colors_info=&#8221;{}&#8221;][et_pb_text _builder_version=&#8221;4.22.0&#8243; _module_preset=&#8221;default&#8221; global_colors_info=&#8221;{}&#8221;]<\/p>\n<h1 style=\"color: #ffffff; text-align: center;\"><strong>LCR<\/strong><\/h1>\n<p>[\/et_pb_text][\/et_pb_column][\/et_pb_row][\/et_pb_section][et_pb_section fb_built=&#8221;1&#8243; _builder_version=&#8221;4.22.0&#8243; _module_preset=&#8221;default&#8221; custom_padding=&#8221;||0px||false|false&#8221; global_colors_info=&#8221;{}&#8221;][et_pb_row module_class=&#8221;texto-tipo&#8221; _builder_version=&#8221;4.22.0&#8243; _module_preset=&#8221;default&#8221; max_width=&#8221;1350px&#8221; global_colors_info=&#8221;{}&#8221;][et_pb_column type=&#8221;4_4&#8243; _builder_version=&#8221;4.22.0&#8243; _module_preset=&#8221;default&#8221; global_colors_info=&#8221;{}&#8221;][et_pb_text _builder_version=&#8221;4.22.0&#8243; _module_preset=&#8221;default&#8221; animation_style=&#8221;slide&#8221; animation_direction=&#8221;bottom&#8221; global_colors_info=&#8221;{}&#8221;]<\/p>\n<h2 style=\"font-size: 25px;\"><strong>A LCR concebe, desenvolve e fabrica sistemas integrados, chassis e backplanes para os mercados aeroespacial e da defesa.<\/strong><\/h2>\n<p>[\/et_pb_text][\/et_pb_column][\/et_pb_row][\/et_pb_section][et_pb_section fb_built=&#8221;1&#8243; _builder_version=&#8221;4.22.0&#8243; _module_preset=&#8221;default&#8221; custom_padding=&#8221;0px||0px||false|false&#8221; global_colors_info=&#8221;{}&#8221;][et_pb_row column_structure=&#8221;1_2,1_2&#8243; _builder_version=&#8221;4.22.0&#8243; _module_preset=&#8221;default&#8221; max_width=&#8221;1350px&#8221; global_colors_info=&#8221;{}&#8221;][et_pb_column type=&#8221;1_2&#8243; _builder_version=&#8221;4.22.0&#8243; _module_preset=&#8221;default&#8221; global_colors_info=&#8221;{}&#8221;][et_pb_text module_class=&#8221;texto-p&#8221; _builder_version=&#8221;4.22.0&#8243; _module_preset=&#8221;default&#8221; animation_style=&#8221;slide&#8221; animation_direction=&#8221;left&#8221; global_colors_info=&#8221;{}&#8221;]Somos um orgulhoso e comprovado fornecedor a longo prazo de sistemas de miss\u00e3o cr\u00edtica para programas de defesa dos EUA e internacionais. As nossas solu\u00e7\u00f5es de sistemas COTS e personalizadas s\u00e3o concebidas para arquitecturas de placas VPX, alinhadas com SOSA, VME, CompactPCI e AdvancedTCA. A LCR \u00e9 membro da VITA e do Sensor Open Systems Architecture (SOSA) Consortium. Quando escolhes a LCR Embedded Systems, est\u00e1s a escolher uma parceria sustentada com especialistas l\u00edderes da ind\u00fastria que est\u00e3o empenhados em ajudar-te a cumprir a tua miss\u00e3o. Na LCR, mantemos uma atmosfera de melhoria cont\u00ednua em todos os aspectos do nosso neg\u00f3cio.[\/et_pb_text][\/et_pb_column][et_pb_column type=&#8221;1_2&#8243; _builder_version=&#8221;4.22.0&#8243; _module_preset=&#8221;default&#8221; global_colors_info=&#8221;{}&#8221;][et_pb_text _builder_version=&#8221;4.22.2&#8243; _module_preset=&#8221;default&#8221; hover_enabled=&#8221;0&#8243; global_colors_info=&#8221;{}&#8221; custom_margin=&#8221;||-10px||false|false&#8221; custom_padding=&#8221;|||25px|false|false&#8221; sticky_enabled=&#8221;0&#8243;]<\/p>\n<h3>SOLICITAR INFORMA\u00c7\u00d5ES<\/h3>\n<p>[\/et_pb_text][et_pb_text _builder_version=&#8221;4.22.2&#8243; _module_preset=&#8221;default&#8221; hover_enabled=&#8221;0&#8243; global_colors_info=&#8221;{}&#8221; custom_padding=&#8221;|||25px|false|false&#8221; custom_margin=&#8221;|||0px|false|false&#8221; sticky_enabled=&#8221;0&#8243;]<\/p>\n\n<div class=\"wpcf7 no-js\" id=\"wpcf7-f6548-o1\" lang=\"es-ES\" dir=\"ltr\" data-wpcf7-id=\"6548\">\n<div class=\"screen-reader-response\"><p role=\"status\" aria-live=\"polite\" aria-atomic=\"true\"><\/p> <ul><\/ul><\/div>\n<form action=\"\/pt-pt\/wp-json\/wp\/v2\/pages\/8478#wpcf7-f6548-o1\" method=\"post\" class=\"wpcf7-form init\" aria-label=\"Formulario de contacto\" novalidate=\"novalidate\" data-status=\"init\">\n<fieldset class=\"hidden-fields-container\"><input type=\"hidden\" name=\"_wpcf7\" value=\"6548\" \/><input type=\"hidden\" name=\"_wpcf7_version\" value=\"6.1.1\" \/><input type=\"hidden\" name=\"_wpcf7_locale\" value=\"es_ES\" \/><input type=\"hidden\" name=\"_wpcf7_unit_tag\" value=\"wpcf7-f6548-o1\" \/><input type=\"hidden\" name=\"_wpcf7_container_post\" value=\"0\" \/><input type=\"hidden\" name=\"_wpcf7_posted_data_hash\" value=\"\" \/><input type=\"hidden\" name=\"_wpcf7_recaptcha_response\" value=\"\" \/>\n<\/fieldset>\n<div class=\"formulario-contacto\">\n\t<p><label for=\"nombre\"><\/label><br \/>\n<span class=\"wpcf7-form-control-wrap\" data-name=\"nombre\"><input size=\"40\" maxlength=\"400\" class=\"wpcf7-form-control wpcf7-text wpcf7-validates-as-required\" aria-required=\"true\" aria-invalid=\"false\" placeholder=\"Nombre\" value=\"\" type=\"text\" name=\"nombre\" \/><\/span>\n\t<\/p>\n\t<p><label for=\"correo\"><\/label><br \/>\n<span class=\"wpcf7-form-control-wrap\" data-name=\"correo\"><input size=\"40\" maxlength=\"400\" class=\"wpcf7-form-control wpcf7-email wpcf7-validates-as-required wpcf7-text wpcf7-validates-as-email\" aria-required=\"true\" aria-invalid=\"false\" placeholder=\"Correo\" value=\"\" type=\"email\" name=\"correo\" \/><\/span>\n\t<\/p>\n\t<p><label for=\"empresa\"><\/label><br \/>\n<span class=\"wpcf7-form-control-wrap\" data-name=\"empresa\"><input size=\"40\" maxlength=\"400\" class=\"wpcf7-form-control wpcf7-text\" aria-invalid=\"false\" placeholder=\"Empresa\" value=\"\" type=\"text\" name=\"empresa\" \/><\/span>\n\t<\/p>\n\t<p><label for=\"telefono\"><\/label><br \/>\n<span class=\"wpcf7-form-control-wrap\" data-name=\"telefono\"><input size=\"40\" maxlength=\"400\" class=\"wpcf7-form-control wpcf7-tel wpcf7-validates-as-required wpcf7-text wpcf7-validates-as-tel\" aria-required=\"true\" aria-invalid=\"false\" placeholder=\"Tel\u00e9fono\" value=\"\" type=\"tel\" name=\"telefono\" \/><\/span>\n\t<\/p>\n\t<div class=\"fusion-form-checkbox\">\n\t\t<p><input id=\"checkbox-check-1-0\" class=\"fusion-form-input\" tabindex=\"\" name=\"check[]\" required=\"\" type=\"checkbox\" data-holds-private-data=\"false\" \/><br \/>\n<label for=\"checkbox-check-1-0\">He le\u00eddo y acepto la <a href=\"\/politica-de-privacidad\">pol\u00edtica de privacidad<\/a><\/label>\n\t\t<\/p>\n\t<\/div>\n\t<p><input class=\"wpcf7-form-control wpcf7-submit has-spinner\" type=\"submit\" value=\"Enviar\" \/>\n\t<\/p>\n<\/div><div class=\"wpcf7-response-output\" aria-hidden=\"true\"><\/div>\n<\/form>\n<\/div>\n\n<p>[\/et_pb_text][\/et_pb_column][\/et_pb_row][\/et_pb_section][et_pb_section fb_built=&#8221;1&#8243; _builder_version=&#8221;4.22.0&#8243; _module_preset=&#8221;default&#8221; custom_margin=&#8221;0px||||false|false&#8221; custom_padding=&#8221;0px||||false|false&#8221; global_colors_info=&#8221;{}&#8221;][et_pb_row _builder_version=&#8221;4.22.0&#8243; _module_preset=&#8221;default&#8221; max_width=&#8221;1350px&#8221; global_colors_info=&#8221;{}&#8221;][et_pb_column type=&#8221;4_4&#8243; _builder_version=&#8221;4.22.0&#8243; _module_preset=&#8221;default&#8221; global_colors_info=&#8221;{}&#8221;][et_pb_text module_class=&#8221;texto-p&#8221; _builder_version=&#8221;4.22.0&#8243; _module_preset=&#8221;default&#8221; animation_style=&#8221;slide&#8221; animation_direction=&#8221;right&#8221; global_colors_info=&#8221;{}&#8221;]<\/p>\n<p><strong><br \/>Servi\u00e7os alargados de fabrico e engenharia<\/strong>LCR: mais bem posicionada do que nunca para servir os nossos clientes.<strong><\/strong> A LCR Embedded Systems tem a sua sede em Jeffersonville, PA, e alberga as nossas organiza\u00e7\u00f5es de engenharia avan\u00e7ada, integra\u00e7\u00e3o de sistemas e fabrico. H\u00e1 mais de 35 anos que os nossos produtos apoiam aplica\u00e7\u00f5es de miss\u00e3o cr\u00edtica com solu\u00e7\u00f5es electr\u00f3nicas e de embalagem de \u00faltima gera\u00e7\u00e3o numa vasta gama de programas de defesa.<\/p>\n<p><strong>A nossa presen\u00e7a recentemente alargada: responder \u00e0s necessidades da ind\u00fastria eletr\u00f3nica de defesa<\/strong><br \/>\u00c0 medida que o nosso neg\u00f3cio continua a crescer, a LCR tornou-se recentemente parte do Jonathan Group e junta-se agora a uma fam\u00edlia de fornecedores de solu\u00e7\u00f5es de engenharia que servem a ind\u00fastria da defesa, bem como uma variedade de ind\u00fastrias comerciais. Nove locais nos Estados Unidos incluem mais de 600.000 p\u00e9s quadrados de espa\u00e7o de fabrico e conce\u00e7\u00e3o e mais de 1.000 empregados.<\/p>\n<p><strong>Instala\u00e7\u00f5es localizadas em todo o territ\u00f3rio dos EUA.<\/strong><\/p>\n<p>Jeffersonville, PA e Ridgeland, MS &#8211; LCR Integrated Systems<\/p>\n<p>Irvine, CA e Mexicali, MX &#8211; Jonathan Engineered Solutions<\/p>\n<p>Rochester, MI &#8211; Arm\u00e1rios de eletr\u00f3nica Emcor<\/p>\n<p>Hagerstown, MD e Johnstown, PA &#8211; Arm\u00e1rios resistentes \u00e0 electrometr\u00eda<\/p>\n<p>Aurora, Il &#8211; Solu\u00e7\u00f5es de armazenamento Equipto<\/p>\n<p>Farmington, NY &#8211; Sistemas de isolamento de vibra\u00e7\u00f5es e choques da IDC<\/p>\n<p><strong>Aumento das capacidades de fabrico e engenharia.<\/strong><br \/>Fabrico especializado.<br \/>\u00c0 medida que expandimos os nossos esfor\u00e7os para garantir os mais elevados n\u00edveis de satisfa\u00e7\u00e3o dos clientes, estes recursos de fabrico adicionais proporcionar\u00e3o uma capacidade de produ\u00e7\u00e3o de grande volume, n\u00edveis de qualidade excepcionais, maior efici\u00eancia da cadeia de abastecimento, prazos de entrega mais curtos e otimiza\u00e7\u00e3o de custos.<\/p>\n<p><strong>Engenharia com experi\u00eancia<\/strong><br \/>Ao tirar partido do aumento dos recursos de engenharia em v\u00e1rias disciplinas, a LCR pode agora proporcionar um tempo de coloca\u00e7\u00e3o no mercado mais r\u00e1pido para novos produtos atrav\u00e9s de uma colabora\u00e7\u00e3o melhorada, conhecimentos partilhados e energia inovadora. Isto contribui para uma maior satisfa\u00e7\u00e3o do cliente, reduzindo o risco, melhorando a capacidade de resposta e criando solu\u00e7\u00f5es atempadas para satisfazer a necessidade premente de sistemas inform\u00e1ticos incorporados fi\u00e1veis em aplica\u00e7\u00f5es de defesa de miss\u00e3o cr\u00edtica.<\/p>\n<p>[\/et_pb_text][\/et_pb_column][\/et_pb_row][\/et_pb_section]<\/p>\n","protected":false},"excerpt":{"rendered":"<p>LCRA LCR concebe, desenvolve e fabrica sistemas integrados, chassis e backplanes para os mercados aeroespacial e da defesa.Somos um orgulhoso e comprovado fornecedor a longo prazo de sistemas de miss\u00e3o cr\u00edtica para programas de defesa dos EUA e internacionais. As nossas solu\u00e7\u00f5es de sistemas COTS e personalizadas s\u00e3o concebidas para arquitecturas de placas VPX, alinhadas [&hellip;]<\/p>\n","protected":false},"author":1,"featured_media":0,"parent":0,"menu_order":0,"comment_status":"closed","ping_status":"closed","template":"","meta":{"_et_pb_use_builder":"on","_et_pb_old_content":"","_et_gb_content_width":"","footnotes":""},"class_list":["post-8478","page","type-page","status-publish","hentry"],"yoast_head":"<!-- This site is optimized with the Yoast SEO plugin v25.9 - https:\/\/yoast.com\/wordpress\/plugins\/seo\/ -->\n<title>LCR - Donalba<\/title>\n<meta name=\"robots\" content=\"index, follow, max-snippet:-1, max-image-preview:large, max-video-preview:-1\" \/>\n<link rel=\"canonical\" href=\"https:\/\/www.donalba.com\/pt-pt\/lcr\/\" \/>\n<meta property=\"og:locale\" content=\"pt_PT\" \/>\n<meta property=\"og:type\" content=\"article\" \/>\n<meta property=\"og:title\" content=\"LCR - Donalba\" \/>\n<meta property=\"og:description\" content=\"LCRA LCR concebe, desenvolve e fabrica sistemas integrados, chassis e backplanes para os mercados aeroespacial e da defesa.Somos um orgulhoso e comprovado fornecedor a longo prazo de sistemas de miss\u00e3o cr\u00edtica para programas de defesa dos EUA e internacionais. As nossas solu\u00e7\u00f5es de sistemas COTS e personalizadas s\u00e3o concebidas para arquitecturas de placas VPX, alinhadas [&hellip;]\" \/>\n<meta property=\"og:url\" content=\"https:\/\/www.donalba.com\/pt-pt\/lcr\/\" \/>\n<meta property=\"og:site_name\" content=\"Donalba\" \/>\n<meta property=\"article:modified_time\" content=\"2024-06-27T08:12:33+00:00\" \/>\n<meta name=\"twitter:card\" content=\"summary_large_image\" \/>\n<meta name=\"twitter:label1\" content=\"Tempo estimado de leitura\" \/>\n\t<meta name=\"twitter:data1\" content=\"5 minutos\" \/>\n<script type=\"application\/ld+json\" class=\"yoast-schema-graph\">{\"@context\":\"https:\/\/schema.org\",\"@graph\":[{\"@type\":\"WebPage\",\"@id\":\"https:\/\/www.donalba.com\/pt-pt\/lcr\/\",\"url\":\"https:\/\/www.donalba.com\/pt-pt\/lcr\/\",\"name\":\"LCR - Donalba\",\"isPartOf\":{\"@id\":\"https:\/\/www.donalba.com\/#website\"},\"datePublished\":\"2023-10-02T10:22:26+00:00\",\"dateModified\":\"2024-06-27T08:12:33+00:00\",\"breadcrumb\":{\"@id\":\"https:\/\/www.donalba.com\/pt-pt\/lcr\/#breadcrumb\"},\"inLanguage\":\"pt-PT\",\"potentialAction\":[{\"@type\":\"ReadAction\",\"target\":[\"https:\/\/www.donalba.com\/pt-pt\/lcr\/\"]}]},{\"@type\":\"BreadcrumbList\",\"@id\":\"https:\/\/www.donalba.com\/pt-pt\/lcr\/#breadcrumb\",\"itemListElement\":[{\"@type\":\"ListItem\",\"position\":1,\"name\":\"Portada\",\"item\":\"https:\/\/www.donalba.com\/pt-pt\/casa\/\"},{\"@type\":\"ListItem\",\"position\":2,\"name\":\"LCR\"}]},{\"@type\":\"WebSite\",\"@id\":\"https:\/\/www.donalba.com\/#website\",\"url\":\"https:\/\/www.donalba.com\/\",\"name\":\"Donalba\",\"description\":\"La referencia en la representaci\u00f3n para los mercados de alta tecnolog\u00eda\",\"publisher\":{\"@id\":\"https:\/\/www.donalba.com\/#organization\"},\"potentialAction\":[{\"@type\":\"SearchAction\",\"target\":{\"@type\":\"EntryPoint\",\"urlTemplate\":\"https:\/\/www.donalba.com\/?s={search_term_string}\"},\"query-input\":{\"@type\":\"PropertyValueSpecification\",\"valueRequired\":true,\"valueName\":\"search_term_string\"}}],\"inLanguage\":\"pt-PT\"},{\"@type\":\"Organization\",\"@id\":\"https:\/\/www.donalba.com\/#organization\",\"name\":\"Donalba\",\"url\":\"https:\/\/www.donalba.com\/\",\"logo\":{\"@type\":\"ImageObject\",\"inLanguage\":\"pt-PT\",\"@id\":\"https:\/\/www.donalba.com\/#\/schema\/logo\/image\/\",\"url\":\"https:\/\/www.donalba.com\/wp-content\/uploads\/2023\/08\/DONALBA-logo.png\",\"contentUrl\":\"https:\/\/www.donalba.com\/wp-content\/uploads\/2023\/08\/DONALBA-logo.png\",\"width\":2500,\"height\":673,\"caption\":\"Donalba\"},\"image\":{\"@id\":\"https:\/\/www.donalba.com\/#\/schema\/logo\/image\/\"}}]}<\/script>\n<!-- \/ Yoast SEO plugin. -->","yoast_head_json":{"title":"LCR - Donalba","robots":{"index":"index","follow":"follow","max-snippet":"max-snippet:-1","max-image-preview":"max-image-preview:large","max-video-preview":"max-video-preview:-1"},"canonical":"https:\/\/www.donalba.com\/pt-pt\/lcr\/","og_locale":"pt_PT","og_type":"article","og_title":"LCR - Donalba","og_description":"LCRA LCR concebe, desenvolve e fabrica sistemas integrados, chassis e backplanes para os mercados aeroespacial e da defesa.Somos um orgulhoso e comprovado fornecedor a longo prazo de sistemas de miss\u00e3o cr\u00edtica para programas de defesa dos EUA e internacionais. As nossas solu\u00e7\u00f5es de sistemas COTS e personalizadas s\u00e3o concebidas para arquitecturas de placas VPX, alinhadas [&hellip;]","og_url":"https:\/\/www.donalba.com\/pt-pt\/lcr\/","og_site_name":"Donalba","article_modified_time":"2024-06-27T08:12:33+00:00","twitter_card":"summary_large_image","twitter_misc":{"Tempo estimado de leitura":"5 minutos"},"schema":{"@context":"https:\/\/schema.org","@graph":[{"@type":"WebPage","@id":"https:\/\/www.donalba.com\/pt-pt\/lcr\/","url":"https:\/\/www.donalba.com\/pt-pt\/lcr\/","name":"LCR - Donalba","isPartOf":{"@id":"https:\/\/www.donalba.com\/#website"},"datePublished":"2023-10-02T10:22:26+00:00","dateModified":"2024-06-27T08:12:33+00:00","breadcrumb":{"@id":"https:\/\/www.donalba.com\/pt-pt\/lcr\/#breadcrumb"},"inLanguage":"pt-PT","potentialAction":[{"@type":"ReadAction","target":["https:\/\/www.donalba.com\/pt-pt\/lcr\/"]}]},{"@type":"BreadcrumbList","@id":"https:\/\/www.donalba.com\/pt-pt\/lcr\/#breadcrumb","itemListElement":[{"@type":"ListItem","position":1,"name":"Portada","item":"https:\/\/www.donalba.com\/pt-pt\/casa\/"},{"@type":"ListItem","position":2,"name":"LCR"}]},{"@type":"WebSite","@id":"https:\/\/www.donalba.com\/#website","url":"https:\/\/www.donalba.com\/","name":"Donalba","description":"La referencia en la representaci\u00f3n para los mercados de alta tecnolog\u00eda","publisher":{"@id":"https:\/\/www.donalba.com\/#organization"},"potentialAction":[{"@type":"SearchAction","target":{"@type":"EntryPoint","urlTemplate":"https:\/\/www.donalba.com\/?s={search_term_string}"},"query-input":{"@type":"PropertyValueSpecification","valueRequired":true,"valueName":"search_term_string"}}],"inLanguage":"pt-PT"},{"@type":"Organization","@id":"https:\/\/www.donalba.com\/#organization","name":"Donalba","url":"https:\/\/www.donalba.com\/","logo":{"@type":"ImageObject","inLanguage":"pt-PT","@id":"https:\/\/www.donalba.com\/#\/schema\/logo\/image\/","url":"https:\/\/www.donalba.com\/wp-content\/uploads\/2023\/08\/DONALBA-logo.png","contentUrl":"https:\/\/www.donalba.com\/wp-content\/uploads\/2023\/08\/DONALBA-logo.png","width":2500,"height":673,"caption":"Donalba"},"image":{"@id":"https:\/\/www.donalba.com\/#\/schema\/logo\/image\/"}}]}},"_links":{"self":[{"href":"https:\/\/www.donalba.com\/pt-pt\/wp-json\/wp\/v2\/pages\/8478","targetHints":{"allow":["GET"]}}],"collection":[{"href":"https:\/\/www.donalba.com\/pt-pt\/wp-json\/wp\/v2\/pages"}],"about":[{"href":"https:\/\/www.donalba.com\/pt-pt\/wp-json\/wp\/v2\/types\/page"}],"author":[{"embeddable":true,"href":"https:\/\/www.donalba.com\/pt-pt\/wp-json\/wp\/v2\/users\/1"}],"replies":[{"embeddable":true,"href":"https:\/\/www.donalba.com\/pt-pt\/wp-json\/wp\/v2\/comments?post=8478"}],"version-history":[{"count":5,"href":"https:\/\/www.donalba.com\/pt-pt\/wp-json\/wp\/v2\/pages\/8478\/revisions"}],"predecessor-version":[{"id":8486,"href":"https:\/\/www.donalba.com\/pt-pt\/wp-json\/wp\/v2\/pages\/8478\/revisions\/8486"}],"wp:attachment":[{"href":"https:\/\/www.donalba.com\/pt-pt\/wp-json\/wp\/v2\/media?parent=8478"}],"curies":[{"name":"wp","href":"https:\/\/api.w.org\/{rel}","templated":true}]}}