{"id":8568,"date":"2023-08-29T10:32:58","date_gmt":"2023-08-29T08:32:58","guid":{"rendered":"https:\/\/www.donalba.com\/transporte\/"},"modified":"2024-06-27T11:45:33","modified_gmt":"2024-06-27T09:45:33","slug":"transporte","status":"publish","type":"page","link":"https:\/\/www.donalba.com\/pt-pt\/transporte\/","title":{"rendered":"Transporte"},"content":{"rendered":"\n\n[et_pb_section fb_built=&#8221;1&#8243; _builder_version=&#8221;4.22.0&#8243; _module_preset=&#8221;default&#8221; background_color=&#8221;gcid-836011e9-5230-4bed-8a9c-e9ef39c201e9&#8243; max_height=&#8221;120px&#8221; custom_margin=&#8221;0px||||false|false&#8221; custom_padding=&#8221;20px||||false|false&#8221; global_colors_info=&#8221;{%22gcid-836011e9-5230-4bed-8a9c-e9ef39c201e9%22:%91%22background_color%22%93}&#8221; theme_builder_area=&#8221;post_content&#8221;][et_pb_row _builder_version=&#8221;4.22.0&#8243; _module_preset=&#8221;default&#8221; global_colors_info=&#8221;{}&#8221; theme_builder_area=&#8221;post_content&#8221;][et_pb_column type=&#8221;4_4&#8243; _builder_version=&#8221;4.22.0&#8243; _module_preset=&#8221;default&#8221; global_colors_info=&#8221;{}&#8221; theme_builder_area=&#8221;post_content&#8221;][et_pb_text _builder_version=&#8221;4.22.0&#8243; _module_preset=&#8221;default&#8221; hover_enabled=&#8221;0&#8243; global_colors_info=&#8221;{}&#8221; theme_builder_area=&#8221;post_content&#8221; sticky_enabled=&#8221;0&#8243;]<h1 style=\"color: #ffffff; text-align: center;\"><strong>TRANSPORTE<\/strong><\/h1>[\/et_pb_text][\/et_pb_column][\/et_pb_row][\/et_pb_section][et_pb_section fb_built=&#8221;1&#8243; _builder_version=&#8221;4.22.0&#8243; _module_preset=&#8221;default&#8221; custom_padding=&#8221;||0px||false|false&#8221; global_colors_info=&#8221;{}&#8221; theme_builder_area=&#8221;post_content&#8221;][et_pb_row module_class=&#8221;texto-tipo&#8221; _builder_version=&#8221;4.22.0&#8243; _module_preset=&#8221;default&#8221; max_width=&#8221;1350px&#8221; global_colors_info=&#8221;{}&#8221; theme_builder_area=&#8221;post_content&#8221;][et_pb_column type=&#8221;4_4&#8243; _builder_version=&#8221;4.22.0&#8243; _module_preset=&#8221;default&#8221; global_colors_info=&#8221;{}&#8221; theme_builder_area=&#8221;post_content&#8221;][et_pb_text _builder_version=&#8221;4.22.0&#8243; _module_preset=&#8221;default&#8221; animation_style=&#8221;slide&#8221; animation_direction=&#8221;bottom&#8221; hover_enabled=&#8221;0&#8243; global_colors_info=&#8221;{}&#8221; theme_builder_area=&#8221;post_content&#8221; sticky_enabled=&#8221;0&#8243;]No mundo da tecnologia em constante evolu\u00e7\u00e3o, h\u00e1 certos elementos que persistem ao longo do tempo, adaptando-se e fornecendo solu\u00e7\u00f5es mesmo em ambientes altamente especializados. Um destes elementos \u00e9 a tecnologia SBC VME, um componente essencial nos sistemas de controlo do tr\u00e1fego ferrovi\u00e1rio.[\/et_pb_text][\/et_pb_column][\/et_pb_row][\/et_pb_section][et_pb_section fb_built=&#8221;1&#8243; _builder_version=&#8221;4.22.0&#8243; _module_preset=&#8221;default&#8221; custom_padding=&#8221;0px||40px||false|false&#8221; global_colors_info=&#8221;{}&#8221; theme_builder_area=&#8221;post_content&#8221;][et_pb_row column_structure=&#8221;1_2,1_2&#8243; _builder_version=&#8221;4.22.0&#8243; _module_preset=&#8221;default&#8221; max_width=&#8221;1350px&#8221; global_colors_info=&#8221;{}&#8221; theme_builder_area=&#8221;post_content&#8221;][et_pb_column type=&#8221;1_2&#8243; _builder_version=&#8221;4.22.0&#8243; _module_preset=&#8221;default&#8221; global_colors_info=&#8221;{}&#8221; theme_builder_area=&#8221;post_content&#8221;][et_pb_text module_class=&#8221;texto-p&#8221; _builder_version=&#8221;4.22.0&#8243; _module_preset=&#8221;default&#8221; animation_style=&#8221;slide&#8221; animation_direction=&#8221;left&#8221; hover_enabled=&#8221;0&#8243; global_colors_info=&#8221;{}&#8221; theme_builder_area=&#8221;post_content&#8221; sticky_enabled=&#8221;0&#8243;]As placas SBC VME (Single Board Computers) provaram o seu valor em v\u00e1rios dom\u00ednios e a sua presen\u00e7a no sector ferrovi\u00e1rio n\u00e3o \u00e9 exce\u00e7\u00e3o. Estas placas inform\u00e1ticas desempenham um papel crucial no funcionamento seguro e eficiente dos sistemas de controlo do tr\u00e1fego ferrovi\u00e1rio, uma tarefa que exige precis\u00e3o e fiabilidade a todo o momento. A tecnologia SBC VME estabeleceu-se como uma escolha fi\u00e1vel para estes sistemas, oferecendo um equil\u00edbrio entre capacidade de processamento e durabilidade.\n\nNo dom\u00ednio dos sistemas de controlo do tr\u00e1fego ferrovi\u00e1rio, as placas SBC VME s\u00e3o o cora\u00e7\u00e3o que impulsiona o funcionamento coordenado dos caminhos-de-ferro. Estes cart\u00f5es permitem a execu\u00e7\u00e3o de algoritmos complexos que monitorizam e gerem o fluxo de comboios, garantindo um funcionamento suave e seguro. A tecnologia SBC VME \u00e9 particularmente adequada para ambientes ferrovi\u00e1rios, uma vez que \u00e9 resistente \u00e0s vibra\u00e7\u00f5es e \u00e0s condi\u00e7\u00f5es ambientais adversas que est\u00e3o frequentemente presentes nestas aplica\u00e7\u00f5es cr\u00edticas.\n\nNo entanto, a constante evolu\u00e7\u00e3o da tecnologia conduziu a novas exig\u00eancias para a ind\u00fastria ferrovi\u00e1ria, incluindo a implementa\u00e7\u00e3o de sistemas de condu\u00e7\u00e3o aut\u00f3noma. \u00c9 aqui que entra em jogo a integra\u00e7\u00e3o de controladores de placas gr\u00e1ficas GPU e controladores de computa\u00e7\u00e3o para sistemas aut\u00f3nomos. Estes componentes s\u00e3o essenciais para permitir capacidades avan\u00e7adas, como a dete\u00e7\u00e3o do ambiente e a tomada de decis\u00f5es em tempo real pelos sistemas de condu\u00e7\u00e3o aut\u00f3noma.\n[\/et_pb_text][\/et_pb_column][et_pb_column type=&#8221;1_2&#8243; _builder_version=&#8221;4.22.0&#8243; _module_preset=&#8221;default&#8221; global_colors_info=&#8221;{}&#8221; theme_builder_area=&#8221;post_content&#8221;][et_pb_image src=&#8221;https:\/\/www.donalba.com\/wp-content\/uploads\/2023\/09\/Transporte.png&#8221; title_text=&#8221;Transporte&#8221; _builder_version=&#8221;4.22.0&#8243; _module_preset=&#8221;default&#8221; custom_padding=&#8221;|||0px||&#8221; animation_style=&#8221;slide&#8221; animation_direction=&#8221;right&#8221; hover_enabled=&#8221;0&#8243; global_colors_info=&#8221;{}&#8221; theme_builder_area=&#8221;post_content&#8221; sticky_enabled=&#8221;0&#8243;][\/et_pb_image][\/et_pb_column][\/et_pb_row][\/et_pb_section][et_pb_section fb_built=&#8221;1&#8243; module_class=&#8221;llamada&#8221; _builder_version=&#8221;4.22.0&#8243; _module_preset=&#8221;default&#8221; background_color=&#8221;gcid-836011e9-5230-4bed-8a9c-e9ef39c201e9&#8243; custom_margin=&#8221;0px||0px||false|false&#8221; custom_padding=&#8221;0px||0px||false|false&#8221; global_colors_info=&#8221;{%22gcid-836011e9-5230-4bed-8a9c-e9ef39c201e9%22:%91%22background_color%22%93}&#8221; theme_builder_area=&#8221;post_content&#8221;][et_pb_row module_class=&#8221;cabecera-productos&#8221; _builder_version=&#8221;4.22.0&#8243; _module_preset=&#8221;default&#8221; background_color=&#8221;gcid-836011e9-5230-4bed-8a9c-e9ef39c201e9&#8243; width=&#8221;100%&#8221; max_width=&#8221;1350px&#8221; global_colors_info=&#8221;{%22gcid-836011e9-5230-4bed-8a9c-e9ef39c201e9%22:%91%22background_color%22%93}&#8221; theme_builder_area=&#8221;post_content&#8221;][et_pb_column type=&#8221;4_4&#8243; _builder_version=&#8221;4.22.0&#8243; _module_preset=&#8221;default&#8221; global_colors_info=&#8221;{}&#8221; theme_builder_area=&#8221;post_content&#8221;][et_pb_text _builder_version=&#8221;4.22.0&#8243; _module_preset=&#8221;default&#8221; custom_margin=&#8221;||0px||false|false&#8221; custom_padding=&#8221;||0px||false|false&#8221; hover_enabled=&#8221;0&#8243; global_colors_info=&#8221;{}&#8221; theme_builder_area=&#8221;post_content&#8221; sticky_enabled=&#8221;0&#8243;]<p style=\"text-align: center;\"><span>A DONALBA ELECTRONICA conquistou um lugar de destaque no sector dos transportes gra\u00e7as ao seu vasto conhecimento, vasta experi\u00eancia e abordagem colaborativa. O seu compromisso a longo prazo com os clientes, a sua participa\u00e7\u00e3o em feiras internacionais e nacionais, bem como o seu papel em projectos estrat\u00e9gicos, posicionam-na como um l\u00edder incontest\u00e1vel no sector.  <\/span><\/p>[\/et_pb_text][et_pb_button button_url=&#8221;https:\/\/www.donalba.com\/pt-pt\/contacto\/&#8221; button_text=&#8221;CONTACTO&#8221; button_alignment=&#8221;center&#8221; _builder_version=&#8221;4.22.0&#8243; _module_preset=&#8221;default&#8221; custom_button=&#8221;on&#8221; button_bg_color=&#8221;RGBA(255,255,255,0)&#8221; background_layout=&#8221;dark&#8221; custom_margin=&#8221;25px||5px||false|false&#8221; animation_style=&#8221;slide&#8221; global_colors_info=&#8221;{}&#8221; theme_builder_area=&#8221;post_content&#8221;][\/et_pb_button][\/et_pb_column][\/et_pb_row][\/et_pb_section][et_pb_section fb_built=&#8221;1&#8243; _builder_version=&#8221;4.22.0&#8243; _module_preset=&#8221;default&#8221; custom_margin=&#8221;50px||||false|false&#8221; custom_padding=&#8221;0px||||false|false&#8221; global_colors_info=&#8221;{}&#8221; theme_builder_area=&#8221;post_content&#8221;][et_pb_row _builder_version=&#8221;4.22.0&#8243; _module_preset=&#8221;default&#8221; max_width=&#8221;1350px&#8221; global_colors_info=&#8221;{}&#8221; theme_builder_area=&#8221;post_content&#8221;][et_pb_column type=&#8221;4_4&#8243; _builder_version=&#8221;4.22.0&#8243; _module_preset=&#8221;default&#8221; global_colors_info=&#8221;{}&#8221; theme_builder_area=&#8221;post_content&#8221;][et_pb_text module_class=&#8221;texto-p&#8221; _builder_version=&#8221;4.22.0&#8243; _module_preset=&#8221;default&#8221; animation_style=&#8221;slide&#8221; animation_direction=&#8221;right&#8221; hover_enabled=&#8221;0&#8243; global_colors_info=&#8221;{}&#8221; theme_builder_area=&#8221;post_content&#8221; sticky_enabled=&#8221;0&#8243;]As placas gr\u00e1ficas GPU, originalmente concebidas para aplica\u00e7\u00f5es na ind\u00fastria dos jogos e da renderiza\u00e7\u00e3o gr\u00e1fica, encontraram uma nova utilidade no dom\u00ednio da condu\u00e7\u00e3o aut\u00f3noma. A sua capacidade de efetuar c\u00e1lculos paralelos de alta velocidade torna-os uma escolha eficiente para o processamento em tempo real de dados complexos. Estas placas gr\u00e1ficas, quando integradas nas placas SBC VME, permitem que os sistemas de condu\u00e7\u00e3o aut\u00f3noma analisem rapidamente o ambiente circundante e tomem decis\u00f5es informadas em frac\u00e7\u00f5es de segundo.\n\nA tecnologia de condu\u00e7\u00e3o aut\u00f3noma assenta fortemente na intelig\u00eancia artificial e na aprendizagem autom\u00e1tica. Os algoritmos de IA permitem que os sistemas aut\u00f3nomos se adaptem \u00e0s situa\u00e7\u00f5es em mudan\u00e7a em tempo real, resultando numa maior seguran\u00e7a e efici\u00eancia no transporte ferrovi\u00e1rio. Os controladores inform\u00e1ticos para sistemas aut\u00f3nomos desempenham um papel essencial neste processo, facilitando a comunica\u00e7\u00e3o e a sincroniza\u00e7\u00e3o entre os componentes do sistema, permitindo uma colabora\u00e7\u00e3o perfeita entre placas VME SBC, placas gr\u00e1ficas GPU e outros elementos-chave.\n\nEm suma, as placas SBC VME provaram a sua relev\u00e2ncia e versatilidade no dom\u00ednio da tecnologia antiga e moderna. O seu papel nos sistemas de controlo do tr\u00e1fego ferrovi\u00e1rio continua a ser vital, garantindo uma opera\u00e7\u00e3o ferrovi\u00e1ria segura e eficiente. Ao mesmo tempo, a integra\u00e7\u00e3o de controladores de placas gr\u00e1ficas GPU e controladores de computa\u00e7\u00e3o para sistemas de condu\u00e7\u00e3o aut\u00f3noma abriu caminho para a implementa\u00e7\u00e3o bem sucedida de tecnologias de ponta na ind\u00fastria ferrovi\u00e1ria.\n\n\u00c0 medida que os sistemas ferrovi\u00e1rios continuam a evoluir e a adotar tecnologias mais avan\u00e7adas, as placas SBC VME continuar\u00e3o a ser um pilar em que se pode confiar. A sua capacidade de proporcionar um desempenho fi\u00e1vel em ambientes dif\u00edceis, combinada com a pot\u00eancia das placas gr\u00e1ficas GPU e dos controladores de computa\u00e7\u00e3o, garante que os sistemas de controlo de tr\u00e1fego ferrovi\u00e1rio e os sistemas de condu\u00e7\u00e3o aut\u00f3noma funcionem com efici\u00eancia e seguran\u00e7a inabal\u00e1veis no sector ferrovi\u00e1rio.\n[\/et_pb_text][\/et_pb_column][\/et_pb_row][\/et_pb_section]\n\n","protected":false},"excerpt":{"rendered":"<p>TRANSPORTENo mundo da tecnologia em constante evolu\u00e7\u00e3o, h\u00e1 certos elementos que persistem ao longo do tempo, adaptando-se e fornecendo solu\u00e7\u00f5es mesmo em ambientes altamente especializados. Um destes elementos \u00e9 a tecnologia SBC VME, um componente essencial nos sistemas de controlo do tr\u00e1fego ferrovi\u00e1rio.As placas SBC VME (Single Board Computers) provaram o seu valor em v\u00e1rios [&hellip;]<\/p>\n","protected":false},"author":1,"featured_media":0,"parent":0,"menu_order":0,"comment_status":"closed","ping_status":"closed","template":"","meta":{"_et_pb_use_builder":"on","_et_pb_old_content":"","_et_gb_content_width":"","footnotes":""},"class_list":["post-8568","page","type-page","status-publish","hentry"],"yoast_head":"<!-- This site is optimized with the Yoast SEO plugin v25.9 - https:\/\/yoast.com\/wordpress\/plugins\/seo\/ -->\n<title>Transporte - Donalba<\/title>\n<meta name=\"robots\" content=\"index, follow, max-snippet:-1, max-image-preview:large, max-video-preview:-1\" \/>\n<link rel=\"canonical\" href=\"https:\/\/www.donalba.com\/pt-pt\/transporte\/\" \/>\n<meta property=\"og:locale\" content=\"pt_PT\" \/>\n<meta property=\"og:type\" content=\"article\" \/>\n<meta property=\"og:title\" content=\"Transporte - Donalba\" \/>\n<meta property=\"og:description\" content=\"TRANSPORTENo mundo da tecnologia em constante evolu\u00e7\u00e3o, h\u00e1 certos elementos que persistem ao longo do tempo, adaptando-se e fornecendo solu\u00e7\u00f5es mesmo em ambientes altamente especializados. Um destes elementos \u00e9 a tecnologia SBC VME, um componente essencial nos sistemas de controlo do tr\u00e1fego ferrovi\u00e1rio.As placas SBC VME (Single Board Computers) provaram o seu valor em v\u00e1rios [&hellip;]\" \/>\n<meta property=\"og:url\" content=\"https:\/\/www.donalba.com\/pt-pt\/transporte\/\" \/>\n<meta property=\"og:site_name\" content=\"Donalba\" \/>\n<meta property=\"article:modified_time\" content=\"2024-06-27T09:45:33+00:00\" \/>\n<meta name=\"twitter:card\" content=\"summary_large_image\" \/>\n<meta name=\"twitter:label1\" content=\"Tempo estimado de leitura\" \/>\n\t<meta name=\"twitter:data1\" content=\"7 minutos\" \/>\n<script type=\"application\/ld+json\" class=\"yoast-schema-graph\">{\"@context\":\"https:\/\/schema.org\",\"@graph\":[{\"@type\":\"WebPage\",\"@id\":\"https:\/\/www.donalba.com\/pt-pt\/transporte\/\",\"url\":\"https:\/\/www.donalba.com\/pt-pt\/transporte\/\",\"name\":\"Transporte - Donalba\",\"isPartOf\":{\"@id\":\"https:\/\/www.donalba.com\/#website\"},\"datePublished\":\"2023-08-29T08:32:58+00:00\",\"dateModified\":\"2024-06-27T09:45:33+00:00\",\"breadcrumb\":{\"@id\":\"https:\/\/www.donalba.com\/pt-pt\/transporte\/#breadcrumb\"},\"inLanguage\":\"pt-PT\",\"potentialAction\":[{\"@type\":\"ReadAction\",\"target\":[\"https:\/\/www.donalba.com\/pt-pt\/transporte\/\"]}]},{\"@type\":\"BreadcrumbList\",\"@id\":\"https:\/\/www.donalba.com\/pt-pt\/transporte\/#breadcrumb\",\"itemListElement\":[{\"@type\":\"ListItem\",\"position\":1,\"name\":\"Portada\",\"item\":\"https:\/\/www.donalba.com\/pt-pt\/casa\/\"},{\"@type\":\"ListItem\",\"position\":2,\"name\":\"Transporte\"}]},{\"@type\":\"WebSite\",\"@id\":\"https:\/\/www.donalba.com\/#website\",\"url\":\"https:\/\/www.donalba.com\/\",\"name\":\"Donalba\",\"description\":\"La referencia en la representaci\u00f3n para los mercados de alta tecnolog\u00eda\",\"publisher\":{\"@id\":\"https:\/\/www.donalba.com\/#organization\"},\"potentialAction\":[{\"@type\":\"SearchAction\",\"target\":{\"@type\":\"EntryPoint\",\"urlTemplate\":\"https:\/\/www.donalba.com\/?s={search_term_string}\"},\"query-input\":{\"@type\":\"PropertyValueSpecification\",\"valueRequired\":true,\"valueName\":\"search_term_string\"}}],\"inLanguage\":\"pt-PT\"},{\"@type\":\"Organization\",\"@id\":\"https:\/\/www.donalba.com\/#organization\",\"name\":\"Donalba\",\"url\":\"https:\/\/www.donalba.com\/\",\"logo\":{\"@type\":\"ImageObject\",\"inLanguage\":\"pt-PT\",\"@id\":\"https:\/\/www.donalba.com\/#\/schema\/logo\/image\/\",\"url\":\"https:\/\/www.donalba.com\/wp-content\/uploads\/2023\/08\/DONALBA-logo.png\",\"contentUrl\":\"https:\/\/www.donalba.com\/wp-content\/uploads\/2023\/08\/DONALBA-logo.png\",\"width\":2500,\"height\":673,\"caption\":\"Donalba\"},\"image\":{\"@id\":\"https:\/\/www.donalba.com\/#\/schema\/logo\/image\/\"}}]}<\/script>\n<!-- \/ Yoast SEO plugin. -->","yoast_head_json":{"title":"Transporte - Donalba","robots":{"index":"index","follow":"follow","max-snippet":"max-snippet:-1","max-image-preview":"max-image-preview:large","max-video-preview":"max-video-preview:-1"},"canonical":"https:\/\/www.donalba.com\/pt-pt\/transporte\/","og_locale":"pt_PT","og_type":"article","og_title":"Transporte - Donalba","og_description":"TRANSPORTENo mundo da tecnologia em constante evolu\u00e7\u00e3o, h\u00e1 certos elementos que persistem ao longo do tempo, adaptando-se e fornecendo solu\u00e7\u00f5es mesmo em ambientes altamente especializados. Um destes elementos \u00e9 a tecnologia SBC VME, um componente essencial nos sistemas de controlo do tr\u00e1fego ferrovi\u00e1rio.As placas SBC VME (Single Board Computers) provaram o seu valor em v\u00e1rios [&hellip;]","og_url":"https:\/\/www.donalba.com\/pt-pt\/transporte\/","og_site_name":"Donalba","article_modified_time":"2024-06-27T09:45:33+00:00","twitter_card":"summary_large_image","twitter_misc":{"Tempo estimado de leitura":"7 minutos"},"schema":{"@context":"https:\/\/schema.org","@graph":[{"@type":"WebPage","@id":"https:\/\/www.donalba.com\/pt-pt\/transporte\/","url":"https:\/\/www.donalba.com\/pt-pt\/transporte\/","name":"Transporte - Donalba","isPartOf":{"@id":"https:\/\/www.donalba.com\/#website"},"datePublished":"2023-08-29T08:32:58+00:00","dateModified":"2024-06-27T09:45:33+00:00","breadcrumb":{"@id":"https:\/\/www.donalba.com\/pt-pt\/transporte\/#breadcrumb"},"inLanguage":"pt-PT","potentialAction":[{"@type":"ReadAction","target":["https:\/\/www.donalba.com\/pt-pt\/transporte\/"]}]},{"@type":"BreadcrumbList","@id":"https:\/\/www.donalba.com\/pt-pt\/transporte\/#breadcrumb","itemListElement":[{"@type":"ListItem","position":1,"name":"Portada","item":"https:\/\/www.donalba.com\/pt-pt\/casa\/"},{"@type":"ListItem","position":2,"name":"Transporte"}]},{"@type":"WebSite","@id":"https:\/\/www.donalba.com\/#website","url":"https:\/\/www.donalba.com\/","name":"Donalba","description":"La referencia en la representaci\u00f3n para los mercados de alta tecnolog\u00eda","publisher":{"@id":"https:\/\/www.donalba.com\/#organization"},"potentialAction":[{"@type":"SearchAction","target":{"@type":"EntryPoint","urlTemplate":"https:\/\/www.donalba.com\/?s={search_term_string}"},"query-input":{"@type":"PropertyValueSpecification","valueRequired":true,"valueName":"search_term_string"}}],"inLanguage":"pt-PT"},{"@type":"Organization","@id":"https:\/\/www.donalba.com\/#organization","name":"Donalba","url":"https:\/\/www.donalba.com\/","logo":{"@type":"ImageObject","inLanguage":"pt-PT","@id":"https:\/\/www.donalba.com\/#\/schema\/logo\/image\/","url":"https:\/\/www.donalba.com\/wp-content\/uploads\/2023\/08\/DONALBA-logo.png","contentUrl":"https:\/\/www.donalba.com\/wp-content\/uploads\/2023\/08\/DONALBA-logo.png","width":2500,"height":673,"caption":"Donalba"},"image":{"@id":"https:\/\/www.donalba.com\/#\/schema\/logo\/image\/"}}]}},"_links":{"self":[{"href":"https:\/\/www.donalba.com\/pt-pt\/wp-json\/wp\/v2\/pages\/8568","targetHints":{"allow":["GET"]}}],"collection":[{"href":"https:\/\/www.donalba.com\/pt-pt\/wp-json\/wp\/v2\/pages"}],"about":[{"href":"https:\/\/www.donalba.com\/pt-pt\/wp-json\/wp\/v2\/types\/page"}],"author":[{"embeddable":true,"href":"https:\/\/www.donalba.com\/pt-pt\/wp-json\/wp\/v2\/users\/1"}],"replies":[{"embeddable":true,"href":"https:\/\/www.donalba.com\/pt-pt\/wp-json\/wp\/v2\/comments?post=8568"}],"version-history":[{"count":2,"href":"https:\/\/www.donalba.com\/pt-pt\/wp-json\/wp\/v2\/pages\/8568\/revisions"}],"predecessor-version":[{"id":8570,"href":"https:\/\/www.donalba.com\/pt-pt\/wp-json\/wp\/v2\/pages\/8568\/revisions\/8570"}],"wp:attachment":[{"href":"https:\/\/www.donalba.com\/pt-pt\/wp-json\/wp\/v2\/media?parent=8568"}],"curies":[{"name":"wp","href":"https:\/\/api.w.org\/{rel}","templated":true}]}}