{"id":8574,"date":"2023-08-29T10:33:59","date_gmt":"2023-08-29T08:33:59","guid":{"rendered":"https:\/\/www.donalba.com\/defesa\/"},"modified":"2024-06-27T11:51:07","modified_gmt":"2024-06-27T09:51:07","slug":"defesa","status":"publish","type":"page","link":"https:\/\/www.donalba.com\/pt-pt\/defesa\/","title":{"rendered":"Defesa"},"content":{"rendered":"<p>[et_pb_section fb_built=&#8221;1&#8243; _builder_version=&#8221;4.22.0&#8243; _module_preset=&#8221;default&#8221; background_color=&#8221;gcid-836011e9-5230-4bed-8a9c-e9ef39c201e9&#8243; max_height=&#8221;120px&#8221; custom_margin=&#8221;0px||||false|false&#8221; custom_padding=&#8221;20px||||false|false&#8221; global_colors_info=&#8221;{%22gcid-836011e9-5230-4bed-8a9c-e9ef39c201e9%22:%91%22background_color%22%93}&#8221; theme_builder_area=&#8221;post_content&#8221;][et_pb_row _builder_version=&#8221;4.22.0&#8243; _module_preset=&#8221;default&#8221; global_colors_info=&#8221;{}&#8221; theme_builder_area=&#8221;post_content&#8221;][et_pb_column type=&#8221;4_4&#8243; _builder_version=&#8221;4.22.0&#8243; _module_preset=&#8221;default&#8221; global_colors_info=&#8221;{}&#8221; theme_builder_area=&#8221;post_content&#8221;][et_pb_text _builder_version=&#8221;4.22.0&#8243; _module_preset=&#8221;default&#8221; hover_enabled=&#8221;0&#8243; global_colors_info=&#8221;{}&#8221; theme_builder_area=&#8221;post_content&#8221; sticky_enabled=&#8221;0&#8243;]<\/p>\n<h1 style=\"color: #ffffff; text-align: center;\"><strong>DEFESA<\/strong><\/h1>\n<p>[\/et_pb_text][\/et_pb_column][\/et_pb_row][\/et_pb_section][et_pb_section fb_built=&#8221;1&#8243; _builder_version=&#8221;4.22.0&#8243; _module_preset=&#8221;default&#8221; custom_padding=&#8221;||0px||false|false&#8221; global_colors_info=&#8221;{}&#8221; theme_builder_area=&#8221;post_content&#8221;][et_pb_row module_class=&#8221;texto-tipo&#8221; _builder_version=&#8221;4.22.0&#8243; _module_preset=&#8221;default&#8221; max_width=&#8221;1350px&#8221; global_colors_info=&#8221;{}&#8221; theme_builder_area=&#8221;post_content&#8221;][et_pb_column type=&#8221;4_4&#8243; _builder_version=&#8221;4.22.0&#8243; _module_preset=&#8221;default&#8221; global_colors_info=&#8221;{}&#8221; theme_builder_area=&#8221;post_content&#8221;][et_pb_text _builder_version=&#8221;4.22.0&#8243; _module_preset=&#8221;default&#8221; animation_style=&#8221;slide&#8221; animation_direction=&#8221;bottom&#8221; hover_enabled=&#8221;0&#8243; global_colors_info=&#8221;{}&#8221; theme_builder_area=&#8221;post_content&#8221; sticky_enabled=&#8221;0&#8243;]<\/p>\n<h2><strong>DONALBA ELECTRONICA: Especialista l\u00edder no sector da defesa<\/strong><\/h2>\n<p>No competitivo mundo do sector da defesa, onde a inova\u00e7\u00e3o e a experi\u00eancia s\u00e3o fundamentais, destaca-se uma figura que tem vindo a construir o seu caminho atrav\u00e9s de um conhecimento profundo e de uma trajet\u00f3ria impec\u00e1vel: a DONALBA ELECTRONICA. Com d\u00e9cadas de experi\u00eancia e uma carteira de clientes que inclui as empresas mais influentes, a DONALBA ELECTRONICA estabeleceu-se como l\u00edder indiscut\u00edvel nesta exigente \u00e1rea.[\/et_pb_text][\/et_pb_column][\/et_pb_row][\/et_pb_section][et_pb_section fb_built=&#8221;1&#8243; _builder_version=&#8221;4.22.0&#8243; _module_preset=&#8221;default&#8221; custom_padding=&#8221;0px||40px||false|false&#8221; global_colors_info=&#8221;{}&#8221; theme_builder_area=&#8221;post_content&#8221;][et_pb_row column_structure=&#8221;1_2,1_2&#8243; _builder_version=&#8221;4.22.0&#8243; _module_preset=&#8221;default&#8221; max_width=&#8221;1350px&#8221; global_colors_info=&#8221;{}&#8221; theme_builder_area=&#8221;post_content&#8221;][et_pb_column type=&#8221;1_2&#8243; _builder_version=&#8221;4.22.0&#8243; _module_preset=&#8221;default&#8221; global_colors_info=&#8221;{}&#8221; theme_builder_area=&#8221;post_content&#8221;][et_pb_text module_class=&#8221;texto-p&#8221; _builder_version=&#8221;4.22.0&#8243; _module_preset=&#8221;default&#8221; animation_style=&#8221;slide&#8221; animation_direction=&#8221;left&#8221; hover_enabled=&#8221;0&#8243; global_colors_info=&#8221;{}&#8221; theme_builder_area=&#8221;post_content&#8221; sticky_enabled=&#8221;0&#8243;]Com mais de duas d\u00e9cadas de dedica\u00e7\u00e3o exclusiva ao sector da defesa, a DONALBA ELECTRONICA acumulou um know-how excecional que a distingue. Os seus conhecimentos v\u00e3o desde os n\u00edveis mais b\u00e1sicos de fabrico at\u00e9 aos projectos mais ambiciosos, abrindo um vasto leque de possibilidades para as empresas que confiam na sua experi\u00eancia. INDRA, AIRBUS e GENERAL DYNAMICS s\u00e3o apenas algumas das empresas l\u00edderes que recorreram \u00e0 DONALBA ELECTRONICA para obter informa\u00e7\u00f5es valiosas e solu\u00e7\u00f5es estrat\u00e9gicas.<\/p>\n<p>A longa e frutuosa carreira da DONALBA ELECTRONICA foi constru\u00edda com base em rela\u00e7\u00f5es estreitas com os seus clientes. Mais do que um simples consultor, tornou-se um parceiro essencial nos seus projectos. Com um compromisso de mais de duas d\u00e9cadas, tem-se revelado um ator fundamental na tomada de decis\u00f5es estrat\u00e9gicas dos seus clientes. O seu profundo conhecimento do sector da defesa e a sua capacidade de compreender as necessidades e os desafios espec\u00edficos de cada empresa levaram-no a estabelecer rela\u00e7\u00f5es duradouras e mutuamente ben\u00e9ficas.<\/p>\n<p>O \u00e2mbito do sector da defesa \u00e9 vasto e diversificado, abrangendo todos os n\u00edveis de fabrico e servindo as for\u00e7as terrestres, mar\u00edtimas e a\u00e9reas. A DONALBA ELECTRONICA demonstrou a sua versatilidade ao colaborar com fabricantes de plataformas terrestres, a\u00e9reas, navais e espaciais, fornecendo solu\u00e7\u00f5es que v\u00e3o do t\u00e1tico ao estrat\u00e9gico. Al\u00e9m disso, a sua presen\u00e7a nas principais feiras internacionais, como a Eurosatory e a DSEI, permite-lhe manter-se a par das \u00faltimas inova\u00e7\u00f5es e estabelecer liga\u00e7\u00f5es directas com os seus clientes, refor\u00e7ando ainda mais a sua posi\u00e7\u00e3o como um especialista influente na ind\u00fastria.<br \/>\n[\/et_pb_text][\/et_pb_column][et_pb_column type=&#8221;1_2&#8243; _builder_version=&#8221;4.22.0&#8243; _module_preset=&#8221;default&#8221; global_colors_info=&#8221;{}&#8221; theme_builder_area=&#8221;post_content&#8221;][et_pb_image src=&#8221;https:\/\/www.donalba.com\/wp-content\/uploads\/2023\/09\/Defensa.png&#8221; title_text=&#8221;Defesa&#8221; _builder_version=&#8221;4.22.0&#8243; _module_preset=&#8221;default&#8221; custom_padding=&#8221;|||0px||&#8221; animation_style=&#8221;slide&#8221; animation_direction=&#8221;right&#8221; hover_enabled=&#8221;0&#8243; global_colors_info=&#8221;{}&#8221; theme_builder_area=&#8221;post_content&#8221; sticky_enabled=&#8221;0&#8243;][\/et_pb_image][\/et_pb_column][\/et_pb_row][\/et_pb_section][et_pb_section fb_built=&#8221;1&#8243; module_class=&#8221;llamada&#8221; _builder_version=&#8221;4.22.0&#8243; _module_preset=&#8221;default&#8221; background_color=&#8221;gcid-836011e9-5230-4bed-8a9c-e9ef39c201e9&#8243; custom_margin=&#8221;0px||0px||false|false&#8221; custom_padding=&#8221;0px||0px||false|false&#8221; global_colors_info=&#8221;{%22gcid-836011e9-5230-4bed-8a9c-e9ef39c201e9%22:%91%22background_color%22%93}&#8221; theme_builder_area=&#8221;post_content&#8221;][et_pb_row module_class=&#8221;cabecera-productos&#8221; _builder_version=&#8221;4.22.0&#8243; _module_preset=&#8221;default&#8221; background_color=&#8221;gcid-836011e9-5230-4bed-8a9c-e9ef39c201e9&#8243; width=&#8221;100%&#8221; max_width=&#8221;1350px&#8221; global_colors_info=&#8221;{%22gcid-836011e9-5230-4bed-8a9c-e9ef39c201e9%22:%91%22background_color%22%93}&#8221; theme_builder_area=&#8221;post_content&#8221;][et_pb_column type=&#8221;4_4&#8243; _builder_version=&#8221;4.22.0&#8243; _module_preset=&#8221;default&#8221; global_colors_info=&#8221;{}&#8221; theme_builder_area=&#8221;post_content&#8221;][et_pb_text _builder_version=&#8221;4.22.0&#8243; _module_preset=&#8221;default&#8221; custom_margin=&#8221;||0px||false|false&#8221; custom_padding=&#8221;||0px||false|false&#8221; hover_enabled=&#8221;0&#8243; global_colors_info=&#8221;{}&#8221; theme_builder_area=&#8221;post_content&#8221; sticky_enabled=&#8221;0&#8243;]<\/p>\n<p style=\"text-align: center;\"><span>A DONALBA ELECTRONICA conquistou um lugar de destaque no sector da defesa gra\u00e7as ao seu vasto conhecimento, vasta experi\u00eancia e abordagem colaborativa. O seu compromisso a longo prazo com os clientes, a sua participa\u00e7\u00e3o em feiras internacionais e nacionais, bem como o seu papel em projectos estrat\u00e9gicos, posicionam-na como um l\u00edder incontest\u00e1vel no sector. A INDRA, a AIRBUS, a GENERAL DYNAMICS e muitas outras empresas podem atestar o seu impacto positivo na ind\u00fastria. A DONALBA ELECTRONICA n\u00e3o \u00e9 apenas um especialista em defesa, mas um parceiro fi\u00e1vel e um motor para o sucesso cont\u00ednuo neste campo excitante.<\/span><\/p>\n<p>[\/et_pb_text][et_pb_button button_url=&#8221;https:\/\/www.donalba.com\/pt-pt\/contacto\/&#8221; button_text=&#8221;CONTACTO&#8221; button_alignment=&#8221;center&#8221; _builder_version=&#8221;4.22.0&#8243; _module_preset=&#8221;default&#8221; custom_button=&#8221;on&#8221; button_bg_color=&#8221;RGBA(255,255,255,0)&#8221; background_layout=&#8221;dark&#8221; custom_margin=&#8221;25px||5px||false|false&#8221; animation_style=&#8221;slide&#8221; global_colors_info=&#8221;{}&#8221; theme_builder_area=&#8221;post_content&#8221;][\/et_pb_button][\/et_pb_column][\/et_pb_row][\/et_pb_section][et_pb_section fb_built=&#8221;1&#8243; _builder_version=&#8221;4.22.0&#8243; _module_preset=&#8221;default&#8221; custom_margin=&#8221;50px||||false|false&#8221; custom_padding=&#8221;0px||||false|false&#8221; global_colors_info=&#8221;{}&#8221; theme_builder_area=&#8221;post_content&#8221;][et_pb_row column_structure=&#8221;1_2,1_2&#8243; _builder_version=&#8221;4.22.0&#8243; _module_preset=&#8221;default&#8221; max_width=&#8221;1350px&#8221; global_colors_info=&#8221;{}&#8221; theme_builder_area=&#8221;post_content&#8221;][et_pb_column type=&#8221;1_2&#8243; _builder_version=&#8221;4.22.0&#8243; _module_preset=&#8221;default&#8221; global_colors_info=&#8221;{}&#8221; theme_builder_area=&#8221;post_content&#8221;][et_pb_image src=&#8221;https:\/\/www.donalba.com\/wp-content\/uploads\/2023\/08\/refuellingsmall.jpg&#8221; title_text=&#8221;reabastecimentopequeno&#8221; _builder_version=&#8221;4.22.0&#8243; _module_preset=&#8221;default&#8221; animation_style=&#8221;slide&#8221; animation_direction=&#8221;left&#8221; global_colors_info=&#8221;{}&#8221; theme_builder_area=&#8221;post_content&#8221;][\/et_pb_image][\/et_pb_column][et_pb_column type=&#8221;1_2&#8243; _builder_version=&#8221;4.22.0&#8243; _module_preset=&#8221;default&#8221; global_colors_info=&#8221;{}&#8221; theme_builder_area=&#8221;post_content&#8221;][et_pb_text module_class=&#8221;texto-p&#8221; _builder_version=&#8221;4.22.0&#8243; _module_preset=&#8221;default&#8221; animation_style=&#8221;slide&#8221; animation_direction=&#8221;right&#8221; hover_enabled=&#8221;0&#8243; global_colors_info=&#8221;{}&#8221; theme_builder_area=&#8221;post_content&#8221; sticky_enabled=&#8221;0&#8243;]As feiras nacionais tamb\u00e9m desempenham um papel fundamental na estrat\u00e9gia da DONALBA ELECTRONICA. A tua participa\u00e7\u00e3o em eventos como a FEINDEF n\u00e3o s\u00f3 te d\u00e1 a oportunidade de mostrar a tua experi\u00eancia, mas tamb\u00e9m de prestar um apoio valioso aos teus fabricantes. Esta intera\u00e7\u00e3o pr\u00f3xima e personalizada \u00e9 parte integrante da sua abordagem ao marketing e reflecte o seu empenho no sucesso dos seus clientes a todos os n\u00edveis.<\/p>\n<p>DONALBA ELECTRONICA n\u00e3o \u00e9 apenas uma refer\u00eancia em consultoria estrat\u00e9gica, mas tamb\u00e9m um colaborador ativo em projectos emblem\u00e1ticos de defesa em Espanha. A sua participa\u00e7\u00e3o em projectos como o 8&#215;8 DRAGON, o submarino S80, o UAV EUROMALE, o UAV SIRTAP e o ve\u00edculo de apoio \u00e0 via VAC tornaram-na um interveniente-chave na ind\u00fastria. A sua capacidade para enfrentar os desafios mais complexos e encontrar solu\u00e7\u00f5es criativas \u00e9 uma das raz\u00f5es pelas quais as empresas mais influentes confiam na sua experi\u00eancia.<br \/>\n[\/et_pb_text][\/et_pb_column][\/et_pb_row][\/et_pb_section]<\/p>\n","protected":false},"excerpt":{"rendered":"<p>DEFESADONALBA ELECTRONICA: Especialista l\u00edder no sector da defesa No competitivo mundo do sector da defesa, onde a inova\u00e7\u00e3o e a experi\u00eancia s\u00e3o fundamentais, destaca-se uma figura que tem vindo a construir o seu caminho atrav\u00e9s de um conhecimento profundo e de uma trajet\u00f3ria impec\u00e1vel: a DONALBA ELECTRONICA. Com d\u00e9cadas de experi\u00eancia e uma carteira de [&hellip;]<\/p>\n","protected":false},"author":1,"featured_media":0,"parent":0,"menu_order":0,"comment_status":"closed","ping_status":"closed","template":"","meta":{"_et_pb_use_builder":"on","_et_pb_old_content":"","_et_gb_content_width":"","footnotes":""},"class_list":["post-8574","page","type-page","status-publish","hentry"],"yoast_head":"<!-- This site is optimized with the Yoast SEO plugin v25.9 - https:\/\/yoast.com\/wordpress\/plugins\/seo\/ -->\n<title>Defesa - Donalba<\/title>\n<meta name=\"robots\" content=\"index, follow, max-snippet:-1, max-image-preview:large, max-video-preview:-1\" \/>\n<link rel=\"canonical\" href=\"https:\/\/www.donalba.com\/pt-pt\/defesa\/\" \/>\n<meta property=\"og:locale\" content=\"pt_PT\" \/>\n<meta property=\"og:type\" content=\"article\" \/>\n<meta property=\"og:title\" content=\"Defesa - Donalba\" \/>\n<meta property=\"og:description\" content=\"DEFESADONALBA ELECTRONICA: Especialista l\u00edder no sector da defesa No competitivo mundo do sector da defesa, onde a inova\u00e7\u00e3o e a experi\u00eancia s\u00e3o fundamentais, destaca-se uma figura que tem vindo a construir o seu caminho atrav\u00e9s de um conhecimento profundo e de uma trajet\u00f3ria impec\u00e1vel: a DONALBA ELECTRONICA. Com d\u00e9cadas de experi\u00eancia e uma carteira de [&hellip;]\" \/>\n<meta property=\"og:url\" content=\"https:\/\/www.donalba.com\/pt-pt\/defesa\/\" \/>\n<meta property=\"og:site_name\" content=\"Donalba\" \/>\n<meta property=\"article:modified_time\" content=\"2024-06-27T09:51:07+00:00\" \/>\n<meta name=\"twitter:card\" content=\"summary_large_image\" \/>\n<meta name=\"twitter:label1\" content=\"Tempo estimado de leitura\" \/>\n\t<meta name=\"twitter:data1\" content=\"7 minutos\" \/>\n<script type=\"application\/ld+json\" class=\"yoast-schema-graph\">{\"@context\":\"https:\/\/schema.org\",\"@graph\":[{\"@type\":\"WebPage\",\"@id\":\"https:\/\/www.donalba.com\/pt-pt\/defesa\/\",\"url\":\"https:\/\/www.donalba.com\/pt-pt\/defesa\/\",\"name\":\"Defesa - Donalba\",\"isPartOf\":{\"@id\":\"https:\/\/www.donalba.com\/#website\"},\"datePublished\":\"2023-08-29T08:33:59+00:00\",\"dateModified\":\"2024-06-27T09:51:07+00:00\",\"breadcrumb\":{\"@id\":\"https:\/\/www.donalba.com\/pt-pt\/defesa\/#breadcrumb\"},\"inLanguage\":\"pt-PT\",\"potentialAction\":[{\"@type\":\"ReadAction\",\"target\":[\"https:\/\/www.donalba.com\/pt-pt\/defesa\/\"]}]},{\"@type\":\"BreadcrumbList\",\"@id\":\"https:\/\/www.donalba.com\/pt-pt\/defesa\/#breadcrumb\",\"itemListElement\":[{\"@type\":\"ListItem\",\"position\":1,\"name\":\"Portada\",\"item\":\"https:\/\/www.donalba.com\/pt-pt\/casa\/\"},{\"@type\":\"ListItem\",\"position\":2,\"name\":\"Defesa\"}]},{\"@type\":\"WebSite\",\"@id\":\"https:\/\/www.donalba.com\/#website\",\"url\":\"https:\/\/www.donalba.com\/\",\"name\":\"Donalba\",\"description\":\"La referencia en la representaci\u00f3n para los mercados de alta tecnolog\u00eda\",\"publisher\":{\"@id\":\"https:\/\/www.donalba.com\/#organization\"},\"potentialAction\":[{\"@type\":\"SearchAction\",\"target\":{\"@type\":\"EntryPoint\",\"urlTemplate\":\"https:\/\/www.donalba.com\/?s={search_term_string}\"},\"query-input\":{\"@type\":\"PropertyValueSpecification\",\"valueRequired\":true,\"valueName\":\"search_term_string\"}}],\"inLanguage\":\"pt-PT\"},{\"@type\":\"Organization\",\"@id\":\"https:\/\/www.donalba.com\/#organization\",\"name\":\"Donalba\",\"url\":\"https:\/\/www.donalba.com\/\",\"logo\":{\"@type\":\"ImageObject\",\"inLanguage\":\"pt-PT\",\"@id\":\"https:\/\/www.donalba.com\/#\/schema\/logo\/image\/\",\"url\":\"https:\/\/www.donalba.com\/wp-content\/uploads\/2023\/08\/DONALBA-logo.png\",\"contentUrl\":\"https:\/\/www.donalba.com\/wp-content\/uploads\/2023\/08\/DONALBA-logo.png\",\"width\":2500,\"height\":673,\"caption\":\"Donalba\"},\"image\":{\"@id\":\"https:\/\/www.donalba.com\/#\/schema\/logo\/image\/\"}}]}<\/script>\n<!-- \/ Yoast SEO plugin. -->","yoast_head_json":{"title":"Defesa - Donalba","robots":{"index":"index","follow":"follow","max-snippet":"max-snippet:-1","max-image-preview":"max-image-preview:large","max-video-preview":"max-video-preview:-1"},"canonical":"https:\/\/www.donalba.com\/pt-pt\/defesa\/","og_locale":"pt_PT","og_type":"article","og_title":"Defesa - Donalba","og_description":"DEFESADONALBA ELECTRONICA: Especialista l\u00edder no sector da defesa No competitivo mundo do sector da defesa, onde a inova\u00e7\u00e3o e a experi\u00eancia s\u00e3o fundamentais, destaca-se uma figura que tem vindo a construir o seu caminho atrav\u00e9s de um conhecimento profundo e de uma trajet\u00f3ria impec\u00e1vel: a DONALBA ELECTRONICA. Com d\u00e9cadas de experi\u00eancia e uma carteira de [&hellip;]","og_url":"https:\/\/www.donalba.com\/pt-pt\/defesa\/","og_site_name":"Donalba","article_modified_time":"2024-06-27T09:51:07+00:00","twitter_card":"summary_large_image","twitter_misc":{"Tempo estimado de leitura":"7 minutos"},"schema":{"@context":"https:\/\/schema.org","@graph":[{"@type":"WebPage","@id":"https:\/\/www.donalba.com\/pt-pt\/defesa\/","url":"https:\/\/www.donalba.com\/pt-pt\/defesa\/","name":"Defesa - Donalba","isPartOf":{"@id":"https:\/\/www.donalba.com\/#website"},"datePublished":"2023-08-29T08:33:59+00:00","dateModified":"2024-06-27T09:51:07+00:00","breadcrumb":{"@id":"https:\/\/www.donalba.com\/pt-pt\/defesa\/#breadcrumb"},"inLanguage":"pt-PT","potentialAction":[{"@type":"ReadAction","target":["https:\/\/www.donalba.com\/pt-pt\/defesa\/"]}]},{"@type":"BreadcrumbList","@id":"https:\/\/www.donalba.com\/pt-pt\/defesa\/#breadcrumb","itemListElement":[{"@type":"ListItem","position":1,"name":"Portada","item":"https:\/\/www.donalba.com\/pt-pt\/casa\/"},{"@type":"ListItem","position":2,"name":"Defesa"}]},{"@type":"WebSite","@id":"https:\/\/www.donalba.com\/#website","url":"https:\/\/www.donalba.com\/","name":"Donalba","description":"La referencia en la representaci\u00f3n para los mercados de alta tecnolog\u00eda","publisher":{"@id":"https:\/\/www.donalba.com\/#organization"},"potentialAction":[{"@type":"SearchAction","target":{"@type":"EntryPoint","urlTemplate":"https:\/\/www.donalba.com\/?s={search_term_string}"},"query-input":{"@type":"PropertyValueSpecification","valueRequired":true,"valueName":"search_term_string"}}],"inLanguage":"pt-PT"},{"@type":"Organization","@id":"https:\/\/www.donalba.com\/#organization","name":"Donalba","url":"https:\/\/www.donalba.com\/","logo":{"@type":"ImageObject","inLanguage":"pt-PT","@id":"https:\/\/www.donalba.com\/#\/schema\/logo\/image\/","url":"https:\/\/www.donalba.com\/wp-content\/uploads\/2023\/08\/DONALBA-logo.png","contentUrl":"https:\/\/www.donalba.com\/wp-content\/uploads\/2023\/08\/DONALBA-logo.png","width":2500,"height":673,"caption":"Donalba"},"image":{"@id":"https:\/\/www.donalba.com\/#\/schema\/logo\/image\/"}}]}},"_links":{"self":[{"href":"https:\/\/www.donalba.com\/pt-pt\/wp-json\/wp\/v2\/pages\/8574","targetHints":{"allow":["GET"]}}],"collection":[{"href":"https:\/\/www.donalba.com\/pt-pt\/wp-json\/wp\/v2\/pages"}],"about":[{"href":"https:\/\/www.donalba.com\/pt-pt\/wp-json\/wp\/v2\/types\/page"}],"author":[{"embeddable":true,"href":"https:\/\/www.donalba.com\/pt-pt\/wp-json\/wp\/v2\/users\/1"}],"replies":[{"embeddable":true,"href":"https:\/\/www.donalba.com\/pt-pt\/wp-json\/wp\/v2\/comments?post=8574"}],"version-history":[{"count":5,"href":"https:\/\/www.donalba.com\/pt-pt\/wp-json\/wp\/v2\/pages\/8574\/revisions"}],"predecessor-version":[{"id":8582,"href":"https:\/\/www.donalba.com\/pt-pt\/wp-json\/wp\/v2\/pages\/8574\/revisions\/8582"}],"wp:attachment":[{"href":"https:\/\/www.donalba.com\/pt-pt\/wp-json\/wp\/v2\/media?parent=8574"}],"curies":[{"name":"wp","href":"https:\/\/api.w.org\/{rel}","templated":true}]}}